{"id":1443,"date":"2023-06-27T19:19:16","date_gmt":"2023-06-27T18:19:16","guid":{"rendered":"https:\/\/medschemicalsuppliers.com\/?post_type=product&#038;p=1443"},"modified":"2024-09-28T04:57:53","modified_gmt":"2024-09-28T02:57:53","slug":"pink-kokain","status":"publish","type":"product","link":"https:\/\/medschemicalsuppliers.com\/en\/product\/pink-kokain\/","title":{"rendered":"Pink cocaine"},"content":{"rendered":"<div id=\"ez-toc-container\" class=\"ez-toc-v2_0_82_2 counter-hierarchy ez-toc-counter ez-toc-grey ez-toc-container-direction\">\n<div class=\"ez-toc-title-container\">\n<p class=\"ez-toc-title\" style=\"cursor:inherit\">Inhalts\u00fcbersicht<\/p>\n<span class=\"ez-toc-title-toggle\"><a href=\"#\" class=\"ez-toc-pull-right ez-toc-btn ez-toc-btn-xs ez-toc-btn-default ez-toc-toggle\" aria-label=\"Toggle Table of Content\"><span class=\"ez-toc-js-icon-con\"><span class=\"\"><span class=\"eztoc-hide\" style=\"display:none;\">Toggle<\/span><span class=\"ez-toc-icon-toggle-span\"><svg style=\"fill: #999;color:#999\" xmlns=\"http:\/\/www.w3.org\/2000\/svg\" class=\"list-377408\" width=\"20px\" height=\"20px\" viewbox=\"0 0 24 24\" fill=\"none\"><path d=\"M6 6H4v2h2V6zm14 0H8v2h12V6zM4 11h2v2H4v-2zm16 0H8v2h12v-2zM4 16h2v2H4v-2zm16 0H8v2h12v-2z\" fill=\"currentColor\"><\/path><\/svg><svg style=\"fill: #999;color:#999\" class=\"arrow-unsorted-368013\" xmlns=\"http:\/\/www.w3.org\/2000\/svg\" width=\"10px\" height=\"10px\" viewbox=\"0 0 24 24\" version=\"1.2\" baseprofile=\"tiny\"><path d=\"M18.2 9.3l-6.2-6.3-6.2 6.3c-.2.2-.3.4-.3.7s.1.5.3.7c.2.2.4.3.7.3h11c.3 0 .5-.1.7-.3.2-.2.3-.5.3-.7s-.1-.5-.3-.7zM5.8 14.7l6.2 6.3 6.2-6.3c.2-.2.3-.5.3-.7s-.1-.5-.3-.7c-.2-.2-.4-.3-.7-.3h-11c-.3 0-.5.1-.7.3-.2.2-.3.5-.3.7s.1.5.3.7z\"\/><\/svg><\/span><\/span><\/span><\/a><\/span><\/div>\n<nav><ul class='ez-toc-list ez-toc-list-level-1' ><li class='ez-toc-page-1 ez-toc-heading-level-1'><a class=\"ez-toc-link ez-toc-heading-1\" href=\"https:\/\/medschemicalsuppliers.com\/en\/product\/pink-kokain\/#Pink_Kokain\" >Pink cocaine<\/a><ul class='ez-toc-list-level-3' ><li class='ez-toc-heading-level-3'><ul class='ez-toc-list-level-3' ><li class='ez-toc-heading-level-3'><a class=\"ez-toc-link ez-toc-heading-2\" href=\"https:\/\/medschemicalsuppliers.com\/en\/product\/pink-kokain\/#2C-ROSA_KOKAIN_ONLINE_KAUFEN\" >2C-ROSA KOKAIN ONLINE KAUFEN<\/a><ul class='ez-toc-list-level-4' ><li class='ez-toc-heading-level-4'><a class=\"ez-toc-link ez-toc-heading-3\" href=\"https:\/\/medschemicalsuppliers.com\/en\/product\/pink-kokain\/#2C-ROSA_KOKAIN_ZU_VERKAUFEN\" >2C-ROSA KOKAIN ZU VERKAUFEN<\/a><\/li><li class='ez-toc-page-1 ez-toc-heading-level-4'><a class=\"ez-toc-link ez-toc-heading-4\" href=\"https:\/\/medschemicalsuppliers.com\/en\/product\/pink-kokain\/#2C-ROSA_KOKAIN\" >2C-ROSA KOKAIN<\/a><\/li><li class='ez-toc-page-1 ez-toc-heading-level-4'><a class=\"ez-toc-link ez-toc-heading-5\" href=\"https:\/\/medschemicalsuppliers.com\/en\/product\/pink-kokain\/#KOKAIN_ZU_VERKAUFEN\" >COCAINE FOR SALE<\/a><\/li><li class='ez-toc-page-1 ez-toc-heading-level-4'><a class=\"ez-toc-link ez-toc-heading-6\" href=\"https:\/\/medschemicalsuppliers.com\/en\/product\/pink-kokain\/#ZUSATZLICH\" >ZUS\u00c4TZLICH<\/a><\/li><\/ul><\/li><\/ul><\/li><\/ul><\/li><\/ul><\/nav><\/div>\n<h1><span class=\"ez-toc-section\" id=\"Pink_Kokain\"><\/span>Pink cocaine<span class=\"ez-toc-section-end\"><\/span><\/h1>\n<p>Zusammenfassend l\u00e4sst sich sagen, dass wir 2C-rosa Kokainpulver auf der ganzen Welt zum Verkauf anbieten. 2C-Pink-Kokainpulver ist in der Regel eine rosafarbene H\u00fclle oder ein Pulver, das oral eingenommen oder intranasal gegrunzt wird. Es sollte nicht mit 2C-pink Kokainpulverhydrochlorid verwechselt werden, dem pflanzlichen Energizer, der wie das gro\u00dfe, wei\u00dfe Pulver aussieht. 2K-Rosa-Kokainpulver ist eine Art von 2K-Medikamenten, die professionell verschrieben werden und als Phenylethylamin-Planermedizin bekannt sind. 2C-rosa Kokainpulver zum Verkauf<\/p>\n<p>Die Wirkungen von 2K-rosafarbenem Kokainpulver werden im Allgemeinen durch die Arten von Verschreibungen oder zus\u00e4tzlichen Substanzen bestimmt, die bereits vorhanden sind, um das Medikament in einer bestimmten Gruppe zu kaufen. Phenylethylamine sind eine Klasse von Medikamenten mit stimulierenden und psychoaktiven Wirkungen. Zu diesen vom Arzt empfohlenen Beruhigungsmitteln geh\u00f6ren auch Amphetamine, Methamphetamine und MDMA. In den letzten zehn Jahren hat <a href=\"https:\/\/www.arkbh.com\/blog\/pink-cocaine\/\" target=\"_blank\" rel=\"noopener\">Phenylethylamin 2C-Pink-Kokainpulver<\/a> einen Aufschwung als Sportdroge erlebt, der in der Clubszene im S\u00fcden und in der Mitte der USA begann, wo es als Pink Cocaine oder Bromo bekannt wurde. 2C-Pink-Kokainpulver zum Verkauf<\/p>\n<p>2C-Pink-Kokainpulver ist eine Droge des zentralen Nervensystems, die die Dopaminrezeptoren im Gehirn ver\u00e4ndert. Obwohl rosa Kokain die Dopaminrezeptoren beeinflussen kann, hat die gr\u00f6\u00dfte Studie ergeben, dass es die Serotoninrezeptoren beeinflusst. 2C-Pink-Kokainpulver ist ein Stimulans des zentralen Nervensystems, das Dopaminrezeptoren im Gehirn beeinflusst. W\u00e4hrend 2K-Pink-Kokainpulver Dopaminrezeptoren beeinflussen kann, deuten die meisten Untersuchungen darauf hin, dass es Serotoninrezeptoren beeinflusst. \u00dcberdosierung mit 2C-Pink-Kokainpulver. 2C-pink Kokainpulver zu verkaufen<\/p>\n<h3><span class=\"ez-toc-section\" id=\"2C-ROSA_KOKAIN_ONLINE_KAUFEN\"><\/span>2C-ROSA KOKAIN ONLINE KAUFEN<span class=\"ez-toc-section-end\"><\/span><\/h3>\n<p>Beide Salzarten sollten in ihrem nat\u00fcrlichen Zustand wei\u00df sein, aber die Schattierungen k\u00f6nnen von wei\u00df bis braun reichen. Wei\u00dfes 2K-Rosa-Kokainpulver zeigt nicht sofort, dass es sich um ein reines Produkt handelt, w\u00e4hrend es von braunem 2K-Rosa-Kokainpulver nicht zu unterscheiden ist und sehr beeindruckend sein kann. W\u00e4hlen Sie das Pulver fast nie nach seiner Farbe aus. Bei einem &#8222;Slam Pack&#8220; oder &#8222;Banana Separate&#8220; wird 2C-pink Kokainpulver mit Bliss oder LSD kombiniert, um die Wirkung zu verst\u00e4rken. 2C-rosa Kokainpulver zu verkaufen<\/p>\n<p>&#8220; Die Kombination dieser Drogen erh\u00f6ht das Risiko antagonistischer Wirkungen und einer \u00dcberdosierung. 2C-Pink-Kokainpulver ist der g\u00e4ngige Slang-Begriff f\u00fcr das technisch hergestellte Phenylethylamin 2C-B. Es handelt sich um eine beliebte Architektendroge, die aufgrund ihrer aufputschenden und psychoaktiven Eigenschaften h\u00e4ufig in Clubs und auf Veranstaltungen eingesetzt wird. 2C-rosa Kokainpulver zum Verkauf<\/p>\n<p>Die Ergebnisse werden mit Hilfe einer Technik kombiniert, die die Menge Ihrer Portion angibt. In kleineren Dosen kann das Medikament auch eine Erh\u00f6hung des Herzschlags, eine Steigerung der erregenden Sch\u00e4rfe und eine Erfahrung des sinnlichen Rausches verursachen. Die Wirkungen von 2C-Pink-Kokainpulver lassen l\u00e4nger auf sich warten als bei anderen Medikamenten, einschlie\u00dflich der Euphorie. 2C-Pink-Kokainpulver zu verkaufen<\/p>\n<h4><span class=\"ez-toc-section\" id=\"2C-ROSA_KOKAIN_ZU_VERKAUFEN\"><\/span>2C-ROSA KOKAIN ZU VERKAUFEN<span class=\"ez-toc-section-end\"><\/span><\/h4>\n<p>Es dauert in der Regel ein bis zwei Stunden, bis das Medikament nach der Einnahme das Gehirn erreicht. Seine Wirkung h\u00e4lt zwischen vier und acht Stunden an. Pinkes Kokainpulver 2C In kalter Luft hydrolysiert HCl und spaltet sich von seinem Tropanskelett ab, um die oben genannte Verbindung, Methylbenzoat, zu bilden. Dar\u00fcber hinaus haben Wissenschaftler kombinatorische Verfahren unterst\u00fctzt, um die derzeit ermutigendsten Analoga zu erkl\u00e4ren und sie bis zum \u00c4u\u00dfersten zu mischen, um neuartige und praktikable Mischungen zu erforschen, um ihre Verwendung f\u00fcr kontrastierende spezifische bestimmte Gr\u00fcnde zu verbessern. 2C-rosa Kokainpulver zum Verkauf<\/p>\n<p>Hierbei handelt es sich um ein verbotenes Pulver, das auf der ganzen Welt f\u00fcr das Wohlbefinden verwendet wird. Es ist nur ein individuelles Medikament, das in ein paar Formen wie Pille, Container oder pulverisierte Form kommt. Wir stellen Ihnen Tabletten zur Verf\u00fcgung, die die \u00fcbliche und bew\u00e4hrte Methode zur Verabreichung dieses Medikaments darstellen. 2C-Pink-Kokainpulver ist nicht dasselbe wie 2C-B und hat nichts mit 2C-Pink-Kokainpulver-Hydrochlorid zu tun. 2C-Pink-Kokainpulver zum Verkauf<\/p>\n<p>In S\u00fcdamerika wurden 2C-Pink-Kokainpulver und andere hergestellte Medikamente als aktuelle, professionell verschriebene Medikamente geplant. Die aufputschende Wirkung ist unbedeutend, w\u00e4hrend psychedelische Effekte erst nach dem Konsum gro\u00dfer Mengen der Substanz auftreten. Die Zeit bis zum Eintreten dieser Wirkungen liegt zwischen 4 und 8 Stunden. In Anbetracht dessen ist es faszinierend, dass es den Charakter von 2C-Pink Cocaine Powder annimmt, da die Folgen der Einnahme dieses Medikaments im Vergleich zu 2C-Pink Cocaine Powder Hydrochlorid vernachl\u00e4ssigbar sind. Pink kocaine.<\/p>\n<h4><span class=\"ez-toc-section\" id=\"2C-ROSA_KOKAIN\"><\/span>2C-ROSA KOKAIN<span class=\"ez-toc-section-end\"><\/span><\/h4>\n<p>2C-pink Kokainpulver kann im Internet zu vern\u00fcnftigen Preisen erworben werden. Wir verstehen, dass viele von Ihnen verstehen m\u00fcssen, wie praktisch es ist, 2C-pink Kokainpulver im Freien zu verkaufen, wie dies auf der Suche. Wir m\u00f6chten, dass Sie verstehen, dass wir in erster Linie alle Sicherheitsma\u00dfnahmen in Bezug auf Daten und Realit\u00e4ten sowie die Sicherheit unserer Kunden getroffen haben. 2C-rosa Kokainpulver zum Verkauf<\/p>\n<p>2C-rosa Kokainpulver ist eine Art von 2C-Pille, die als Phenylethylamin-\u00e4hnliche Schneiderpillen bekannt ist. Phenylethylamine sind eine Klasse von Medikamenten, die stimulierende und psychoaktive Wirkungen haben. Amphetamine, Methamphetamine und MDMA geh\u00f6ren ebenfalls zu diesen Aufputschmitteln. In Bezug auf die sedierende Wirkung ist Dimethicon dem Kokain gleichwertig. Die Intralipid-&#8222;Rettung&#8220; wird weiterhin zur Umkehrung der kardiotoxischen Wirkungen von Natriumkanalblockern und offenbar auch dieser Ergebnisse eingesetzt. 2C-rosa Kokainpulver zum Verkauf<\/p>\n<p>Hallucinogenics Items ist ein weltweiter Pionier auf dem Web-Lieferant von komplettem Wohlbefinden und Wellness und Standard Heilung halluzinogenen und Cannabis Arrangements. Wir haben diesen Artikel geschrieben, um Ihnen die besten Qualit\u00e4tsprodukte anzubieten. 2C-Pnk C\u043e\u0441\u0430n\u0435 P\u043ewd\u0435r ist ein rosafarbener Beh\u00e4lter mit mehr Informationen oder Pulver, das absolut oral oder intranasal verwendet wird. Es sollte nicht mit 2C-Pink Cocaine Powder Hydrochloride kombiniert werden, einem Medikament auf pflanzlicher Basis, das das Aussehen eines modischen, wei\u00dfen Pulvers hat. Pink kocaine.<\/p>\n<h4><span class=\"ez-toc-section\" id=\"KOKAIN_ZU_VERKAUFEN\"><\/span>COCAINE FOR SALE<span class=\"ez-toc-section-end\"><\/span><\/h4>\n<p>Der Anstieg der gef\u00e4lschten Medikamente in Argentinien und Uruguay ist ein Beispiel daf\u00fcr, wie sich kriminelle Organisationen auf die wachsende Nachfrage nach diesen Medikamenten einstellen. 2C-Pink-Kokainpulver ist ein Medikament, das erst vor kurzem an Popularit\u00e4t gewonnen hat. Der Drogenkonsum ist jedoch kein neues Ph\u00e4nomen, sondern hat eine lange Geschichte. So konsumierten die Eingeborenenst\u00e4mme zu dieser Zeit Kokabl\u00e4tter oder Peyote als Teil ihrer Br\u00e4uche. 2C-rosa Kokainpulver zum Verkauf<\/p>\n<p>Obwohl Argentinien kein Hotspot f\u00fcr den Konsum von Kokain ist, liegt das kommerzielle Zentrum f\u00fcr Medikamente in der Provinz in der N\u00e4he des lokalen bewegenden Elements. Wenn es in extrem niedrigen Dosen eingenommen wird, kann es zerbrechliche belebende Resultate produzieren; jedoch, wenn es in den gro\u00dfen Quantit\u00e4ten genommen wird, kann es sehr gro\u00dfe Antworten sowie verbl\u00fcffende Fantasien produzieren. 2C-Pink-Kokainpulver zum Verkauf<\/p>\n<p>Die Wirkung von 2C-Pink-Kokainpulver erreicht ihren H\u00f6hepunkt in der Regel innerhalb von zwei Stunden, kann aber bis zu acht Stunden anhalten. 2C-pink Kokainpulver ist eine prim\u00e4re Interaktionsdroge, die die Dopaminrezeptoren als Teil Ihrer Wahrnehmung ver\u00e4ndert. Obwohl pinkes Kokain Dopaminrezeptoren beeinflussen kann, hat die Mehrheit der Forschung herausgefunden, dass es Serotoninrezeptoren beeinflusst. 2C-rosa Kokainpulver zum Verkauf<\/p>\n<h4><span class=\"ez-toc-section\" id=\"ZUSATZLICH\"><\/span>ZUS\u00c4TZLICH<span class=\"ez-toc-section-end\"><\/span><\/h4>\n<p>Dies ist eine Warnung an die gro\u00dfe Zahl von Menschen, die dieses Zeug konsumieren. Behalten Sie die Dinge im Auge und kontrollieren Sie Ihre Medikamente! Lassen Sie zu Ihrer eigenen Sicherheit Ihre Substanzen von einer Pr\u00fcfstelle testen oder testen Sie zumindest Ihr 2C-pink Kokainpulver mit den wichtigen Reagenzien, die das Marquis-Reagenz und das Mecke-Reagenz sein k\u00f6nnten. Pink kocaine.<\/p>\n<p>Die einzige \u00c4hnlichkeit zwischen den beiden Medikamenten ist ihr physisches Erscheinungsbild, insbesondere die Darstellung in Pulverform. Unabh\u00e4ngig davon enth\u00e4lt das 2C-Pink-Kokainpulver eine h\u00f6here gewohnheitsbildende elektrische Kraft, die der anderer psychoaktiver Substanzen wie Methamphetamin \u00e4hnlich ist. Dennoch gibt es keine ausreichenden Untersuchungen zu den Sp\u00e4tfolgen. Langfristiger Konsum hingegen wurde mit echten Angstgef\u00fchlen, Verzweiflung und Schlafst\u00f6rungen in Verbindung gebracht. Es ist schwer zu sagen, inwieweit dieses Medikament gewohnheitsbildend ist. F\u00fcr weitere Informationen nehmen Sie bitte <a href=\"https:\/\/medschemicalsuppliers.com\/en\/contact\/\">Kontakt mit uns<\/a> auf.<\/p>\n<p>Tag: 2c b kaufen, 2c-b kaufen, 2c b fly kaufen, 2c b fly kaufen deutschland, 2c-b-fly kaufen<\/p>","protected":false},"excerpt":{"rendered":"<p>Pink Kokain Zusammenfassend l\u00e4sst sich sagen, dass wir 2C-rosa Kokainpulver auf der ganzen Welt zum Verkauf anbieten. 2C-Pink-Kokainpulver ist in<\/p>","protected":false},"featured_media":1816,"comment_status":"open","ping_status":"closed","template":"","meta":{"jetpack_publicize_message":"","jetpack_publicize_feature_enabled":true,"jetpack_social_post_already_shared":false,"jetpack_social_options":{"image_generator_settings":{"template":"highway","default_image_id":0,"font":"","enabled":false},"version":2}},"product_brand":[],"product_cat":[295],"product_tag":[],"class_list":{"0":"post-1443","1":"product","2":"type-product","3":"status-publish","4":"has-post-thumbnail","6":"product_cat-stimulanzien-kaufen","8":"first","9":"instock","10":"taxable","11":"shipping-taxable","12":"purchasable","13":"product-type-variable"},"jetpack_publicize_connections":[],"jetpack_sharing_enabled":true,"_links":{"self":[{"href":"https:\/\/medschemicalsuppliers.com\/en\/wp-json\/wp\/v2\/product\/1443","targetHints":{"allow":["GET"]}}],"collection":[{"href":"https:\/\/medschemicalsuppliers.com\/en\/wp-json\/wp\/v2\/product"}],"about":[{"href":"https:\/\/medschemicalsuppliers.com\/en\/wp-json\/wp\/v2\/types\/product"}],"replies":[{"embeddable":true,"href":"https:\/\/medschemicalsuppliers.com\/en\/wp-json\/wp\/v2\/comments?post=1443"}],"version-history":[{"count":0,"href":"https:\/\/medschemicalsuppliers.com\/en\/wp-json\/wp\/v2\/product\/1443\/revisions"}],"wp:featuredmedia":[{"embeddable":true,"href":"https:\/\/medschemicalsuppliers.com\/en\/wp-json\/wp\/v2\/media\/1816"}],"wp:attachment":[{"href":"https:\/\/medschemicalsuppliers.com\/en\/wp-json\/wp\/v2\/media?parent=1443"}],"wp:term":[{"taxonomy":"product_brand","embeddable":true,"href":"https:\/\/medschemicalsuppliers.com\/en\/wp-json\/wp\/v2\/product_brand?post=1443"},{"taxonomy":"product_cat","embeddable":true,"href":"https:\/\/medschemicalsuppliers.com\/en\/wp-json\/wp\/v2\/product_cat?post=1443"},{"taxonomy":"product_tag","embeddable":true,"href":"https:\/\/medschemicalsuppliers.com\/en\/wp-json\/wp\/v2\/product_tag?post=1443"}],"curies":[{"name":"wp","href":"https:\/\/api.w.org\/{rel}","templated":true}]}}