{"id":1452,"date":"2023-06-27T19:19:16","date_gmt":"2023-06-27T18:19:16","guid":{"rendered":"https:\/\/medschemicalsuppliers.com\/?post_type=product&#038;p=1452"},"modified":"2025-10-19T09:29:18","modified_gmt":"2025-10-19T07:29:18","slug":"kokain-bestellen","status":"publish","type":"product","link":"https:\/\/medschemicalsuppliers.com\/en\/product\/kokain-bestellen\/","title":{"rendered":"Bolivian cocaine"},"content":{"rendered":"<div id=\"ez-toc-container\" class=\"ez-toc-v2_0_82_2 counter-hierarchy ez-toc-counter ez-toc-grey ez-toc-container-direction\">\n<div class=\"ez-toc-title-container\">\n<p class=\"ez-toc-title\" style=\"cursor:inherit\">Inhalts\u00fcbersicht<\/p>\n<span class=\"ez-toc-title-toggle\"><a href=\"#\" class=\"ez-toc-pull-right ez-toc-btn ez-toc-btn-xs ez-toc-btn-default ez-toc-toggle\" aria-label=\"Toggle Table of Content\"><span class=\"ez-toc-js-icon-con\"><span class=\"\"><span class=\"eztoc-hide\" style=\"display:none;\">Toggle<\/span><span class=\"ez-toc-icon-toggle-span\"><svg style=\"fill: #999;color:#999\" xmlns=\"http:\/\/www.w3.org\/2000\/svg\" class=\"list-377408\" width=\"20px\" height=\"20px\" viewbox=\"0 0 24 24\" fill=\"none\"><path d=\"M6 6H4v2h2V6zm14 0H8v2h12V6zM4 11h2v2H4v-2zm16 0H8v2h12v-2zM4 16h2v2H4v-2zm16 0H8v2h12v-2z\" fill=\"currentColor\"><\/path><\/svg><svg style=\"fill: #999;color:#999\" class=\"arrow-unsorted-368013\" xmlns=\"http:\/\/www.w3.org\/2000\/svg\" width=\"10px\" height=\"10px\" viewbox=\"0 0 24 24\" version=\"1.2\" baseprofile=\"tiny\"><path d=\"M18.2 9.3l-6.2-6.3-6.2 6.3c-.2.2-.3.4-.3.7s.1.5.3.7c.2.2.4.3.7.3h11c.3 0 .5-.1.7-.3.2-.2.3-.5.3-.7s-.1-.5-.3-.7zM5.8 14.7l6.2 6.3 6.2-6.3c.2-.2.3-.5.3-.7s-.1-.5-.3-.7c-.2-.2-.4-.3-.7-.3h-11c-.3 0-.5.1-.7.3-.2.2-.3.5-.3.7s.1.5.3.7z\"\/><\/svg><\/span><\/span><\/span><\/a><\/span><\/div>\n<nav><ul class='ez-toc-list ez-toc-list-level-1' ><li class='ez-toc-page-1 ez-toc-heading-level-2'><a class=\"ez-toc-link ez-toc-heading-1\" href=\"https:\/\/medschemicalsuppliers.com\/en\/product\/kokain-bestellen\/#Kokain_bestellen\" >Order cocaine<\/a><ul class='ez-toc-list-level-3' ><li class='ez-toc-heading-level-3'><a class=\"ez-toc-link ez-toc-heading-2\" href=\"https:\/\/medschemicalsuppliers.com\/en\/product\/kokain-bestellen\/#KOKAIN_ZU_VERKAUFEN\" >KOKAIN ZU VERKAUFEN:<\/a><ul class='ez-toc-list-level-4' ><li class='ez-toc-heading-level-4'><a class=\"ez-toc-link ez-toc-heading-3\" href=\"https:\/\/medschemicalsuppliers.com\/en\/product\/kokain-bestellen\/#KOKAIN_ZUM_VERKAUF_USA\" >KOKAIN ZUM VERKAUF USA:<\/a><\/li><li class='ez-toc-page-1 ez-toc-heading-level-4'><a class=\"ez-toc-link ez-toc-heading-4\" href=\"https:\/\/medschemicalsuppliers.com\/en\/product\/kokain-bestellen\/#KOKAIN_ONLINE_KAUFEN\" >KOKAIN ONLINE KAUFEN:<\/a><ul class='ez-toc-list-level-5' ><li class='ez-toc-heading-level-5'><a class=\"ez-toc-link ez-toc-heading-5\" href=\"https:\/\/medschemicalsuppliers.com\/en\/product\/kokain-bestellen\/#KOKAIN_ZUM_VERKAUF_IN_AUSTRALIEN\" >KOKAIN ZUM VERKAUF IN AUSTRALIEN:<\/a><\/li><li class='ez-toc-page-1 ez-toc-heading-level-5'><a class=\"ez-toc-link ez-toc-heading-6\" href=\"https:\/\/medschemicalsuppliers.com\/en\/product\/kokain-bestellen\/#ZUSATZLICH\" >ADDITIONAL:<\/a><\/li><\/ul><\/li><\/ul><\/li><\/ul><\/li><\/ul><\/nav><\/div>\n<h2><span class=\"ez-toc-section\" id=\"Kokain_bestellen\"><\/span>Order cocaine<span class=\"ez-toc-section-end\"><\/span><\/h2>\n<p>Ohne Verz\u00f6gerung haben wir Kokain zum Verkauf online. Ein kritischer bolivianischer Partner bei der Einnahme von Medikamenten verk\u00fcndete, dass die letzten m\u00f6glichen \u00c4nderungen, die das Ma\u00df an erlaubtem Koka in dem neuen Erlass frisch aus der Kiste erh\u00f6hen, bedeuten, dass die Koalition ihre Unternehmungen &#8222;neu ausrichten&#8220; w\u00fcrde, w\u00e4hrend sie weiterhin mit Bolivien zusammenarbeiten wird. F\u00fcr den Fall, dass Sie ein Kunde, der versucht, Top-of-the-line gro\u00dfe Produkte zu entdecken, Ihre absolute erste Anordnung sollte definitiv nicht zu erinnern, einige bolivianische Kokain auf der aaronay sein.<\/p>\n<p>Haben Sie eine Tonne von grundlegenden Qualit\u00e4ten. Hilfe. Bolivianisches Kokain w\u00e4re die perfekteste Art von bolivianischem Kokain, die Sie auf dem Planeten entdecken k\u00f6nnen. Die Menschen nutzen es zu einem Energizer, um auf die Schaffung von expliziten Chemikalien aus dem Gro\u00dfhirn zus\u00e4tzlich zu arbeiten, um Hilfe von der ben\u00f6tigten Zustand zu erhalten. Mit der Offenheit, die wir anbieten, m\u00fcssen Sie nicht unt\u00e4tig herumsitzen und dar\u00fcber nachdenken, wo Sie bolivianisches Kokain erwerben k\u00f6nnen. Kokain bestellen<\/p>\n<p>Dies ist ausnahmsweise auf Personen, die einen langen Weg von tats\u00e4chlichen Drogerien leben bezogen. Der bolivianische Kokain-Datenvertrieb Informandote druckte ebenfalls Fotos des ehemaligen Drogenbosses, der mit Einheimischen zusammenarbeitet, die er am Sonntag zum Mittagessen eingeladen hat. Bolivianisches Kokain hat zahlreiche Bestandteile aus der Welt der medizinischen Versorgung. Aus diesem Grund wird es von vielen Drogen neben Empfehlungen von Spezialisten verwendet, um verschiedene Krankheiten zu verwalten. Kokain bestellen.<\/p>\n<p>Ich hatte Bolivian Kokain Zeug, wenn und es war Element gef\u00e4rbt und eine sch\u00f6ne glatte erheblich im Gegensatz zu dem, was ich im Gro\u00dfen und Ganzen bekommen, die ich vermute, ist kolumbianischen. Bolivianisches Kokain enth\u00e4lt zahlreiche Qualit\u00e4ten innerhalb des klinischen Klimas. Coming \u00fcber die es wirklich von verschiedenen Medikamenten verwendet wird und in Licht von medizinischen Spezialisten empfohlen, um mit verschiedenen Problemen umzugehen. Kokain bestellen.<\/p>\n<h3><span class=\"ez-toc-section\" id=\"KOKAIN_ZU_VERKAUFEN\"><\/span>KOKAIN ZU VERKAUFEN:<span class=\"ez-toc-section-end\"><\/span><\/h3>\n<p>Klinische Spezialisten verwenden dieses Medikament oder diese Medikamente, wenn sie Menschen behandeln, die mit Verzweiflung und anderen Unannehmlichkeiten zu k\u00e4mpfen haben. Es wird nicht im Geringsten nur von Gesundheitsexperten verwendet, sondern auch von Menschen, die in Tanzclubs und Bars feiern. Die Indianer Boliviens knabbern schon seit Ewigkeiten Kokabl\u00e4tter, die mit Kalksteink\u00fcgelchen oder Pflanzenru\u00df vermischt sind, zum Vergn\u00fcgen oder um Krankheiten, Sehnsucht und Durst zu \u00fcberstehen. Kokain bestellen.<\/p>\n<p>In verschiedenen Gesellschaftsordnungen wird das einzigartige Alkaloid k\u00fcnstlich aus den Kokabl\u00e4ttern entfernt und zus\u00e4tzlich in das Salz des Kokains umgewandelt. Medizinische Fachleute verwenden dieses Medikament oder diese Medikamente, wenn sie sich um Opfer k\u00fcmmern, die mit Elend und verschiedenen Arten von \u00c4ngsten zu k\u00e4mpfen haben. Es wird nicht nur von Fachleuten, sondern auch von gew\u00f6hnlichen Menschen in Tanzclubs und Bars konsumiert. Kokain online zu verkaufen<\/p>\n<p>Eine Verbindung mit dem Drogenhandel kann auch grundlegende Auswirkungen auf die Substanz haben. Bolivianisches Kokain ist ein starkes fokal-\u00e4ngstliches Strategie-Energiemittel, das Niveaus der Synapse Dopamin in den Verstandschaltungen aufbaut, die Freude und Bewegung handhabt. Nur ein Verein Pionier dargestellt, wie die Koka-Kultivator-regierten Stadtverwaltungsorganisation wird lokale Kapazit\u00e4ten finanzielle Verpflichtungen zu jedem nahe gelegenen lokalen Bereich mit immer mit Kokain Leim Ertrag besch\u00e4ftigt verbunden auszusetzen. Kokain bestellen.<\/p>\n<h4><span class=\"ez-toc-section\" id=\"KOKAIN_ZUM_VERKAUF_USA\"><\/span>KOKAIN ZUM VERKAUF USA:<span class=\"ez-toc-section-end\"><\/span><\/h4>\n<p>Bolivianisches Kokain ist Affinit\u00e4tsformung und wird au\u00dferdem \u00fcberw\u00e4ltigend sein. Bolivianische Kokain ist ebenfalls in den Plan implantiert oder geraucht in einer k\u00fcnstlich gepflegt Verbesserung genannt freebase; die beiden \u00e4hnlichen solcher Strategien veranlasst eine bemerkenswert wachsende Zahl von Routine-Nutzung durch die Medizin. Setzen Sie Ressourcen in Bolivian Cocaine Online mit uns zu au\u00dfergew\u00f6hnlich moderaten Kosten. Kokain zum Verkauf online<\/p>\n<p>Bolivianische Kokain ist unter den besten Arten von Kokain, die unbestreitbar rund um den Globus gesehen werden kann. Es wird von Einzelpersonen heute verwendet, um zum gr\u00f6\u00dften Teil ein Energizer, um die Entwicklung von erstaunlichen synthetischen Substanzen innerhalb der Gedanken zu machen und die Unterst\u00fctzung innerhalb der unruhigen Belastung zu finden. Bolivianisches Kokain hat verschiedene Kapazit\u00e4ten in der ganzen Welt des Wohlbefindens. Bolivianisches Kokainst\u00fcck, resultierend aus seinem Haus, um Rest zum menschlichen Rahmen zu bef\u00f6rdern, wird wirklich von den Jugendlichen auf einem gigantischen Umfang f\u00fcr das Erhalten der Erholung verwendet. Kokain bestellen.<\/p>\n<p>Als Ergebnis der bolivianischen Kokain ist in ein paar Medikamente zusammen mit empfohlen von medizinischen Experten zu bestimmten Krankheiten zu verwalten verwendet. Medizinische Fachleute benutzten diese Medikation oder Medikation, wenn sie mit Patienten arbeiten, die Verzweiflung und verschiedene Arten von Empfindlichkeit bek\u00e4mpfen. Kokain zum Verkauf online<\/p>\n<p>Bolivianisches Kokain wird nicht nur von medizinischen Experten, sondern auch von einer Reihe von Menschen in Tanzclubs und Bars konsumiert. Bolivianisches Kokain geh\u00f6rt zu den perfektesten Arten von Kokain, die es auf der Welt gibt. Es wird von den Menschen als Energizer verwendet, um die Schaffung von unverwechselbaren Chemikalien im Kopf zu erweitern und um Hilfe in stressigen Bedingungen zu bekommen. Kokain zum Verkauf online<\/p>\n<h4><span class=\"ez-toc-section\" id=\"KOKAIN_ONLINE_KAUFEN\"><\/span>KOKAIN ONLINE KAUFEN:<span class=\"ez-toc-section-end\"><\/span><\/h4>\n<p>Dieses fabelhafte wei\u00dfe Pulver wird mit einer leeren Kammer geschn\u00fcffelt, die schnell in Ihren Kurszyklus alle durch die Nasenschleimhaut Filme betrachtet wird. Bolivianische Kokain ist eine Verschlimmerung, unabh\u00e4ngig davon, und Kapazit\u00e4ten zu fixieren Venen, was eine st\u00e4ndig laufende Nase oder, in wirklich echten Situationen, Ulzerationen w\u00e4hrend in der Nasengrube. Die euphorisierende Wirkung des Schnupfens von bolivianischem Kokain ist oft nur von kurzer Dauer und l\u00e4sst nach etwa einer halben Stunde nach. Kokain zum Verkauf online<\/p>\n<p>Die Einnahme von Energizern ist riskant, da die beruhigenden Wirkungen von Liquor vermindert werden. Sie sind das, was der menschliche K\u00f6rper verwendet, um den &#8222;Rausch&#8220; zu messen. Dies f\u00fchrt in der Regel zu einem hohen Konsum mit stark eingeschr\u00e4nkten M\u00f6glichkeiten, einer gro\u00dfen Gefahr von Lebersch\u00e4den und weiter entwickelter Parchedi\u00e4t. Dies bedeutet, dass bei angezeigten Messungen, bolivianischen Kokain verwandelt sich in intensive oder sehr schwierig zu helfen, sowieso als Kiefer halten, automatisch erhebliche sch\u00fcttelt, und Vibrationen am Ende werden aktuelle, was zu schweren Sch\u00fctteln des gesamten menschlichen K\u00f6rpers, Zittern mit den Armen, und eine insgesamt unzureichende unglaubliche Motor zu regulieren. Kokain zum Verkauf online<\/p>\n<p>Diese Auswirkung wird mit m\u00e4\u00dfiger Schl\u00e4frigkeit und durchschnittlicher M\u00fcdigkeit durch den Versatz Ihrer Einsicht verdr\u00e4ngt. Bolivianisches Kokain hat eine nicht zu vernachl\u00e4ssigende Neigung, eine nicht anhaltende Psychose auszul\u00f6sen, wobei viel mehr als 50% der bolivianischen Kokainopfer im Wesentlichen einige verr\u00fcckte Anzeichen zeigen. \u00dcbliche Anzeichen von Opfern beinhalten Dinge wie sprunghafte Tr\u00e4ume, die sie bekommen, gefolgt von ihrem Medikamentenkonsum, der derzeit beobachtet wird, verbunden mit Gedankenfl\u00fcgen, die den halluzinierenden \u00dcberzeugungen helfen. Kokain bestellen.<\/p>\n<p>Skurrile Parasitose mit Ameisenlaufen (&#8222;bolivianische Kokainwanzen&#8220;) ist zus\u00e4tzlich eine wirklich vorherrschende Nebenwirkung. Bolivianisches Kokain zerf\u00e4llt, wenn es eindeutig erw\u00e4rmt wird. Daher werden die Freebase- und Hydrogencarbonat-Salze des bolivianischen Kokains, die im Gegensatz zum Hydrochlorid-Salz deutlich geringere Grenzwerte haben, gew\u00f6hnlich verwendet, sobald das Material zerf\u00e4llt, und sind daher als bolivianisches Kokain bekannt, das einzeln entsteht und zerf\u00e4llt. Kokain bestellen.<\/p>\n<h5><span class=\"ez-toc-section\" id=\"KOKAIN_ZUM_VERKAUF_IN_AUSTRALIEN\"><\/span>KOKAIN ZUM VERKAUF IN AUSTRALIEN:<span class=\"ez-toc-section-end\"><\/span><\/h5>\n<p>Versuche, die Kokafelder durch den Einsatz von Entlaubungsmitteln zu vernichten, haben in bestimmten Kokaanbaugebieten Kolumbiens Komponenten des monet\u00e4ren Anbaus zerst\u00f6rt, und es scheinen St\u00e4mme hergestellt worden zu sein, die sicherer oder unempfindlicher gegen ihre Verwendung sind. Ob es sich bei diesen Sorten um regul\u00e4re Ver\u00e4nderungen oder um das Ergebnis menschlicher Eingriffe handelt, ist unklar. Abgesehen von den zerst\u00f6rerischen Auswirkungen des bolivianischen Kokains. Kokain zum Verkauf online<\/p>\n<p>Bei den unl\u00f6slichen Substanzen, die zur Minimierung des Medikaments verwendet werden k\u00f6nnen, besteht zus\u00e4tzlich das Risiko von Kreislaufembolien. Wie bei allen illegalen Substanzen, die infundiert werden, ist es m\u00f6glich, dass der Kunde durch Blut \u00fcbertragene Kontaminationen bekommt, wenn sterile Infusionsger\u00e4te nicht realistisch sind oder verwendet werden. Kokain zum Verkauf online<\/p>\n<p>Da bolivianisches Kokain im Allgemeinen ein Vasokonstriktor ist und die Kunden normalerweise zahlreiche Infusionen innerhalb einiger weniger Stunden oder weniger erhalten, sind die daraus resultierenden Infusionen immer schwieriger zu \u00fcberwachen, was zu zus\u00e4tzlichen Infusionsversuchen und erheblich mehr Folgeerscheinungen durch unsachgem\u00e4\u00df durchgef\u00fchrte Infusionen f\u00fchren kann. Kokain zum Verkauf online<\/p>\n<p>Die nasale Insufflation (informell als &#8222;Grunzen&#8220;, &#8222;Schn\u00fcffeln&#8220; oder &#8222;Blasen&#8220; bezeichnet) ist die bekannteste Methode der Einnahme von bolivianischem Kokain in Pulverform in der westlichen Welt. Das Medikament bedeckt, die mit den Schleimschichten, die die Nebenh\u00f6hlen beschichten, gefangen ist. Bei der Insufflationierung von Kokain liegt die Aufnahme \u00fcber die Nasenschleimh\u00e4ute bei etwa drei\u00dfig bis sechzig Prozent, wobei gr\u00f6\u00dfere Dosierungen die erh\u00f6hte Assimilationsleistung bewirken. Kokain zum Verkauf online<\/p>\n<h5><span class=\"ez-toc-section\" id=\"ZUSATZLICH\"><\/span>ADDITIONAL:<span class=\"ez-toc-section-end\"><\/span><\/h5>\n<p>Jede Substanz, die willk\u00fcrlich durch die Schleimh\u00e4ute aufgenommen wird, wird in K\u00f6rperfl\u00fcssigkeit gesammelt und geschluckt (dieses &#8222;Tr\u00f6pfeln&#8220; wird von einigen als angenehm und von anderen als unangenehm empfunden). Das bedeutet, dass es bei bestimmten Dosen m\u00fchsam oder unm\u00f6glich wird, sich auf jeden Fall zu halten, da der Kiefer gehalten wird, automatisch echte Ersch\u00fctterungen und Vibrationen auftreten, die ein \u00fcberm\u00e4\u00dfiges Zittern des gesamten K\u00f6rpers und eine Unsicherheit der Handfl\u00e4chen verursachen, zus\u00e4tzlich zu einer typischen Unzul\u00e4nglichkeit der ph\u00e4nomenalen Motorsteuerung. Dieses Ergebnis wird durch leichte Erm\u00fcdung und normale M\u00fcdigkeit w\u00e4hrend des gesamten Zeitraums, in dem du deine Erfahrungen mit dem Konsum machst, ersetzt. F\u00fcr weitere Informationen <a href=\"https:\/\/medschemicalsuppliers.com\/en\/contact\/\">contact us<\/a> please.<\/p>\n<p>&nbsp;<\/p>","protected":false},"excerpt":{"rendered":"<p>Kokain bestellen Ohne Verz\u00f6gerung haben wir Kokain zum Verkauf online. Ein kritischer bolivianischer Partner bei der Einnahme von Medikamenten verk\u00fcndete,<\/p>","protected":false},"featured_media":2421,"comment_status":"open","ping_status":"closed","template":"","meta":{"jetpack_publicize_message":"","jetpack_publicize_feature_enabled":true,"jetpack_social_post_already_shared":false,"jetpack_social_options":{"image_generator_settings":{"template":"highway","default_image_id":0,"font":"","enabled":false},"version":2}},"product_brand":[],"product_cat":[295],"product_tag":[],"class_list":{"0":"post-1452","1":"product","2":"type-product","3":"status-publish","4":"has-post-thumbnail","6":"product_cat-stimulanzien-kaufen","8":"first","9":"instock","10":"taxable","11":"shipping-taxable","12":"purchasable","13":"product-type-variable"},"jetpack_publicize_connections":[],"jetpack_sharing_enabled":true,"_links":{"self":[{"href":"https:\/\/medschemicalsuppliers.com\/en\/wp-json\/wp\/v2\/product\/1452","targetHints":{"allow":["GET"]}}],"collection":[{"href":"https:\/\/medschemicalsuppliers.com\/en\/wp-json\/wp\/v2\/product"}],"about":[{"href":"https:\/\/medschemicalsuppliers.com\/en\/wp-json\/wp\/v2\/types\/product"}],"replies":[{"embeddable":true,"href":"https:\/\/medschemicalsuppliers.com\/en\/wp-json\/wp\/v2\/comments?post=1452"}],"version-history":[{"count":0,"href":"https:\/\/medschemicalsuppliers.com\/en\/wp-json\/wp\/v2\/product\/1452\/revisions"}],"wp:featuredmedia":[{"embeddable":true,"href":"https:\/\/medschemicalsuppliers.com\/en\/wp-json\/wp\/v2\/media\/2421"}],"wp:attachment":[{"href":"https:\/\/medschemicalsuppliers.com\/en\/wp-json\/wp\/v2\/media?parent=1452"}],"wp:term":[{"taxonomy":"product_brand","embeddable":true,"href":"https:\/\/medschemicalsuppliers.com\/en\/wp-json\/wp\/v2\/product_brand?post=1452"},{"taxonomy":"product_cat","embeddable":true,"href":"https:\/\/medschemicalsuppliers.com\/en\/wp-json\/wp\/v2\/product_cat?post=1452"},{"taxonomy":"product_tag","embeddable":true,"href":"https:\/\/medschemicalsuppliers.com\/en\/wp-json\/wp\/v2\/product_tag?post=1452"}],"curies":[{"name":"wp","href":"https:\/\/api.w.org\/{rel}","templated":true}]}}