{"id":1584,"date":"2023-06-27T19:20:00","date_gmt":"2023-06-27T18:20:00","guid":{"rendered":"https:\/\/medschemicalsuppliers.com\/?post_type=product&#038;p=1584"},"modified":"2025-05-09T15:32:12","modified_gmt":"2025-05-09T13:32:12","slug":"mdma-pillen-kaufen","status":"publish","type":"product","link":"https:\/\/medschemicalsuppliers.com\/en\/product\/mdma-pillen-kaufen\/","title":{"rendered":"MDMA pills"},"content":{"rendered":"<div id=\"ez-toc-container\" class=\"ez-toc-v2_0_82_2 counter-hierarchy ez-toc-counter ez-toc-grey ez-toc-container-direction\">\n<div class=\"ez-toc-title-container\">\n<p class=\"ez-toc-title\" style=\"cursor:inherit\">Inhalts\u00fcbersicht<\/p>\n<span class=\"ez-toc-title-toggle\"><a href=\"#\" class=\"ez-toc-pull-right ez-toc-btn ez-toc-btn-xs ez-toc-btn-default ez-toc-toggle\" aria-label=\"Toggle Table of Content\"><span class=\"ez-toc-js-icon-con\"><span class=\"\"><span class=\"eztoc-hide\" style=\"display:none;\">Toggle<\/span><span class=\"ez-toc-icon-toggle-span\"><svg style=\"fill: #999;color:#999\" xmlns=\"http:\/\/www.w3.org\/2000\/svg\" class=\"list-377408\" width=\"20px\" height=\"20px\" viewbox=\"0 0 24 24\" fill=\"none\"><path d=\"M6 6H4v2h2V6zm14 0H8v2h12V6zM4 11h2v2H4v-2zm16 0H8v2h12v-2zM4 16h2v2H4v-2zm16 0H8v2h12v-2z\" fill=\"currentColor\"><\/path><\/svg><svg style=\"fill: #999;color:#999\" class=\"arrow-unsorted-368013\" xmlns=\"http:\/\/www.w3.org\/2000\/svg\" width=\"10px\" height=\"10px\" viewbox=\"0 0 24 24\" version=\"1.2\" baseprofile=\"tiny\"><path d=\"M18.2 9.3l-6.2-6.3-6.2 6.3c-.2.2-.3.4-.3.7s.1.5.3.7c.2.2.4.3.7.3h11c.3 0 .5-.1.7-.3.2-.2.3-.5.3-.7s-.1-.5-.3-.7zM5.8 14.7l6.2 6.3 6.2-6.3c.2-.2.3-.5.3-.7s-.1-.5-.3-.7c-.2-.2-.4-.3-.7-.3h-11c-.3 0-.5.1-.7.3-.2.2-.3.5-.3.7s.1.5.3.7z\"\/><\/svg><\/span><\/span><\/span><\/a><\/span><\/div>\n<nav><ul class='ez-toc-list ez-toc-list-level-1' ><li class='ez-toc-page-1 ez-toc-heading-level-2'><a class=\"ez-toc-link ez-toc-heading-1\" href=\"https:\/\/medschemicalsuppliers.com\/en\/product\/mdma-pillen-kaufen\/#MDMA_Pillen_kaufen\" >Buy MDMA pills<\/a><ul class='ez-toc-list-level-3' ><li class='ez-toc-heading-level-3'><a class=\"ez-toc-link ez-toc-heading-2\" href=\"https:\/\/medschemicalsuppliers.com\/en\/product\/mdma-pillen-kaufen\/#MDMA_PILLEN_ONLINE_KAUFEN\" >MDMA PILLEN ONLINE KAUFEN<\/a><ul class='ez-toc-list-level-4' ><li class='ez-toc-heading-level-4'><a class=\"ez-toc-link ez-toc-heading-3\" href=\"https:\/\/medschemicalsuppliers.com\/en\/product\/mdma-pillen-kaufen\/#MDMA_PILLEN_ZUM_VERKAUF_ONLINE\" >MDMA PILLEN ZUM VERKAUF ONLINE<\/a><ul class='ez-toc-list-level-5' ><li class='ez-toc-heading-level-5'><a class=\"ez-toc-link ez-toc-heading-4\" href=\"https:\/\/medschemicalsuppliers.com\/en\/product\/mdma-pillen-kaufen\/#MDMA_PILLEN_ZU_VERKAUFEN_EUROPA\" >MDMA PILLEN ZU VERKAUFEN EUROPA:<\/a><\/li><li class='ez-toc-page-1 ez-toc-heading-level-5'><a class=\"ez-toc-link ez-toc-heading-5\" href=\"https:\/\/medschemicalsuppliers.com\/en\/product\/mdma-pillen-kaufen\/#MDMA_ZU_VERKAUFEN\" >MDMA ZU VERKAUFEN:<\/a><ul class='ez-toc-list-level-6' ><li class='ez-toc-heading-level-6'><a class=\"ez-toc-link ez-toc-heading-6\" href=\"https:\/\/medschemicalsuppliers.com\/en\/product\/mdma-pillen-kaufen\/#ZUSATZLICH\" >ZUS\u00c4TZLICH :<\/a><\/li><\/ul><\/li><\/ul><\/li><\/ul><\/li><\/ul><\/li><\/ul><\/nav><\/div>\n<h2><span class=\"ez-toc-section\" id=\"MDMA_Pillen_kaufen\"><\/span>Buy MDMA pills<span class=\"ez-toc-section-end\"><\/span><\/h2>\n<p>Aaronay hat MDMA Pillen zu verkaufen in der ganzen Welt. Wenn du glaubst, dass eine Pille, die dir ein Freund gibt oder die du im Zimmer deines Sch\u00fclers findest, ein Genuss ist, k\u00f6nnte es dieses Medikament sein. MDMA-Pillen, auch bekannt als Joy oder Molly, sind ein psychoaktives Medikament, das als Energizer fungiert und synthetische Substanzen als Bestandteil deines Gro\u00dfhirns abgibt, um eine belebende Wirkung zu erzielen, deine F\u00e4higkeiten zu verbessern und Gef\u00fchle wie Selbstbewusstsein und Mitgef\u00fchl zu steigern.<a href=\"https:\/\/medschemicalsuppliers.com\/en\/product\/mdma-pillen-kaufen\/\">https:\/\/medschemicalsuppliers.com\/en\/product\/mdma-pillen-kaufen\/<\/a><\/p>\n<p>Unterm Strich ist das ein besonders gro\u00dfes Risiko, wenn man eine falsch gemachte Kiste benutzt. Die ung\u00fcnstigen Auswirkungen des MDMA-Pillen-Konsums reichen \u00fcber den kritischen Moment hinaus bis hin zum fortgesetzten Konsum. Fast 80 % der K\u00e4ufer von MDMA-Pillen berichten \u00fcber extreme M\u00fcdigkeit, Anhedonie und Elend nach der Einnahme der MDMA-Pille. F\u00fcr Stra\u00dfenapotheker ist es wirklich einfach. MDMA-Pillen zum Verkauf<\/p>\n<p>MDMA-Pillen mit jeder Substanz, die es zu sein scheint, so dass immer MDMA Pillen wird nicht zeigen, dass Sie nicht versehentlich unter verschiedenen Substanzen mit allen Drogen kombiniert. Diese offensiven Nachwirkungen sind nur aufgrund des Serotoninverbrauchs im Gehirn denkbar. Du hast keine Ahnung, was tats\u00e4chlich in dem Beh\u00e4lter ist und wie es sich auf deinen K\u00f6rper auswirkt. MDMA-Pillen zum Verkauf<\/p>\n<p>Der Reinheitsgrad von MDMA-Pillen \u00e4ndert sich wie bei den meisten illegalen, professionell verschriebenen Medikamenten regelm\u00e4\u00dfig, so dass bei Typen, die fr\u00fcher unbestreitbar vertrauensw\u00fcrdiger waren, nicht garantiert werden kann, dass dies so bleibt. MDMA-Pillen in Kombination mit Eis, Speed oder Kokain: Erh\u00f6htes Risiko von Spannungen und verminderter Hirnfunktion aufgrund des Dopamin-Konsums. Die enorme Belastung des Herz-Kreislauf-Systems und anderer Teile des menschlichen K\u00f6rpers kann zu einem Schlaganfall f\u00fchren. MDMA-Pillen zu verkaufen<\/p>\n<h3><span class=\"ez-toc-section\" id=\"MDMA_PILLEN_ONLINE_KAUFEN\"><\/span>MDMA PILLEN ONLINE KAUFEN<span class=\"ez-toc-section-end\"><\/span><\/h3>\n<p>sieben und acht Freude kann dazu f\u00fchren, dass sich Menschen zu diesem Zeitpunkt gl\u00e4nzend f\u00fchlen, aber das Gef\u00fchl ist fl\u00fcchtig. Die Klienten k\u00f6nnen w\u00e4hrend und kurz nach dem Konsum die begleitenden Anzeichen oder Erscheinungen erleben. MDMA-Pillen gelten gemeinhin als die Droge der Wahl in der Rave-Szene und werden auch in Clubs, auf Feiern und in den eigenen vier W\u00e4nden konsumiert. MDMA-Pillen zu verkaufen<\/p>\n<p>Die greifbaren Ergebnisse der Musik und der Beleuchtung werden h\u00e4ufig au\u00dfergew\u00f6hnlich synergetisch mit den Medikamenten der Rave-Umgebung sein. MDMA Pillen halluzinogenen Amphetamin Top Natur vermittelt verschiedene Komponenten f\u00fcr seine Verlockung f\u00fcr die Kunden w\u00e4hrend der Rave-Umgebung. Dies unterstreicht die potenziellen Risiken der Durchf\u00fchrung moderner oder f\u00e4hig Zeitpl\u00e4ne, wie das F\u00fchren eines Fahrzeugs, w\u00e4hrend unter dem Einfluss dieser Medikamente. MDMA-Pillen zum Verkauf<\/p>\n<p>MDMA-Pillen allein werden aufgrund ihrer Geschichte als Freizeitdrogen mit dem Potenzial f\u00fcr Schaden, Missbrauch und Abh\u00e4ngigkeit nicht f\u00fcr den legalen Gebrauch anerkannt. In jedem Fall hat die FDA die positiven Auswirkungen des Medikaments auf PTBS-Symptome und -Manifestationen seit 2017 als &#8222;fortgeschrittene Therapie&#8220; eingestuft. Eine weitere Erfahrung, die einige MDMA-Pillen-Konsumenten machen, ist die erneute Einnahme. MDMA-Pillen zum Verkauf<\/p>\n<p>Wenn jemand MDMA-Pillen einnimmt, kann das Medikament die F\u00e4higkeit des K\u00f6rpers, es zu nutzen, beeintr\u00e4chtigen, was zu einem hohen Fixierungsspiegel im Blut f\u00fchrt. Ecstasy ist zweifelsohne eine illegale Freizeitdroge, die MDMA-Pillen (3,4-Methylendioxymethamphetamin) enth\u00e4lt. Es wird sowohl mit Energizern als auch mit stimulierenden Medikamenten in Verbindung gebracht und erzeugt beide Arten von Wirkungen, was es zu einer beliebten Event-Droge macht. MDMA-Pillen zu verkaufen<\/p>\n<h4><span class=\"ez-toc-section\" id=\"MDMA_PILLEN_ZUM_VERKAUF_ONLINE\"><\/span>MDMA PILLEN ZUM VERKAUF ONLINE<span class=\"ez-toc-section-end\"><\/span><\/h4>\n<p>Molly ist ein Begriff, der verwendet wird, um die Euphorie des Kapazit\u00e4tstyps zu beschreiben. Erh\u00f6hte Puls- und Herzfrequenz kann f\u00fcr Endverbraucher mit Kreislaufproblemen extrem gef\u00e4hrlich sein, und eine erh\u00f6hte Rahmentemperatur kann zu einer Reihe von gef\u00e4hrlichen Ergebnissen f\u00fchren. PTBS entwickelt sich, nachdem eine Person ein traumatisches Ereignis erlebt hat, wie z. B. ein schweres Ereignis, sexueller Missbrauch, Unf\u00e4lle oder Krieg. MDMA Pillen kaufen.<\/p>\n<p>Die Erinnerungen k\u00f6nnen in Form von R\u00fcckblenden oder schlechten Tr\u00e4umen auftreten, was viele Menschen dazu veranlasst, sich an erschreckende Ereignisse zu erinnern. Eine kritische PTBS kann auch zu Selbstzerst\u00f6rung f\u00fchren. Untersuchen Sie, ob MDMA-Pillen einen gewohnheitsbildenden Effekt auf die Leistungsf\u00e4higkeit haben. Untersuchungen haben ergeben, dass Tiere MDMA-Pillen selbst einnehmen &#8211; ein wichtiger Indikator f\u00fcr das Risiko des Konsums illegaler Drogen -, wenn auch in geringerem Ma\u00dfe als bei anderen Medikamenten wie Kokain. MDMA Pillen kaufen.<\/p>\n<p>Das Risikoprofil von MDMA ist niedrig genug, um zus\u00e4tzliche Forschung im Rahmen klinischer Studien zu rechtfertigen. Dies gilt jedoch nur f\u00fcr sorgf\u00e4ltig konzipierte Pr\u00fcfungssettings mit \u00fcberpr\u00fcften erwachsenen Themen und nicht f\u00fcr den gesamten MDMA-Konsum. Die Leitlinie kann die Wahrscheinlichkeit verringern, dass man sich MDMA einbildet. MDMA Pillen kaufen.<\/p>\n<p>Obwohl alle Medikamente sch\u00e4dlich sein k\u00f6nnen, scheint MDMA sicherer zu sein als die meisten anderen illegalen Medikamente. Wenn Sie die Richtlinien zur Schadensbegrenzung befolgen, ist MDMA sicherer. Da wiederholter Drogenkonsum in kurzen Abst\u00e4nden den pers\u00f6nlichen Stoffwechsel (Abbau im K\u00f6rper) st\u00f6ren kann, k\u00f6nnen sehr gef\u00e4hrliche Stadien erreicht werden. MDMA Pillen kaufen.<\/p>\n<h5><span class=\"ez-toc-section\" id=\"MDMA_PILLEN_ZU_VERKAUFEN_EUROPA\"><\/span>MDMA PILLEN ZU VERKAUFEN EUROPA:<span class=\"ez-toc-section-end\"><\/span><\/h5>\n<p>Nach jahrelangem Konsum ist es schwierig, MDMA-Pillen zu verabreichen, da sich der menschliche K\u00f6rper darauf einstellen muss, ohne MDMA-Pillen zu funktionieren. Entzugserscheinungen sollten nach 7 Tagen auftreten und in der Regel nach einem Monat verschwinden. Langfristiger Konsum von MDMA-Pillen bei Erwachsenen kann das Serotonin-System extrem sch\u00e4digen. Endverbraucher, die MDMA-Pillen oder Ecstasy missbrauchen oder mit einer Abh\u00e4ngigkeit zu k\u00e4mpfen haben, erleiden in der Regel die schwerwiegendsten Langzeitfolgen. MDMA Pillen kaufen.<\/p>\n<p>Viele Endverbraucher sind sich nicht bewusst, dass die Drogen, die sie erhalten, mit anderen Substanzen versetzt sind, was zu noch gef\u00e4hrlicheren Konsumszenarien f\u00fchrt. Molly, ein anderer Slangbegriff f\u00fcr MDMA-Pillen, die mit anderen Substanzen vermischt sind, enth\u00e4lt h\u00e4ufig gar keine MDMA-Pillen. Im Allgemeinen k\u00f6nnen K\u00e4ufer von MDMA-Pillen die berauschende Wirkung von MDMA-Pillen innerhalb von etwa 45 Minuten nach der Einnahme einer Einzeldosis erleben. Ecstasy-Pillen werden in der Regel geschluckt. Viele Menschen zerdr\u00fccken sie jedoch und schnupfen sie. MDMA Pillen kaufen.<\/p>\n<p>Wir haben den besten MDMA-Pillen-Shop im Internet, in dem Sie nach einer gro\u00dfen Auswahl an hochwertigen Ecstasy-Pillen suchen, sie mit einem einzigen Klick bestellen und Ihre allgemeine Gesundheit verbessern k\u00f6nnen, ohne die Bank zu sprengen. Die Konzentration von MDMA in Ecstasy-Pillen ist sehr unterschiedlich. Einige Ecstasy-Pillen enthalten andere, weitaus gef\u00e4hrlichere verschreibungspflichtige Medikamente, die viel l\u00e4nger brauchen, um zu wirken. MDMA Pillen kaufen.<\/p>\n<p>Zu diesen Ergebnissen geh\u00f6ren eine gesteigerte Wahrnehmung, perfekt zu werden, erh\u00f6hte Extrovertiertheit, emotionale W\u00e4rme und Empathie f\u00fcr viele andere. MDMA-Pillen werden h\u00e4ufig als die Droge der Wahl in der Rave-Kultur angesehen und sind auch in Golfanlagen, auf Festivals und bei privaten Zusammenk\u00fcnften zu finden. Die sensorischen Effekte der Musik und der Lichter aus der Rave-Sph\u00e4re sind h\u00e4ufig wirklich synergetisch mit der gesamten Medizin. MDMA Pillen kaufen.<\/p>\n<h5><span class=\"ez-toc-section\" id=\"MDMA_ZU_VERKAUFEN\"><\/span>MDMA ZU VERKAUFEN:<span class=\"ez-toc-section-end\"><\/span><\/h5>\n<p>Die anregende Wirkung der Droge MDMA-Pillen werden seltener konsumiert als andere Stimulanzien, in der Regel weniger als einmal pro Woche. Wer MDMA-Pillen von der Stange kauft, erwirbt sie in der Regel in Form von Kapseln oder Tabletten, w\u00e4hrend andere die Droge in fl\u00fcssiger Form schlucken oder das Pulver schnupfen. MDMA-Pillen zum Verkauf<\/p>\n<p>Molly (umgangssprachlich f\u00fcr &#8222;molekular&#8220;) ist ein beliebter Spitzname f\u00fcr &#8222;reine&#8220; MDMA-Pillen in Form von kristallinem Pulver, die in der Regel in Kapseln angeboten werden. Diese Substanzen k\u00f6nnen extrem gef\u00e4hrlich sein, wenn die Person nicht kontrolliert, was sie konsumiert. Wenn sie mit MDMA-Pillen kombiniert werden, k\u00f6nnen sie gef\u00e4hrlich sein. MDMA Pillen kaufen.<\/p>\n<h6><span class=\"ez-toc-section\" id=\"ZUSATZLICH\"><\/span>ZUS\u00c4TZLICH :<span class=\"ez-toc-section-end\"><\/span><\/h6>\n<p>MDMA-Pillen waren urspr\u00fcnglich in der Nachtclubszene beliebt und wurden \u00fcberall geraucht, aber die Droge betrifft jetzt eine gr\u00f6\u00dfere Anzahl von Menschen, die regelm\u00e4\u00dfig mit der Droge Ecstasy oder Molly in Ber\u00fchrung kommen. oder unwissentlich diese Arten von Mischungen mit anderen Substanzen, wie Marihuana und alkoholischen Getr\u00e4nken, einnehmen, k\u00f6nnen sie einem noch gr\u00f6\u00dferen Risiko gesundheitlicher Beeintr\u00e4chtigungen aussetzen. MDMA Pillen kaufen.<\/p>\n<p>MDMA-Pillen in Form von kristallinem Pulver gelten als frei von F\u00e4lschungen. MDMA-Pillen sind als Hydrochloridsalz sowie als einzelne MDMA-Tabletten in kristalliner Form oder als Kapseln erh\u00e4ltlich.<\/p>","protected":false},"excerpt":{"rendered":"<p>MDMA Pillen kaufen Aaronay hat MDMA Pillen zu verkaufen in der ganzen Welt. Wenn du glaubst, dass eine Pille, die<\/p>","protected":false},"featured_media":1917,"comment_status":"open","ping_status":"closed","template":"","meta":{"jetpack_publicize_message":"","jetpack_publicize_feature_enabled":true,"jetpack_social_post_already_shared":false,"jetpack_social_options":{"image_generator_settings":{"template":"highway","default_image_id":0,"font":"","enabled":false},"version":2}},"product_brand":[],"product_cat":[297],"product_tag":[],"class_list":{"0":"post-1584","1":"product","2":"type-product","3":"status-publish","4":"has-post-thumbnail","6":"product_cat-psychedelika-kaufen","8":"first","9":"instock","10":"taxable","11":"shipping-taxable","12":"purchasable","13":"product-type-variable"},"jetpack_publicize_connections":[],"jetpack_sharing_enabled":true,"_links":{"self":[{"href":"https:\/\/medschemicalsuppliers.com\/en\/wp-json\/wp\/v2\/product\/1584","targetHints":{"allow":["GET"]}}],"collection":[{"href":"https:\/\/medschemicalsuppliers.com\/en\/wp-json\/wp\/v2\/product"}],"about":[{"href":"https:\/\/medschemicalsuppliers.com\/en\/wp-json\/wp\/v2\/types\/product"}],"replies":[{"embeddable":true,"href":"https:\/\/medschemicalsuppliers.com\/en\/wp-json\/wp\/v2\/comments?post=1584"}],"version-history":[{"count":1,"href":"https:\/\/medschemicalsuppliers.com\/en\/wp-json\/wp\/v2\/product\/1584\/revisions"}],"predecessor-version":[{"id":2902,"href":"https:\/\/medschemicalsuppliers.com\/en\/wp-json\/wp\/v2\/product\/1584\/revisions\/2902"}],"wp:featuredmedia":[{"embeddable":true,"href":"https:\/\/medschemicalsuppliers.com\/en\/wp-json\/wp\/v2\/media\/1917"}],"wp:attachment":[{"href":"https:\/\/medschemicalsuppliers.com\/en\/wp-json\/wp\/v2\/media?parent=1584"}],"wp:term":[{"taxonomy":"product_brand","embeddable":true,"href":"https:\/\/medschemicalsuppliers.com\/en\/wp-json\/wp\/v2\/product_brand?post=1584"},{"taxonomy":"product_cat","embeddable":true,"href":"https:\/\/medschemicalsuppliers.com\/en\/wp-json\/wp\/v2\/product_cat?post=1584"},{"taxonomy":"product_tag","embeddable":true,"href":"https:\/\/medschemicalsuppliers.com\/en\/wp-json\/wp\/v2\/product_tag?post=1584"}],"curies":[{"name":"wp","href":"https:\/\/api.w.org\/{rel}","templated":true}]}}