{"id":1741,"date":"2023-06-27T19:20:43","date_gmt":"2023-06-27T18:20:43","guid":{"rendered":"https:\/\/medschemicalsuppliers.com\/?post_type=product&#038;p=1741"},"modified":"2026-04-10T10:34:30","modified_gmt":"2026-04-10T08:34:30","slug":"ketamin-kristall","status":"publish","type":"product","link":"https:\/\/medschemicalsuppliers.com\/en\/product\/ketamin-kristall\/","title":{"rendered":"Ketamine crystal"},"content":{"rendered":"<div id=\"ez-toc-container\" class=\"ez-toc-v2_0_82_2 counter-hierarchy ez-toc-counter ez-toc-grey ez-toc-container-direction\">\n<div class=\"ez-toc-title-container\">\n<p class=\"ez-toc-title\" style=\"cursor:inherit\">Inhalts\u00fcbersicht<\/p>\n<span class=\"ez-toc-title-toggle\"><a href=\"#\" class=\"ez-toc-pull-right ez-toc-btn ez-toc-btn-xs ez-toc-btn-default ez-toc-toggle\" aria-label=\"Toggle Table of Content\"><span class=\"ez-toc-js-icon-con\"><span class=\"\"><span class=\"eztoc-hide\" style=\"display:none;\">Toggle<\/span><span class=\"ez-toc-icon-toggle-span\"><svg style=\"fill: #999;color:#999\" xmlns=\"http:\/\/www.w3.org\/2000\/svg\" class=\"list-377408\" width=\"20px\" height=\"20px\" viewbox=\"0 0 24 24\" fill=\"none\"><path d=\"M6 6H4v2h2V6zm14 0H8v2h12V6zM4 11h2v2H4v-2zm16 0H8v2h12v-2zM4 16h2v2H4v-2zm16 0H8v2h12v-2z\" fill=\"currentColor\"><\/path><\/svg><svg style=\"fill: #999;color:#999\" class=\"arrow-unsorted-368013\" xmlns=\"http:\/\/www.w3.org\/2000\/svg\" width=\"10px\" height=\"10px\" viewbox=\"0 0 24 24\" version=\"1.2\" baseprofile=\"tiny\"><path d=\"M18.2 9.3l-6.2-6.3-6.2 6.3c-.2.2-.3.4-.3.7s.1.5.3.7c.2.2.4.3.7.3h11c.3 0 .5-.1.7-.3.2-.2.3-.5.3-.7s-.1-.5-.3-.7zM5.8 14.7l6.2 6.3 6.2-6.3c.2-.2.3-.5.3-.7s-.1-.5-.3-.7c-.2-.2-.4-.3-.7-.3h-11c-.3 0-.5.1-.7.3-.2.2-.3.5-.3.7s.1.5.3.7z\"\/><\/svg><\/span><\/span><\/span><\/a><\/span><\/div>\n<nav><ul class='ez-toc-list ez-toc-list-level-1' ><li class='ez-toc-page-1 ez-toc-heading-level-2'><a class=\"ez-toc-link ez-toc-heading-1\" href=\"https:\/\/medschemicalsuppliers.com\/en\/product\/ketamin-kristall\/#Ketamin_Kristall_Kaufen\" >Ketamin Kristall Kaufen<\/a><ul class='ez-toc-list-level-4' ><li class='ez-toc-heading-level-4'><ul class='ez-toc-list-level-4' ><li class='ez-toc-heading-level-4'><a class=\"ez-toc-link ez-toc-heading-2\" href=\"https:\/\/medschemicalsuppliers.com\/en\/product\/ketamin-kristall\/#KETAMIN-KRISTALL_ONLINE_KAUFEN\" >KETAMIN-KRISTALL ONLINE KAUFEN<\/a><\/li><li class='ez-toc-page-1 ez-toc-heading-level-4'><a class=\"ez-toc-link ez-toc-heading-3\" href=\"https:\/\/medschemicalsuppliers.com\/en\/product\/ketamin-kristall\/#KETAMIN_KRISTALL_ZUM_VERKAUF_ONLINE\" >KETAMIN KRISTALL ZUM VERKAUF ONLINE<\/a><\/li><li class='ez-toc-page-1 ez-toc-heading-level-4'><a class=\"ez-toc-link ez-toc-heading-4\" href=\"https:\/\/medschemicalsuppliers.com\/en\/product\/ketamin-kristall\/#KETAMIN_ZU_VERKAUFEN\" >KETAMIN ZU VERKAUFEN<\/a><\/li><li class='ez-toc-page-1 ez-toc-heading-level-4'><a class=\"ez-toc-link ez-toc-heading-5\" href=\"https:\/\/medschemicalsuppliers.com\/en\/product\/ketamin-kristall\/#KETAMINPULVER_ZU_VERKAUFEN\" >KETAMINPULVER ZU VERKAUFEN<\/a><ul class='ez-toc-list-level-5' ><li class='ez-toc-heading-level-5'><a class=\"ez-toc-link ez-toc-heading-6\" href=\"https:\/\/medschemicalsuppliers.com\/en\/product\/ketamin-kristall\/#ZUSATZLICH\" >ADDITIONAL:<\/a><\/li><\/ul><\/li><\/ul><\/li><\/ul><\/li><\/ul><\/nav><\/div>\n<h2><span class=\"ez-toc-section\" id=\"Ketamin_Kristall_Kaufen\"><\/span>Ketamin Kristall Kaufen<span class=\"ez-toc-section-end\"><\/span><\/h2>\n<p>Schlie\u00dflich haben wir hier bei aaronay hochwertiges Ketamin Crystal zu sehr g\u00fcnstigen Preisen zu verkaufen. Wenn Sie durch irgendeine Menge von Ketamin beeintr\u00e4chtigt werden, z\u00f6gern Sie nicht, Ketamine Crystal zu verwenden. Bisher habe ich etwa zw\u00f6lf Bestellungen aufgegeben, und wann immer ich ein Problem hatte, h\u00f6rte ich innerhalb weniger Stunden von ihnen, und sie k\u00fcmmerten sich in der Regel um alle Probleme, die ich hatte, und das fast ohne PIp.<\/p>\n<p>Es ist eine Krankheit, bei der eine signifikante Erh\u00f6hung der Kreislaufbelastung kann verletzt werden Sie k\u00f6nnen immer droxidopa, um Kontakt mit Ihrem Arzt oder Wohlstand Pflege Spezialist Co-op schnell, wenn eine dieser Art der Durchf\u00fchrung f\u00fcr Sie. Ketamin Crystal ist zweifellos ein NMDA-Rezeptor-Antagonist, die die Mehrheit der Aktivit\u00e4ten mit Ausnahme der oberen Auswirkungen, die Anordnung, die noch unter Untersuchung und Debatte ist. Ketamin Crystal zum Verkauf<\/p>\n<p>Dies ist darauf zur\u00fcckzuf\u00fchren, dass Ketaminkristall schwerwiegende Nebenwirkungen haben kann, selbst wenn es unter der engen Aufsicht und Kontrolle eines Arztes oder Tierarztes verwendet und gehandhabt wird, sowie wenn es au\u00dferhalb des klinischen Kreises von Personen ohne medizinische Anleitung verwendet und gehandhabt wird. Ketaminkristall kann halluzinogene Wirkungen hervorrufen, die dazu f\u00fchren, dass Menschen Dinge sehen, h\u00f6ren, riechen, sp\u00fcren oder empfinden, die es in Wirklichkeit nicht gibt oder die nicht mit der Realit\u00e4t \u00fcbereinstimmen. Ketamin-Kristall zum Verkauf<\/p>\n<p>Ketamin-Kristall hingegen ist ein anst\u00e4ndiges Beruhigungsmittel geblieben, das in Kliniken, zahnmedizinischen Arbeitsumgebungen und klinischen Facharbeitsumgebungen mit einem soliden Fundament an essentieller Sicherheit verwendet wird. Unerwartete Krisendrogen enthalten h\u00e4ufig ein kurz wirkendes dissoziatives Sedativum und Stimulans. Es ist das prototypische Dissoziationsmittel und wird h\u00e4ufig in sub-sedativen Anteilen verwendet. Bevor ich mit der Pentan-Ether-Umkristallisation arbeitete, stellte ich fest, dass ich den Ketamin-Kristall-Edelstein wieder in eine Freebase umwandeln musste. Ketamin-Kristall zu verkaufen<\/p>\n<h4><span class=\"ez-toc-section\" id=\"KETAMIN-KRISTALL_ONLINE_KAUFEN\"><\/span>KETAMIN-KRISTALL ONLINE KAUFEN<span class=\"ez-toc-section-end\"><\/span><\/h4>\n<p>Allerdings macht mich die Artikulationssuche &#8222;Umkristallisation mit Pentan-Ether&#8220; stutzig. Ketaminkristall wird h\u00e4ufig bei Schwerverletzten eingesetzt, um den Eindruck von Sicherheit zu vermitteln. Eine logische Ausbildungsregel spricht f\u00fcr den Einsatz von Ketaminkristall als dissoziatives Narkotikum in der Notfallmedizin. Es ist das Mittel der Wahl f\u00fcr Menschen, die sich in einem schweren Schock befinden und der Hypotonie hilflos ausgeliefert sind. Ketaminkristall zum Verkauf<\/p>\n<p>Menschen mit einfachen Kopfverletzungen leiden unter einer geringen Kreislaufbelastung, und Ketamin ist am wenigsten geeignet, einen niedrigen Puls auszul\u00f6sen, und kann ihn im Allgemeinen vermeiden. Ketaminkristall sieht auf der Stra\u00dfe meist wie ein wei\u00dfes Pulver aus. Die wei\u00dfe Farbe steht im Gegensatz zu der Tatsache, dass wei\u00dfe Pulververordnungen h\u00e4ufig mit einigen anderen Pulvern gemischt werden, um das eigentliche Medikament zu verteilen und seine Wirkung zu verst\u00e4rken. Ketamin-Kristall zum Verkauf<\/p>\n<p>Ketamin-Kristall ist zwar zweifellos ein Beruhigungsmittel, doch handelt es sich dabei um eine besondere Art von Beruhigungsmittel, das als dissoziatives Beruhigungsmittel bezeichnet wird. Die dissoziative Sedierung bewirkt in gewissem Ma\u00dfe Stabilit\u00e4t und ein Gef\u00fchl der Trennung von der eigenen Person und der Umgebung. Ketaminkristall kommt bei Kindern als prim\u00e4res echtes Sedativum f\u00fcr kleinere Eingriffe oder als Einstiegsspezialist in Frage, gefolgt von neuromuskul\u00e4ren Blockern und Trachealintubation, insbesondere bei Jugendlichen mit zyanotischer Koronarerkrankung. Ketamin-Kristall zu verkaufen<\/p>\n<h4><span class=\"ez-toc-section\" id=\"KETAMIN_KRISTALL_ZUM_VERKAUF_ONLINE\"><\/span>KETAMIN KRISTALL ZUM VERKAUF ONLINE<span class=\"ez-toc-section-end\"><\/span><\/h4>\n<p>Dar\u00fcber hinaus bieten neuromuskul\u00e4re Erkrankungen eine fantastische Gelegenheit f\u00fcr die Sedierung mit Ketaminkristall. Ketaminkristall kann sowohl in der Human- als auch in der Veterin\u00e4rmedizin als Sedativum eingesetzt werden. Dissoziative Medikamente sind Stimulanzien, die eine Person dazu bringen, eine Trennung von der Realit\u00e4t zu bemerken. In erster Linie ist unsere Nachbarschaft die echteste, zuverl\u00e4ssigste und vertrauensw\u00fcrdigste Quelle f\u00fcr den Kauf von Ketaminkristall. Wir haben einen gro\u00dfen Vorrat an Ketamin-Kristall-Edelsteinen zum Kauf verf\u00fcgbar. Ketamin-Kristall zum Verkauf<\/p>\n<p>Ketamin-Kristall wird in der Regel in gro\u00dfem Ma\u00dfstab in fl\u00fcssigen und stabilen Strukturen hergestellt (Produkte). Ketamin Fl\u00fcssigkeit k\u00f6nnte schlie\u00dflich in Kristall und Pulver umgewandelt werden. Ketamin Kristall Medizin ist in der Regel von medizinischen Fachkr\u00e4ften in erster Linie als Sedierung in der noch links \/ gro\u00df. Ketaminkristall ist eine potenziell illegale Substanz, und wir sind nicht davon \u00fcberzeugt, dass die Verwendung dieses Stoffes gegen das Gesetz verst\u00f6\u00dft, und sehen auch nicht dar\u00fcber hinweg. Ketamin-Kristall zum Verkauf<\/p>\n<p>Nichtsdestotrotz akzeptieren wir, dass illegaler Medikamentengebrauch vorkommt und erkennen an, dass die Einf\u00fchrung von verantwortungsvollem Schaden zur Datenreduzierung entscheidend ist, um die Menschen sicher zu halten. Gr\u00f6\u00dfere Mengen k\u00f6nnen unbestreitbar beeindruckendere Ergebnisse hervorbringen, wobei die K\u00e4ufer eine vollst\u00e4ndige und v\u00f6llige Trennung von ihrem K\u00f6rper erkl\u00e4ren. Die Ergebnisse sind denen sehr \u00e4hnlich, die von Menschen beschrieben werden, die Nahtoderfahrungen gemacht haben, und es ist nun bekannt, dass sie sich im &#8222;K-Loch&#8220; befinden. Ketamin-Kristall zu verkaufen<\/p>\n<h4><span class=\"ez-toc-section\" id=\"KETAMIN_ZU_VERKAUFEN\"><\/span>KETAMIN ZU VERKAUFEN<span class=\"ez-toc-section-end\"><\/span><\/h4>\n<p>Um Ihnen auf dem Weg zu einer legalen Ketamin-Kristall-Infusion zu helfen, haben wir legale Ketamin-Kristall-Einrichtungen in unserem Katalog f\u00fcr Halluzinogen-Spezialisten kuratiert, gepr\u00fcft und best\u00e4tigt; hoffentlich finden Sie die richtige f\u00fcr Sie. In den letzten Jahren wurden im ganzen Land Ketamin-Kristall-Infusionseinrichtungen er\u00f6ffnet, die Millionen von Amerikanern, die an schweren Depressionen, bipolaren St\u00f6rungen, Angstzust\u00e4nden, Erkrankungen, posttraumatischen Belastungsst\u00f6rungen (PTBS) und anderen Stimmungsst\u00f6rungen leiden, neue Hoffnung geben. Ketamin-Kristall zum Verkauf<\/p>\n<p>Ketamin-Kristallinfusionen haben eine Erfolgsquote von 91 % bei der Verbesserung der Anzeichen oder Symptome von Depressionen, wenn sie korrekt und unter den richtigen Bedingungen verabreicht werden. Es werden zwar Anstrengungen unternommen, um die Ketamin-Kristalltherapie f\u00fcr Bed\u00fcrftige erschwinglicher zu machen, doch die hohen Kosten stellen nicht nur ein erhebliches Hindernis f\u00fcr den Einstieg dar, sondern erh\u00f6hen auch den Einsatz f\u00fcr diejenigen, die daran teilnehmen, dramatisch. Ketaminkristall zum Verkauf<\/p>\n<p>Ketaminkristall wirkt auch auf das Opioidsystem. Da Naltrexon, das die Wirkungen von Opioiden blockiert, auch die antidepressiven Wirkungen von Ketamin blockiert, kann es bei den Betroffenen zu opioidbedingten Ergebnissen kommen. Ketamin-Kliniken, in denen Patienten das Medikament intraven\u00f6s verabreicht wird, gibt es schon seit Jahrzehnten zur Behandlung von chronischen Schmerzen und Depressionen. Jetzt, da es als Nasenspray erh\u00e4ltlich ist, ist es viel einfacher zu verabreichen. Ketamin-Kristall zu verkaufen<\/p>\n<h4><span class=\"ez-toc-section\" id=\"KETAMINPULVER_ZU_VERKAUFEN\"><\/span>KETAMINPULVER ZU VERKAUFEN<span class=\"ez-toc-section-end\"><\/span><\/h4>\n<p>Naloxon, ein weiterer Opioidantagonist, der die schmerzhaften Wirkungen von Ketaminkristall bei Nagetieren blockiert, hat seit langem gezeigt, dass er dasselbe bewirkt. Ketaminkristall wird am h\u00e4ufigsten in der An\u00e4sthesie und zur Linderung starker Schmerzen eingesetzt. Nachdem in der medizinischen Fachliteratur zahlreiche positive Berichte \u00fcber die Wirkung von Ketaminkristall auf die Verzweiflung erschienen sind, wird Ketaminkristall heute in Schmerzkliniken in gr\u00f6\u00dferem Umfang eingesetzt, und es entstehen neue Kliniken f\u00fcr Ketaminkristall. Ketamin-Kristall zum Verkauf<\/p>\n<p>Die Tatsache, dass jeder Mensch ein psychisches Problem hat, bedeutet nicht, dass er seine Autonomie verloren hat. Wir wenden uns auch nicht an Klienten, die m\u00f6glicherweise an einer schweren psychischen Erkrankung leiden und nicht in der Lage sind, eine Entscheidung zu treffen. Racemisches Ketaminkristall ist generisch und preiswert, aber Zeit, Arbeitskraft und Ausbildung im Gesundheitswesen sind wertvoll. Die Betroffenen zahlen nicht f\u00fcr Ketaminkristalle. Ketaminkristall zu verkaufen<\/p>\n<p>Sie kaufen mehr als ein Jahrzehnt professioneller medizinischer F\u00e4higkeiten von einer medizinischen Fachkraft, die im Umgang mit allen klinischen Problemen, die auftreten k\u00f6nnen, erfahren ist. In vielen Kulturen wird Ketaminkristall als Medikament missbraucht. In China wurden Tausende von Ketamin-Kristall-S\u00fcchtigen identifiziert. In Australien ist es illegal. In Belgien gibt es ein Problem mit dem Missbrauch von Ketamin-Kristall. Ketamin-Kristall zu verkaufen<\/p>\n<h5><span class=\"ez-toc-section\" id=\"ZUSATZLICH\"><\/span>ADDITIONAL:<span class=\"ez-toc-section-end\"><\/span><\/h5>\n<p>Die Tatsache, dass Ketamin kein reines Euphoriemittel ist, schr\u00e4nkt seine Verwendung weiterhin ein. Es gibt zahlreiche negative Auswirkungen; die Menschen f\u00fchlen sich anfangs seltsam &#8211; aufgeregt und verwirrt. Bei wiederholter Einnahme entwickelt man jedoch eine Toleranz gegen\u00fcber dem Stoff. Einige Ketaminkristall-Experten warnen vor Kliniken, die mehrere Ketaminkristall-Infusionen auf einmal verlangen, und argumentieren, dass seri\u00f6se Kliniken jeweils nur eine Ketaminkristall-Infusion verlangen sollten. Ketamin-Kristall zu verkaufen<\/p>\n<p>Sie k\u00f6nnen ihre Augen schlie\u00dfen und beruhigende Musik h\u00f6ren, die das Eintauchen in eine dissoziative Reise f\u00f6rdert. W\u00e4hrend der Sitzung bleibt der Patient bei vollem Bewusstsein, kann aber ein angenehmes Schwebegef\u00fchl versp\u00fcren. Wenn eine Person Schmerzen, wie z. B. Angstattacken oder \u00dcbelkeit, versp\u00fcrt, wird ein Arzt anwesend sein, um sie so schnell wie m\u00f6glich zu behandeln. Ketamin-Kristall zu verkaufen<\/p>","protected":false},"excerpt":{"rendered":"<p>Ketamin Kristall Kaufen Schlie\u00dflich haben wir hier bei aaronay hochwertiges Ketamin Crystal zu sehr g\u00fcnstigen Preisen zu verkaufen. Wenn Sie<\/p>","protected":false},"featured_media":1890,"comment_status":"open","ping_status":"closed","template":"","meta":{"jetpack_publicize_message":"","jetpack_publicize_feature_enabled":true,"jetpack_social_post_already_shared":false,"jetpack_social_options":{"image_generator_settings":{"template":"highway","default_image_id":0,"font":"","enabled":false},"version":2}},"product_brand":[],"product_cat":[298],"product_tag":[],"class_list":{"0":"post-1741","1":"product","2":"type-product","3":"status-publish","4":"has-post-thumbnail","6":"product_cat-dissoziativ-kaufen","8":"first","9":"instock","10":"taxable","11":"shipping-taxable","12":"purchasable","13":"product-type-variable"},"jetpack_publicize_connections":[],"jetpack_sharing_enabled":true,"_links":{"self":[{"href":"https:\/\/medschemicalsuppliers.com\/en\/wp-json\/wp\/v2\/product\/1741","targetHints":{"allow":["GET"]}}],"collection":[{"href":"https:\/\/medschemicalsuppliers.com\/en\/wp-json\/wp\/v2\/product"}],"about":[{"href":"https:\/\/medschemicalsuppliers.com\/en\/wp-json\/wp\/v2\/types\/product"}],"replies":[{"embeddable":true,"href":"https:\/\/medschemicalsuppliers.com\/en\/wp-json\/wp\/v2\/comments?post=1741"}],"version-history":[{"count":0,"href":"https:\/\/medschemicalsuppliers.com\/en\/wp-json\/wp\/v2\/product\/1741\/revisions"}],"wp:featuredmedia":[{"embeddable":true,"href":"https:\/\/medschemicalsuppliers.com\/en\/wp-json\/wp\/v2\/media\/1890"}],"wp:attachment":[{"href":"https:\/\/medschemicalsuppliers.com\/en\/wp-json\/wp\/v2\/media?parent=1741"}],"wp:term":[{"taxonomy":"product_brand","embeddable":true,"href":"https:\/\/medschemicalsuppliers.com\/en\/wp-json\/wp\/v2\/product_brand?post=1741"},{"taxonomy":"product_cat","embeddable":true,"href":"https:\/\/medschemicalsuppliers.com\/en\/wp-json\/wp\/v2\/product_cat?post=1741"},{"taxonomy":"product_tag","embeddable":true,"href":"https:\/\/medschemicalsuppliers.com\/en\/wp-json\/wp\/v2\/product_tag?post=1741"}],"curies":[{"name":"wp","href":"https:\/\/api.w.org\/{rel}","templated":true}]}}