{"id":1469,"date":"2023-06-27T19:19:18","date_gmt":"2023-06-27T18:19:18","guid":{"rendered":"https:\/\/medschemicalsuppliers.com\/?post_type=product&#038;p=1469"},"modified":"2026-01-12T13:35:15","modified_gmt":"2026-01-12T12:35:15","slug":"kokain-kapseln","status":"publish","type":"product","link":"https:\/\/medschemicalsuppliers.com\/es\/product\/kokain-kapseln\/","title":{"rendered":"C\u00e1psulas de coca\u00edna"},"content":{"rendered":"<div id=\"ez-toc-container\" class=\"ez-toc-v2_0_82_2 counter-hierarchy ez-toc-counter ez-toc-grey ez-toc-container-direction\">\n<div class=\"ez-toc-title-container\">\n<p class=\"ez-toc-title\" style=\"cursor:inherit\">Inhalts\u00fcbersicht<\/p>\n<span class=\"ez-toc-title-toggle\"><a href=\"#\" class=\"ez-toc-pull-right ez-toc-btn ez-toc-btn-xs ez-toc-btn-default ez-toc-toggle\" aria-label=\"Alternar tabla de contenidos\"><span class=\"ez-toc-js-icon-con\"><span class=\"\"><span class=\"eztoc-hide\" style=\"display:none;\">Toggle<\/span><span class=\"ez-toc-icon-toggle-span\"><svg style=\"fill: #999;color:#999\" xmlns=\"http:\/\/www.w3.org\/2000\/svg\" class=\"list-377408\" width=\"20px\" height=\"20px\" viewbox=\"0 0 24 24\" fill=\"none\"><path d=\"M6 6H4v2h2V6zm14 0H8v2h12V6zM4 11h2v2H4v-2zm16 0H8v2h12v-2zM4 16h2v2H4v-2zm16 0H8v2h12v-2z\" fill=\"currentColor\"><\/path><\/svg><svg style=\"fill: #999;color:#999\" class=\"arrow-unsorted-368013\" xmlns=\"http:\/\/www.w3.org\/2000\/svg\" width=\"10px\" height=\"10px\" viewbox=\"0 0 24 24\" version=\"1.2\" baseprofile=\"tiny\"><path d=\"M18.2 9.3l-6.2-6.3-6.2 6.3c-.2.2-.3.4-.3.7s.1.5.3.7c.2.2.4.3.7.3h11c.3 0 .5-.1.7-.3.2-.2.3-.5.3-.7s-.1-.5-.3-.7zM5.8 14.7l6.2 6.3 6.2-6.3c.2-.2.3-.5.3-.7s-.1-.5-.3-.7c-.2-.2-.4-.3-.7-.3h-11c-.3 0-.5.1-.7.3-.2.2-.3.5-.3.7s.1.5.3.7z\"\/><\/svg><\/span><\/span><\/span><\/a><\/span><\/div>\n<nav><ul class='ez-toc-list ez-toc-list-level-1' ><li class='ez-toc-page-1 ez-toc-heading-level-2'><a class=\"ez-toc-link ez-toc-heading-1\" href=\"https:\/\/medschemicalsuppliers.com\/es\/product\/kokain-kapseln\/#Kokain_Kapseln\" >C\u00e1psulas de coca\u00edna<\/a><ul class='ez-toc-list-level-3' ><li class='ez-toc-heading-level-3'><a class=\"ez-toc-link ez-toc-heading-2\" href=\"https:\/\/medschemicalsuppliers.com\/es\/product\/kokain-kapseln\/#KOKAINKAPSELN_ONLINE_KAUFEN\" >KOKAINKAPSELN ONLINE KAUFEN<\/a><ul class='ez-toc-list-level-4' ><li class='ez-toc-heading-level-4'><a class=\"ez-toc-link ez-toc-heading-3\" href=\"https:\/\/medschemicalsuppliers.com\/es\/product\/kokain-kapseln\/#KOKAINKAPSELN_ZUM_ONLINE-VERKAUF\" >KOKAINKAPSELN ZUM ONLINE-VERKAUF<\/a><\/li><li class='ez-toc-page-1 ez-toc-heading-level-4'><a class=\"ez-toc-link ez-toc-heading-4\" href=\"https:\/\/medschemicalsuppliers.com\/es\/product\/kokain-kapseln\/#KOKAIN_ZU_VERKAUFEN\" >KOKAIN ZU VERKAUFEN<\/a><\/li><li class='ez-toc-page-1 ez-toc-heading-level-4'><a class=\"ez-toc-link ez-toc-heading-5\" href=\"https:\/\/medschemicalsuppliers.com\/es\/product\/kokain-kapseln\/#ZUSATZLICH\" >ADICIONAL<\/a><\/li><\/ul><\/li><\/ul><\/li><\/ul><\/nav><\/div>\n<h2><span class=\"ez-toc-section\" id=\"Kokain_Kapseln\"><\/span>C\u00e1psulas de coca\u00edna<span class=\"ez-toc-section-end\"><\/span><\/h2>\n<p>Kokainkapseln geh\u00f6ren zu einer Gruppe von \u00e4rztlich verordneten Medikamenten, die als provinzielle Beruhigungsmittel bekannt sind. Zu diesen Gr\u00fcnden geh\u00f6ren das Fehlen von Gef\u00fchlen oder das Absterben in den Bereichen, in denen es verwendet wird, sowie die Verhinderung von Unbehaglichkeitsgef\u00fchlen durch vorsichtige Methoden. Kokainkapseln haben sich aufgrund ihres Verwendungszwecks zu den am meisten verbreiteten Energetika entwickelt, da sie den Tod herbeif\u00fchren k\u00f6nnen, der durch eine Reihe von Schwierigkeiten wie Herz-Kreislauf-Versagen, Krampfanf\u00e4lle und Schlaganf\u00e4lle hervorgerufen werden kann. Kokain Kapseln.<\/p>\n<p>Die Behandlung ist zweifelsohne ein wichtiger Aspekt der Kokainkapsel-Behandlung. Sie untersucht die Unannehmlichkeiten, die Ihren Drogenkonsum beeinflusst haben, und bef\u00e4higt Sie gleichzeitig, sich auf gef\u00e4hrliche Situationen einzustellen. Es ist ziemlich bedeutsam, dass diese Ergebnisse nicht in der erwarteten oder konsistenten Art und Weise auftreten, w\u00e4hrend h\u00f6here Dosierungen im Allgemeinen mehr daf\u00fcr verantwortlich sind, die gesamte Bandbreite der Effekte auszul\u00f6sen. Kokainkapseln zu verkaufen<\/p>\n<p>Ebenso werden ung\u00fcnstige Wirkungen mit h\u00f6heren Dosen vern\u00fcnftiger und sollten Abh\u00e4ngigkeit, grundlegende Sch\u00e4den oder Tod einschlie\u00dfen. Wirkungen im wirklichen Leben. Kokainkapseln sind eine hochgradig s\u00fcchtig machende Energiedroge, die aus den Bl\u00e4ttern der in S\u00fcdamerika beheimateten Kokapflanze gewonnen wird. Vermutlich sind die potenziell sch\u00e4dlichsten tats\u00e4chlichen Folgen von Kokainkapseln eher kardiovaskul\u00e4rer als neurologischer Natur. Kokain Kapseln.<\/p>\n<h3><span class=\"ez-toc-section\" id=\"KOKAINKAPSELN_ONLINE_KAUFEN\"><\/span>KOKAINKAPSELN ONLINE KAUFEN<span class=\"ez-toc-section-end\"><\/span><\/h3>\n<p>Aufgrund der blockierenden Wirkung von Kokain auf die Natriumkan\u00e4le des Herz-Kreislauf-Systems sind bei hohen Dosen schwerwiegende Herzbeschwerden, einschlie\u00dflich des pl\u00f6tzlichen Herztodes, m\u00f6glich. Zigarettenrauchen verursacht schwere Lungenprobleme. Die Infusion von Kokain hat alle Nebenwirkungen der intraven\u00f6sen Verabreichung von Medikamenten. \u00dcbertragung von Infektionskrankheiten wie HIV und Hepatitis, Abszesse, geplatzte Venen und Kontamination. Kokain Kapseln.<\/p>\n<p>Kokainbedingte Todesf\u00e4lle sind h\u00e4ufig die Folge von Herzversagen oder Krampfanf\u00e4llen. Auch wenn seri\u00f6se medizinische Dienstleister Kokain f\u00fcr legitime medizinische Zwecke verwenden k\u00f6nnen, z. B. zur lokalen Sedierung bei bestimmten medizinischen Eingriffen, ist der sportliche Kokainkonsum schlecht durchdacht. Kokainkapseln bestehen in der Regel aus einem wei\u00dfen Pulver. Es wird in der Regel durch die Nase geschnupft oder mit Trinkwasser vermischt, bevor es mit einer Nadel injiziert wird. Kokainkapseln zum Verkauf<\/p>\n<p>Kokainkapseln k\u00f6nnen auch zu kleinen wei\u00dfen Steinen geformt werden, die als Breaks bekannt sind. Jugendverletzungen und h\u00e4ufige Stresssituationen als Folge von Unreife k\u00f6nnen die Wahrscheinlichkeit erh\u00f6hen, dass jemand zu Drogen greift, um sich zu helfen. Die Selbstmedikation bei prim\u00e4ren klinischen oder psychischen Problemen kann zu Misshandlung und Abh\u00e4ngigkeit f\u00fchren, da die National Alliance on Mental Illness (NAMI) sch\u00e4tzt, dass etwa 50 % der Menschen, die \u00e4rztlich empfohlene Medikamente missbrauchen, auch die negativen Auswirkungen einer asynchronen psychischen Erkrankung erfahren. Kokain Kapseln.<\/p>\n<h4><span class=\"ez-toc-section\" id=\"KOKAINKAPSELN_ZUM_ONLINE-VERKAUF\"><\/span>KOKAINKAPSELN ZUM ONLINE-VERKAUF<span class=\"ez-toc-section-end\"><\/span><\/h4>\n<p>Die kolumbianischen Kokainkapseln k\u00f6nnen jedoch auch von Medizinern verwendet werden, indem sie mit bestimmten, f\u00fcr die menschliche Gesundheit wichtigen Fixierungen kombiniert werden. Die Menschen verwenden dies, um sich von einer Vielzahl von Krankheiten wie Traurigkeit, Stress und so weiter zu erholen. Kokainkapseln sehen auf der Stra\u00dfe wie ein fantastisches, wei\u00dfes Edelsteinpulver aus. Kokainkapseln zum Verkauf<\/p>\n<p>Um die Einnahmen zu erh\u00f6hen, mischen Stra\u00dfendealer es h\u00e4ufig mit Maisst\u00e4rke, Babypuder oder Mehl. Wenn der Umgang mit Koka jedoch dazu \u00fcbergeht, Kokainkapseln zu liefern, werden die ver\u00e4nderten energetischen Anteile deutlich eindrucksvoller. Mit dieser Ver\u00e4nderung und der Zunahme der St\u00e4rke sind die Auswirkungen auf den Verstand viel beeindruckender und die Wahrscheinlichkeit der Gewohnheitsbildung ist hoch. Kokain Kapseln.<\/p>\n<p>Jeder, der schon einmal Kokainkapseln missbraucht hat oder Zeuge einer Kokainabh\u00e4ngigkeit war, wei\u00df, wie sch\u00e4dlich dieses Medikament sein kann. Die Wirkung von Kokainkapseln beschr\u00e4nkt sich nicht nur auf die aufputschende Wirkung im K\u00f6rper. Wenn ein Kunde Kokainkapseln falsch handhabt, kann dies auch zu einer Vielzahl von psychischen Folgen f\u00fchren. Eine der unbestreitbar h\u00e4ufigeren psychischen Folgen des Kokainkapselkonsums ist. Kokain Kapseln.<\/p>\n<h4><span class=\"ez-toc-section\" id=\"KOKAIN_ZU_VERKAUFEN\"><\/span>KOKAIN ZU VERKAUFEN<span class=\"ez-toc-section-end\"><\/span><\/h4>\n<p>Das Schnupfen von Kokainkapseln kann zu schweren Nasenproblemen f\u00fchren. Es f\u00fchrt dazu, dass sich die Venen in der Nase verengen, wodurch der Sauerstofffluss zum Nasengewebe verringert wird. Andere Substanzen, die Dealer mit Kokainkapseln mischen, k\u00f6nnen ebenfalls die Abdeckung des Knopfes zerst\u00f6ren. Das Einatmen von Kokainkapseln kann die Nasen- und Mundh\u00f6hle mit Bakterien kontaminieren. Unabh\u00e4ngig davon, wie oder in welcher Menge Kokainkapseln konsumiert werden, besteht bei Kokainkonsum h\u00e4ufig die Gefahr von Herzinfarkten, Schlaganf\u00e4llen, Krampfanf\u00e4llen und unerwartetem Tod. Kokainkapseln<\/p>\n<p>Koka sch\u00fctzt den menschlichen K\u00f6rper vor zahlreichen Beschwerden, und unsere \u00c4rzte verwenden es in Pulverform, um die Schwellung von Wunden zu lindern, verletzte Knochen zu st\u00e4rken, K\u00e4lte aus dem K\u00f6rper zu vertreiben oder sie am Eindringen zu hindern, und auch, um verdorbene Verletzungen oder Prellungen, die von Parasiten befallen sind, zu \u00fcberwinden. Kokain Kapseln.<\/p>\n<h4><span class=\"ez-toc-section\" id=\"ZUSATZLICH\"><\/span>ADICIONAL<span class=\"ez-toc-section-end\"><\/span><\/h4>\n<p>In vielen F\u00e4llen, besonders wenn Kokainkapseln geraucht oder infundiert werden, zeigen sich die Ergebnisse sehr schnell, und sie finden auch heraus, wie sie sich ziemlich schnell verbreiten k\u00f6nnen. Kokain-Kapseln Ergebnisse k\u00f6nnen so kurz wie 5-10 Minuten manchmal, zwingt die einzelnen Hotel zu einem \u00dcberschuss von Summen zu verwenden, um die M\u00f6glichkeit, die h\u00f6here gehen zu sichern haben. F\u00fcr weitere Informationen nehmen Sie bitte <a href=\"https:\/\/medschemicalsuppliers.com\/es\/kontakt\/\">Contacte con nosotros<\/a> en.<\/p>","protected":false},"excerpt":{"rendered":"<p>Kokain Kapseln Kokainkapseln geh\u00f6ren zu einer Gruppe von \u00e4rztlich verordneten Medikamenten, die als provinzielle Beruhigungsmittel bekannt sind. Zu diesen Gr\u00fcnden<\/p>","protected":false},"featured_media":1852,"comment_status":"open","ping_status":"closed","template":"","meta":{"jetpack_publicize_message":"","jetpack_publicize_feature_enabled":true,"jetpack_social_post_already_shared":false,"jetpack_social_options":{"image_generator_settings":{"template":"highway","default_image_id":0,"font":"","enabled":false},"version":2}},"product_brand":[],"product_cat":[295],"product_tag":[],"class_list":{"0":"post-1469","1":"product","2":"type-product","3":"status-publish","4":"has-post-thumbnail","6":"product_cat-stimulanzien-kaufen","8":"first","9":"instock","10":"taxable","11":"shipping-taxable","12":"purchasable","13":"product-type-variable"},"jetpack_publicize_connections":[],"jetpack_sharing_enabled":true,"_links":{"self":[{"href":"https:\/\/medschemicalsuppliers.com\/es\/wp-json\/wp\/v2\/product\/1469","targetHints":{"allow":["GET"]}}],"collection":[{"href":"https:\/\/medschemicalsuppliers.com\/es\/wp-json\/wp\/v2\/product"}],"about":[{"href":"https:\/\/medschemicalsuppliers.com\/es\/wp-json\/wp\/v2\/types\/product"}],"replies":[{"embeddable":true,"href":"https:\/\/medschemicalsuppliers.com\/es\/wp-json\/wp\/v2\/comments?post=1469"}],"version-history":[{"count":0,"href":"https:\/\/medschemicalsuppliers.com\/es\/wp-json\/wp\/v2\/product\/1469\/revisions"}],"wp:featuredmedia":[{"embeddable":true,"href":"https:\/\/medschemicalsuppliers.com\/es\/wp-json\/wp\/v2\/media\/1852"}],"wp:attachment":[{"href":"https:\/\/medschemicalsuppliers.com\/es\/wp-json\/wp\/v2\/media?parent=1469"}],"wp:term":[{"taxonomy":"product_brand","embeddable":true,"href":"https:\/\/medschemicalsuppliers.com\/es\/wp-json\/wp\/v2\/product_brand?post=1469"},{"taxonomy":"product_cat","embeddable":true,"href":"https:\/\/medschemicalsuppliers.com\/es\/wp-json\/wp\/v2\/product_cat?post=1469"},{"taxonomy":"product_tag","embeddable":true,"href":"https:\/\/medschemicalsuppliers.com\/es\/wp-json\/wp\/v2\/product_tag?post=1469"}],"curies":[{"name":"wp","href":"https:\/\/api.w.org\/{rel}","templated":true}]}}