{"id":1488,"date":"2023-06-27T19:19:31","date_gmt":"2023-06-27T18:19:31","guid":{"rendered":"https:\/\/medschemicalsuppliers.com\/?post_type=product&#038;p=1488"},"modified":"2026-03-11T22:22:15","modified_gmt":"2026-03-11T21:22:15","slug":"kolumbianisches-kokain","status":"publish","type":"product","link":"https:\/\/medschemicalsuppliers.com\/es\/product\/kolumbianisches-kokain\/","title":{"rendered":"Coca\u00edna colombiana"},"content":{"rendered":"<div id=\"ez-toc-container\" class=\"ez-toc-v2_0_82_2 counter-hierarchy ez-toc-counter ez-toc-grey ez-toc-container-direction\">\n<div class=\"ez-toc-title-container\">\n<p class=\"ez-toc-title\" style=\"cursor:inherit\">Inhalts\u00fcbersicht<\/p>\n<span class=\"ez-toc-title-toggle\"><a href=\"#\" class=\"ez-toc-pull-right ez-toc-btn ez-toc-btn-xs ez-toc-btn-default ez-toc-toggle\" aria-label=\"Alternar tabla de contenidos\"><span class=\"ez-toc-js-icon-con\"><span class=\"\"><span class=\"eztoc-hide\" style=\"display:none;\">Toggle<\/span><span class=\"ez-toc-icon-toggle-span\"><svg style=\"fill: #999;color:#999\" xmlns=\"http:\/\/www.w3.org\/2000\/svg\" class=\"list-377408\" width=\"20px\" height=\"20px\" viewbox=\"0 0 24 24\" fill=\"none\"><path d=\"M6 6H4v2h2V6zm14 0H8v2h12V6zM4 11h2v2H4v-2zm16 0H8v2h12v-2zM4 16h2v2H4v-2zm16 0H8v2h12v-2z\" fill=\"currentColor\"><\/path><\/svg><svg style=\"fill: #999;color:#999\" class=\"arrow-unsorted-368013\" xmlns=\"http:\/\/www.w3.org\/2000\/svg\" width=\"10px\" height=\"10px\" viewbox=\"0 0 24 24\" version=\"1.2\" baseprofile=\"tiny\"><path d=\"M18.2 9.3l-6.2-6.3-6.2 6.3c-.2.2-.3.4-.3.7s.1.5.3.7c.2.2.4.3.7.3h11c.3 0 .5-.1.7-.3.2-.2.3-.5.3-.7s-.1-.5-.3-.7zM5.8 14.7l6.2 6.3 6.2-6.3c.2-.2.3-.5.3-.7s-.1-.5-.3-.7c-.2-.2-.4-.3-.7-.3h-11c-.3 0-.5.1-.7.3-.2.2-.3.5-.3.7s.1.5.3.7z\"\/><\/svg><\/span><\/span><\/span><\/a><\/span><\/div>\n<nav><ul class='ez-toc-list ez-toc-list-level-1' ><li class='ez-toc-page-1 ez-toc-heading-level-2'><a class=\"ez-toc-link ez-toc-heading-1\" href=\"https:\/\/medschemicalsuppliers.com\/es\/product\/kolumbianisches-kokain\/#Kolumbianisches_kokain\" >Coca\u00edna colombiana<\/a><ul class='ez-toc-list-level-4' ><li class='ez-toc-heading-level-4'><ul class='ez-toc-list-level-4' ><li class='ez-toc-heading-level-4'><a class=\"ez-toc-link ez-toc-heading-2\" href=\"https:\/\/medschemicalsuppliers.com\/es\/product\/kolumbianisches-kokain\/#KOKAIN_ONLINE_KAUFEN\" >KOKAIN ONLINE KAUFEN:<\/a><\/li><li class='ez-toc-page-1 ez-toc-heading-level-4'><a class=\"ez-toc-link ez-toc-heading-3\" href=\"https:\/\/medschemicalsuppliers.com\/es\/product\/kolumbianisches-kokain\/#KOKAIN_ZU_VERKAUFEN_IN_MEINER_NAHE\" >KOKAIN ZU VERKAUFEN IN MEINER N\u00c4HE :<\/a><ul class='ez-toc-list-level-5' ><li class='ez-toc-heading-level-5'><a class=\"ez-toc-link ez-toc-heading-4\" href=\"https:\/\/medschemicalsuppliers.com\/es\/product\/kolumbianisches-kokain\/#CRACK_ZU_VERKAUFEN\" >CRACK ZU VERKAUFEN:<\/a><\/li><li class='ez-toc-page-1 ez-toc-heading-level-5'><a class=\"ez-toc-link ez-toc-heading-5\" href=\"https:\/\/medschemicalsuppliers.com\/es\/product\/kolumbianisches-kokain\/#MEHR\" >MEHR:<\/a><\/li><\/ul><\/li><\/ul><\/li><\/ul><\/li><\/ul><\/nav><\/div>\n<h2><span class=\"ez-toc-section\" id=\"Kolumbianisches_kokain\"><\/span>Coca\u00edna colombiana<span class=\"ez-toc-section-end\"><\/span><\/h2>\n<p>In der Tat haben wir qualitativ hochwertiges Kokain zu verkaufen Europa. Einige internationale L\u00e4nder wie Peru und Bolivien erlauben den Anbau von Kokabl\u00e4ttern f\u00fcr den traditionellen Konsum durch Mitglieder indigener Gemeinschaften, verbieten jedoch die Herstellung, den Verkauf und den Konsum von kolumbianischem Kokain. Dar\u00fcber hinaus ist in Teilen Europas und Australiens der Konsum von verarbeitetem kolumbianischem Kokain nur zu medizinischen Zwecken erlaubt.<\/p>\n<p>Obwohl die unerw\u00fcnschten Nebenwirkungen bei niedrigen bis mittleren Dosen in der Regel gering sind, treten sie bei h\u00f6heren Dosen oder l\u00e4ngerem Konsum immer h\u00e4ufiger von selbst auf. Aufgrund der mangelnden Erfahrungen in der Praxis ist dies noch weitgehend korrekt. Die bekanntesten dieser kognitiven Wirkungen sind Schwindel\/Fieber und andere. Kolumbianisches Kokain ist ein Stimulans, das zur Behandlung von Angstzust\u00e4nden eingesetzt wird. Kolumbianisches kokain.<\/p>\n<p>Diese Wirkungen k\u00f6nnen zwischen 15 Minuten und einer Stunde dauern. Koka-Kr\u00e4uterinfusion (kolumbianisches Kokain) wird in der internationalen Produktion von Kokabl\u00e4ttern auf die gleiche Weise verwendet wie jede andere Kr\u00e4uterinfusion in anderen Teilen der Welt. In den letzten Jahren haben die Regierungen von Peru und Bolivien aktiv die freie und genehmigte Vermarktung von getrockneten Kokabl\u00e4ttern in Form von Filterbeuteln zur Verwendung als &#8222;Koka-Tee&#8220; als Getr\u00e4nk mit medizinischen Eigenschaften gef\u00f6rdert. Kolumbianisches kokain.<\/p>\n<p>Die Dauer der Wirkung von kolumbianischem Kokain h\u00e4ngt von der konsumierten Menge und der Art der Verabreichung ab. Kolumbianisches Kokain ist ein hochwertiges wei\u00dfes Pulver mit einem bitteren Geschmack. Kolumbianisches Kokain ist ein Stimulans f\u00fcr das Nervensystem, das schnell wirkt. Es wird aus den Bl\u00e4ttern des Kokastrauchs extrahiert und gilt als das st\u00e4rkste aller nat\u00fcrlich vorkommenden Stimulanzien. Durch weitere Verarbeitung werden die Kokabl\u00e4tter zu kolumbianischem Kokain und kolumbianischem Crack, das zweifellos auf der Stra\u00dfe verkauft wird. Kolumbianisches kokain.<\/p>\n<h4><span class=\"ez-toc-section\" id=\"KOKAIN_ONLINE_KAUFEN\"><\/span>KOKAIN ONLINE KAUFEN:<span class=\"ez-toc-section-end\"><\/span><\/h4>\n<p>In einigen F\u00e4llen wird das aufgel\u00f6ste kolumbianische Kokain in einen Wattebausch getr\u00e4nkt, der 10 bis 15 Minuten vor der Auktion in das Nasenloch eingef\u00fchrt wird, wodurch der zu kauterisierende Bereich bet\u00e4ubt und verengt wird. Selbst wenn es auf diese Weise verwendet wird, kann ein Teil des kolumbianischen Kokains \u00fcber die Mund- oder Nasenschleimhaut aufgenommen werden und systemische Wirkungen verursachen. Kokain zum Verkauf in Europa<\/p>\n<p>Die kolumbianische Kokainsucht entwickelt sich schnell nach kurzen Perioden regelm\u00e4\u00dfigen Kokainkonsums und f\u00fchrt zu einem Entzugszustand mit Defiziten bei der emotionalen Motivation, wenn der Kokainkonsum eingestellt wird. Die Einnahme ist trotz der Verwendung von Stimulanzien gef\u00e4hrlich, da die sedierende Wirkung von Alkohol minimiert wird. Sie sind die Ma\u00dfeinheiten f\u00fcr die &#8222;Trunkenheit&#8220; im menschlichen K\u00f6rper. Kokain zum Verkauf<\/p>\n<p>Dies f\u00fchrt in der Regel zu \u00fcberm\u00e4\u00dfigem Alkoholkonsum, da die Hemmschwelle deutlich sinkt, und birgt ein hohes Risiko f\u00fcr Lebersch\u00e4den und eine erh\u00f6hte Dehydrierung. Auf der Grundlage der Leber- und Nierenfunktion k\u00f6nnen kolumbianische Kokainmetaboliten im Urin nachgewiesen werden. Benzoylecgonin kann im Urin von kolumbianischem Kokain innerhalb von 4 Stunden nach der Einnahme nachgewiesen werden und kann in Konzentrationen von \u00fcber 150 ng\/ml bis zu acht Mal unmittelbar nach dem Kokainkonsum nachgewiesen werden. Kolumbianisches kokain.<\/p>\n<p>Das kolumbianische Kokainhydrochlorid, ein regionaler An\u00e4sthesieester, wurde im Dezember 2017 f\u00fcr die medizinische Verwendung in den Vereinigten Staaten zugelassen und ist auch f\u00fcr die Einf\u00fchrung von An\u00e4sthesie in der N\u00e4he der Schleimhaut f\u00fcr diagnostische Methoden und Operationen an oder durch die Naseng\u00e4nge \u00e4lterer Menschen indiziert. Man wei\u00df wirklich nicht, was in dem Kokain steckt, das man unterwegs kauft, denn kolumbianisches Kokain wird in der Regel mit einer Vielzahl von verschiedenen Komponenten geschnitten. Kokain zum Verkauf in Europa<\/p>\n<h4><span class=\"ez-toc-section\" id=\"KOKAIN_ZU_VERKAUFEN_IN_MEINER_NAHE\"><\/span>KOKAIN ZU VERKAUFEN IN MEINER N\u00c4HE :<span class=\"ez-toc-section-end\"><\/span><\/h4>\n<p>Kein Verlangen nach weiterem Kokainkonsum tritt nach der ersten Einnahme oder erst nach der weiteren Einnahme des Medikaments auf. Da sich kolumbianisches Kokain beim Erhitzen eindeutig zersetzt, werden in der Regel die Freebase- und Hydrogencarbonat-Salze des kolumbianischen Kokains verwendet, die im Gegensatz zum Hydrochlorid-Salz viel weniger stark abbauen. Sie werden allgemein als kolumbianische Kokainbase bezeichnet und brechen einzeln. Kokain zum Verkauf in Deutschland<br \/>\nBeachten Sie jeden einzelnen Staat, den Sie besuchen, und, was vielleicht noch wichtiger ist, beachten Sie die dortigen Gesetze. W\u00e4hlen Sie f\u00fcr Ihre Falle eine kontrastierende Farbe zum Farbton dieser Art von Wasser. Wenn das normale Wasser dunkel ist, sollten Sie sich bem\u00fchen, helle, schattierte Versuchungen zu verwenden, um sie f\u00fcr die Fische sichtbar zu machen. Wenn das Wasser jedoch offensichtlich ist, verwenden Sie einen eher undurchsichtigen, versteckten K\u00f6der.<\/p>\n<p>Wegen seiner Auswirkungen auf die menschliche Bev\u00f6lkerung, den lokalen Boden und die Trinkwassersysteme wurde das Spritzen aus der Luft h\u00e4ufig von B\u00fcrgerrechtlern und Umweltaktivisten verurteilt. Im Dezember 2000 stellte der niederl\u00e4ndische Kolumnist Marjon van Royen fest, dass &#8222;die Substanz aus Flugzeugen auf besetzte Gebiete in Kolumbien Kokain abwirft, was zu st\u00e4ndigen Wohlstandsproblemen f\u00fchrt&#8220;. Kokain zum Verkauf in Europa<\/p>\n<p>Verzehrende Augen, Unruhe und Atemprobleme werden immer noch in einigen Gebieten gemeldet.&#8220; In einigen Gebieten erkrankte ein Gro\u00dfteil der Jugendlichen in der lokalen Bev\u00f6lkerung an Hautausschl\u00e4gen, Fieber, Flie\u00dfschnupfen und bakteriellen Augenkontaminationen. Viele Menschen verfestigen diese Bedingungen, wenn sie nach Dienstleistungen in der N\u00e4he suchen, was dazu f\u00fchrt, dass sie sich mehr Besucher einfangen, als es in der Regel vermutlich der Fall w\u00e4re. Kokain zu verkaufen Deutschland<\/p>\n<h5><span class=\"ez-toc-section\" id=\"CRACK_ZU_VERKAUFEN\"><\/span>CRACK ZU VERKAUFEN:<span class=\"ez-toc-section-end\"><\/span><\/h5>\n<p>Wenn Glyphosat in die Luft gespr\u00fcht wird, besteht ein deutlich erh\u00f6htes Risiko menschlichen Versagens bei der Bespr\u00fchung mutma\u00dflich illegaler Koka-Anlagen. Koka wird in der Regel von schlechten Viehz\u00fcchtern angebaut; die Pflanze spielte jedoch eine wichtige Rolle im Konflikt, da die Farc die Ernten belastete und das Verm\u00f6gen in ihr Konfliktgebiet leitete.<\/p>\n<p>Kolumbien hat in einer au\u00dfergew\u00f6hnlichen Weise als fast jedes andere Land auf dem Planeten gehandelt, der die Wiener Konferenz 1988 in Richtung zu den unerlaubten gezielten Besuchern in den narkotischen Medikationen und in den psychotropen Substanzen kennzeichnete, die synthetische und Medikationvorl\u00e4ufer einschlie\u00dft, die herauf unhibitedly den Rest der Welt ausgetauscht wurden, w\u00e4hrend in der Rundliste der weit kontrollierten Substanzen. Kokain zum Verkauf in Deutschland<\/p>\n<p>Der Kokainhandel in Kolumbien hat viele Facetten. Angefangen bei den Viehz\u00fcchtern, die Koka weiter anbauen und ihren Familien helfen k\u00f6nnen, bis hin zu den fetten Fischen und ihren Kartellen, die tonnenweise Geld einbringen, entdecken Sie besudelte Gesetzgeber, die ihre nicht-\u00f6ffentlichen und informellen Milit\u00e4rs (paramilit\u00e4rische Gruppierungen) gewinnen. Kokain zu verkaufen Europa<\/p>\n<h5><span class=\"ez-toc-section\" id=\"MEHR\"><\/span>MEHR:<span class=\"ez-toc-section-end\"><\/span><\/h5>\n<p>Bei fortgesetztem Drogenkonsum kann sich der Belohnungskreislauf m\u00f6glicherweise anpassen, so dass er deutlich weniger empfindlich auf das Medikament reagiert. Infolgedessen entscheiden sich die Menschen f\u00fcr eine festere und best\u00e4ndigere Dosierung, um die gleiche Bedeutung zu sp\u00fcren und sich Erleichterung beim Entzug zu verschaffen. Kolumbien ist der weltweit f\u00fchrende Produzent von kolumbianischem Kokain. Kokain zum Verkauf in Europa<\/p>\n<p>Kolumbien produziert etwa drei Viertel der j\u00e4hrlichen Kokainmenge der Welt, sowohl aus Kokainbetrieben, die aus Peru (haupts\u00e4chlich aus dem Huallaga-Tal) und Bolivien importiert werden, als auch aus lokal angebautem Koka. Im Jahr 1998 stieg die Menge der zweifelsfrei erntef\u00e4higen Kokapflanzen in Kolumbien um 28 %. F\u00fcr weitere Informationen, <a href=\"https:\/\/medschemicalsuppliers.com\/es\/kontakt\/\">kontaktieren Sie uns<\/a> bitte.<\/p>\n<p>&nbsp;<\/p>","protected":false},"excerpt":{"rendered":"<p>Kolumbianisches kokain In der Tat haben wir qualitativ hochwertiges Kokain zu verkaufen Europa. Einige internationale L\u00e4nder wie Peru und Bolivien<\/p>","protected":false},"featured_media":1949,"comment_status":"open","ping_status":"closed","template":"","meta":{"jetpack_publicize_message":"","jetpack_publicize_feature_enabled":true,"jetpack_social_post_already_shared":false,"jetpack_social_options":{"image_generator_settings":{"template":"highway","default_image_id":0,"font":"","enabled":false},"version":2}},"product_brand":[],"product_cat":[295],"product_tag":[],"class_list":{"0":"post-1488","1":"product","2":"type-product","3":"status-publish","4":"has-post-thumbnail","6":"product_cat-stimulanzien-kaufen","8":"first","9":"instock","10":"taxable","11":"shipping-taxable","12":"purchasable","13":"product-type-variable"},"jetpack_publicize_connections":[],"jetpack_sharing_enabled":true,"_links":{"self":[{"href":"https:\/\/medschemicalsuppliers.com\/es\/wp-json\/wp\/v2\/product\/1488","targetHints":{"allow":["GET"]}}],"collection":[{"href":"https:\/\/medschemicalsuppliers.com\/es\/wp-json\/wp\/v2\/product"}],"about":[{"href":"https:\/\/medschemicalsuppliers.com\/es\/wp-json\/wp\/v2\/types\/product"}],"replies":[{"embeddable":true,"href":"https:\/\/medschemicalsuppliers.com\/es\/wp-json\/wp\/v2\/comments?post=1488"}],"version-history":[{"count":0,"href":"https:\/\/medschemicalsuppliers.com\/es\/wp-json\/wp\/v2\/product\/1488\/revisions"}],"wp:featuredmedia":[{"embeddable":true,"href":"https:\/\/medschemicalsuppliers.com\/es\/wp-json\/wp\/v2\/media\/1949"}],"wp:attachment":[{"href":"https:\/\/medschemicalsuppliers.com\/es\/wp-json\/wp\/v2\/media?parent=1488"}],"wp:term":[{"taxonomy":"product_brand","embeddable":true,"href":"https:\/\/medschemicalsuppliers.com\/es\/wp-json\/wp\/v2\/product_brand?post=1488"},{"taxonomy":"product_cat","embeddable":true,"href":"https:\/\/medschemicalsuppliers.com\/es\/wp-json\/wp\/v2\/product_cat?post=1488"},{"taxonomy":"product_tag","embeddable":true,"href":"https:\/\/medschemicalsuppliers.com\/es\/wp-json\/wp\/v2\/product_tag?post=1488"}],"curies":[{"name":"wp","href":"https:\/\/api.w.org\/{rel}","templated":true}]}}