{"id":1602,"date":"2023-06-27T19:20:01","date_gmt":"2023-06-27T18:20:01","guid":{"rendered":"https:\/\/medschemicalsuppliers.com\/?post_type=product&#038;p=1602"},"modified":"2026-04-22T22:16:39","modified_gmt":"2026-04-22T20:16:39","slug":"2-fma-kaufen","status":"publish","type":"product","link":"https:\/\/medschemicalsuppliers.com\/es\/product\/comprar-2-fma\/","title":{"rendered":"2-FMA Comprar"},"content":{"rendered":"<div id=\"ez-toc-container\" class=\"ez-toc-v2_0_82_2 counter-hierarchy ez-toc-counter ez-toc-grey ez-toc-container-direction\">\n<div class=\"ez-toc-title-container\">\n<p class=\"ez-toc-title\" style=\"cursor:inherit\">Inhalts\u00fcbersicht<\/p>\n<span class=\"ez-toc-title-toggle\"><a href=\"#\" class=\"ez-toc-pull-right ez-toc-btn ez-toc-btn-xs ez-toc-btn-default ez-toc-toggle\" aria-label=\"Alternar tabla de contenidos\"><span class=\"ez-toc-js-icon-con\"><span class=\"\"><span class=\"eztoc-hide\" style=\"display:none;\">Toggle<\/span><span class=\"ez-toc-icon-toggle-span\"><svg style=\"fill: #999;color:#999\" xmlns=\"http:\/\/www.w3.org\/2000\/svg\" class=\"list-377408\" width=\"20px\" height=\"20px\" viewbox=\"0 0 24 24\" fill=\"none\"><path d=\"M6 6H4v2h2V6zm14 0H8v2h12V6zM4 11h2v2H4v-2zm16 0H8v2h12v-2zM4 16h2v2H4v-2zm16 0H8v2h12v-2z\" fill=\"currentColor\"><\/path><\/svg><svg style=\"fill: #999;color:#999\" class=\"arrow-unsorted-368013\" xmlns=\"http:\/\/www.w3.org\/2000\/svg\" width=\"10px\" height=\"10px\" viewbox=\"0 0 24 24\" version=\"1.2\" baseprofile=\"tiny\"><path d=\"M18.2 9.3l-6.2-6.3-6.2 6.3c-.2.2-.3.4-.3.7s.1.5.3.7c.2.2.4.3.7.3h11c.3 0 .5-.1.7-.3.2-.2.3-.5.3-.7s-.1-.5-.3-.7zM5.8 14.7l6.2 6.3 6.2-6.3c.2-.2.3-.5.3-.7s-.1-.5-.3-.7c-.2-.2-.4-.3-.7-.3h-11c-.3 0-.5.1-.7.3-.2.2-.3.5-.3.7s.1.5.3.7z\"\/><\/svg><\/span><\/span><\/span><\/a><\/span><\/div>\n<nav><ul class='ez-toc-list ez-toc-list-level-1' ><li class='ez-toc-page-1 ez-toc-heading-level-2'><a class=\"ez-toc-link ez-toc-heading-1\" href=\"https:\/\/medschemicalsuppliers.com\/es\/product\/comprar-2-fma\/#2-FMA_KAUFEN\" >2-FMA COMPRAR<\/a><ul class='ez-toc-list-level-3' ><li class='ez-toc-heading-level-3'><a class=\"ez-toc-link ez-toc-heading-2\" href=\"https:\/\/medschemicalsuppliers.com\/es\/product\/comprar-2-fma\/#2-FMA_ONLINE_KAUFEN\" >COMPRAR 2-FMA ONLINE<\/a><ul class='ez-toc-list-level-4' ><li class='ez-toc-heading-level-4'><a class=\"ez-toc-link ez-toc-heading-3\" href=\"https:\/\/medschemicalsuppliers.com\/es\/product\/comprar-2-fma\/#2-FMA_ZUM_VERKAUF_ONLINE\" >2-FMA EN VENTA EN L\u00cdNEA<\/a><\/li><li class='ez-toc-page-1 ez-toc-heading-level-4'><a class=\"ez-toc-link ez-toc-heading-4\" href=\"https:\/\/medschemicalsuppliers.com\/es\/product\/comprar-2-fma\/#2-FMA_FOR_SALE_EUROPA\" >2-FMA EN VENTA EUROPA<\/a><ul class='ez-toc-list-level-5' ><li class='ez-toc-heading-level-5'><a class=\"ez-toc-link ez-toc-heading-5\" href=\"https:\/\/medschemicalsuppliers.com\/es\/product\/comprar-2-fma\/#ZUSATZLICH\" >ADICIONAL<\/a><\/li><\/ul><\/li><\/ul><\/li><\/ul><\/li><\/ul><\/nav><\/div>\n<h2><span class=\"ez-toc-section\" id=\"2-FMA_KAUFEN\"><\/span>2-FMA COMPRAR<span class=\"ez-toc-section-end\"><\/span><\/h2>\n<p>En la mayor\u00eda de los casos <a href=\"https:\/\/en.wikipedia.org\/wiki\/2-Fluoromethamphetamine\" target=\"_blank\" rel=\"noopener\">2-FMA<\/a> a la venta en todo el mundo a precios muy moderados. Las mejoras visuales de 2-FMA son mucho de la constante atemporal y s\u00f3lo un poco obvio en las mediciones m\u00e1s grandes. En realidad son muy parecidos a los delirantes y aparecen con mayor prontitud en lugares m\u00e1s brumosos. Mantener en un lugar seco y fuera de control para el marco de tiempo ideal de usabilidad realista.<\/p>\n<p>Si trabaja con sustancias sint\u00e9ticas, debe tomar las precauciones adecuadas en el centro de investigaci\u00f3n, como limpiar las superficies y utilizar guantes, un cobertor y ropa protectora. Los individuos que usan prescripciones que tienen 2-FMA bien podr\u00edan informar un estado mental elevado en la secuela de tener estos medicamentos. Esto se debe a que las sustancias aumentan en sus mentes y, en consecuencia, controlar eficazmente su disposici\u00f3n. 2-FMA a la venta<\/p>\n<p>Drogas energizantes son reconocidos para ayudar a las personas con la p\u00e9rdida de grasa por sofocar sus antojos de alimentos. Este resultado en el cliente consumir menos alimentos b\u00e1sicos en general. Por otra parte, producimos rutinariamente otras estructuras compuestas alcanzables, por lo que su en la libertad de llegar a nosotros para comprobar si tenemos su tipo de material apoyado en stock. Es b\u00e1sico ser no menos de 18 numerosos a\u00f1os de edad para obtener 2-FMA de nosotros. 2-FMA a la venta<\/p>\n<p>Por otra parte, producimos constantemente otras estructuras compuestas accesibles, as\u00ed que no dude en ponerse en contacto con nosotros para comprobar si tenemos su tipo de material compatible en stock. Es b\u00e1sico estar en alg\u00fan lugar alrededor de 18 numerosos a\u00f1os de edad para obtener 2-FMA de nosotros. Los medicamentos energizantes son utilizados regularmente por los escolares para mejorar su concentraci\u00f3n durante sus ex\u00e1menes l\u00f3gicos. Comprar 2-FMA.<\/p>\n<h3><span class=\"ez-toc-section\" id=\"2-FMA_ONLINE_KAUFEN\"><\/span>COMPRAR 2-FMA ONLINE<span class=\"ez-toc-section-end\"><\/span><\/h3>\n<p>Se encontr\u00f3 que alrededor del sesenta y siete por ciento de los j\u00f3venes que aplicaron energizantes lo hicieron mientras estaban en la escuela. Poco a poco, tengo 2-FMA o posiblemente 2-FA sobre una premisa de semana tras semana creo que a principios de a\u00f1o para ayudarme en mi comunidad cient\u00edfica y han descubierto signos o manifestaciones - de los individuos que no se presentan definitivamente, por ejemplo, el mantenimiento de la orina con dos-FMA. 2-FMA a la venta<\/p>\n<p>Dicho esto, producimos regularmente otros surtidos compuestos instant\u00e1neamente accesibles, as\u00ed que al\u00e9grate de arrebatarnos en la remota posibilidad de que ahora tenemos su tipo de material m\u00e1s querido en stock. Usted debe estar en alg\u00fan lugar alrededor de dieciocho bastante tiempo pasado para obtener 2-FMA de nosotros. Dosis de 2-FMA dentro de los 100mg + muestran causa menor y parpadeo nistagmo (ojo menea). 2-FMA Comprar.<\/p>\n<p>Los informes anecd\u00f3ticos de cada uno de los individuos que han evaluado 2-FMA aconsejan que no aparece ser acreditado con ningunos resultados ominosos de la salud a apenas intentar este compuesto en excepcionalmente bajo a las porciones medias solas o usarlo escasamente (con todo nada podr\u00eda ser garantizado totalmente). 2-FMA a la venta<\/p>\n<h4><span class=\"ez-toc-section\" id=\"2-FMA_ZUM_VERKAUF_ONLINE\"><\/span>2-FMA EN VENTA EN L\u00cdNEA<span class=\"ez-toc-section-end\"><\/span><\/h4>\n<p>Todo considerado, cualquier energizante podr\u00eda dar problemas cardiovasculares si mal manejado o atiborrado la simple realidad es que la gente ciertamente no son extremadamente cuidadosos con sus programas de SNC en su punto de alcanzar la eficiencia o arrebato. Energiser medicamentos recetados por el m\u00e9dico se perciben para ayudar a las personas con el peso corporal derramamiento de hoy por sofocar sus anhelos. 2-FMA Comprar.<\/p>\n<p>Este impacto desencadena el comprador a comer en gran medida menos alimentos. 2-FMA se ordena como un material controlado de la Lista I, a pesar de que la medicina se requiere por un m\u00e9dico autorizado para tener y llevar 2-FMA en Canad\u00e1. La posesi\u00f3n sin autorizaci\u00f3n puede resultar en mayor y posible tiempo en la c\u00e1rcel. Aunque 2-FMA se considera regularmente una droga original, no tiene ning\u00fan resultado psicoactivo y puede levantar solamente la acci\u00f3n del cerebrum con el individuo, y se restringe hacia razones deportivas. Venta de 2-FMA<\/p>\n<p>Nuestros gr\u00e1nulos 2-FMA est\u00e1n estrictamente aprobados para su uso en instalaciones de investigaci\u00f3n y no para uso humano. Cualquier punto de la dosis \/ cuidado de los individuos o criaturas o casi cualquier uso asociado es inaceptable. Es realmente importante que estos resultados no se producen en una t\u00e9cnica realmente sorprendente o fiable, mientras que las dosis m\u00e1s altas son m\u00e1s en riesgo de actuar bastantes efectos. 2-FMA Comprar.<\/p>\n<h4><span class=\"ez-toc-section\" id=\"2-FMA_FOR_SALE_EUROPA\"><\/span>2-FMA EN VENTA EUROPA<span class=\"ez-toc-section-end\"><\/span><\/h4>\n<p>Adem\u00e1s, los resultados desfavorables llegan a ser innegablemente m\u00e1s plausible con dosis m\u00e1s altas y pueden incorporar la dependencia y la lesi\u00f3n individual b\u00e1sica. Aunque el compuesto 2-FMA no ha sido oficialmente examinado por una suma comparable a las anfetaminas convencionales, ex\u00e1menes l\u00f3gicos demuestran que funciona como un especialista en el suministro de dopamina y norepinefrina. 2-fma en venta<\/p>\n<p>Esto implica que apoya con \u00e9xito los grados de norepinefrina y dopamina por restringir y obstruir un poco las prote\u00ednas portadoras que normalmente se re\u00fanen en la hendidura sin\u00e1ptica. No hay proporci\u00f3n sugerida como 2-fluorometanfetamina simplemente no est\u00e1 destinado a la ingesti\u00f3n humana, pero se anuncia como leg\u00edtimamente enorme para fines de investigaci\u00f3n una vez para un synthetic.Buy 2-FMA.<\/p>\n<p>La droga es generalmente m\u00e1s satisfactorio y reconocible que Modafinil, pero ambos son significativamente m\u00e1s fuerte que los deportes. Recetas energizantes son conocidos por ayudar a las personas con la grasa de derramamiento de hoy por sofocar sus antojos. Este impacto har\u00e1 que el individuo quema mucho menos grapas. 2-FMA Comprar.<\/p>\n<h5><span class=\"ez-toc-section\" id=\"ZUSATZLICH\"><\/span>ADICIONAL<span class=\"ez-toc-section-end\"><\/span><\/h5>\n<p>En realidad, no me sorprender\u00eda demasiado que esta historia sobre intensos efectos cardiovasculares (no cardiot\u00f3xicos, consideraciones aparte) fuera aut\u00e9ntica, sobre todo porque la 2-FMA no contiene expl\u00edcitamente la felicidad asociada a la mayor\u00eda de las dem\u00e1s anfetaminas subrogadas, por lo que una persona que busque el \u00e9xtasis. 2-FMA a la venta<\/p>\n<p>Las personas que consumen tranquilizantes que contienen 2-FMA pueden experimentar un estado de \u00e1nimo elevado poco despu\u00e9s de tomar estos f\u00e1rmacos. Ello se debe a que las sustancias aumentan en su cerebro y, en este sentido, controlan eficazmente su disposici\u00f3n. Para m\u00e1s informaci\u00f3n <a href=\"https:\/\/medschemicalsuppliers.com\/es\/kontakt\/\">Contacte con nosotros<\/a> en.<\/p>","protected":false},"excerpt":{"rendered":"<p>2-FMA KAUFEN In den meisten F\u00e4llen haben wir 2-FMA zum Verkauf auf der ganzen Welt zu sehr moderaten Preisen. Die<\/p>","protected":false},"featured_media":1804,"comment_status":"open","ping_status":"closed","template":"","meta":{"jetpack_publicize_message":"","jetpack_publicize_feature_enabled":true,"jetpack_social_post_already_shared":false,"jetpack_social_options":{"image_generator_settings":{"template":"highway","default_image_id":0,"font":"","enabled":false},"version":2}},"product_brand":[],"product_cat":[163,295],"product_tag":[],"class_list":{"0":"post-1602","1":"product","2":"type-product","3":"status-publish","4":"has-post-thumbnail","6":"product_cat-forschungschemikalien","7":"product_cat-stimulanzien-kaufen","9":"first","10":"instock","11":"taxable","12":"shipping-taxable","13":"purchasable","14":"product-type-variable"},"jetpack_publicize_connections":[],"jetpack_sharing_enabled":true,"_links":{"self":[{"href":"https:\/\/medschemicalsuppliers.com\/es\/wp-json\/wp\/v2\/product\/1602","targetHints":{"allow":["GET"]}}],"collection":[{"href":"https:\/\/medschemicalsuppliers.com\/es\/wp-json\/wp\/v2\/product"}],"about":[{"href":"https:\/\/medschemicalsuppliers.com\/es\/wp-json\/wp\/v2\/types\/product"}],"replies":[{"embeddable":true,"href":"https:\/\/medschemicalsuppliers.com\/es\/wp-json\/wp\/v2\/comments?post=1602"}],"version-history":[{"count":0,"href":"https:\/\/medschemicalsuppliers.com\/es\/wp-json\/wp\/v2\/product\/1602\/revisions"}],"wp:featuredmedia":[{"embeddable":true,"href":"https:\/\/medschemicalsuppliers.com\/es\/wp-json\/wp\/v2\/media\/1804"}],"wp:attachment":[{"href":"https:\/\/medschemicalsuppliers.com\/es\/wp-json\/wp\/v2\/media?parent=1602"}],"wp:term":[{"taxonomy":"product_brand","embeddable":true,"href":"https:\/\/medschemicalsuppliers.com\/es\/wp-json\/wp\/v2\/product_brand?post=1602"},{"taxonomy":"product_cat","embeddable":true,"href":"https:\/\/medschemicalsuppliers.com\/es\/wp-json\/wp\/v2\/product_cat?post=1602"},{"taxonomy":"product_tag","embeddable":true,"href":"https:\/\/medschemicalsuppliers.com\/es\/wp-json\/wp\/v2\/product_tag?post=1602"}],"curies":[{"name":"wp","href":"https:\/\/api.w.org\/{rel}","templated":true}]}}