{"id":1639,"date":"2023-06-27T19:20:12","date_gmt":"2023-06-27T18:20:12","guid":{"rendered":"https:\/\/medschemicalsuppliers.com\/?post_type=product&#038;p=1639"},"modified":"2024-09-28T05:01:37","modified_gmt":"2024-09-28T03:01:37","slug":"anesket-online-kaufen","status":"publish","type":"product","link":"https:\/\/medschemicalsuppliers.com\/es\/product\/anesket-online-kaufen\/","title":{"rendered":"Anesket Ketamina"},"content":{"rendered":"<div id=\"ez-toc-container\" class=\"ez-toc-v2_0_82_2 counter-hierarchy ez-toc-counter ez-toc-grey ez-toc-container-direction\">\n<div class=\"ez-toc-title-container\">\n<p class=\"ez-toc-title\" style=\"cursor:inherit\">Inhalts\u00fcbersicht<\/p>\n<span class=\"ez-toc-title-toggle\"><a href=\"#\" class=\"ez-toc-pull-right ez-toc-btn ez-toc-btn-xs ez-toc-btn-default ez-toc-toggle\" aria-label=\"Alternar tabla de contenidos\"><span class=\"ez-toc-js-icon-con\"><span class=\"\"><span class=\"eztoc-hide\" style=\"display:none;\">Toggle<\/span><span class=\"ez-toc-icon-toggle-span\"><svg style=\"fill: #999;color:#999\" xmlns=\"http:\/\/www.w3.org\/2000\/svg\" class=\"list-377408\" width=\"20px\" height=\"20px\" viewbox=\"0 0 24 24\" fill=\"none\"><path d=\"M6 6H4v2h2V6zm14 0H8v2h12V6zM4 11h2v2H4v-2zm16 0H8v2h12v-2zM4 16h2v2H4v-2zm16 0H8v2h12v-2z\" fill=\"currentColor\"><\/path><\/svg><svg style=\"fill: #999;color:#999\" class=\"arrow-unsorted-368013\" xmlns=\"http:\/\/www.w3.org\/2000\/svg\" width=\"10px\" height=\"10px\" viewbox=\"0 0 24 24\" version=\"1.2\" baseprofile=\"tiny\"><path d=\"M18.2 9.3l-6.2-6.3-6.2 6.3c-.2.2-.3.4-.3.7s.1.5.3.7c.2.2.4.3.7.3h11c.3 0 .5-.1.7-.3.2-.2.3-.5.3-.7s-.1-.5-.3-.7zM5.8 14.7l6.2 6.3 6.2-6.3c.2-.2.3-.5.3-.7s-.1-.5-.3-.7c-.2-.2-.4-.3-.7-.3h-11c-.3 0-.5.1-.7.3-.2.2-.3.5-.3.7s.1.5.3.7z\"\/><\/svg><\/span><\/span><\/span><\/a><\/span><\/div>\n<nav><ul class='ez-toc-list ez-toc-list-level-1' ><li class='ez-toc-page-1 ez-toc-heading-level-2'><a class=\"ez-toc-link ez-toc-heading-1\" href=\"https:\/\/medschemicalsuppliers.com\/es\/product\/anesket-online-kaufen\/#Anesket_Ketamina_Kaufen\" >Comprar Anesket Ketamina<\/a><ul class='ez-toc-list-level-4' ><li class='ez-toc-heading-level-4'><ul class='ez-toc-list-level-4' ><li class='ez-toc-heading-level-4'><a class=\"ez-toc-link ez-toc-heading-2\" href=\"https:\/\/medschemicalsuppliers.com\/es\/product\/anesket-online-kaufen\/#ANESKET_ZUM_VERKAUF\" >ANESKET ZUM VERKAUF:<\/a><\/li><li class='ez-toc-page-1 ez-toc-heading-level-4'><a class=\"ez-toc-link ez-toc-heading-3\" href=\"https:\/\/medschemicalsuppliers.com\/es\/product\/anesket-online-kaufen\/#KAUFEN_ANESKET_ONLINE_EUROPA\" >KAUFEN ANESKET ONLINE EUROPA:<\/a><ul class='ez-toc-list-level-5' ><li class='ez-toc-heading-level-5'><a class=\"ez-toc-link ez-toc-heading-4\" href=\"https:\/\/medschemicalsuppliers.com\/es\/product\/anesket-online-kaufen\/#ZUSATZLICH\" >ZUS\u00c4TZLICH:<\/a><\/li><\/ul><\/li><\/ul><\/li><\/ul><\/li><\/ul><\/nav><\/div>\n<h2><span class=\"ez-toc-section\" id=\"Anesket_Ketamina_Kaufen\"><\/span><span class=\"___SText_4qyg4-ko_\" data-ui-name=\"Link.Text\">Comprar Anesket Ketamina<\/span><span class=\"ez-toc-section-end\"><\/span><\/h2>\n<p>Bis zu diesem Zeitpunkt k\u00f6nnen Sie Anesket Online mit oder ohne Rezept kaufen. An dem Punkt, wenn jemand grunzt Anesket, werden sie arbeiten Erfahrung eine unverwechselbare Rausch, als sie es geschluckt bekommen w\u00fcrde, die sowohl von denen f\u00fcgt hinzu, Neigung denkbar und verbessert Glut Gefahr. Das Grunzen von Anesket gibt eine schwere Beruhigung der schnell beginnenden, riskanten Medikationauswirkungen. Dieses Medikament kann m\u00f6glicherweise Ihre Innovationskraft oder Ihre Reaktionen beeinflussen.<\/p>\n<p>Sie werden wahrscheinlich nicht erlaubt, ohne Hilfe von irgendjemandem zu wohnen, der nach Ihrer T\u00e4tigkeit oder Behandlungssystem angemessen ist. Verzichten Sie auf das Fahren oder die Arbeit mit Ger\u00e4ten f\u00fcr etwa 24 Stunden. Zu dem Zeitpunkt, wenn Sie Anesket beschafft haben. Au\u00dferdem kann diese Art der Anwendung zu grundlegenden Sch\u00e4den an den Nasenabschnitten f\u00fchren.<\/p>\n<p>Anesket Infusion ist ein professionell verschriebenes Rezept, das allein oder neben anderen Medikamenten verwendet wird, um eine Abwesenheit des Bewusstseins gerade vor und durch eine Operation oder vielleicht eine klinische Behandlung zu geben. Anesket Liquid erzeugt eine unerwartete Gro\u00dfz\u00fcgigkeit, die f\u00fcr etwa 60 Minuten anh\u00e4lt. Es beginnt Anesket beil\u00e4ufige Effekte um 2 bis 5 Minuten, sobald die Portion geraucht oder geschluckt worden ist. Anesket online kaufen<\/p>\n<p>Daten aus dem unbedeutenden Umfang von Leuten in offenem auf-Namen, potenzielle klinische Pr\u00e4liminarien deuten darauf hin, dass Anesket mit der Heilung von unerh\u00f6rter Sch\u00fcrung und rauen Neigungen n\u00fctzlich sein k\u00f6nnte. Ungeachtet dessen ist das Messsortiment sehr unterschiedlich und eine bemerkenswerte Dosis ist nicht nachgewiesen worden. Anesket glut ist nicht im Allgemeinen t\u00f6dlich, ungeachtet, kann es erheblich schaden Ihrem Kunden, und grunzen Ketamin unterst\u00fctzt glut M\u00f6glichkeit. Anesket Ketamina Kaufen.<\/p>\n<h4><span class=\"ez-toc-section\" id=\"ANESKET_ZUM_VERKAUF\"><\/span>ANESKET ZUM VERKAUF:<span class=\"ez-toc-section-end\"><\/span><\/h4>\n<p>Aus dem Grund, dass das Grunzen des Medikaments erlaubt es, an den Geist schneller ankommen, kann es \u00fcber eine erh\u00f6hte Rausch aber auch gut \u00fcberw\u00e4ltigen viele Gro\u00dfhirn-gesteuerten physiologischen Techniken zu bringen. W\u00e4hrend eines Exzesses wird der Kunde h\u00f6chstwahrscheinlich vergesslich taumeln und zweifellos schl\u00e4frigen flachen Atem haben 2. Buy Anesket Online<\/p>\n<p>Auch wenn einige Best\u00e4tigung der Luftfahrt Weg Sicherheit k\u00f6nnte nur wegen der starken laryngealen und pharyngealen Reflexe, W\u00fcrgen und Verlangen k\u00f6nnte entstehen Zusammen mit der Infusion von Anesket Hydrochlorid vorgestellt werden. Anesket Hydrochlorid Infusion ist nicht schnell f\u00fcr Personen, die nicht die Null \u00dcberschriften f\u00fcr jeden Hamburger gefolgt sind. Anesket online kaufen<\/p>\n<p>Die Lebersch\u00e4dlichkeit von Anesket umfa\u00dft ebenfalls bemerkenswerte Dosierungen und wiederholende Organisation. In einer Versammlung eines beharrlichen betr\u00e4chtlichen Anteils von Anesket Klienten, wurde das Wiederauftreten der einzelnen Lebersch\u00e4den berichtet, um zum gr\u00f6\u00dften Teil ungef\u00e4hr 10% zu sein. Anesket wird im Allgemeinen als eine Infusion von diesen eingef\u00fchrt, die in der Organisation der normalen Beruhigungsmittel, in der Aufrechterhaltung Ihrer Flugroute und w\u00e4hrend der Organisation des Atems innerhalb der Firma Ihres Gesundheitsexperten, der Notfallklinik oder der Einrichtung durchgef\u00fchrt werden. AAnesket Ketamina Kaufen.<\/p>\n<h4><span class=\"ez-toc-section\" id=\"KAUFEN_ANESKET_ONLINE_EUROPA\"><\/span>KAUFEN ANESKET ONLINE EUROPA:<span class=\"ez-toc-section-end\"><\/span><\/h4>\n<p>In rundown, diese Anesket ist in der Regel eine indossierte Droge. Dennoch, wir liefern mit oder ohne L\u00f6sung (Acquire Anesket mit oder ohne Heilmittel). Zum excess\/fitting, Dies ist wirklich so f\u00fcr die Erkl\u00e4rung, die wir brauchen, um die unwohl in der ganzen Welt zu helfen. Anesket ist eine Medikation, die in den menschlichen und Kreaturaufgaben verwendet wird, um Stumpfheit und Sedierung anzuregen, ohne Atmung und Bluthochdruck 1 zu beeintr\u00e4chtigen. Anesket online kaufen<\/p>\n<p>Anesket ist ein dissoziatives Beruhigungsmittel, und es wurde zunehmend als ein Festival Droge vor allem aufgrund der zur\u00fcckgezogenen, Traum-\u00e4hnliche h\u00f6her gibt es verwendet. Anesket Infusion ist ein Arzt-empfohlenes Rezept, das ohne irgendjemand anderes oder neben anderen Medikamenten verwendet wird, um Verlust des Bewusstseins vorher zu geben und durch T\u00e4tigkeit oder sogar eine klinische Behandlung. Anesket online kaufen<\/p>\n<p>Ebenso garantieren wir schnellen, sicheren und wachsamen Transport und Bef\u00f6rderung zu hundert Prozent. Auch bedeutend. Abgesehen davon, dass keine spezifischen Daten des Kunden aus dem B\u00fcndel Schn\u00e4ppchen enth\u00fcllt wird. Ebenso, entlang dieser Linien, Verbrauchersicherheit und Privatsph\u00e4re weiterhin unsere wichtigsten Bed\u00fcrfnisse zu sein. entlang. Anesket ist k\u00fcnstlich im Gegensatz zu Barbituraten und Diazepam wegen der ermutigenden Entwicklung. Kaufen Anesket Online<\/p>\n<h5><span class=\"ez-toc-section\" id=\"ZUSATZLICH\"><\/span>ZUS\u00c4TZLICH:<span class=\"ez-toc-section-end\"><\/span><\/h5>\n<p>Anschlie\u00dfend sollten diese nicht in genau der gleichen Nadel oder Implantationsfl\u00fcssigkeit konsolidiert werden. Anesket ist intraven\u00f6s infundiert gerade fest in eine Masse oder Vene. Sie erhalten diese Infusion in einem Zentrum oder einer Fachklinik. Ihre Atmung, Bluthochdruck, koronare Herzausf\u00fchrung, und andere bedeutende Zeiger werden wahrscheinlich eifrig beobachtet, w\u00e4hrend Sie Anesket bestimmt werden. Anesket Ketamina Kaufen.<\/p>\n<p>Anesket Pulver wird ohne Hilfe von jemand anderem oder zusammen mit anderen Verordnungen verwendet, um einen Mangel an Bewusstsein nicht lange vorher und durch Operationen oder vielleicht ein medizinisches Versorgungssystem zu geben. Es hat einen Platz in der Gruppe von Medikamenten, die als normale Beruhigungsmittel bezeichnet werden. Anesket ist ein Medikament, das von den meisten L\u00e4ndern unterst\u00fctzt wird und \u00fcberall Anwendung findet. Unsere Materialien kommen direkt vom Hersteller. Kaufen Anesket Online<\/p>\n<p>Dies ist ein Labor-Befehl, dass wir unter dem Markennamen unterscheiden Anesket leben. Kreislaufbelastung und Herzschlag werden regelm\u00e4\u00dfig durch die Einnahme von Anesket Hydrochlorid allein erh\u00f6ht. Auf jeden Fall sind Hypotonie und Bradykardie bemerkt worden. Arrhythmie ist ebenfalls aufgetreten. Ebenso sind die Kosten erm\u00f6glichen, wertvoll, und fragw\u00fcrdig. Anesket online kaufen.\u00a0 F\u00fcr weitere Informationen <a href=\"https:\/\/medschemicalsuppliers.com\/es\/kontakt\/\">kontaktieren Sie uns<\/a> bitte.<\/p>","protected":false},"excerpt":{"rendered":"<p>Anesket Ketamina Kaufen Bis zu diesem Zeitpunkt k\u00f6nnen Sie Anesket Online mit oder ohne Rezept kaufen. An dem Punkt, wenn<\/p>","protected":false},"featured_media":1828,"comment_status":"open","ping_status":"closed","template":"","meta":{"jetpack_publicize_message":"","jetpack_publicize_feature_enabled":true,"jetpack_social_post_already_shared":false,"jetpack_social_options":{"image_generator_settings":{"template":"highway","default_image_id":0,"font":"","enabled":false},"version":2}},"product_brand":[],"product_cat":[298],"product_tag":[],"class_list":{"0":"post-1639","1":"product","2":"type-product","3":"status-publish","4":"has-post-thumbnail","6":"product_cat-dissoziativ-kaufen","8":"first","9":"instock","10":"taxable","11":"shipping-taxable","12":"purchasable","13":"product-type-variable"},"jetpack_publicize_connections":[],"jetpack_sharing_enabled":true,"_links":{"self":[{"href":"https:\/\/medschemicalsuppliers.com\/es\/wp-json\/wp\/v2\/product\/1639","targetHints":{"allow":["GET"]}}],"collection":[{"href":"https:\/\/medschemicalsuppliers.com\/es\/wp-json\/wp\/v2\/product"}],"about":[{"href":"https:\/\/medschemicalsuppliers.com\/es\/wp-json\/wp\/v2\/types\/product"}],"replies":[{"embeddable":true,"href":"https:\/\/medschemicalsuppliers.com\/es\/wp-json\/wp\/v2\/comments?post=1639"}],"version-history":[{"count":0,"href":"https:\/\/medschemicalsuppliers.com\/es\/wp-json\/wp\/v2\/product\/1639\/revisions"}],"wp:featuredmedia":[{"embeddable":true,"href":"https:\/\/medschemicalsuppliers.com\/es\/wp-json\/wp\/v2\/media\/1828"}],"wp:attachment":[{"href":"https:\/\/medschemicalsuppliers.com\/es\/wp-json\/wp\/v2\/media?parent=1639"}],"wp:term":[{"taxonomy":"product_brand","embeddable":true,"href":"https:\/\/medschemicalsuppliers.com\/es\/wp-json\/wp\/v2\/product_brand?post=1639"},{"taxonomy":"product_cat","embeddable":true,"href":"https:\/\/medschemicalsuppliers.com\/es\/wp-json\/wp\/v2\/product_cat?post=1639"},{"taxonomy":"product_tag","embeddable":true,"href":"https:\/\/medschemicalsuppliers.com\/es\/wp-json\/wp\/v2\/product_tag?post=1639"}],"curies":[{"name":"wp","href":"https:\/\/api.w.org\/{rel}","templated":true}]}}