{"id":1983,"date":"2023-07-23T19:45:40","date_gmt":"2023-07-23T18:45:40","guid":{"rendered":"https:\/\/medschemicalsuppliers.com\/?page_id=1983"},"modified":"2023-07-23T19:49:49","modified_gmt":"2023-07-23T18:49:49","slug":"zahlung","status":"publish","type":"page","link":"https:\/\/medschemicalsuppliers.com\/fr\/zahlung\/","title":{"rendered":"Paiement"},"content":{"rendered":"<p>Sicherheit geht vor!<\/p>\n\n\n\n<p>Du kannst in unserem Online-Shop f\u00fcr Weed und Haschisch nur mit Bitcoin bezahlen. Warum das so ist? Ganz einfach! Bitcoin sind anonym und k\u00f6nnen nicht zur\u00fcckverfolgt werden.<\/p>\n\n\n\n<p>Du hast keine Bitcoin? Du wei\u00dft nicht, wo Du Bitcoin kaufen oder wie Du sie benutzen kannst?<\/p>\n\n\n\n<div id=\"ez-toc-container\" class=\"ez-toc-v2_0_82_2 counter-hierarchy ez-toc-counter ez-toc-grey ez-toc-container-direction\">\n<div class=\"ez-toc-title-container\">\n<p class=\"ez-toc-title\" style=\"cursor:inherit\">Inhalts\u00fcbersicht<\/p>\n<span class=\"ez-toc-title-toggle\"><a href=\"#\" class=\"ez-toc-pull-right ez-toc-btn ez-toc-btn-xs ez-toc-btn-default ez-toc-toggle\" aria-label=\"Toggle Table of Content\"><span class=\"ez-toc-js-icon-con\"><span class=\"\"><span class=\"eztoc-hide\" style=\"display:none;\">Toggle<\/span><span class=\"ez-toc-icon-toggle-span\"><svg style=\"fill: #999;color:#999\" xmlns=\"http:\/\/www.w3.org\/2000\/svg\" class=\"list-377408\" width=\"20px\" height=\"20px\" viewbox=\"0 0 24 24\" fill=\"none\"><path d=\"M6 6H4v2h2V6zm14 0H8v2h12V6zM4 11h2v2H4v-2zm16 0H8v2h12v-2zM4 16h2v2H4v-2zm16 0H8v2h12v-2z\" fill=\"currentColor\"><\/path><\/svg><svg style=\"fill: #999;color:#999\" class=\"arrow-unsorted-368013\" xmlns=\"http:\/\/www.w3.org\/2000\/svg\" width=\"10px\" height=\"10px\" viewbox=\"0 0 24 24\" version=\"1.2\" baseprofile=\"tiny\"><path d=\"M18.2 9.3l-6.2-6.3-6.2 6.3c-.2.2-.3.4-.3.7s.1.5.3.7c.2.2.4.3.7.3h11c.3 0 .5-.1.7-.3.2-.2.3-.5.3-.7s-.1-.5-.3-.7zM5.8 14.7l6.2 6.3 6.2-6.3c.2-.2.3-.5.3-.7s-.1-.5-.3-.7c-.2-.2-.4-.3-.7-.3h-11c-.3 0-.5.1-.7.3-.2.2-.3.5-.3.7s.1.5.3.7z\"\/><\/svg><\/span><\/span><\/span><\/a><\/span><\/div>\n<nav><ul class='ez-toc-list ez-toc-list-level-1' ><li class='ez-toc-page-1 ez-toc-heading-level-2'><a class=\"ez-toc-link ez-toc-heading-1\" href=\"https:\/\/medschemicalsuppliers.com\/fr\/zahlung\/#Bitcoin_zu_kaufen_ist_einfach\" >Bitcoin zu kaufen ist einfach!<\/a><\/li><li class='ez-toc-page-1 ez-toc-heading-level-2'><a class=\"ez-toc-link ez-toc-heading-2\" href=\"https:\/\/medschemicalsuppliers.com\/fr\/zahlung\/#Sie_konnen_sich_sofort_einloggen\" >Sie k\u00f6nnen sich sofort einloggen.<\/a><\/li><\/ul><\/nav><\/div>\n<h2 class=\"wp-block-heading\"><span class=\"ez-toc-section\" id=\"Bitcoin_zu_kaufen_ist_einfach\"><\/span>Bitcoin zu kaufen ist einfach!<span class=\"ez-toc-section-end\"><\/span><\/h2>\n\n\n\n<p>Es gibt viele Anbieter, bei denen Sie Bitcoin ganz einfach mit verschiedenen Zahlungsmethoden wie PayPal, Kreditkarte oder Bank\u00fcberweisung kaufen k\u00f6nnen.<\/p>\n\n\n\n<p>F\u00fcr Anf\u00e4nger empfehlen wir <a href=\"https:\/\/bitpanda.com\" target=\"_blank\" rel=\"noopener\">bitpanda.com<\/a>.<\/p>\n\n\n\n<figure class=\"wp-block-embed is-type-video is-provider-youtube wp-block-embed-youtube wp-embed-aspect-16-9 wp-has-aspect-ratio\"><div class=\"wp-block-embed__wrapper\">\n<iframe title=\"Bitcoin kaufen 2024: Anleitung f\u00fcr Anf\u00e4nger | Schritt f\u00fcr Schritt - sicher &amp; einfach\" width=\"500\" height=\"281\" src=\"https:\/\/www.youtube.com\/embed\/szKnbbHwY4A?feature=oembed\" frameborder=\"0\" allow=\"accelerometer; autoplay; clipboard-write; encrypted-media; gyroscope; picture-in-picture; web-share\" referrerpolicy=\"strict-origin-when-cross-origin\" allowfullscreen><\/iframe>\n<\/div><\/figure>\n\n\n\n<p>Nach einer kurzen Verifizierung k\u00f6nnen Sie dort ganz einfach Bitcoin kaufen.<\/p>\n\n\n\n<p>Zweitens empfehlen wir Ihnen, eine pers\u00f6nliche anonyme Geldb\u00f6rse einzurichten. Dort speichern Sie Ihre Bitcoin. Hierf\u00fcr eignet sich zum Beispiel der Schweizer Anbieter <a href=\"https:\/\/swiss-wallet.org\/\" target=\"_blank\" rel=\"noopener\">swiss-wallet.org<\/a>.<\/p>\n\n\n\n<p>Aufgrund der strengen Schweizer Datenschutzgesetze sind Ihre Bitcoin dort sicher.<\/p>\n\n\n\n<h2 class=\"wp-block-heading\"><span class=\"ez-toc-section\" id=\"Sie_konnen_sich_sofort_einloggen\"><\/span>Sie k\u00f6nnen sich sofort einloggen.<span class=\"ez-toc-section-end\"><\/span><\/h2>\n\n\n\n<p>Wenn Sie nun Ihre Bitcoin auf Ihrem pers\u00f6nlichen Wallet haben, sind Sie fast am Ziel.<\/p>\n\n\n\n<p>Sie beenden Ihren Einkauf in unserem Shop und gehen zur Kasse. Sie best\u00e4tigen &#8222;Zahlung mit Bitcoin&#8220;.<\/p>\n\n\n\n<p>Kurze Zeit sp\u00e4ter sehen Sie unsere Wallet-Adresse und einen QR-Code. Schicken Sie den entsprechenden Betrag an unsere Adresse.<\/p>\n\n\n\n<p>Ihr Paket ist kurz darauf auf dem Weg zu Ihnen.<\/p>","protected":false},"excerpt":{"rendered":"<p>Sicherheit geht vor! Du kannst in unserem Online-Shop f\u00fcr Weed und Haschisch nur mit Bitcoin bezahlen. Warum das so ist?<\/p>","protected":false},"author":10,"featured_media":0,"parent":0,"menu_order":0,"comment_status":"closed","ping_status":"closed","template":"","meta":{"footnotes":""},"class_list":["post-1983","page","type-page","status-publish","hentry"],"jetpack_sharing_enabled":true,"_links":{"self":[{"href":"https:\/\/medschemicalsuppliers.com\/fr\/wp-json\/wp\/v2\/pages\/1983","targetHints":{"allow":["GET"]}}],"collection":[{"href":"https:\/\/medschemicalsuppliers.com\/fr\/wp-json\/wp\/v2\/pages"}],"about":[{"href":"https:\/\/medschemicalsuppliers.com\/fr\/wp-json\/wp\/v2\/types\/page"}],"author":[{"embeddable":true,"href":"https:\/\/medschemicalsuppliers.com\/fr\/wp-json\/wp\/v2\/users\/10"}],"replies":[{"embeddable":true,"href":"https:\/\/medschemicalsuppliers.com\/fr\/wp-json\/wp\/v2\/comments?post=1983"}],"version-history":[{"count":0,"href":"https:\/\/medschemicalsuppliers.com\/fr\/wp-json\/wp\/v2\/pages\/1983\/revisions"}],"wp:attachment":[{"href":"https:\/\/medschemicalsuppliers.com\/fr\/wp-json\/wp\/v2\/media?parent=1983"}],"curies":[{"name":"wp","href":"https:\/\/api.w.org\/{rel}","templated":true}]}}