{"id":1497,"date":"2023-06-27T19:19:31","date_gmt":"2023-06-27T18:19:31","guid":{"rendered":"https:\/\/medschemicalsuppliers.com\/?post_type=product&#038;p=1497"},"modified":"2025-12-21T18:07:30","modified_gmt":"2025-12-21T17:07:30","slug":"crack-kokain","status":"publish","type":"product","link":"https:\/\/medschemicalsuppliers.com\/fr\/product\/crack-kokain\/","title":{"rendered":"Crack Kokain"},"content":{"rendered":"<div id=\"ez-toc-container\" class=\"ez-toc-v2_0_82_2 counter-hierarchy ez-toc-counter ez-toc-grey ez-toc-container-direction\">\n<div class=\"ez-toc-title-container\">\n<p class=\"ez-toc-title\" style=\"cursor:inherit\">Inhalts\u00fcbersicht<\/p>\n<span class=\"ez-toc-title-toggle\"><a href=\"#\" class=\"ez-toc-pull-right ez-toc-btn ez-toc-btn-xs ez-toc-btn-default ez-toc-toggle\" aria-label=\"Toggle Table of Content\"><span class=\"ez-toc-js-icon-con\"><span class=\"\"><span class=\"eztoc-hide\" style=\"display:none;\">Toggle<\/span><span class=\"ez-toc-icon-toggle-span\"><svg style=\"fill: #999;color:#999\" xmlns=\"http:\/\/www.w3.org\/2000\/svg\" class=\"list-377408\" width=\"20px\" height=\"20px\" viewbox=\"0 0 24 24\" fill=\"none\"><path d=\"M6 6H4v2h2V6zm14 0H8v2h12V6zM4 11h2v2H4v-2zm16 0H8v2h12v-2zM4 16h2v2H4v-2zm16 0H8v2h12v-2z\" fill=\"currentColor\"><\/path><\/svg><svg style=\"fill: #999;color:#999\" class=\"arrow-unsorted-368013\" xmlns=\"http:\/\/www.w3.org\/2000\/svg\" width=\"10px\" height=\"10px\" viewbox=\"0 0 24 24\" version=\"1.2\" baseprofile=\"tiny\"><path d=\"M18.2 9.3l-6.2-6.3-6.2 6.3c-.2.2-.3.4-.3.7s.1.5.3.7c.2.2.4.3.7.3h11c.3 0 .5-.1.7-.3.2-.2.3-.5.3-.7s-.1-.5-.3-.7zM5.8 14.7l6.2 6.3 6.2-6.3c.2-.2.3-.5.3-.7s-.1-.5-.3-.7c-.2-.2-.4-.3-.7-.3h-11c-.3 0-.5.1-.7.3-.2.2-.3.5-.3.7s.1.5.3.7z\"\/><\/svg><\/span><\/span><\/span><\/a><\/span><\/div>\n<nav><ul class='ez-toc-list ez-toc-list-level-1' ><li class='ez-toc-page-1 ez-toc-heading-level-2'><a class=\"ez-toc-link ez-toc-heading-1\" href=\"https:\/\/medschemicalsuppliers.com\/fr\/product\/crack-kokain\/#Crack_Kokain\" >Crack Kokain<\/a><ul class='ez-toc-list-level-3' ><li class='ez-toc-heading-level-3'><a class=\"ez-toc-link ez-toc-heading-2\" href=\"https:\/\/medschemicalsuppliers.com\/fr\/product\/crack-kokain\/#CRACK-KOKAIN_ONLINE_KAUFEN\" >CRACK-KOKAIN ONLINE KAUFEN:<\/a><ul class='ez-toc-list-level-4' ><li class='ez-toc-heading-level-4'><a class=\"ez-toc-link ez-toc-heading-3\" href=\"https:\/\/medschemicalsuppliers.com\/fr\/product\/crack-kokain\/#CRACK-KOKAIN_ONLINE_ZU_VERKAUFEN\" >CRACK-KOKAIN ONLINE ZU VERKAUFEN:<\/a><\/li><li class='ez-toc-page-1 ez-toc-heading-level-4'><a class=\"ez-toc-link ez-toc-heading-4\" href=\"https:\/\/medschemicalsuppliers.com\/fr\/product\/crack-kokain\/#CRACK_COCAINE_FOR_SALE_USA\" >CRACK COCAINE FOR SALE USA:<\/a><ul class='ez-toc-list-level-5' ><li class='ez-toc-heading-level-5'><a class=\"ez-toc-link ez-toc-heading-5\" href=\"https:\/\/medschemicalsuppliers.com\/fr\/product\/crack-kokain\/#KOKAIN_ZU_VERKAUFEN\" >KOKAIN ZU VERKAUFEN:<\/a><\/li><li class='ez-toc-page-1 ez-toc-heading-level-5'><a class=\"ez-toc-link ez-toc-heading-6\" href=\"https:\/\/medschemicalsuppliers.com\/fr\/product\/crack-kokain\/#ZUSATZLICH\" >SUPPL\u00c9MENTAIRE :<\/a><\/li><\/ul><\/li><\/ul><\/li><\/ul><\/li><\/ul><\/nav><\/div>\n<h2><span class=\"ez-toc-section\" id=\"Crack_Kokain\"><\/span>Crack Kokain<span class=\"ez-toc-section-end\"><\/span><\/h2>\n<p>Zun\u00e4chst einmal verkauft Aaronay das hochwertigste und reinste Crack der Welt. Die physischen und psychischen Anzeichen des Entzugs h\u00e4ngen von einer Vielzahl von Faktoren ab, darunter die individuelle Belastbarkeit, die Verdauung, das Ausma\u00df der Abh\u00e4ngigkeit, die Schwere der Abh\u00e4ngigkeit und das Vorhandensein versteckter psychischer Erkrankungen oder anderer Abh\u00e4ngigkeiten.<\/p>\n<p>M\u00fcdigkeit, ausgedehnte und \u00e4ngstliche Ruhe oder Unruhe, Hunger, Empfindsamkeit, Niedergeschlagenheit, selbstzerst\u00f6rerische Gef\u00fchle und ein au\u00dfergew\u00f6hnliches Verlangen nach zus\u00e4tzlichen Medikamenten sind alles Symptome des Crack-Entzugs. Die Erinnerung an das Kokaingl\u00fcck ist stark, und es besteht eine hohe Wahrscheinlichkeit, dass ein R\u00fcckfall in den Konsum von Beruhigungsmitteln erfolgt. Crack Kokain.<\/p>\n<p>Obwohl sowohl Crack als auch Break in Kanada den gleichen Richtlinien und Strafen f\u00fcr Besitz und Handel unterliegen, ist es m\u00f6glich, dass Rock-K\u00e4ufer aufgrund rassistischer und kursbezogener Neigungen intensiver kontrolliert werden. Crack-Kokain zum Verkauf<\/p>\n<p>Auch die synthetische Abh\u00e4ngigkeit kann sich bei Kokain schneller entwickeln als bei anderen professionell verschriebenen Medikamenten. Crack- und Break-Konsumenten k\u00f6nnen manchmal schon nach wenigen Einnahmeversuchen ein Problem mit Misshandlungen entwickeln. Der Preis von Kokain ist Mitte der 1990er Jahre stark gesunken, nachdem es lange Zeit als fesselndes Medikament f\u00fcr die Abgeh\u00e4ngten und Beliebten galt. Crack Kokain.<\/p>\n<h3><span class=\"ez-toc-section\" id=\"CRACK-KOKAIN_ONLINE_KAUFEN\"><\/span>CRACK-KOKAIN ONLINE KAUFEN:<span class=\"ez-toc-section-end\"><\/span><\/h3>\n<p>Der Kostenr\u00fcckgang ging jedoch mit einem Einbruch der Unbedenklichkeit des Medikaments in einem \u00e4hnlichen Zeitraum einher. Je nach Ihren spezifischen Bed\u00fcrfnissen kann die Reparatur in einem station\u00e4ren oder ambulanten Rahmen stattfinden. Viele Menschen profitieren von einer station\u00e4ren Behandlung, die sie von negativen Einfl\u00fcssen fernh\u00e4lt und sie in ein stabiles Umfeld bringt. Crack Kokain.<\/p>\n<p>Stellen Sie sicher, dass Sie sich an die Regeln halten. Wenn Sie sich unsicher sind, sollten Sie dies nicht tun. Das ist ein m\u00f6glicher Abschreibungswert. Wir f\u00f6rdern die Schadensbegrenzung und k\u00e4mpfen gegen den \u00e4rztlich empfohlenen Drogenentzug. Denken Sie einfach daran, dass kein Medikament v\u00f6llig risikofrei ist. Es ist immer sicherer, sie nicht zu nehmen. Ich billige niemals den Konsum von Zigaretten, Steinen oder Crack und seinen Derivaten. Diese Substanz hat das Potenzial, Schaden anzurichten. Crack Kokain.<\/p>\n<p>Dies ist lediglich eine lehrreiche \u00dcbung \u00fcber die Methode zur Herstellung von Crack-Kokain. Niemand macht sich mit der Absicht auf den Weg, von etwas abh\u00e4ngig zu werden. Selbst jemand, der sich bewusst daf\u00fcr entscheidet, Substanzen auszuprobieren, hat nicht das Verlangen, sich unterzuordnen, einen Entzug zu bew\u00e4ltigen, eine \u00dcberdosis zu riskieren oder zu sterben. Es gibt zahlreiche Unterscheidungen. Crack Kokain.<\/p>\n<p>Das Grunzen in der Pause f\u00fchrt zu einer Reihe von schwerwiegenderen und langfristigen k\u00f6rperlichen und geistigen Beschwerden. Break setzt eine gro\u00dfe Menge Dopamin frei, eine Synapse, die zu der Wahrnehmung von Belohnung und Erf\u00fcllung f\u00fchrt, die die Gewohnheit ausf\u00fcllt. Ernsthafte Crack- oder Break-Konsumenten werden tolerant gegen\u00fcber dem Medikament und f\u00fchlen sich schlie\u00dflich ersch\u00f6pft, panisch und unf\u00e4hig zu schlafen, was zu au\u00dfergew\u00f6hnlicher Begeisterung und k\u00f6rperlichen Schmerzen f\u00fchrt. Crack Kokain.<\/p>\n<h4><span class=\"ez-toc-section\" id=\"CRACK-KOKAIN_ONLINE_ZU_VERKAUFEN\"><\/span>CRACK-KOKAIN ONLINE ZU VERKAUFEN:<span class=\"ez-toc-section-end\"><\/span><\/h4>\n<p>Einige seri\u00f6se K\u00e4ufer sind sich dieser Anzeichen bewusst und z\u00f6gern, die Einnahme des Medikaments einzustellen. Fast alle Crack-Kokain wird verunreinigt werden, so sollten Sie die Charge zu untersuchen, um zu sehen, ob es irgendwelche anderen Drogen (einschlie\u00dflich Fentanyl), um das erwartete Risiko einer \u00dcberdosierung zu reduzieren enth\u00e4lt. Crack-Kokain zum Verkauf<\/p>\n<p>Nach der Verbindung mit dem Hydrochlorid schwimmt das Crack-Alkaloid an der Spitze der nun zus\u00e4tzlichen Fl\u00fcssigkeit. Jetzt wird das \u00d6l schnell gewonnen, in der Regel mit einer Nadel oder einem langen d\u00fcnnen Gegenstand. Dadurch wird das \u00d6l nach oben gezogen und gedreht, so dass die Luft das \u00d6l abbinden und trocknen kann und der Kunde und der Erzeuger das \u00d6l in die steinartige Form bringen k\u00f6nnen. Crack Kokain.<\/p>\n<p>Crack ist normalerweise in Form von Steinen erh\u00e4ltlich. Break Rocks sind wei\u00df (oder gr\u00e4ulich) und passen zusammen wie ein Handschuh. Wie werden die Rocks missbraucht? Das Break wird regelm\u00e4\u00dfig geraucht. Durch das Rauchen von Rocks gelangen gro\u00dfe Mengen an Medikamenten in die Lunge, was zu einem sofortigen und extremen euphorischen Rausch f\u00fchrt. Crack-Kokain bewirkt, dass sich die Venen verdicken und verengen, wodurch der Sauerstofffluss zum Herzen verringert wird. Crack Kokain.<\/p>\n<p>Gleichzeitig bewirkt Crack, dass der Darmmuskel st\u00e4rker arbeitet, was selbst bei gesunden Menschen zu einem Herzinfarkt oder Schlaganfall f\u00fchren kann. Break minimal one&#8220; ist ein h\u00e4ufiger Ausdruck f\u00fcr ein Kind, das von einer Mutter geboren wurde, die w\u00e4hrend der Schwangerschaft Crack konsumiert hat. Die Vorstellung, dass Crack-Konsum w\u00e4hrend der gesamten Schwangerschaft eine Gefahr f\u00fcr das Kind darstellt, ist weitgehend entkr\u00e4ftet worden. Crack Kokain.<\/p>\n<h4><span class=\"ez-toc-section\" id=\"CRACK_COCAINE_FOR_SALE_USA\"><\/span>CRACK COCAINE FOR SALE USA:<span class=\"ez-toc-section-end\"><\/span><\/h4>\n<p>Logische Studien zeigen, dass der Kokainkonsum vor der Geburt (unabh\u00e4ngig von anderen Folgen wie alkoholischen Getr\u00e4nken, Tabakkonsum oder der physischen Umgebung) die Entwicklung und das Fortkommen von Jugendlichen eindeutig beeinflusst. Kokain und Crack unterscheiden sich zweifelsohne im Aussehen. Zu verkaufendes Crack-Kokain<\/p>\n<p>Crack wird in der Regel als wei\u00dfes Pulver angeboten, w\u00e4hrend Crack auch in Form von Steinen erh\u00e4ltlich ist, die in der Regel wei\u00df, cremefarben, braun oder hellbraun sind. W\u00e4hrend die pulverf\u00f6rmige Form von Kokain gemeinhin als Kokain oder Koks bezeichnet wird, ist die Steinform als Crack bekannt. Aufgrund des niedrigeren Preises von Crack war es f\u00fcr Personen in einkommensschwachen Gemeinden viel einfacher, es zu beschaffen, was zu der Vorhersage f\u00fchrte, dass Angestellte von Randgruppen viel eher zu l\u00e4ngeren als zu k\u00fcrzeren Haftstrafen verurteilt wurden. Crack-Kokain f\u00fcr den Verkauf<\/p>\n<p>F\u00fcr Straftaten im Zusammenhang mit Kokainpulver. Der Missbrauch von Crack kann schwerwiegende Folgen f\u00fcr den Konsumenten haben. Cocky, der auf die offene T\u00fcr starrte, war gerade dabei zu analysieren, ob er diesen Schlitz des Ausgangs in die Welt wirklich genauer inspizieren musste, welche Inspektion also zeigen w\u00fcrde, ob er mit dem Schlitz etwas unternehmen musste, als seine Augen die Augen des n\u00e4chsten Entdeckers sahen, der ihn anstarrte. Crack-Kokain zu verkaufen<\/p>\n<p>Wenn Sie oder ein Ihnen nahestehender Mensch mit Crack oder anderen Suchtmitteln zu k\u00e4mpfen hat, ist Hilfe so nah wie ein verlegtes Handy. Einige Studenten bezeichneten Crack als &#8222;Epidemie&#8220;, \u00e4hnlich wie moralischen Stress, und stellten fest, dass der Anstieg des Drogenkonsums und des Drogenhandels erfolgte, nachdem die Medien Ihre Droge zur &#8222;Epidemie&#8220; erkl\u00e4rt hatten. Crack-Kokain zu verkaufen<\/p>\n<h5><span class=\"ez-toc-section\" id=\"KOKAIN_ZU_VERKAUFEN\"><\/span>KOKAIN ZU VERKAUFEN:<span class=\"ez-toc-section-end\"><\/span><\/h5>\n<p>In der Tat kann das st\u00e4ndige Zittern einige K\u00e4ufer davon \u00fcberzeugen, dass sie ihre Nervosit\u00e4t in den Griff bekommen w\u00fcrden, wenn sie zus\u00e4tzliches Crack h\u00e4tten, oder dass sie \u00fcberhaupt nicht damit umgehen m\u00fcssten. Mehr Crack kaufen. So wie die neuronale Stimulation von Crack eine frenetische Vitalit\u00e4t hervorruft, verursacht die Droge auch ein unwillk\u00fcrliches Zittern, das einem Beben \u00e4hnelt. Crack-Kokain zum Verkauf<\/p>\n<p>Auch ohne Drogenkonsum sind die Konsumenten nicht in der Lage, das Zittern ihrer Gliedma\u00dfen zu kontrollieren. Kokain und Crack haben ein unterschiedliches Erscheinungsbild. Crack liegt in der Regel als wei\u00dfes Pulver vor, w\u00e4hrend Crack in der Regel als wei\u00dfer, brauner oder hellbrauner Stein vorliegt. Der erste Schritt in der Behandlung besteht darin, das k\u00f6rperliche Verlangen nach Crack zu beseitigen. Crack Kokain.<\/p>\n<p>Nur den Konsum von Crack zu stoppen ist unpraktisch und sch\u00e4dlich, daher sollte der Konsument beim Einkaufen genau beobachtet werden. Es w\u00e4re nahezu unm\u00f6glich, das Verlangen nach Crack ohne fachliche Unterst\u00fctzung unter Kontrolle zu bringen, wenn dies zu Hause geschehen w\u00fcrde. Crack Kokain.<\/p>\n<p>Die Entzugstherapie sollte in einer Gesundheitseinrichtung oder Interventionsstelle durchgef\u00fchrt werden, wo \u00c4rzte den Klienten auf wichtige Anzeichen hin \u00fcberwachen, sicherstellen k\u00f6nnen, dass kein R\u00fcckfallrisiko besteht, und ihm Medikamente verabreichen k\u00f6nnen. Drogen zur Unterst\u00fctzung Crack wird h\u00e4ufig als gef\u00e4hrliche Droge angesehen, aber wenn es in Wasser und Backpulver aufgel\u00f6st, gekocht (um die Feststoffe abzutrennen), dann abgek\u00fchlt und gesch\u00fcttelt wird, ist das resultierende Produkt wahrscheinlich noch t\u00f6dlicher. Crack Kokain.<\/p>\n<h5><span class=\"ez-toc-section\" id=\"ZUSATZLICH\"><\/span>SUPPL\u00c9MENTAIRE :<span class=\"ez-toc-section-end\"><\/span><\/h5>\n<p>Der individuelle Drogenmissbrauch kann durch Crack-Kokain stark beeintr\u00e4chtigt werden. Wenn Sie oder ein Ihnen nahestehender Mensch Crack oder andere Suchtmittel konsumieren, ist Hilfe nur einen Telefonanruf entfernt. als Preis pro Barrel, Diese Personen hatten weniger verf\u00fcgbares Einkommen, das sie f\u00fcr Drogen ausgeben konnten, aber sie suchten nach M\u00f6glichkeiten, ihr Einkommen deutlich zu erh\u00f6hen. Dadurch stieg die Pr\u00e4valenz des Crack-Konsums in einkommensschwachen und von Minderheiten gepr\u00e4gten Gemeinden. In den 1980er Jahren kam es in diesen Gemeinschaften zu einer Crack-Epidemie. F\u00fcr weitere Informationen nehmen Sie bitte <a href=\"https:\/\/medschemicalsuppliers.com\/fr\/kontakt\/\">Kontakt mit uns<\/a> auf.<\/p>","protected":false},"excerpt":{"rendered":"<p>Crack Kokain Zun\u00e4chst einmal verkauft Aaronay das hochwertigste und reinste Crack der Welt. Die physischen und psychischen Anzeichen des Entzugs<\/p>","protected":false},"featured_media":1860,"comment_status":"open","ping_status":"closed","template":"","meta":{"jetpack_publicize_message":"","jetpack_publicize_feature_enabled":true,"jetpack_social_post_already_shared":false,"jetpack_social_options":{"image_generator_settings":{"template":"highway","default_image_id":0,"font":"","enabled":false},"version":2}},"product_brand":[],"product_cat":[295],"product_tag":[],"class_list":{"0":"post-1497","1":"product","2":"type-product","3":"status-publish","4":"has-post-thumbnail","6":"product_cat-stimulanzien-kaufen","8":"first","9":"instock","10":"taxable","11":"shipping-taxable","12":"purchasable","13":"product-type-variable"},"jetpack_publicize_connections":[],"jetpack_sharing_enabled":true,"_links":{"self":[{"href":"https:\/\/medschemicalsuppliers.com\/fr\/wp-json\/wp\/v2\/product\/1497","targetHints":{"allow":["GET"]}}],"collection":[{"href":"https:\/\/medschemicalsuppliers.com\/fr\/wp-json\/wp\/v2\/product"}],"about":[{"href":"https:\/\/medschemicalsuppliers.com\/fr\/wp-json\/wp\/v2\/types\/product"}],"replies":[{"embeddable":true,"href":"https:\/\/medschemicalsuppliers.com\/fr\/wp-json\/wp\/v2\/comments?post=1497"}],"version-history":[{"count":0,"href":"https:\/\/medschemicalsuppliers.com\/fr\/wp-json\/wp\/v2\/product\/1497\/revisions"}],"wp:featuredmedia":[{"embeddable":true,"href":"https:\/\/medschemicalsuppliers.com\/fr\/wp-json\/wp\/v2\/media\/1860"}],"wp:attachment":[{"href":"https:\/\/medschemicalsuppliers.com\/fr\/wp-json\/wp\/v2\/media?parent=1497"}],"wp:term":[{"taxonomy":"product_brand","embeddable":true,"href":"https:\/\/medschemicalsuppliers.com\/fr\/wp-json\/wp\/v2\/product_brand?post=1497"},{"taxonomy":"product_cat","embeddable":true,"href":"https:\/\/medschemicalsuppliers.com\/fr\/wp-json\/wp\/v2\/product_cat?post=1497"},{"taxonomy":"product_tag","embeddable":true,"href":"https:\/\/medschemicalsuppliers.com\/fr\/wp-json\/wp\/v2\/product_tag?post=1497"}],"curies":[{"name":"wp","href":"https:\/\/api.w.org\/{rel}","templated":true}]}}