{"id":1526,"date":"2023-06-27T19:19:39","date_gmt":"2023-06-27T18:19:39","guid":{"rendered":"https:\/\/medschemicalsuppliers.com\/?post_type=product&#038;p=1526"},"modified":"2025-05-13T10:12:50","modified_gmt":"2025-05-13T08:12:50","slug":"domino-mdma","status":"publish","type":"product","link":"https:\/\/medschemicalsuppliers.com\/fr\/product\/domino-mdma\/","title":{"rendered":"Bleu Domino MDMA"},"content":{"rendered":"<div id=\"ez-toc-container\" class=\"ez-toc-v2_0_82_2 counter-hierarchy ez-toc-counter ez-toc-grey ez-toc-container-direction\">\n<div class=\"ez-toc-title-container\">\n<p class=\"ez-toc-title\" style=\"cursor:inherit\">Inhalts\u00fcbersicht<\/p>\n<span class=\"ez-toc-title-toggle\"><a href=\"#\" class=\"ez-toc-pull-right ez-toc-btn ez-toc-btn-xs ez-toc-btn-default ez-toc-toggle\" aria-label=\"Toggle Table of Content\"><span class=\"ez-toc-js-icon-con\"><span class=\"\"><span class=\"eztoc-hide\" style=\"display:none;\">Toggle<\/span><span class=\"ez-toc-icon-toggle-span\"><svg style=\"fill: #999;color:#999\" xmlns=\"http:\/\/www.w3.org\/2000\/svg\" class=\"list-377408\" width=\"20px\" height=\"20px\" viewbox=\"0 0 24 24\" fill=\"none\"><path d=\"M6 6H4v2h2V6zm14 0H8v2h12V6zM4 11h2v2H4v-2zm16 0H8v2h12v-2zM4 16h2v2H4v-2zm16 0H8v2h12v-2z\" fill=\"currentColor\"><\/path><\/svg><svg style=\"fill: #999;color:#999\" class=\"arrow-unsorted-368013\" xmlns=\"http:\/\/www.w3.org\/2000\/svg\" width=\"10px\" height=\"10px\" viewbox=\"0 0 24 24\" version=\"1.2\" baseprofile=\"tiny\"><path d=\"M18.2 9.3l-6.2-6.3-6.2 6.3c-.2.2-.3.4-.3.7s.1.5.3.7c.2.2.4.3.7.3h11c.3 0 .5-.1.7-.3.2-.2.3-.5.3-.7s-.1-.5-.3-.7zM5.8 14.7l6.2 6.3 6.2-6.3c.2-.2.3-.5.3-.7s-.1-.5-.3-.7c-.2-.2-.4-.3-.7-.3h-11c-.3 0-.5.1-.7.3-.2.2-.3.5-.3.7s.1.5.3.7z\"\/><\/svg><\/span><\/span><\/span><\/a><\/span><\/div>\n<nav><ul class='ez-toc-list ez-toc-list-level-1' ><li class='ez-toc-page-1 ez-toc-heading-level-2'><a class=\"ez-toc-link ez-toc-heading-1\" href=\"https:\/\/medschemicalsuppliers.com\/fr\/product\/domino-mdma\/#Domino_MDMA\" >Domino MDMA<\/a><ul class='ez-toc-list-level-3' ><li class='ez-toc-heading-level-3'><a class=\"ez-toc-link ez-toc-heading-2\" href=\"https:\/\/medschemicalsuppliers.com\/fr\/product\/domino-mdma\/#Blau_Domino_MDMA_Kaufen\" >Blau Domino MDMA Kaufen<\/a><ul class='ez-toc-list-level-4' ><li class='ez-toc-heading-level-4'><a class=\"ez-toc-link ez-toc-heading-3\" href=\"https:\/\/medschemicalsuppliers.com\/fr\/product\/domino-mdma\/#ECSTASY_ONLINE_KAUFEN_EUROPA\" >ECSTASY ONLINE KAUFEN EUROPA<\/a><\/li><li class='ez-toc-page-1 ez-toc-heading-level-4'><a class=\"ez-toc-link ez-toc-heading-4\" href=\"https:\/\/medschemicalsuppliers.com\/fr\/product\/domino-mdma\/#BLau_Domino_MDMA_pills_zu_verkaufen\" >BLau Domino MDMA pills zu verkaufen<\/a><\/li><\/ul><\/li><\/ul><\/li><\/ul><\/nav><\/div>\n<h2><span class=\"ez-toc-section\" id=\"Domino_MDMA\"><\/span>Domino MDMA<span class=\"ez-toc-section-end\"><\/span><\/h2>\n<p>Endlich Ecstasy online kaufen, diskret innerhalb von 24 Stunden. Rapture (Blue Domino Ecstasy Pills) ist in Tablettenform erh\u00e4ltlich, die h\u00e4ufig mit realistischen Designs oder Firmenlogos graviert sind. Blue Domino Ecstasy Pills werden in der Regel als Tablette eingenommen, k\u00f6nnen aber auch zerkleinert und gegrunzt, infundiert oder als Z\u00e4pfchen verwendet werden. Wahrscheinlich wirst Du auch gerne Musik h\u00f6ren, Gegenst\u00e4nde mit verschiedenen Oberfl\u00e4chen ber\u00fchren und Objekte mit Lichtern inspizieren. Ecstasy online kaufen<\/p>\n<p>Die Einschr\u00e4nkung der meisten Heimtestger\u00e4te besteht darin, dass sie h\u00e4ufig nicht in der Lage sind, einige Rezepte durch eine ununterscheidbare Tablette hindurch zu unterscheiden. Sie k\u00f6nnen Ihnen sagen, ob eine Tablette Blue Domino Ecstasy Pills enth\u00e4lt, aber nicht, ob sie auch Methamphetamin enth\u00e4lt, und so weiter. Denken Sie daran, wie die Pillen in der Umgebung Elemente, die Sie angenehm und sicher zu machen, verringert die Gefahren von Spannungen zu erleben. Domino MDMA.<\/p>\n<p>Die F\u00e4lle, in denen Menschen nach der Einnahme von Euphoria starben, waren h\u00e4ufig das Ergebnis ungew\u00f6hnlicher und spezifischer Reaktionen auf das Medikament, die f\u00fcr die Portion irrelevant waren. Euphoria wird gemeinhin als &#8222;das Gef\u00e4\u00df der Zuneigung&#8220; bezeichnet, weil es auf die Perspektive der Verschleierung und des Klangs wirkt und eindeutig weitere Empfindungen entwickelt, wenn man einen anderen ber\u00fchrt oder streichelt, vor allem beim Geschlechtsverkehr. Obwohl es hin und wieder auftritt, wird para-Methoxy-Amphetamin nicht gesehen. Ecstasy online kaufen<\/p>\n<h3><span class=\"ez-toc-section\" id=\"Blau_Domino_MDMA_Kaufen\"><\/span>Blau Domino MDMA Kaufen<span class=\"ez-toc-section-end\"><\/span><\/h3>\n<p>Viele Menschen aus der ganzen Welt sind auf der Suche nach hochwertigen Blue Domino Ecstasy Pills oder Gl\u00fcck zum Kauf f\u00fcr ihre professionellen klinischen, logisch anwendbar, und sportlichen Anforderungen. Rapture ist eines der am h\u00e4ufigsten verwendeten Medikamente in der EU, insbesondere unter Jugendlichen, die Kapazit\u00e4ten und Clubs besuchen. Als das erste Mal eine gro\u00dfe Gruppe von PMAs auf die Stra\u00dfen kam, wurden etwa zwanzig Menschen get\u00f6tet. Domino MDMA.<\/p>\n<p>All diese Dinge scheinen bei den neuesten Blue Domino Ecstasy Pills zu fehlen. Ich vermeide gew\u00f6hnliche Pillen, aber Imagine ist immer noch praktikabel zu verabreichen. Blue Domino Ecstasy Pills haben seit 2017 keine logischen Anzeichen gezeigt. Es wurde kurzzeitig in der Psychotherapie eingesetzt, bevor es ganz verboten wurde. Trotz der Tatsache, dass die Behandlung legal ist, verwenden einige Psychotherapeuten weiterhin Blue Domino Ecstasy Pills in der Strategie. Domino MDMA.<\/p>\n<p>Die Geb\u00fchren sollten von den Anbietern gesenkt werden. Ich w\u00e4re bereit, in gutem Glauben jede Menge Geld zu zahlen, um diese vergangene \u00c4ra wieder zu erleben. Delight ist eine der vielen Architektendrogen, die derzeit auf dem Vormarsch sind, weil sich ein Untergrundlabor die Entwicklung in der Chemie zunutze macht. Um das Drogengesetz zu umgehen, versuchen diese Labors, die chemische Struktur bestehender Drogen zu ver\u00e4ndern, um neue Typen mit denselben Eigenschaften zu schaffen. Domino MDMA.<\/p>\n<h4><span class=\"ez-toc-section\" id=\"ECSTASY_ONLINE_KAUFEN_EUROPA\"><\/span>ECSTASY ONLINE KAUFEN EUROPA<span class=\"ez-toc-section-end\"><\/span><\/h4>\n<p>Diese Tests f\u00fchren dazu, dass die Originaldroge auf den Markt kommt, wobei Rapture zweifelsohne eine davon ist. Das Hauptproblem schien zu sein, dass es etwa eine Stunde dauerte, bis die Wirkung eintrat (im Gegensatz zu 30 bis 40 Minuten bei Blue Domino Ecstasy Pills), so dass die Kunden das Gef\u00fchl hatten, sie h\u00e4tten machtlose Pillen bekommen, wenn in der ersten Stunde kaum etwas passierte, so dass sie ein paar unbestreitbar mehr nahmen und \u00fcberschw\u00e4nglich wurden. Die Verk\u00e4ufer geben gelegentlich an, dass eine Blue Domino MDMA Pill LSD oder Meskalin enth\u00e4lt, um ihre deutlich &#8222;halluzinogeneren&#8220; Eigenschaften zu erkl\u00e4ren (wie es ein MDA-Beh\u00e4lter tun w\u00fcrde). Ecstasy online kaufen<\/p>\n<p>Obwohl Meskalin weit verbreitet ist, ist es in der pharmazeutischen Industrie \u00e4u\u00dferst selten anzutreffen. Lorna Spinks, ein Bliss-Opfer, starb kurz nach der Einnahme von zwei &#8222;Colossal strength&#8220;-Tabletten, die fast ein Vielfaches der normalen Dosis des Medikaments ausmachten. Die gemeinn\u00fctzige Drogenhilfe- und Unfug-Verminderungsgruppe &#8222;The Loop&#8220; wendet sich an die Teilnehmer, um sie \u00fcber bestimmte Tabletten aufzukl\u00e4ren, die sie komplett meiden oder bei deren Einnahme sie extrem vorsichtig sein m\u00fcssen. Ecstasy online kaufen<\/p>\n<p>Blue Domino Ecstasy Pills k\u00f6nnen gelegentlich Drogenkonsumenten t\u00f6ten, aber meistens verursachen sie \u00dcbelkeit, Raserei, Misstrauen und Unruhe. Manchmal werden Dealer Blue Domino Ecstasy Pills, die LSD oder Meskalin enthalten, klarstellen, um ihre zus\u00e4tzlichen &#8222;halluzinogenen&#8220; Eigenschaften zu erkl\u00e4ren (z. B. w\u00fcrde ein MDA-Beh\u00e4lter entstehen.) Domino MDMA.<\/p>\n<h4><span class=\"ez-toc-section\" id=\"BLau_Domino_MDMA_pills_zu_verkaufen\"><\/span>BLau Domino MDMA pills zu verkaufen<span class=\"ez-toc-section-end\"><\/span><\/h4>\n<p>Unabh\u00e4ngig davon, wie bekannt es ist, ist Meskalin wirklich beispiellos in der pharmazeutischen Industrie. Euphoria ist h\u00f6chstwahrscheinlich eine Menge Sch\u00f6pfer Verschreibung, die derzeit steigt als Folge der U-Bahn-Labors unter Ausnutzung der wissenschaftlichen Fortschritte. Die Verbindung mit der Nase mit dem oralen Grube erreicht eine extrem harte Stil in den Mund, wenn \u00fcbersehen nach unten, die \u00dcbelkeit und Aufsto\u00dfen verursachen kann, vor allem in jetzt fermentiert M\u00e4gen. Ecstasy online kaufen<\/p>\n<p>Die negativen Auswirkungen von Freude Blue Domino Ecstasy Pills kann einige Zeit dauern, um auf ihre eigenen zu entdecken. Einige der Zeit erscheinen und kann zwei bis 90 Tage der Standard-Medikamente verwenden. Ein einziger Monatsvorrat von Blue Domino Ecstasy Pills Improvement enth\u00e4lt 60 Beh\u00e4lter, so dass Sie zwei von diesen regelm\u00e4\u00dfig konsumieren sollten. Nehmen Sie sie mit einem Glas Wasser und einer besseren Ern\u00e4hrung Plan jeden Morgen, und weiterhin mit ihm nicht weniger als mehrere Male, ohne eine Portion zu arbeiten, wenn Sie lang anhaltende Ergebnisse ben\u00f6tigen. Ecstasy online kaufen<\/p>","protected":false},"excerpt":{"rendered":"<p>Domino MDMA Endlich Ecstasy online kaufen, diskret innerhalb von 24 Stunden. Rapture (Blue Domino Ecstasy Pills) ist in Tablettenform erh\u00e4ltlich,<\/p>","protected":false},"featured_media":1542,"comment_status":"open","ping_status":"closed","template":"","meta":{"jetpack_publicize_message":"","jetpack_publicize_feature_enabled":true,"jetpack_social_post_already_shared":false,"jetpack_social_options":{"image_generator_settings":{"template":"highway","default_image_id":0,"font":"","enabled":false},"version":2}},"product_brand":[],"product_cat":[297],"product_tag":[],"class_list":{"0":"post-1526","1":"product","2":"type-product","3":"status-publish","4":"has-post-thumbnail","6":"product_cat-psychedelika-kaufen","8":"first","9":"instock","10":"taxable","11":"shipping-taxable","12":"purchasable","13":"product-type-variable"},"jetpack_publicize_connections":[],"jetpack_sharing_enabled":true,"_links":{"self":[{"href":"https:\/\/medschemicalsuppliers.com\/fr\/wp-json\/wp\/v2\/product\/1526","targetHints":{"allow":["GET"]}}],"collection":[{"href":"https:\/\/medschemicalsuppliers.com\/fr\/wp-json\/wp\/v2\/product"}],"about":[{"href":"https:\/\/medschemicalsuppliers.com\/fr\/wp-json\/wp\/v2\/types\/product"}],"replies":[{"embeddable":true,"href":"https:\/\/medschemicalsuppliers.com\/fr\/wp-json\/wp\/v2\/comments?post=1526"}],"version-history":[{"count":0,"href":"https:\/\/medschemicalsuppliers.com\/fr\/wp-json\/wp\/v2\/product\/1526\/revisions"}],"wp:featuredmedia":[{"embeddable":true,"href":"https:\/\/medschemicalsuppliers.com\/fr\/wp-json\/wp\/v2\/media\/1542"}],"wp:attachment":[{"href":"https:\/\/medschemicalsuppliers.com\/fr\/wp-json\/wp\/v2\/media?parent=1526"}],"wp:term":[{"taxonomy":"product_brand","embeddable":true,"href":"https:\/\/medschemicalsuppliers.com\/fr\/wp-json\/wp\/v2\/product_brand?post=1526"},{"taxonomy":"product_cat","embeddable":true,"href":"https:\/\/medschemicalsuppliers.com\/fr\/wp-json\/wp\/v2\/product_cat?post=1526"},{"taxonomy":"product_tag","embeddable":true,"href":"https:\/\/medschemicalsuppliers.com\/fr\/wp-json\/wp\/v2\/product_tag?post=1526"}],"curies":[{"name":"wp","href":"https:\/\/api.w.org\/{rel}","templated":true}]}}