{"id":1533,"date":"2023-06-27T19:19:40","date_gmt":"2023-06-27T18:19:40","guid":{"rendered":"https:\/\/medschemicalsuppliers.com\/?post_type=product&#038;p=1533"},"modified":"2026-03-14T01:38:02","modified_gmt":"2026-03-14T00:38:02","slug":"blue-punisher-mdma","status":"publish","type":"product","link":"https:\/\/medschemicalsuppliers.com\/fr\/product\/blue-punisher-mdma\/","title":{"rendered":"Blue Punisher MDMA 290mg"},"content":{"rendered":"<div id=\"ez-toc-container\" class=\"ez-toc-v2_0_82_2 counter-hierarchy ez-toc-counter ez-toc-grey ez-toc-container-direction\">\n<div class=\"ez-toc-title-container\">\n<p class=\"ez-toc-title\" style=\"cursor:inherit\">Inhalts\u00fcbersicht<\/p>\n<span class=\"ez-toc-title-toggle\"><a href=\"#\" class=\"ez-toc-pull-right ez-toc-btn ez-toc-btn-xs ez-toc-btn-default ez-toc-toggle\" aria-label=\"Toggle Table of Content\"><span class=\"ez-toc-js-icon-con\"><span class=\"\"><span class=\"eztoc-hide\" style=\"display:none;\">Toggle<\/span><span class=\"ez-toc-icon-toggle-span\"><svg style=\"fill: #999;color:#999\" xmlns=\"http:\/\/www.w3.org\/2000\/svg\" class=\"list-377408\" width=\"20px\" height=\"20px\" viewbox=\"0 0 24 24\" fill=\"none\"><path d=\"M6 6H4v2h2V6zm14 0H8v2h12V6zM4 11h2v2H4v-2zm16 0H8v2h12v-2zM4 16h2v2H4v-2zm16 0H8v2h12v-2z\" fill=\"currentColor\"><\/path><\/svg><svg style=\"fill: #999;color:#999\" class=\"arrow-unsorted-368013\" xmlns=\"http:\/\/www.w3.org\/2000\/svg\" width=\"10px\" height=\"10px\" viewbox=\"0 0 24 24\" version=\"1.2\" baseprofile=\"tiny\"><path d=\"M18.2 9.3l-6.2-6.3-6.2 6.3c-.2.2-.3.4-.3.7s.1.5.3.7c.2.2.4.3.7.3h11c.3 0 .5-.1.7-.3.2-.2.3-.5.3-.7s-.1-.5-.3-.7zM5.8 14.7l6.2 6.3 6.2-6.3c.2-.2.3-.5.3-.7s-.1-.5-.3-.7c-.2-.2-.4-.3-.7-.3h-11c-.3 0-.5.1-.7.3-.2.2-.3.5-.3.7s.1.5.3.7z\"\/><\/svg><\/span><\/span><\/span><\/a><\/span><\/div>\n<nav><ul class='ez-toc-list ez-toc-list-level-1' ><li class='ez-toc-page-1 ez-toc-heading-level-2'><a class=\"ez-toc-link ez-toc-heading-1\" href=\"https:\/\/medschemicalsuppliers.com\/fr\/product\/blue-punisher-mdma\/#Blue_Punisher_MDMA\" >Blue Punisher MDMA<\/a><ul class='ez-toc-list-level-3' ><li class='ez-toc-heading-level-3'><a class=\"ez-toc-link ez-toc-heading-2\" href=\"https:\/\/medschemicalsuppliers.com\/fr\/product\/blue-punisher-mdma\/#BLUE_PUNISHER_MDMA_PILLEN_ONLINE_KAUFEN\" >BLUE PUNISHER MDMA PILLEN ONLINE KAUFEN<\/a><ul class='ez-toc-list-level-4' ><li class='ez-toc-heading-level-4'><a class=\"ez-toc-link ez-toc-heading-3\" href=\"https:\/\/medschemicalsuppliers.com\/fr\/product\/blue-punisher-mdma\/#BLUE_PUNISHER_MDMA_PILLS_ZUM_VERKAUF_ONLINE\" >BLUE PUNISHER MDMA PILLS ZUM VERKAUF ONLINE:<\/a><ul class='ez-toc-list-level-5' ><li class='ez-toc-heading-level-5'><a class=\"ez-toc-link ez-toc-heading-4\" href=\"https:\/\/medschemicalsuppliers.com\/fr\/product\/blue-punisher-mdma\/#MDMA_ZU_VERKAUFEN\" >MDMA ZU VERKAUFEN:<\/a><\/li><li class='ez-toc-page-1 ez-toc-heading-level-5'><a class=\"ez-toc-link ez-toc-heading-5\" href=\"https:\/\/medschemicalsuppliers.com\/fr\/product\/blue-punisher-mdma\/#ECSTASY_ZU_VERKAUFEN\" >ECSTASY ZU VERKAUFEN:<\/a><ul class='ez-toc-list-level-6' ><li class='ez-toc-heading-level-6'><a class=\"ez-toc-link ez-toc-heading-6\" href=\"https:\/\/medschemicalsuppliers.com\/fr\/product\/blue-punisher-mdma\/#ZUSATZLICH\" >SUPPL\u00c9MENTAIRE :<\/a><\/li><\/ul><\/li><\/ul><\/li><\/ul><\/li><\/ul><\/li><\/ul><\/nav><\/div>\n<h2 style=\"text-align: left;\"><span class=\"ez-toc-section\" id=\"Blue_Punisher_MDMA\"><\/span>Blue Punisher MDMA<span class=\"ez-toc-section-end\"><\/span><\/h2>\n<p style=\"text-align: left;\">In jedem Fall haben wir Blue Punisher MDMA Pills zum Verkauf zu sehr moderaten Preisen. Eine einzelne South Carolina Forschung umfasste zwanzig Patienten, in der Regel Opfer von sexueller Misshandlung, die PTSD f\u00fcr mehr als 19 Jahre erlebt. Es war eine gef\u00e4lschte Behandlung kontrollierte Bewertung, so dass alle Personen wurden genau eine \u00e4hnliche Behandlung gegeben, aber einige wurden die Blue Punisher MDMA Pills gegeben; 83% von diesen gab die Blue Punisher MDMA Pills nicht mehr erf\u00fcllt die Richtlinien f\u00fcr PTSD Einhaltung der Behandlung, in Korrelation mit f\u00fcnfundzwanzig% der Personen, die nicht bestimmt wurden die Medikamente.<\/p>\n<p style=\"text-align: left;\">Die Ergebnisse haben f\u00fcr verschiedene zahlreiche Jahre gehalten. In der Tat, auch derzeit, Badawy ist besonders energisch wegen des Potenzials findet er in Blue Punisher MDMA Pills half Psychotherapie, unter Hinweis auf die Wohlt\u00e4ter in vor logischen Vorrunden, die von PTSD f\u00fcr eine normale von siebzehn neun Jahren gelitten erlebt. Reaktionen auf Medscape sind gerichtet und werden im Ton und in der Sache qualifiziert sein.<\/p>\n<p style=\"text-align: left;\">Es ist von grundlegender Bedeutung, alle unvereinbaren Umst\u00e4nde zu verk\u00fcnden, die mit Ihren Audits und Reaktionen identifiziert werden. Weitere Informationen finden Sie in unseren Richtlinien f\u00fcr Kommentare. Wir behalten uns das Recht vor, Beitr\u00e4ge nach eigenem Ermessen zu l\u00f6schen. Es ist diese signifikante Erweiterung des Mitgef\u00fchls, die fast sicher eine Aufgabe spielt, w\u00e4hrend in der Angemessenheit der Blue Punisher MDMA Pills f\u00fcr die Unterst\u00fctzung innerhalb der Fix von Verletzungen.<\/p>\n<h3 style=\"text-align: left;\"><span class=\"ez-toc-section\" id=\"BLUE_PUNISHER_MDMA_PILLEN_ONLINE_KAUFEN\"><\/span>BLUE PUNISHER MDMA PILLEN ONLINE KAUFEN<span class=\"ez-toc-section-end\"><\/span><\/h3>\n<p style=\"text-align: left;\">Um Ihnen eine Methode, wie Blue Punisher MDMA Pills klinisch verwendet werden, und genau das, was die F\u00e4higkeit des Opfers ist, ist diese pr\u00e4gnante (neun Minuten) Online-Video eine anst\u00e4ndige Skizze. Wenn die Vorbereitungen tadellos verlaufen, k\u00f6nnen Blue Punisher MDMA Pills im zweiten Jahr 2021 genehmigt werden und stellen eine originelle Methode zur Behandlung von PTBS dar, einer psychischen Erkrankung, die durch das Erleben einer lebensbedrohlichen Feier ausgel\u00f6st werden kann. Blue Punisher MDMA.<\/p>\n<p style=\"text-align: left;\">Der Ausdruck verz\u00f6gerte Exposition zeigt die Art und Weise, dass die Methode Programmierung entstand durch die langwierige Gewohnheit der Exposition Behandlung f\u00fcr Stress Fragen, in denen Kunden geholfen werden, zu trotzen Sicher aber Nervosit\u00e4t bringt Probleme zu besiegen ihre unvern\u00fcnftig, ein \u00dcberma\u00df an Angst und Unbehagen. Gleichzeitig hat PE durch die Anpassung und Erweiterung des Emotional Processing Idea zu PTSD, die das Kernst\u00fcck der effektiv Umgang mit der schrecklichen Erinnerung w\u00e4hrend in der Verbesserung der PTSD Zeichen unterstreicht entstanden. Blue Punisher MDMA.<\/p>\n<p style=\"text-align: left;\">Rund um diese lehrreiche \u00dcbung, die Sch\u00f6pfer Feature, dass die mentale Handhabung w\u00e4re die Komponente grundlegend f\u00fcr die florierende R\u00fcckgang der PTSD Zeichen. Einzelpersonen blieben vom Labor bis zum Abend von der Behandlung Sitzung und ging zu einer Befragung ein anderes fr\u00fchen Morgen. Die Sitzung wurde einen Monat nach der Tat und noch einmal jeden Monat danach wiederholt. Blue Punisher MDMA.<\/p>\n<p style=\"text-align: left;\">Dazwischen hatten die Opfer telefonischen Kontakt mit den Gutachtern, die in die erworbene Behandlungsstrategie eingeweiht worden waren. Es wird angenommen, dass Blue Punisher MDMA Pills dazu beitragen kann, die Auswirkungen von CPT bekannt zu machen. Sofern die Homes of Blue Punisher MDMA Pills, explizit die Chance, mit dem Gef\u00fchl zu bleiben und das Ersuchen um Einsichten, diese Auswirkungen sind besonders mit den Instrumenten der CPT identifiziert. In der Qualifikation, gehen vor Stufe zwei logische Untersuchungen verwendet eine verringerte Dosis von Blue Punisher MDMA Pills, die auf die Verblendung gearbeitet, sondern l\u00f6ste eine geringere Wirkung in Bezug auf die Jahre. Blue Punisher MDMA.<\/p>\n<h4 style=\"text-align: left;\"><span class=\"ez-toc-section\" id=\"BLUE_PUNISHER_MDMA_PILLS_ZUM_VERKAUF_ONLINE\"><\/span>BLUE PUNISHER MDMA PILLS ZUM VERKAUF ONLINE:<span class=\"ez-toc-section-end\"><\/span><\/h4>\n<p style=\"text-align: left;\">Der Teil 3 vorl\u00e4ufige Stil erhielt die Ergebnisdaten Seriosit\u00e4t (trotz angemessener Entblindung), indem Berater feste Wohlbefinden Daten (nach Bedarf) und autonome Rater Umfrage PTSD Schwere und n\u00fctzliche Schw\u00e4chung Informationen, um Pr\u00e4disposition zu verhindern sammeln. 20,21 Durchbr\u00fcche oder verbl\u00fcffende Ver\u00e4nderungen in der Akzeptanz und Sichtweise k\u00f6nnen unwiderlegbar in verschiedenen Behandlungssortimenten auftreten, aber sie k\u00f6nnten sp\u00e4rlich sein und bald nach den Ereignissen gesucht werden. Blue Punisher MDMA Pills zu verkaufen<\/p>\n<p style=\"text-align: left;\">F\u00fcr den Fall, dass diese erweiterte Psychotherapie zuverl\u00e4ssig veranlasst kritische Erfahrungen oder wirklich neue Gesichtspunkte auf ein bestimmtes Leben, Dies kann ein entscheidender Faktor in seiner Ausstellung bei der Behandlung von PTSD und andere Probleme sein. Auf der Suche nach der Heilung mit Blue Punisher MDMA Pills, ein gro\u00dfer Teil der Kreaturen reagierte auf soziale Verbindungen die sehr gleiche Art und Weise wie Jugendliche, durch die Gestaltung einer guten Beziehung zwischen freundlichen Kommunikation zus\u00e4tzlich zu den Bogen Material. Blue Punisher MDMA Pills zu verkaufen<\/p>\n<p style=\"text-align: left;\">Dieses Ergebnis ging f\u00fcr etwa zwei Monate nach der Blue Punisher MDMA Pills fix, und es war nicht in M\u00e4usen gegeben Kochsalzl\u00f6sung Infusionen gesehen. Sp\u00e4ter k\u00f6nnen diese Einrichtungen vielleicht nicht nur direkt Blue Punisher MDMA Pills f\u00fcr PTSD noch wird ebenfalls Psilocybin, und das ist ab sofort zeigt vielversprechend f\u00fcr ein Sortiment von Bedingungen, wie prim\u00e4re Traurigkeit. Blue Punisher MDMA.<\/p>\n<h5 style=\"text-align: left;\"><span class=\"ez-toc-section\" id=\"MDMA_ZU_VERKAUFEN\"><\/span>MDMA ZU VERKAUFEN:<span class=\"ez-toc-section-end\"><\/span><\/h5>\n<p style=\"text-align: left;\">Bis zum Tag der Organisation, Tempo der Nervosit\u00e4t, Kiefer halten \/ engen Kiefer, unzureichende Verlangen nach Nahrung, und Krankheit wurden in den Opfern, die die energetische Teil der Blue Punisher MDMA Pills beschafft erweitert, wenn Tr\u00e4gheit und Migr\u00e4ne gewickelt bis extra durchdringend w\u00e4hrend der Vergleichsgruppe. Blue Punisher MDMA Pills werden normalerweise geschluckt, es wurden jedoch auch Studien zum Rauchen, Schnupfen und Injizieren von Blue Punisher MDMA Pills durchgef\u00fchrt. Blue Punisher MDMA Pills zu verkaufen<\/p>\n<p style=\"text-align: left;\">Endkonsumenten k\u00f6nnen eine zerkleinerte oder pulverisierte Dosis Blue Punisher MDMA Pills in ein kleines St\u00fcck weiches Papier (z. B. Toilettenpapier) stecken und schlucken, um den Wirkungseintritt der Droge zu beschleunigen (sog. Parachuting). Die mit Blue Punisher MDMA Pills unterst\u00fctzte Psychotherapie ist derzeit Gegenstand internationaler Studien zur Behandlung posttraumatischer Belastungsst\u00f6rungen (PTSD). Die Ergebnisse sind ermutigend: Die Verwendung von Blue Punisher MDMA Pills als Erg\u00e4nzung zur Psychotherapie kann sinnvoll sein. Blue Punisher MDMA Pills zu verkaufen<\/p>\n<p style=\"text-align: left;\">F\u00fcr viele Klienten, auch f\u00fcr solche, die seit Jahrzehnten unter erheblichen PTBS-Symptomen leiden und bei denen andere Therapien nicht gewirkt haben. Die Blue Punisher MDMA Pills, die wir hatten, stammten aus einer zuverl\u00e4ssigen Quelle und ich habe sie durch ein Reagenz laufen lassen. Ich wei\u00df, dass ich ohne Labortests im Allgemeinen genau wei\u00df, dass es sich nicht um F\u00e4lschungen handelt, aber viele andere Leute haben eine \u00e4hnliche Menge wie ich eingenommen und sind im t\u00e4glichen Leben nicht auf etwas gesto\u00dfen, das das beste Zeug ist. Blue Punisher MDMA Pillen zu verkaufen<\/p>\n<h5 style=\"text-align: left;\"><span class=\"ez-toc-section\" id=\"ECSTASY_ZU_VERKAUFEN\"><\/span>ECSTASY ZU VERKAUFEN:<span class=\"ez-toc-section-end\"><\/span><\/h5>\n<p style=\"text-align: left;\">Wenn alle die gleiche Charge Blue Punisher MDMA Pills eingenommen haben und nur Ihr Freund das Problem hatte, gibt es eine externe Variable, die sicherlich f\u00fcr die Probleme verantwortlich ist. Es ist m\u00f6glich, einen Anfall zu bekommen, auch wenn es energieintensiv ist, es ist nicht beliebt in der Freizeit und ist viel h\u00e4ufiger, wenn Sie Alkoholentzugserscheinungen haben. Blue Punisher MDMA Pills zu verkaufen<\/p>\n<p style=\"text-align: left;\">Die Geschichte von Blue Punisher MDMA Pills begann lange vor der Rave-Kultur, die sie popul\u00e4r machte. Ein typischer Mythos ist, dass es zuerst von Aaronay.com als Appetitz\u00fcgler synthetisiert und patentiert wurde. Die Hauptursache f\u00fcr Todesf\u00e4lle im Zusammenhang mit Blue Punisher MDMA Pills ist ein Mangel an Aufkl\u00e4rung. Die Menschen lernen nicht, wie man die Droge richtig einnimmt, und verschlimmern dadurch ihre Gesundheits- und Fitnessprobleme. Blue Punisher MDMA Pills zu verkaufen<\/p>\n<h6 style=\"text-align: left;\"><span class=\"ez-toc-section\" id=\"ZUSATZLICH\"><\/span>SUPPL\u00c9MENTAIRE :<span class=\"ez-toc-section-end\"><\/span><\/h6>\n<p style=\"text-align: left;\">Bei verantwortungsvollem Gebrauch ist es eine relativ sichere und zuverl\u00e4ssige Droge. Euphorie k\u00f6nnte keine, oder etwas mehrere, Blue Punisher MDMA Pills enthalten und kann mit anderen zweifellos riskanten Substanzen abgewertet werden. Es wird wirklich in einem nicht-klinischen Rahmen ohne Hilfe von Fachleuten aus der Gesundheitsbranche verwendet. Da die Behandlung noch nicht offiziell zugelassen ist, k\u00f6nnen die Kosten f\u00fcr den Kunden nicht durch die Krankenkassen \u00fcbernommen werden. In der Vergangenheit wurde der erste Preis f\u00fcr ein Programm von Blue Punisher MDMA Pills-unterst\u00fctzter Psychotherapie pro betroffener Person gesch\u00e4tzt. F\u00fcr weitere Informationen <a href=\"https:\/\/medschemicalsuppliers.com\/fr\/kontakt\/\">kontaktieren Sie uns<\/a> bitte.<\/p>","protected":false},"excerpt":{"rendered":"<p>Blue Punisher MDMA In jedem Fall haben wir Blue Punisher MDMA Pills zum Verkauf zu sehr moderaten Preisen. Eine einzelne<\/p>","protected":false},"featured_media":1543,"comment_status":"open","ping_status":"closed","template":"","meta":{"jetpack_publicize_message":"","jetpack_publicize_feature_enabled":true,"jetpack_social_post_already_shared":false,"jetpack_social_options":{"image_generator_settings":{"template":"highway","default_image_id":0,"font":"","enabled":false},"version":2}},"product_brand":[],"product_cat":[297],"product_tag":[],"class_list":{"0":"post-1533","1":"product","2":"type-product","3":"status-publish","4":"has-post-thumbnail","6":"product_cat-psychedelika-kaufen","8":"first","9":"instock","10":"taxable","11":"shipping-taxable","12":"purchasable","13":"product-type-variable"},"jetpack_publicize_connections":[],"jetpack_sharing_enabled":true,"_links":{"self":[{"href":"https:\/\/medschemicalsuppliers.com\/fr\/wp-json\/wp\/v2\/product\/1533","targetHints":{"allow":["GET"]}}],"collection":[{"href":"https:\/\/medschemicalsuppliers.com\/fr\/wp-json\/wp\/v2\/product"}],"about":[{"href":"https:\/\/medschemicalsuppliers.com\/fr\/wp-json\/wp\/v2\/types\/product"}],"replies":[{"embeddable":true,"href":"https:\/\/medschemicalsuppliers.com\/fr\/wp-json\/wp\/v2\/comments?post=1533"}],"version-history":[{"count":0,"href":"https:\/\/medschemicalsuppliers.com\/fr\/wp-json\/wp\/v2\/product\/1533\/revisions"}],"wp:featuredmedia":[{"embeddable":true,"href":"https:\/\/medschemicalsuppliers.com\/fr\/wp-json\/wp\/v2\/media\/1543"}],"wp:attachment":[{"href":"https:\/\/medschemicalsuppliers.com\/fr\/wp-json\/wp\/v2\/media?parent=1533"}],"wp:term":[{"taxonomy":"product_brand","embeddable":true,"href":"https:\/\/medschemicalsuppliers.com\/fr\/wp-json\/wp\/v2\/product_brand?post=1533"},{"taxonomy":"product_cat","embeddable":true,"href":"https:\/\/medschemicalsuppliers.com\/fr\/wp-json\/wp\/v2\/product_cat?post=1533"},{"taxonomy":"product_tag","embeddable":true,"href":"https:\/\/medschemicalsuppliers.com\/fr\/wp-json\/wp\/v2\/product_tag?post=1533"}],"curies":[{"name":"wp","href":"https:\/\/api.w.org\/{rel}","templated":true}]}}