{"id":1618,"date":"2023-06-27T19:20:11","date_gmt":"2023-06-27T18:20:11","guid":{"rendered":"https:\/\/medschemicalsuppliers.com\/?post_type=product&#038;p=1618"},"modified":"2026-03-11T01:35:47","modified_gmt":"2026-03-11T00:35:47","slug":"5f-mdmb-2201","status":"publish","type":"product","link":"https:\/\/medschemicalsuppliers.com\/fr\/product\/5f-mdmb-2201\/","title":{"rendered":"5F-MDMB-2201"},"content":{"rendered":"<div id=\"ez-toc-container\" class=\"ez-toc-v2_0_82_2 counter-hierarchy ez-toc-counter ez-toc-grey ez-toc-container-direction\">\n<div class=\"ez-toc-title-container\">\n<p class=\"ez-toc-title\" style=\"cursor:inherit\">Inhalts\u00fcbersicht<\/p>\n<span class=\"ez-toc-title-toggle\"><a href=\"#\" class=\"ez-toc-pull-right ez-toc-btn ez-toc-btn-xs ez-toc-btn-default ez-toc-toggle\" aria-label=\"Toggle Table of Content\"><span class=\"ez-toc-js-icon-con\"><span class=\"\"><span class=\"eztoc-hide\" style=\"display:none;\">Toggle<\/span><span class=\"ez-toc-icon-toggle-span\"><svg style=\"fill: #999;color:#999\" xmlns=\"http:\/\/www.w3.org\/2000\/svg\" class=\"list-377408\" width=\"20px\" height=\"20px\" viewbox=\"0 0 24 24\" fill=\"none\"><path d=\"M6 6H4v2h2V6zm14 0H8v2h12V6zM4 11h2v2H4v-2zm16 0H8v2h12v-2zM4 16h2v2H4v-2zm16 0H8v2h12v-2z\" fill=\"currentColor\"><\/path><\/svg><svg style=\"fill: #999;color:#999\" class=\"arrow-unsorted-368013\" xmlns=\"http:\/\/www.w3.org\/2000\/svg\" width=\"10px\" height=\"10px\" viewbox=\"0 0 24 24\" version=\"1.2\" baseprofile=\"tiny\"><path d=\"M18.2 9.3l-6.2-6.3-6.2 6.3c-.2.2-.3.4-.3.7s.1.5.3.7c.2.2.4.3.7.3h11c.3 0 .5-.1.7-.3.2-.2.3-.5.3-.7s-.1-.5-.3-.7zM5.8 14.7l6.2 6.3 6.2-6.3c.2-.2.3-.5.3-.7s-.1-.5-.3-.7c-.2-.2-.4-.3-.7-.3h-11c-.3 0-.5.1-.7.3-.2.2-.3.5-.3.7s.1.5.3.7z\"\/><\/svg><\/span><\/span><\/span><\/a><\/span><\/div>\n<nav><ul class='ez-toc-list ez-toc-list-level-1' ><li class='ez-toc-page-1 ez-toc-heading-level-2'><a class=\"ez-toc-link ez-toc-heading-1\" href=\"https:\/\/medschemicalsuppliers.com\/fr\/product\/5f-mdmb-2201\/#5F-MDMB-2201\" >5F-MDMB-2201<\/a><ul class='ez-toc-list-level-3' ><li class='ez-toc-heading-level-3'><a class=\"ez-toc-link ez-toc-heading-2\" href=\"https:\/\/medschemicalsuppliers.com\/fr\/product\/5f-mdmb-2201\/#5F-MDMB-2201_ONLINE_KAUFEN\" >5F-MDMB-2201 ONLINE KAUFEN<\/a><ul class='ez-toc-list-level-4' ><li class='ez-toc-heading-level-4'><a class=\"ez-toc-link ez-toc-heading-3\" href=\"https:\/\/medschemicalsuppliers.com\/fr\/product\/5f-mdmb-2201\/#5F-MDMB-2201_ZUM_VERKAUF_ONLINE\" >5F-MDMB-2201 ZUM VERKAUF ONLINE<\/a><\/li><li class='ez-toc-page-1 ez-toc-heading-level-4'><a class=\"ez-toc-link ez-toc-heading-4\" href=\"https:\/\/medschemicalsuppliers.com\/fr\/product\/5f-mdmb-2201\/#ZUSATZLICH\" >ZUS\u00c4TZLICH<\/a><\/li><\/ul><\/li><\/ul><\/li><\/ul><\/nav><\/div>\n<h2><span class=\"ez-toc-section\" id=\"5F-MDMB-2201\"><\/span>5F-MDMB-2201<span class=\"ez-toc-section-end\"><\/span><\/h2>\n<p>Das erste, was zu erinnern ist, dass wir hochwertige 5F-MDMB-2201 FOR SALE zu sehr niedrigen Preisen haben. Sie halfen mir durch die Interaktion und Krypto, die ich nicht in der Lage war, zu arbeiten, sie halfen mir, Bitcoins zu bekommen, und sie waren dort mit mir alle durch das Kaufverfahren f\u00fcr 5f-mdmb-2201 zu niedrigen Kosten Bereichen.5F-MDMB-2201 ist bekannt, dass ein sehr leistungsf\u00e4higes CB1 Agonist, aber es ist unklar, ob es eine starke Selektivit\u00e4t f\u00fcr CB1 hat, oder in der Tat, ob es in irgendeiner Weise spezifisch ist.<\/p>\n<p>4F-BCA ist ein weiterer synthetischer Wirkstoff mit einer cannabinoiden Anordnung. Das Medikament ist gelb und zu 99,6 % rein. In der glatten und trockenen Umgebung muss die Person mit dem Pr\u00e4parat mithalten. Das Medikament hat eine fast identische Wirkung zu der von 4adb und 5 ADB. Es ist m\u00f6glich, dass 5F-MDMB-2201 unter verschiedene &#8222;Deckungsverbote&#8220; f\u00fcr synthetische Cannabinoide vom Indazol-Typ f\u00e4llt. 5F-MDMB-2201 ZUM VERKAUF<\/p>\n<p>Pr\u00e4klinische Untersuchungen deuten darauf hin, dass 5F-MDMBPICA an den CB1-Rezeptor bindet und dort als Agonist wirkt. Es gibt keine gedruckten Stellungnahmen zur Sicherheit von 5FMDMB-PICA f\u00fcr den menschlichen Gebrauch. Es k\u00f6nnte auch als eine Probe der verbotenen Substanz betrachtet werden und als solche eingeschr\u00e4nkt werden. An dieser Stelle werden umfangreiche Tests erforderlich sein. 5F-MDMB-2201 ZUM VERKAUF<\/p>\n<h3><span class=\"ez-toc-section\" id=\"5F-MDMB-2201_ONLINE_KAUFEN\"><\/span>5F-MDMB-2201 ONLINE KAUFEN<span class=\"ez-toc-section-end\"><\/span><\/h3>\n<p>Da 5F-MDMB-2201 so neu auf dem Markt ist, ist wenig \u00fcber die Auswirkungen dieses synthetischen Stoffes auf den menschlichen K\u00f6rper bekannt. Au\u00dferdem sind wir immer auf der Suche nach neuen M\u00f6glichkeiten, unser Gesch\u00e4ft im ganzen Land zu erweitern. Daher erhalten wir in der Regel immer dann, wenn wir eine wachsende Zahl von Anfragen f\u00fcr unseren Bestand haben. Wir lagern und unterst\u00fctzen Sie bei der Suche nach den besten Qualit\u00e4tsprodukten zur richtigen Zeit. 5F-MDMB-2201 ZU VERKAUFEN<\/p>\n<p>5F-MDMB-2201 ist mit anderen Cannabinoiden verbunden, nach der Forschung in logischen Forschungseinrichtungen durchgef\u00fchrt. Wenn die Qualit\u00e4ten, sowie die Zusammensetzung der Chemikalie, wird auf diese Verbindung untersucht werden. Sie kann das dopaminerge System aktivieren, was zu einem Anstieg des Dopaminspiegels f\u00fchrt. Stellen Sie sicher, dass Sie au\u00dfergew\u00f6hnlich sind, bevor Sie Ihren Antrag einreichen. 5F-MDMB-2201 ZUM VERKAUF<\/p>\n<p>Wegen der Untersuchung Substanzen, m\u00fcssen Sie halten Ihre Kapazit\u00e4t Bereich perfekt bel\u00fcftet. Es k\u00f6nnte illegal sein, illegale Wanne Salze zu senden, so stellen Sie sicher, dass Sie 5f-mdmb-2201 Rechtm\u00e4\u00dfigkeit in dem Bezirk Sie wohnen \u00fcberpr\u00fcft haben. Um die beste Erfahrung zu machen, fordern Sie legale synthetische Substanzen von echten Herstellern von Pr\u00fcfpr\u00e4paraten an. 5F-MDMB-2201 ZU VERKAUFEN<\/p>\n<h4><span class=\"ez-toc-section\" id=\"5F-MDMB-2201_ZUM_VERKAUF_ONLINE\"><\/span>5F-MDMB-2201 ZUM VERKAUF ONLINE<span class=\"ez-toc-section-end\"><\/span><\/h4>\n<p>Die unten aufgef\u00fchrten M\u00f6glichkeiten wurden von einem gef\u00e4hrlichen Gesch\u00e4ft genehmigt. Um die vorteilhafteste Sammlung zu haben, empfehlen wir, eine Untersuchung der echten Kritiken der Hersteller von Meskalin zu lesen.5f mdmb 2201 ist normalerweise eine Substanz, die Sie ausdr\u00fccklich in Ihrer Unkompliziertheit und Sicherheit von World Chemed profitieren kann. Es wird Ihnen in seiner nat\u00fcrlichen Form in einer tiefgelben glasartigen Struktur pr\u00e4sentiert. 5F-MDMB-2201 ZUM VERKAUF<\/p>\n<p>Infolgedessen k\u00f6nnen Sie 5f-mdmb-2201 online kaufen, ohne Angst zu haben, betrogen zu werden. Wir erwerben mehrere Updates in der Mitte der nahenden Zeit. Gegenw\u00e4rtig werden ca. 90% der \u00dcberweisungen sofort an uns ausgezahlt; Sie sollten sich jedoch bewusst sein, dass es zahlreiche Finanzinstitute gibt, die f\u00fcr die \u00dcberweisung Ihres Guthabens beliebig viele Geb\u00fchren erheben. 5F-MDMB-2201 ZU VERKAUFEN<\/p>\n<p>Es kann sein, dass die Website vor\u00fcbergehend nicht erreichbar ist oder dass die Verbindung vor\u00fcbergehend unterbrochen wird. Wir bewundern Ihre Beharrlichkeit. Ich verwende 5f-mdmb-2201 in verschiedenen Dosierungen seit einigen Monaten. Heute habe ich ein gutes Gesch\u00e4ft mit E-Liquid gemacht. Ich gestikuliere viel und werde tr\u00e4ge, wenn ich mich hinlege. 5F-MDMB-2201 ZU VERKAUFEN<\/p>\n<h4><span class=\"ez-toc-section\" id=\"ZUSATZLICH\"><\/span>ZUS\u00c4TZLICH<span class=\"ez-toc-section-end\"><\/span><\/h4>\n<p>Ich bekomme oft Hei\u00dfhunger, und die verz\u00f6gerte Wirkung h\u00e4lt etwa 8 Stunden an. Insgesamt ist es sehr laut und h\u00e4lt sehr lange an. Europe&#8217;s homegrown conveyance gew\u00e4hrleistet 100% sicheren Transport und Bef\u00f6rderung und sch\u00fctzt Ihre Privatsph\u00e4re vor Anpassung. Wir haben einen H\u00e4ndler-Remailer in Europa, der uns auch bei der rechtzeitigen und angemessenen Lieferung unserer Produkte unterst\u00fctzen kann, und wir haben dort Lagerbest\u00e4nde f\u00fcr die \u00dcberf\u00fchrung. 5F-MDMB-2201 ZU VERKAUFEN<\/p>\n<p>Was ist 5f-MDMB-2201 und was sind die schrecklichsten Ergebnisse von 5f-MDMB-2201 und 5f-MDMB-2201 zum Kauf zur Verf\u00fcgung werden im Allgemeinen die Analoga der unterst\u00fctzten 5f, aber mit einem unglaublich erheblichen Ma\u00df an Entt\u00e4uschung. Dies liegt daran, dass es eine sehr hohe Wahrscheinlichkeit hat, zu MMB hydrolysiert zu werden oder sich nur in MMB selbst aufzuspalten. 5F-MDMB-2201 ZUM VERKAUF<\/p>\n<p>Es ist illegal, illegale Ressourcen in 5F- MDMB- 2201 zu transportieren, so stellen Sie sicher, dass Sie die Untersuchung von zusammengesetzten Substanzen \u00fcberpr\u00fcft haben, die rechtm\u00e4\u00dfig in Ihrem Gebiet bleiben. Um die beste Erfahrung zu haben, kaufen Sie dieses Produkt von einem echten \u00dcberpr\u00fcfung synthetischen Hersteller. Store bedeutet in echten RC Internet-Standorten. 5F-MDMB-2201 ZU VERKAUFEN<\/p>\n<p>Also, nach ein paar deutlich mehr Erfahrungen, entdeckte ich, dass die Ergebnisse f\u00fcr ein paar Stunden fortgesetzt, wie diese, aber ich war nicht sicher, was ich sah. Ich habe einen irrelevanten Grad von mdmb-2201 auf dem Papier geschnitten und festgestellt, nur ein paar Tage nach dem Gebrauch. Wir bekr\u00e4ftigen, dass die Betrachtung der echten Verk\u00e4ufermeinungen von K\u00fcbelsalzen Ihnen die beste Neigung geben wird.5F-MDMB-2201 ist daf\u00fcr bekannt, ein wirklich effektiver CB1-Agonist zu sein. F\u00fcr weitere Informationen, <a href=\"https:\/\/medschemicalsuppliers.com\/fr\/kontakt\/\">kontaktieren Sie uns<\/a> bitte.<\/p>","protected":false},"excerpt":{"rendered":"<p>5F-MDMB-2201 Das erste, was zu erinnern ist, dass wir hochwertige 5F-MDMB-2201 FOR SALE zu sehr niedrigen Preisen haben. Sie halfen<\/p>","protected":false},"featured_media":1643,"comment_status":"open","ping_status":"closed","template":"","meta":{"jetpack_publicize_message":"","jetpack_publicize_feature_enabled":true,"jetpack_social_post_already_shared":false,"jetpack_social_options":{"image_generator_settings":{"template":"highway","default_image_id":0,"font":"","enabled":false},"version":2}},"product_brand":[],"product_cat":[258,163],"product_tag":[],"class_list":{"0":"post-1618","1":"product","2":"type-product","3":"status-publish","4":"has-post-thumbnail","6":"product_cat-cannabinoid-kaufen","7":"product_cat-forschungschemikalien","9":"first","10":"instock","11":"taxable","12":"shipping-taxable","13":"purchasable","14":"product-type-variable"},"jetpack_publicize_connections":[],"jetpack_sharing_enabled":true,"_links":{"self":[{"href":"https:\/\/medschemicalsuppliers.com\/fr\/wp-json\/wp\/v2\/product\/1618","targetHints":{"allow":["GET"]}}],"collection":[{"href":"https:\/\/medschemicalsuppliers.com\/fr\/wp-json\/wp\/v2\/product"}],"about":[{"href":"https:\/\/medschemicalsuppliers.com\/fr\/wp-json\/wp\/v2\/types\/product"}],"replies":[{"embeddable":true,"href":"https:\/\/medschemicalsuppliers.com\/fr\/wp-json\/wp\/v2\/comments?post=1618"}],"version-history":[{"count":0,"href":"https:\/\/medschemicalsuppliers.com\/fr\/wp-json\/wp\/v2\/product\/1618\/revisions"}],"wp:featuredmedia":[{"embeddable":true,"href":"https:\/\/medschemicalsuppliers.com\/fr\/wp-json\/wp\/v2\/media\/1643"}],"wp:attachment":[{"href":"https:\/\/medschemicalsuppliers.com\/fr\/wp-json\/wp\/v2\/media?parent=1618"}],"wp:term":[{"taxonomy":"product_brand","embeddable":true,"href":"https:\/\/medschemicalsuppliers.com\/fr\/wp-json\/wp\/v2\/product_brand?post=1618"},{"taxonomy":"product_cat","embeddable":true,"href":"https:\/\/medschemicalsuppliers.com\/fr\/wp-json\/wp\/v2\/product_cat?post=1618"},{"taxonomy":"product_tag","embeddable":true,"href":"https:\/\/medschemicalsuppliers.com\/fr\/wp-json\/wp\/v2\/product_tag?post=1618"}],"curies":[{"name":"wp","href":"https:\/\/api.w.org\/{rel}","templated":true}]}}