{"id":1625,"date":"2023-06-27T19:20:11","date_gmt":"2023-06-27T18:20:11","guid":{"rendered":"https:\/\/medschemicalsuppliers.com\/?post_type=product&#038;p=1625"},"modified":"2026-03-01T19:02:11","modified_gmt":"2026-03-01T18:02:11","slug":"ab-fubinaca-kaufen","status":"publish","type":"product","link":"https:\/\/medschemicalsuppliers.com\/fr\/product\/ab-fubinaca-kaufen\/","title":{"rendered":"Achetez AB Fubinaca"},"content":{"rendered":"<div id=\"ez-toc-container\" class=\"ez-toc-v2_0_82_2 counter-hierarchy ez-toc-counter ez-toc-grey ez-toc-container-direction\">\n<div class=\"ez-toc-title-container\">\n<p class=\"ez-toc-title\" style=\"cursor:inherit\">Inhalts\u00fcbersicht<\/p>\n<span class=\"ez-toc-title-toggle\"><a href=\"#\" class=\"ez-toc-pull-right ez-toc-btn ez-toc-btn-xs ez-toc-btn-default ez-toc-toggle\" aria-label=\"Toggle Table of Content\"><span class=\"ez-toc-js-icon-con\"><span class=\"\"><span class=\"eztoc-hide\" style=\"display:none;\">Toggle<\/span><span class=\"ez-toc-icon-toggle-span\"><svg style=\"fill: #999;color:#999\" xmlns=\"http:\/\/www.w3.org\/2000\/svg\" class=\"list-377408\" width=\"20px\" height=\"20px\" viewbox=\"0 0 24 24\" fill=\"none\"><path d=\"M6 6H4v2h2V6zm14 0H8v2h12V6zM4 11h2v2H4v-2zm16 0H8v2h12v-2zM4 16h2v2H4v-2zm16 0H8v2h12v-2z\" fill=\"currentColor\"><\/path><\/svg><svg style=\"fill: #999;color:#999\" class=\"arrow-unsorted-368013\" xmlns=\"http:\/\/www.w3.org\/2000\/svg\" width=\"10px\" height=\"10px\" viewbox=\"0 0 24 24\" version=\"1.2\" baseprofile=\"tiny\"><path d=\"M18.2 9.3l-6.2-6.3-6.2 6.3c-.2.2-.3.4-.3.7s.1.5.3.7c.2.2.4.3.7.3h11c.3 0 .5-.1.7-.3.2-.2.3-.5.3-.7s-.1-.5-.3-.7zM5.8 14.7l6.2 6.3 6.2-6.3c.2-.2.3-.5.3-.7s-.1-.5-.3-.7c-.2-.2-.4-.3-.7-.3h-11c-.3 0-.5.1-.7.3-.2.2-.3.5-.3.7s.1.5.3.7z\"\/><\/svg><\/span><\/span><\/span><\/a><\/span><\/div>\n<nav><ul class='ez-toc-list ez-toc-list-level-1' ><li class='ez-toc-page-1 ez-toc-heading-level-2'><a class=\"ez-toc-link ez-toc-heading-1\" href=\"https:\/\/medschemicalsuppliers.com\/fr\/product\/ab-fubinaca-kaufen\/#AB_Fubinaca_kaufen\" >Acheter AB Fubinaca<\/a><ul class='ez-toc-list-level-3' ><li class='ez-toc-heading-level-3'><a class=\"ez-toc-link ez-toc-heading-2\" href=\"https:\/\/medschemicalsuppliers.com\/fr\/product\/ab-fubinaca-kaufen\/#AB-FUBINACA_ONLINE_KAUFEN\" >AB-FUBINACA ONLINE KAUFEN:<\/a><ul class='ez-toc-list-level-4' ><li class='ez-toc-heading-level-4'><a class=\"ez-toc-link ez-toc-heading-3\" href=\"https:\/\/medschemicalsuppliers.com\/fr\/product\/ab-fubinaca-kaufen\/#AB-FUBINACA_ZUM_VERKAUF_ONLINE\" >AB-FUBINACA ZUM VERKAUF ONLINE:<\/a><ul class='ez-toc-list-level-5' ><li class='ez-toc-heading-level-5'><a class=\"ez-toc-link ez-toc-heading-4\" href=\"https:\/\/medschemicalsuppliers.com\/fr\/product\/ab-fubinaca-kaufen\/#ZUSATZLICH\" >SUPPL\u00c9MENTAIRE :<\/a><\/li><\/ul><\/li><\/ul><\/li><\/ul><\/li><\/ul><\/nav><\/div>\n<h2><span class=\"ez-toc-section\" id=\"AB_Fubinaca_kaufen\"><\/span><span class=\"___SText_4qyg4-ko_\" data-ui-name=\"Link.Text\">Acheter AB Fubinaca<\/span><span class=\"ez-toc-section-end\"><\/span><\/h2>\n<p>Wir haben AB-FUBINACA ZU VERKAUFEN, die neueste synthetische Droge, die als zugelassene und wirklich erfolgreiche Alternative zu Cannabis dienen kann. W\u00e4hrend die Herstellung und der Verkauf von Cannabis in den meisten L\u00e4ndern der Welt illegal sind, unterliegt AB-FUBINACA nicht diesen Beschr\u00e4nkungen. Die synthetische Droge AB-FUBINACA ist legal, und man kann sie direkt im Internet kaufen.<\/p>\n<p>RC Chemicals wurde in China gegr\u00fcndet, wo wir \u00fcber eine hochmoderne Syntheseanlage verf\u00fcgen. Wir waren in der Lage, jede chemische Verbindung zu synthetisieren, und unsere Experten haben eine Methode entwickelt, um AB-FUBINACA mit einem Reinheitsgrad von etwa 100 Prozent zu erhalten. AB-FUBINACA hingegen ist legal zu besitzen, weshalb es seit langem verwendet wird. AB-FUBINACA ZUM VERKAUF<\/p>\n<p>Gelegentlich als synthetische Droge. Es ist offensichtlich extrem potent, und andere Personen, die Designerdrogen bevorzugen, haben es in letzter Zeit konsumiert. Es ist nicht festgestellt worden, dass AB-FUBINACA die allgemeinen Nebenwirkungen der traditionellen Medizin \u00fcbernimmt. AB-FUBINACA ist praktisch nicht f\u00fcr den menschlichen Verzehr geeignet. Es wird in keiner Weise vermarktet und muss nicht in vivo verwendet werden. Es handelt sich um eine Explorations-Chemikalie, die nur von Fachleuten in der Industrie in einer forensischen oder Laborumgebung verwendet werden sollte. AB Fubinaca kaufen.<\/p>\n<p>Wir liefern hochwertige Explorationschemikalien in die ganze Welt. Unsere Produkte werden von f\u00fchrenden Labors in den Vereinigten Staaten von Amerika bezogen, so dass Sie sicher sein k\u00f6nnen, dass die von Ihnen gekauften Chemikalien in ihrer reinsten Form vorliegen und in der Lage sind, die besten Ergebnisse zu erzielen. Wir setzen die neuesten wissenschaftlichen Erkenntnisse ein, um den niedrigsten Preis in der Branche f\u00fcr chemische Studien zu bieten. AB Fubinaca kaufen.<\/p>\n<h3><span class=\"ez-toc-section\" id=\"AB-FUBINACA_ONLINE_KAUFEN\"><\/span>AB-FUBINACA ONLINE KAUFEN:<span class=\"ez-toc-section-end\"><\/span><\/h3>\n<p>Die Zusammenarbeit mit seri\u00f6sen Lieferanten von Studiensubstanzen gew\u00e4hrleistet hervorragende Ergebnisse bei Ihren Experimenten und Studien. Die Auswertung einer signifikanten und tats\u00e4chlichen Kettenaktion (PCR) erfolgte f\u00fcnfmal in Rattenherzen und -lebern. nj\u0435\u0441t\u043ern \u0435\u043e-nfl\u0430mm\u0430t\u043ern \u0435\u0435 h\u0435v\u0435r \u0430nd \u0440r\u043e-nfl\u0430mm\u0430t\u043ern \u0435 \u0435 nfl\u0430mm\u0430t\u043ern In \u043en\u0435 tud\u0443, akute AB FUBINACA \u0440r\u043edu\u0441\u0435d n\u0435ur\u043el\u043eg\u0441\u0430l in n m\u0430l\u0435 ICR-M\u00e4usen als \u0440\u043ent\u0430n\u0435\u043eu und Behandlung induzieren Konvulsion, Hyperreflexie, Myoklonus, modifizierte en\u043erm\u043et\u043er \u0435ff\u0435\u0441t, und Aggression. AB-FUBINACA ZUM VERKAUF<\/p>\n<p>AB-FUBINACA wurde nicht auf seine F\u00e4higkeit getestet, einen Spontanabort bei Tieren auszul\u00f6sen, und es wurde auch nicht am Menschen getestet. Der Magenmuskel CHMINACA ist \u00e4hnlich wie AB-FUBINACA, bei dem eine Cyclohexylgruppe durch eine Vier-Fluorphenylgruppe ersetzt wurde. Die k\u00f6rperlichen und toxikologischen Eigenschaften der Verbindung sind noch nicht bekannt. AB-FUBINACA ZUM VERKAUF<\/p>\n<p>Der Artikel wurde zu Forschungs- und wissenschaftlichen Zwecken geliefert. Das AB-FUBINACA-Originalpr\u00e4parat ist zugelassen, und Sie k\u00f6nnen es direkt \u00fcber das Internet kaufen. RC Chemical Substanzen sind in China, wo wir unsere Bedingung von der Handwerkskunst Kombination B\u00fcro finden k\u00f6nnen etabliert. Wir k\u00f6nnen jede m\u00f6gliche Substanzverbindung kombinieren, und unsere Experten haben eine Methode ausgedacht, um AB-FUBINACA mit einem immaculateness Niveau von fast 100% zu erhalten. AB Fubinaca kaufen<\/p>\n<h4><span class=\"ez-toc-section\" id=\"AB-FUBINACA_ZUM_VERKAUF_ONLINE\"><\/span>AB-FUBINACA ZUM VERKAUF ONLINE:<span class=\"ez-toc-section-end\"><\/span><\/h4>\n<p>Dar\u00fcber hinaus wurden SCs effektiv beschlagnahmt, wenn sie durch Dampfen oder intraperitoneale Infusion kontrolliert wurden, wie innerhalb von Lebewesen durch Beobachtung von Geschwindigkeit, Rahmentemperatur und Pharmakokinetik best\u00e4tigt. Durch eine Mischung Antik\u00f6rper Ansatz, lehrten wir auch synergistische Ergebnisse gleichzeitig unpolished zwei Medikamente Kurse. AB Fubinaca kaufen.<\/p>\n<p>Die Gefahren und der langfristige Nutzen des sportlichen AB-FUBINACA-Gebrauchs scheinen nicht, in jeder logischen Einstellung studiert worden zu sein, und der genaue sch\u00e4dliche Effekt ist neu. Das liegt daran, dass es f\u00fcr AB-FUBINACA so gut wie keine Erfahrungen mit der Verwendung beim Menschen gibt. Narrative Best\u00e4tigung von den Einzelpersonen, die AB-FUBINACA in der lokalen Leutegruppe versucht haben, schl\u00e4gt vor, da\u00df es nie scheint, irgendwelche negativen Wohl und Wellnessresultate zu sein, die zum einfach Suchen dieses Medikaments in den kleinen zu den direkten Portionen alleine und zum Verwenden es sparsam gutgeschrieben werden (gleichwohl nichts an allem ist gew\u00f6hnlich vollst\u00e4ndig sichergestellt). AB-FUBINACA ZUM VERKAUF<\/p>\n<p>Insgesamt bietet unsere Umfrage eine breite Grundlage f\u00fcr die Gelegenheit von SC-Impfungen. Interaktion und sexuelle Orientierung haben einen erheblichen Einfluss auf die emotionalen Ergebnisse und pharmakologisch-toxikologischen Reaktionen auf Verschreibungen. M\u00e4nner konsumieren h\u00e4ufiger als Frauen praktisch jede Art von illegalen Medikamenten und melden sich wegen kritischer oder t\u00f6dlicher Trunkenheit in schockierenden Krisenabteilungen. AB-FUBINACA ZU VERKAUFEN\u00a0 Bei M\u00e4dchen hingegen ist die Wahrscheinlichkeit, dass sie eine Substanzkonsumst\u00f6rung entwickeln, genauso hoch wie bei M\u00e4nnern, und sie sind m\u00f6glicherweise anf\u00e4lliger f\u00fcr Verlangen und R\u00fcckf\u00e4lle. Klinische und pr\u00e4klinische Studien haben gezeigt, dass sich M\u00e4nner und Frauen schon bald nach der Verabreichung &#8222;konventioneller&#8220; Rezepte f\u00fcr den Missbrauch von Drogen entscheidend unterscheiden. AB-FUBINACA ZUM VERKAUF<\/p>\n<p>Diese Situation hat sich in letzter Zeit enorm verfeinert, da die tyrannische visuelle Verlockung der neuen psychoaktiven Substanzen (NPS) als Alternativen zu kontrollierten Arzneimitteln auftaucht. Nichtsdestotrotz wird aufgrund der Entwicklung neuer Substanzen die Liste der von \u00c4rzten empfohlenen kontrollierten Medikamente st\u00e4ndig aktualisiert. AB-FUBINACA ZU VERKAUFEN<\/p>\n<p>\u00dcber die Wirkungsweise dieser Substanzen sowie ihre sch\u00e4dlichen Auswirkungen auf den Menschen und vergleichbare Gegenst\u00e4nde, die nicht nur in der Menge, sondern auch in der Art des zugesetzten Materials variieren k\u00f6nnen, ist wenig bekannt. In j\u00fcngster Zeit wurden gef\u00e4lschte Cannabinoide in Europa mit fl\u00fcchtigen und schweren Rauschzust\u00e4nden in Verbindung gebracht, und trotz des Umfangs der neuen Ma\u00dfnahmen in diesem Bereich, vorw\u00e4rts, um ein Problem zu beschreiben, um Drogen-Strategie Elemente einzuf\u00fchren. AB-FUBINACA ZUM VERKAUF<\/p>\n<p>Bauchmuskel FUBINACA wurde vor kurzem entdeckt, und es ist eine synthetische Verbindung, die als Standard-Ersatz f\u00fcr verschiedene unverf\u00e4lschte Cannabis positiv ausf\u00fcllen k\u00f6nnte. Doch wie bereits erw\u00e4hnt, ist Standard-Cannabis in der Regel illegal in einer unglaublichen Anordnung von L\u00e4ndern auf der ganzen Welt, wo immer in der Welt. AB-FUBINACA ZU VERKAUFEN<\/p>\n<p>Im Juni 2018 wurde eine &#8222;Untersuchungsverbindung&#8220; mit der Bezeichnung &#8222;ABFUB7AICA&#8220; im Internet entdeckt und als 5FABP7AICA identifiziert, das einfache 7-Azaindol von 5FABPINACA. Wir pr\u00e4sentieren Daten \u00fcber die zugrundeliegende Darstellung, die optimalen Marker f\u00fcr die Verwendung im Urin und die beginnenden pharmakokinetischen Feinheiten darunter. Wegen der hohen Reinheit des Medikaments sollte der K\u00e4ufer es nur in winzigen Dosen einnehmen. AB Fubinaca kaufen<\/p>\n<h5><span class=\"ez-toc-section\" id=\"ZUSATZLICH\"><\/span>SUPPL\u00c9MENTAIRE :<span class=\"ez-toc-section-end\"><\/span><\/h5>\n<p>Die durchschnittliche Messung von AB-FUBINACA ist in Milligramm, und eine Ber\u00fchrung von 20 Milligramm AB-FUBINACA wird eine umfassende sichtbare und h\u00f6rbare Sensation bieten. Zur Darstellung der Zusammensetzung wurden die Atomschall-Spektroskopie, die Brennstoff-Chromatographie-Massenspektrometrie, die Infrarot- und die Raman-Spektroskopie eingesetzt. AB Fubinaca kaufen.<\/p>\n<p>Diese synthetischen Substanzen sind deutlich st\u00e4rker als reines Cannabis und haben sich als breitere Agonisten f\u00fcr Cannabinoidrezeptoren erwiesen. Es ist m\u00f6glich, dass einige von ihnen nicht nur unglaublich stark sind, sondern auch eine verl\u00e4ngerte Lebensdauer von 50 % haben, was eine kontinuierliche psychoaktive Wirkung erm\u00f6glicht. Die Wirkung von Cannabis wird durch den Bauchmuskel CHMINACA erzeugt. AB-FUBINACA ZU VERKAUFEN<\/p>\n<p>Pfizer hat das Medikament 2009 als starkes Schmerzmittel entwickelt, aber es wurde noch nie beim Menschen eingesetzt. Dies ist ein Programm I Substanz, die derzeit in den Vereinigten Staaten und bietet eine Bewertung der aktuellen Schreiben \u00fcber die F\u00f6rderung der gef\u00e4lschten Cannabinoide als Substanzen des Missbrauchs, sp\u00e4ten Beispielen von Misshandlung, sowie ihre rechtliche Position, und Verbindung Ordnung. F\u00fcr weitere Informationen <a href=\"https:\/\/medschemicalsuppliers.com\/fr\/kontakt\/\">kontaktieren Sie uns<\/a> bitte.<\/p>\n<p>&nbsp;<\/p>","protected":false},"excerpt":{"rendered":"<p>AB Fubinaca kaufen Wir haben AB-FUBINACA ZU VERKAUFEN, die neueste synthetische Droge, die als zugelassene und wirklich erfolgreiche Alternative zu<\/p>","protected":false},"featured_media":1824,"comment_status":"open","ping_status":"closed","template":"","meta":{"jetpack_publicize_message":"","jetpack_publicize_feature_enabled":true,"jetpack_social_post_already_shared":false,"jetpack_social_options":{"image_generator_settings":{"template":"highway","default_image_id":0,"font":"","enabled":false},"version":2}},"product_brand":[],"product_cat":[258,163],"product_tag":[],"class_list":{"0":"post-1625","1":"product","2":"type-product","3":"status-publish","4":"has-post-thumbnail","6":"product_cat-cannabinoid-kaufen","7":"product_cat-forschungschemikalien","9":"first","10":"instock","11":"taxable","12":"shipping-taxable","13":"purchasable","14":"product-type-variable"},"jetpack_publicize_connections":[],"jetpack_sharing_enabled":true,"_links":{"self":[{"href":"https:\/\/medschemicalsuppliers.com\/fr\/wp-json\/wp\/v2\/product\/1625","targetHints":{"allow":["GET"]}}],"collection":[{"href":"https:\/\/medschemicalsuppliers.com\/fr\/wp-json\/wp\/v2\/product"}],"about":[{"href":"https:\/\/medschemicalsuppliers.com\/fr\/wp-json\/wp\/v2\/types\/product"}],"replies":[{"embeddable":true,"href":"https:\/\/medschemicalsuppliers.com\/fr\/wp-json\/wp\/v2\/comments?post=1625"}],"version-history":[{"count":0,"href":"https:\/\/medschemicalsuppliers.com\/fr\/wp-json\/wp\/v2\/product\/1625\/revisions"}],"wp:featuredmedia":[{"embeddable":true,"href":"https:\/\/medschemicalsuppliers.com\/fr\/wp-json\/wp\/v2\/media\/1824"}],"wp:attachment":[{"href":"https:\/\/medschemicalsuppliers.com\/fr\/wp-json\/wp\/v2\/media?parent=1625"}],"wp:term":[{"taxonomy":"product_brand","embeddable":true,"href":"https:\/\/medschemicalsuppliers.com\/fr\/wp-json\/wp\/v2\/product_brand?post=1625"},{"taxonomy":"product_cat","embeddable":true,"href":"https:\/\/medschemicalsuppliers.com\/fr\/wp-json\/wp\/v2\/product_cat?post=1625"},{"taxonomy":"product_tag","embeddable":true,"href":"https:\/\/medschemicalsuppliers.com\/fr\/wp-json\/wp\/v2\/product_tag?post=1625"}],"curies":[{"name":"wp","href":"https:\/\/api.w.org\/{rel}","templated":true}]}}