{"id":1632,"date":"2023-06-27T19:20:12","date_gmt":"2023-06-27T18:20:12","guid":{"rendered":"https:\/\/medschemicalsuppliers.com\/?post_type=product&#038;p=1632"},"modified":"2026-03-01T18:59:26","modified_gmt":"2026-03-01T17:59:26","slug":"alpha-pvp-kaufen","status":"publish","type":"product","link":"https:\/\/medschemicalsuppliers.com\/fr\/product\/acheter-alpha-pvp\/","title":{"rendered":"Alpha-PVP (FLAKKA)"},"content":{"rendered":"<div id=\"ez-toc-container\" class=\"ez-toc-v2_0_82_2 counter-hierarchy ez-toc-counter ez-toc-grey ez-toc-container-direction\">\n<div class=\"ez-toc-title-container\">\n<p class=\"ez-toc-title\" style=\"cursor:inherit\">Inhalts\u00fcbersicht<\/p>\n<span class=\"ez-toc-title-toggle\"><a href=\"#\" class=\"ez-toc-pull-right ez-toc-btn ez-toc-btn-xs ez-toc-btn-default ez-toc-toggle\" aria-label=\"Toggle Table of Content\"><span class=\"ez-toc-js-icon-con\"><span class=\"\"><span class=\"eztoc-hide\" style=\"display:none;\">Toggle<\/span><span class=\"ez-toc-icon-toggle-span\"><svg style=\"fill: #999;color:#999\" xmlns=\"http:\/\/www.w3.org\/2000\/svg\" class=\"list-377408\" width=\"20px\" height=\"20px\" viewbox=\"0 0 24 24\" fill=\"none\"><path d=\"M6 6H4v2h2V6zm14 0H8v2h12V6zM4 11h2v2H4v-2zm16 0H8v2h12v-2zM4 16h2v2H4v-2zm16 0H8v2h12v-2z\" fill=\"currentColor\"><\/path><\/svg><svg style=\"fill: #999;color:#999\" class=\"arrow-unsorted-368013\" xmlns=\"http:\/\/www.w3.org\/2000\/svg\" width=\"10px\" height=\"10px\" viewbox=\"0 0 24 24\" version=\"1.2\" baseprofile=\"tiny\"><path d=\"M18.2 9.3l-6.2-6.3-6.2 6.3c-.2.2-.3.4-.3.7s.1.5.3.7c.2.2.4.3.7.3h11c.3 0 .5-.1.7-.3.2-.2.3-.5.3-.7s-.1-.5-.3-.7zM5.8 14.7l6.2 6.3 6.2-6.3c.2-.2.3-.5.3-.7s-.1-.5-.3-.7c-.2-.2-.4-.3-.7-.3h-11c-.3 0-.5.1-.7.3-.2.2-.3.5-.3.7s.1.5.3.7z\"\/><\/svg><\/span><\/span><\/span><\/a><\/span><\/div>\n<nav><ul class='ez-toc-list ez-toc-list-level-1' ><li class='ez-toc-page-1 ez-toc-heading-level-2'><a class=\"ez-toc-link ez-toc-heading-1\" href=\"https:\/\/medschemicalsuppliers.com\/fr\/product\/acheter-alpha-pvp\/#ALPHA-PVP_Kaufen\" >Acheter ALPHA-PVP<\/a><ul class='ez-toc-list-level-3' ><li class='ez-toc-heading-level-3'><a class=\"ez-toc-link ez-toc-heading-2\" href=\"https:\/\/medschemicalsuppliers.com\/fr\/product\/acheter-alpha-pvp\/#ALPHA-PVP_ONLINE_KAUFEN\" >ACHETER ALPHA-PVP EN LIGNE<\/a><ul class='ez-toc-list-level-4' ><li class='ez-toc-heading-level-4'><a class=\"ez-toc-link ez-toc-heading-3\" href=\"https:\/\/medschemicalsuppliers.com\/fr\/product\/acheter-alpha-pvp\/#ALPHA-PVP_ONLINE_ZU_VERKAUFEN\" >ALPHA-PVP \u00c0 VENDRE EN LIGNE :<\/a><ul class='ez-toc-list-level-5' ><li class='ez-toc-heading-level-5'><a class=\"ez-toc-link ez-toc-heading-4\" href=\"https:\/\/medschemicalsuppliers.com\/fr\/product\/acheter-alpha-pvp\/#ALPHA-PVP_WELTWEIT_ZU_VERKAUFEN\" >VENDRE DE L'ALPHA-PVP DANS LE MONDE ENTIER :<\/a><\/li><li class='ez-toc-page-1 ez-toc-heading-level-5'><a class=\"ez-toc-link ez-toc-heading-5\" href=\"https:\/\/medschemicalsuppliers.com\/fr\/product\/acheter-alpha-pvp\/#ZUSATZLICH\" >SUPPL\u00c9MENTAIRE :<\/a><\/li><\/ul><\/li><\/ul><\/li><\/ul><\/li><\/ul><\/nav><\/div>\n<h2><span class=\"ez-toc-section\" id=\"ALPHA-PVP_Kaufen\"><\/span>Acheter ALPHA-PVP<span class=\"ez-toc-section-end\"><\/span><\/h2>\n<p>Nous avons l'alpha-PVP \u00e0 vendre \u00e0 des prix tr\u00e8s comp\u00e9titifs, tout comme n'importe quel autre m\u00e9dicament. L'alpha-PVP est un membre de la classe la plus connue des experts m\u00e9dicaux, et il est utilis\u00e9 pour un large \u00e9ventail de fins. La principale raison de son attrait est sa haute intensit\u00e9 et son mode d'action rapide. Il agit de mani\u00e8re similaire \u00e0 d'autres \u00e9nergisants, en agissant directement sur le syst\u00e8me nerveux central.<\/p>\n<p>L'alpha-PVP est une version plus douce de la coca\u00efne. Elle se dissout rapidement lorsque le client la place sous sa langue, mais il ou elle peut s'attendre \u00e0 une rencontre mortelle. La mise en place d'Elation est g\u00e9n\u00e9ralement la plus longue, mais si vous l'utilisez, elle devrait \u00eatre pr\u00eate en 30 minutes. Suite \u00e0 la mise \u00e0 mort, vous pourrez d\u00e9terminer quel pouls est le plus prononc\u00e9. Acheter ALPHA-PVP.<\/p>\n<p>Parall\u00e8lement, il se peut que vous perdiez l'envie de consommer de l'eau. L'ivresse commence progressivement, environ 30 minutes apr\u00e8s l'ingestion. L'engourdissement pendant la langue est suivi par l'utilisation d'une augmentation d\u00e9licate de la pression sanguine et certainement aucun besoin de boire de l'eau. Apr\u00e8s environ 45 minutes de prise, une douce stimulation est ressentie, que l'adepte peut percevoir paresseusement. Acheter ALPHA-PVP<\/p>\n<p>Chacun des effets ne dure que trois heures et il est peu probable que le client veuille prendre une autre dose. Le sentiment d'euphorie que l'on ressent lorsqu'on met des ressources dans Alpha - PVP et qu'on l'utilise ne dure pas longtemps. Certains clients affirment que la consommation de la gamme de pierres pr\u00e9cieuses est sup\u00e9rieure au tabagisme, car elle ne ramollit pas leur nez. Acheter de l'ALPHA-PVP<\/p>\n<h3><span class=\"ez-toc-section\" id=\"ALPHA-PVP_ONLINE_KAUFEN\"><\/span>ACHETER ALPHA-PVP EN LIGNE<span class=\"ez-toc-section-end\"><\/span><\/h3>\n<p>En g\u00e9n\u00e9ral, l'insufflation fait qu'une personne qui l'utilise a une exp\u00e9rience euphorique pendant une longue p\u00e9riode. Il est difficile d'\u00e9valuer son efficacit\u00e9, car certaines personnes sont progressivement affect\u00e9es, \u00e0 quel point elles appr\u00e9cient cette strat\u00e9gie. Elle commence \u00e0 faire effet d\u00e8s qu'elle arrive dans le nez de l'acheteur. Le pic d'euphorie est atteint dans les 10 minutes suivant l'ingestion. Acheter ALPHA-PVP<\/p>\n<p>Les psych\u00e9d\u00e9liques alpha-PVP sont pr\u00eats \u00e0 combiner des effets tels que la tentation, la tendance \u00e0 d\u00e9senvo\u00fbter, l'anti-crainte, et la relaxation. En outre, votre adversaire est aussi conscient que vous de l'utilisation habituelle pour obtenir un bateau. Beaucoup de gens placeront un module de guerre de choc, un disrupteur de contr\u00f4le, etc. sur un bateau inutilis\u00e9 pour prendre l'avantage sur un adversaire qui ne se doute de rien, ou les \"app\u00e2teront\" avec un bateau qui semble fragile (comme un h\u00e9ron), mais qui est adapt\u00e9 au PVP. PVP alpha \u00e0 vendre<\/p>\n<p>Les acheteurs qui ach\u00e8tent des benzodiaz\u00e9pines Flakka aux \u00c9tats-Unis comme m\u00e9thode de traitement, car les benzos sont largement utilis\u00e9s et recommand\u00e9s. Les nootropiques disponibles aux \u00c9tats-Unis servent d'excellents sels de bain aux effets intellectuels. L'utilisation de nootropiques entra\u00eene une augmentation de la capacit\u00e9 d'innovation et une am\u00e9lioration de la m\u00e9moire. Acheter ALPHA-PVP<\/p>\n<p>Apr\u00e8s environ 45 minutes de consommation, une l\u00e9g\u00e8re excitation est ressentie, que le client peut ne percevoir que paresseusement. Ceci a \u00e9t\u00e9 d\u00e9couvert au milieu des ann\u00e9es 1960, en m\u00eame temps que la somme des intensit\u00e9s 1\/quart, en relation avec le MDPV. Les r\u00e9sultats sont \u00e0 peu pr\u00e8s comparables. L'alpha-PVP est souvent pr\u00e9sent dans les pierres pr\u00e9cieuses blanches. Tous les effets ne durent que trois heures et il est peu probable que le client veuille en consommer une autre portion. Acheter ALPHA-PVP<\/p>\n<h4><span class=\"ez-toc-section\" id=\"ALPHA-PVP_ONLINE_ZU_VERKAUFEN\"><\/span>ALPHA-PVP \u00c0 VENDRE EN LIGNE :<span class=\"ez-toc-section-end\"><\/span><\/h4>\n<p>-La PVP est synth\u00e9tis\u00e9e \u00e0 partir de la pyroval\u00e9rone et est \u00e9galement la c\u00e9tone simple du prolintan. Il est souvent utilis\u00e9 comme drogue r\u00e9cr\u00e9ative et est class\u00e9 comme drogue de l'annexe I de la Food and Drug Administration Safety and Innovation Act. Le principal effet de ce m\u00e9dicament est qu'il agit sur la capacit\u00e9 d'innovation du client. Parmi les diff\u00e9rents r\u00e9sultats, on trouve un sentiment de bonheur extr\u00eame et un niveau d'\u00e9nergie \u00e9lev\u00e9. Le corps de l'adepte se d\u00e9tend sans avoir envie de manger. Alpha-PVP \u00e0 vendre<\/p>\n<p>-PVP, comme d'autres m\u00e9dicaments similaires, peut provoquer un \u00e9tat connu sous le nom de \"fr\u00e9n\u00e9sie vivifiante\", qui implique une hyperstimulation, des n\u00e9vroses et des hallucinations pouvant conduire \u00e0 un comportement agressif et \u00e0 l'automutilation. Le m\u00e9dicament est encore associ\u00e9 \u00e0 des d\u00e9c\u00e8s par autodestruction ainsi qu'\u00e0 des d\u00e9faillances cardiaques. Il peut \u00e9galement augmenter dangereusement le niveau g\u00e9n\u00e9ral de chaleur interne, ce qui peut entra\u00eener des l\u00e9sions ou une insuffisance r\u00e9nale. Alpha-PVP \u00e0 vendre<\/p>\n<p>-PVP est souvent consid\u00e9r\u00e9 comme vraiment vivifiant et ardent en ce qui concerne ses effets sur la fixation r\u00e9elle de l'\u00e9lectricit\u00e9 de l'individu. Cela permet des activit\u00e9s telles que travailler, grimper et se d\u00e9placer, mais il peut aussi \u00eatre vraiment \u00e9nerg\u00e9tique simplement assis stationnaire et occup\u00e9 \u00e0 des t\u00e2ches superflues. L'euphorie prend g\u00e9n\u00e9ralement un certain temps \u00e0 se manifester, mais elle devrait se produire dans les trente minutes suivant la prise. Alpha-PVP \u00e0 vendre<\/p>\n<h5><span class=\"ez-toc-section\" id=\"ALPHA-PVP_WELTWEIT_ZU_VERKAUFEN\"><\/span>VENDRE DE L'ALPHA-PVP DANS LE MONDE ENTIER :<span class=\"ez-toc-section-end\"><\/span><\/h5>\n<p>Apr\u00e8s la mise \u00e0 mort, vous constaterez que la charge circulatoire a progressivement augment\u00e9. Il s'agit d'histoires sensationnelles qui font une excellente nourriture pour les m\u00e9dias et qui refl\u00e8tent certainement l'\u00e9trange imm\u00e9diatet\u00e9 associ\u00e9e \u00e0 l'affirmation d'avoir ing\u00e9r\u00e9 de grandes doses d'alpha-PVP. Ind\u00e9pendamment des doses extra mod\u00e9r\u00e9es, les rencontres de ma\u00eetrise individuelle simplement productives sont difficiles \u00e0 venir. Alpha-PVP \u00e0 vendre<\/p>\n<p>En m\u00eame temps, vous vous d\u00e9barrasserez de l'envie de boire. En raison de sa capacit\u00e9 \u00e0 dilater les pupilles, le PVP peut faire en sorte que des zones deviennent plus lumineuses. R\u00e9partition des pouvoirs et des responsabilit\u00e9s entre les diff\u00e9rents niveaux de la pr\u00e9sidence Le A-PVP peut provoquer des mouvements rapides et spontan\u00e9s du globe oculaire, ce qui entra\u00eene une vision floue et une perte temporaire de concentration.<\/p>\n<p>La cathinone artificielle cr\u00e9e une d\u00e9pendance et des sympt\u00f4mes de sevrage tels que nervosit\u00e9, tremblements, parano\u00efa, m\u00e9lancolie et troubles du sommeil peuvent appara\u00eetre. Les chercheurs ont d\u00e9couvert que les rats devenaient accros au flakka et appuyaient sur un levier pour administrer la drogue de la mani\u00e8re la plus coh\u00e9rente possible lors de l'exp\u00e9rimentation animale. C'est ce que l'on appelle le nystagmus. Alpha-PVP \u00e0 vendre<\/p>\n<p>On estime que Flakka fait monter la temp\u00e9rature du corps d'environ 104 degr\u00e9s si elle n'est pas augment\u00e9e. Une temp\u00e9rature corporelle particuli\u00e8rement \u00e9lev\u00e9e peut avoir des cons\u00e9quences graves, notamment des l\u00e9sions ou une insuffisance r\u00e9nale et, dans certains cas, la mort. Bien qu'il soit important d'\u00e9viter la d\u00e9shydratation, en particulier lorsque l'on danse dans un environnement chaud, le risque d'intoxication par l'eau n'est pas uniquement li\u00e9 \u00e0 l'ingestion. Alpha-PVP \u00e0 vendre<\/p>\n<h5><span class=\"ez-toc-section\" id=\"ZUSATZLICH\"><\/span>SUPPL\u00c9MENTAIRE :<span class=\"ez-toc-section-end\"><\/span><\/h5>\n<p>Les consommateurs sont donc encourag\u00e9s \u00e0 simplement siroter leur eau potable et \u00e0 faire attention \u00e0 leur eau de boisson. Les cathinones synth\u00e9tiques appartiennent \u00e0 une classe de m\u00e9dicaments sur ordonnance connus sous le nom de \"nouvelles substances psychoactives\" qui irritent les autorit\u00e9s sanitaires (NPS). Les NPS sont des substances psychoactives (modifiant l'\u00e9tat de conscience) non r\u00e9glement\u00e9es, r\u00e9cemment mises sur le march\u00e9 et cens\u00e9es imiter les effets des drogues ill\u00e9gales, ce qui peut entra\u00eener des boucles de croyance d\u00e9sagr\u00e9ables. Alpha-PVP \u00e0 vendre<\/p>\n<p>Il est connu que les NBOM peuvent provoquer des convulsions, et les stimulants peuvent augmenter ce risque. Le pic peut durer entre 3 et 5 heures, mais de nombreux utilisateurs rapportent que le retour au d\u00e9but peut \u00eatre difficile et progressif. En cons\u00e9quence, certaines personnes prennent une \"re-dose\" trop t\u00f4t et consomment plus que ce qu'elles avaient pr\u00e9vu, avec des cons\u00e9quences f\u00e2cheuses. Alpha-PVP \u00e0 vendre<\/p>\n<p>La cathinone, la MDMC et l'alpha-PVP n'ont actuellement aucun avantage th\u00e9rapeutique reconnu et pr\u00e9sentent un risque de d\u00e9pendance, d'abus et de consommation ill\u00e9gale sup\u00e9rieur \u00e0 la moyenne, ainsi qu'un profil de toxicit\u00e9 significatif qui inclut les normes du Nouvel Agenda. L'Agenda 4 et l'Annexe D sont sans aucun doute inacceptables. Alpha-PVP \u00e0 vendre<\/p>\n<p>PLUS : La prise de Flakka est d\u00e9j\u00e0 dangereuse en soi. Toutefois, le fait que Flakka soit essentiellement non r\u00e9glement\u00e9 augmente votre risque. Le syst\u00e8me de production n'est pas bien contr\u00f4l\u00e9 et les ingr\u00e9dients varient fortement d'un fabricant \u00e0 l'autre. Alpha-PVP \u00e0 vendre<\/p>\n<p>&nbsp;<\/p>","protected":false},"excerpt":{"rendered":"<p>ALPHA-PVP Kaufen Wir haben Alpha-PVP zum Verkauf zu sehr g\u00fcnstigen Preisen, genau wie jedes andere Medikament. Alpha-PVP ist ein Mitglied<\/p>","protected":false},"featured_media":3115,"comment_status":"open","ping_status":"closed","template":"","meta":{"jetpack_publicize_message":"","jetpack_publicize_feature_enabled":true,"jetpack_social_post_already_shared":false,"jetpack_social_options":{"image_generator_settings":{"template":"highway","default_image_id":0,"font":"","enabled":false},"version":2}},"product_brand":[],"product_cat":[295],"product_tag":[],"class_list":{"0":"post-1632","1":"product","2":"type-product","3":"status-publish","4":"has-post-thumbnail","6":"product_cat-stimulanzien-kaufen","8":"first","9":"instock","10":"taxable","11":"shipping-taxable","12":"purchasable","13":"product-type-variable"},"jetpack_publicize_connections":[],"jetpack_sharing_enabled":true,"_links":{"self":[{"href":"https:\/\/medschemicalsuppliers.com\/fr\/wp-json\/wp\/v2\/product\/1632","targetHints":{"allow":["GET"]}}],"collection":[{"href":"https:\/\/medschemicalsuppliers.com\/fr\/wp-json\/wp\/v2\/product"}],"about":[{"href":"https:\/\/medschemicalsuppliers.com\/fr\/wp-json\/wp\/v2\/types\/product"}],"replies":[{"embeddable":true,"href":"https:\/\/medschemicalsuppliers.com\/fr\/wp-json\/wp\/v2\/comments?post=1632"}],"version-history":[{"count":1,"href":"https:\/\/medschemicalsuppliers.com\/fr\/wp-json\/wp\/v2\/product\/1632\/revisions"}],"predecessor-version":[{"id":3118,"href":"https:\/\/medschemicalsuppliers.com\/fr\/wp-json\/wp\/v2\/product\/1632\/revisions\/3118"}],"wp:featuredmedia":[{"embeddable":true,"href":"https:\/\/medschemicalsuppliers.com\/fr\/wp-json\/wp\/v2\/media\/3115"}],"wp:attachment":[{"href":"https:\/\/medschemicalsuppliers.com\/fr\/wp-json\/wp\/v2\/media?parent=1632"}],"wp:term":[{"taxonomy":"product_brand","embeddable":true,"href":"https:\/\/medschemicalsuppliers.com\/fr\/wp-json\/wp\/v2\/product_brand?post=1632"},{"taxonomy":"product_cat","embeddable":true,"href":"https:\/\/medschemicalsuppliers.com\/fr\/wp-json\/wp\/v2\/product_cat?post=1632"},{"taxonomy":"product_tag","embeddable":true,"href":"https:\/\/medschemicalsuppliers.com\/fr\/wp-json\/wp\/v2\/product_tag?post=1632"}],"curies":[{"name":"wp","href":"https:\/\/api.w.org\/{rel}","templated":true}]}}