{"id":1752,"date":"2023-06-27T19:20:52","date_gmt":"2023-06-27T18:20:52","guid":{"rendered":"https:\/\/medschemicalsuppliers.com\/?post_type=product&#038;p=1752"},"modified":"2026-03-01T18:50:53","modified_gmt":"2026-03-01T17:50:53","slug":"ketamin-flussig","status":"publish","type":"product","link":"https:\/\/medschemicalsuppliers.com\/fr\/product\/ketamin-flussig\/","title":{"rendered":"Ketamin Fl\u00fcssig 500mg\/10ml"},"content":{"rendered":"<div id=\"ez-toc-container\" class=\"ez-toc-v2_0_82_2 counter-hierarchy ez-toc-counter ez-toc-grey ez-toc-container-direction\">\n<div class=\"ez-toc-title-container\">\n<p class=\"ez-toc-title\" style=\"cursor:inherit\">Inhalts\u00fcbersicht<\/p>\n<span class=\"ez-toc-title-toggle\"><a href=\"#\" class=\"ez-toc-pull-right ez-toc-btn ez-toc-btn-xs ez-toc-btn-default ez-toc-toggle\" aria-label=\"Toggle Table of Content\"><span class=\"ez-toc-js-icon-con\"><span class=\"\"><span class=\"eztoc-hide\" style=\"display:none;\">Toggle<\/span><span class=\"ez-toc-icon-toggle-span\"><svg style=\"fill: #999;color:#999\" xmlns=\"http:\/\/www.w3.org\/2000\/svg\" class=\"list-377408\" width=\"20px\" height=\"20px\" viewbox=\"0 0 24 24\" fill=\"none\"><path d=\"M6 6H4v2h2V6zm14 0H8v2h12V6zM4 11h2v2H4v-2zm16 0H8v2h12v-2zM4 16h2v2H4v-2zm16 0H8v2h12v-2z\" fill=\"currentColor\"><\/path><\/svg><svg style=\"fill: #999;color:#999\" class=\"arrow-unsorted-368013\" xmlns=\"http:\/\/www.w3.org\/2000\/svg\" width=\"10px\" height=\"10px\" viewbox=\"0 0 24 24\" version=\"1.2\" baseprofile=\"tiny\"><path d=\"M18.2 9.3l-6.2-6.3-6.2 6.3c-.2.2-.3.4-.3.7s.1.5.3.7c.2.2.4.3.7.3h11c.3 0 .5-.1.7-.3.2-.2.3-.5.3-.7s-.1-.5-.3-.7zM5.8 14.7l6.2 6.3 6.2-6.3c.2-.2.3-.5.3-.7s-.1-.5-.3-.7c-.2-.2-.4-.3-.7-.3h-11c-.3 0-.5.1-.7.3-.2.2-.3.5-.3.7s.1.5.3.7z\"\/><\/svg><\/span><\/span><\/span><\/a><\/span><\/div>\n<nav><ul class='ez-toc-list ez-toc-list-level-1' ><li class='ez-toc-page-1 ez-toc-heading-level-2'><a class=\"ez-toc-link ez-toc-heading-1\" href=\"https:\/\/medschemicalsuppliers.com\/fr\/product\/ketamin-flussig\/#Ketamin_Flussig_Kaufen_500mg10ml\" >Ketamin Fl\u00fcssig Kaufen 500mg\/10ml<\/a><ul class='ez-toc-list-level-4' ><li class='ez-toc-heading-level-4'><ul class='ez-toc-list-level-4' ><li class='ez-toc-heading-level-4'><a class=\"ez-toc-link ez-toc-heading-2\" href=\"https:\/\/medschemicalsuppliers.com\/fr\/product\/ketamin-flussig\/#LEGALES_KETAMIN_ONLINE_KAUFEN\" >LEGALES KETAMIN ONLINE KAUFEN:<\/a><\/li><li class='ez-toc-page-1 ez-toc-heading-level-4'><a class=\"ez-toc-link ez-toc-heading-3\" href=\"https:\/\/medschemicalsuppliers.com\/fr\/product\/ketamin-flussig\/#KETAMIN_FLUSSIG_ONLINE_ZU_VERKAUFEN\" >KETAMIN FL\u00dcSSIG ONLINE ZU VERKAUFEN:<\/a><\/li><li class='ez-toc-page-1 ez-toc-heading-level-4'><a class=\"ez-toc-link ez-toc-heading-4\" href=\"https:\/\/medschemicalsuppliers.com\/fr\/product\/ketamin-flussig\/#KETAMIN_FLUSSIG_ZU_VERKAUFEN_MITOHNE_REZEPT\" >KETAMIN FL\u00dcSSIG ZU VERKAUFEN MIT\/OHNE REZEPT:<\/a><\/li><li class='ez-toc-page-1 ez-toc-heading-level-4'><a class=\"ez-toc-link ez-toc-heading-5\" href=\"https:\/\/medschemicalsuppliers.com\/fr\/product\/ketamin-flussig\/#KETAMIN_ZU_VERKAUFEN\" >KETAMIN ZU VERKAUFEN:<\/a><\/li><li class='ez-toc-page-1 ez-toc-heading-level-4'><a class=\"ez-toc-link ez-toc-heading-6\" href=\"https:\/\/medschemicalsuppliers.com\/fr\/product\/ketamin-flussig\/#SCHMERZMITTEL\" >SCHMERZMITTEL:<\/a><\/li><\/ul><\/li><\/ul><\/li><\/ul><\/nav><\/div>\n<h2><span class=\"ez-toc-section\" id=\"Ketamin_Flussig_Kaufen_500mg10ml\"><\/span>Ketamin Fl\u00fcssig Kaufen 500mg\/10ml<span class=\"ez-toc-section-end\"><\/span><\/h2>\n<p>Im Allgemeinen verkaufen wir reines Ketamin in fl\u00fcssiger Form zu sehr g\u00fcnstigen Preisen, d. h. Ketamin in fl\u00fcssiger Form zum Verkauf. Wir wurden schnell der weltweit gr\u00f6\u00dfte Lieferant von Ketamin f\u00fcr Forschung und medizinische Zwecke. Infolgedessen haben wir Ketamin fl\u00fcssig zu verkaufen. Ketamin Fl\u00fcssigkeit 50mg\/10 ml schnell erm\u00f6glicht eine anst\u00e4ndige Art und Weise f\u00fcr die Menschen, um ihre Umst\u00e4nde zu beheben, w\u00e4hrend die Aufhebung ihrer Verzweiflung und die Arbeit an ihrer Disposition. Ketamin fl\u00fcssig 50mg\/10 ml Hydrochlorid-Infusion ist mit Sedierung Einsatz nicht lange vor der Organisation von anderen typischen Sedativa Vermittler gezeigt. Ketamin fl\u00fcssig 50mg\/10 ml Hydrochlorid-Infusion verbessert nachweislich die Wirkung von schwach wirksamen Spezialisten wie Lachgas.<\/p>\n<p>Ich k\u00f6nnte die Arbeit in zwei Stunden beenden. Wenn m\u00f6glich, sollten Sie diese Behandlungen vermeiden oder durch andere Medikamente ersetzen. Wenn keine Besserung eintritt, sollte das Medikament nicht mitverabreicht werden. \u00c4ndern Sie erforderlichenfalls die Dosierung entsprechend den empfohlenen Wirkungen. Bei dieser Methode wird die Fl\u00fcssigkeit sortiert und sowohl intramuskul\u00e4r als auch intraven\u00f6s verabreicht (was wesentlich unsicherer ist).<\/p>\n<p>Die Wirkung dieses Zusammenspiels ist st\u00e4rker, da das gesamte Medikament schlie\u00dflich in den Blutkreislauf gelangt, im Gegensatz zur Verabreichung durch Schlucken, bei der ein Teil des Medikaments w\u00e4hrend des Verdauungsvorgangs verloren geht. Als die therapeutische Verwendung von Ketamin in den 1970er Jahren an Popularit\u00e4t gewann, wurde es auch als Freizeitdroge eingesetzt. In Argentinien wurde es sowohl legal als auch illegal in der R\u00fcckfallbehandlung, in der New-Age-Mystik und bei Untersuchungen eingesetzt.<\/p>\n<p>In den 1970er- und 1980er-Jahren wurden immer mehr Testanwendungen von Ketamin liquid 50mg\/10 ml unter verschiedenen Markennamen durchgef\u00fchrt und erweitert. Es wurde in Form von Beh\u00e4ltern, Pulver, Edelsteinen, Tabletten und Fl\u00fcssigkeiten sowie verschiedenen Optionen f\u00fcr die Infusion in den Stra\u00dfen realistisch. Ein Spezialist kann Nasenspray \u00fcber IV Ketamin wegen der Organisation der Unterst\u00fctzung zu w\u00e4hlen.<\/p>\n<h4><span class=\"ez-toc-section\" id=\"LEGALES_KETAMIN_ONLINE_KAUFEN\"><\/span>LEGALES KETAMIN ONLINE KAUFEN:<span class=\"ez-toc-section-end\"><\/span><\/h4>\n<p>Sie sollten bedenken, dass es unabh\u00e4ngig davon, wie Ketamin liquid 50mg\/10 ml im Stra\u00dfenverkehr gehandhabt wird, keine sicheren Werte f\u00fcr den entspannten Ketamin liquid 50mg\/10 ml-Gebrauch gibt. Die Verwendung dieses Medikaments ohne \u00e4rztliche Aufsicht kann zu au\u00dferk\u00f6rperlichen Problemen f\u00fchren und sollte unbedingt vermieden werden. &#8222;Die Nasendusche ist weder schneller noch langanhaltender&#8220;, behauptet er. Ketamin fl\u00fcssig zum Verkauf, Ketamin Fl\u00fcssig.<\/p>\n<p>&#8222;IV-Ketamin ist aufgrund seiner Bioverf\u00fcgbarkeit besser geeignet als intranasales Ketamin.&#8220; Ketamin fl\u00fcssig 50mg\/10 ml Vertrauen und Widerstandskraft sind nach l\u00e4ngerer Einnahme m\u00f6glich. Nach Beendigung einer extrem langen Einnahme von Ketamin liquid 50mg\/10 ml wird eine Entzugsst\u00f6rung mit wahnsinnigen Alternativen abgekl\u00e4rt. Infolgedessen sollte Ketamin liquid 50mg\/10 ml mit einem Warnhinweis versehen und reguliert werden.<\/p>\n<p>Die Behandlung kann die sympathomimetische Wirkung deutlich verbessern; Vorsicht bei Personen mit Porphyrie oder m\u00f6glicherweise einer Schilddr\u00fcsenerkrankung; Porphyrie und Schilddr\u00fcsenerkrankung oder Schilddr\u00fcsenbehandlung k\u00f6nnen als allgemeine Kontraindikation gelten. Neuere Forschungen zur Ketamin-induzierten Neurotoxizit\u00e4t haben sich auf Primaten konzentriert, um ein geeigneteres Modell als Nagetiere zu verwenden. Bei einer dieser Pr\u00fcfungen wurden jungen erwachsenen Cynomolgus-Affen \u00fcber verschiedene Zeitr\u00e4ume t\u00e4gliche Ketamin-Dosen von 50 mg\/10 ml verabreicht, die mit den \u00fcblichen Sportportionen (1 mg\/kg IV) \u00fcbereinstimmten.<\/p>\n<p>Dem Medikament wurden in Sekundenschnelle verschiedene Substanzen zugesetzt, was zu bizarren Wirkungen f\u00fchrte. Kleine Dosen von Ketamin liquid 50mg\/10 ml bewirken eine Enthemmung, wie sie auch bei alkoholischen Getr\u00e4nken auftritt. Daher wird es h\u00e4ufig auf Partys und Raves eingesetzt. H\u00f6here Dosierungen haben den gegenteiligen Effekt: sozialer R\u00fcckzug und weitgehende Kommunikationsunf\u00e4higkeit.<\/p>\n<h4><span class=\"ez-toc-section\" id=\"KETAMIN_FLUSSIG_ONLINE_ZU_VERKAUFEN\"><\/span>KETAMIN FL\u00dcSSIG ONLINE ZU VERKAUFEN:<span class=\"ez-toc-section-end\"><\/span><\/h4>\n<p>MDMA (delight), eine bekannte Clubdroge, die erstmals Mitte der 1980er Jahre auftauchte, ist ein gutes Beispiel. Obwohl die Wirkungen nicht vergleichbar sind, wird Ketamin liquid 50mg\/10 ml h\u00e4ufig als Gl\u00fccksgef\u00fchl dargestellt. Die sedierenden Eigenschaften von Ketamin f\u00fchren zu einer undeutlichen Sprache und einer Bewegungsunf\u00e4higkeit, die es fast unm\u00f6glich macht, sich zu bewegen. Aus diesem Grund wird Ketamin liquid 50mg\/10 ml h\u00e4ufig als Rendezvous-Droge bezeichnet. Ketamin fl\u00fcssig zum Verkauf<\/p>\n<p>Dr. Levine behauptet, dass die M\u00f6glichkeit, von Ketamin liquid 50mg\/10 ml abh\u00e4ngig zu werden, wenn es als &#8222;Partydroge&#8220; verwendet wird, einfach nicht gegeben ist. &#8222;Studien zeigen, dass bei den wirklich reduzierten Portionen, die wir verwenden, in einem sehr medizinisch ausgerichteten Umfeld, mit unzureichender Offenheit zu Hause und uneinheitlicher Dosierung, keine Chance f\u00fcr Zwang oder Missbrauch besteht&#8220;, sagt er und f\u00fcgt einen Vorbehalt hinzu: &#8222;Benzodiazepine k\u00f6nnen die obere Wirkung von Ketamin durchaus d\u00e4mpfen.&#8220; Ketamin fl\u00fcssig zum Verkauf, Ketamin Fl\u00fcssig.<\/p>\n<p>Diese wird regelm\u00e4\u00dfig von einem klinischen Experten in einem regulierten Umfeld f\u00fcr kritische Sicherheitsabkl\u00e4rungen verfeinert. Diese Strategie erfordert eine sorgf\u00e4ltige Planung, da halluzinogene Versuche schockierend sein k\u00f6nnen, wenn das Mitglied nicht richtig koordiniert ist. Einige Fachleute f\u00fcr psychische Gesundheit raten zur Vorsicht bei der Verwendung von Ketamin liquid 50mg\/10 ml. Ketamin fl\u00fcssig zum Verkauf, Ketamin Fl\u00fcssig.<\/p>\n<p>&#8222;Obwohl es sich um eine wirksame Behandlung zur raschen Verringerung der Depressionssymptome handeln kann, wissen wir nicht genug \u00fcber die potenziellen negativen Nebenwirkungen, insbesondere bei Langzeitanwendung, um es f\u00fcr die meisten Patienten zu empfehlen.&#8220; Erhebliche Gl\u00fccksgef\u00fchle &#8211; Ketamin liquid 50mg\/10 ml kann bei bestimmten Endverbrauchern Zust\u00e4nde echter Verz\u00fcckung hervorrufen. Ketamin fl\u00fcssig zu verkaufen<\/p>\n<h4><span class=\"ez-toc-section\" id=\"KETAMIN_FLUSSIG_ZU_VERKAUFEN_MITOHNE_REZEPT\"><\/span>KETAMIN FL\u00dcSSIG ZU VERKAUFEN MIT\/OHNE REZEPT:<span class=\"ez-toc-section-end\"><\/span><\/h4>\n<p>In jedem Fall tritt diese Wirkung weit weniger stark und best\u00e4ndig auf als bei Bet\u00e4ubungsmitteln oder MDMA. Ketamin liquid 50mg\/10 ml ist ein Medikament, das Ihnen helfen kann, neuropathische Leiden (Nervenbeschwerden) w\u00e4hrend und nach Ihrer Krankheitsbehandlung zu bew\u00e4ltigen. Ketamin fl\u00fcssig 50mg\/10 ml kann f\u00fcr viele Menschen ein fantastisches Mittel sein. Ketamin fl\u00fcssig zum Verkauf<\/p>\n<p>F\u00fcr andere ist es alles andere als ein brillanter Anzug. Wenn Sie eine Behandlung mit Ketamin 50mg\/10 ml in Erw\u00e4gung ziehen, ist es wichtig, dass Sie den Anbietern Ihrer medizinischen Einrichtung vertrauen k\u00f6nnen. Die Einnahme von Ketamin 50mg\/10 ml beruhigt Ihre aufgeregten Nerven, die Notmeldungen an Sie weiterleiten. Ketamin fl\u00fcssig zu verkaufen<\/p>\n<p>Ketamin fl\u00fcssig 50mg\/10 ml Mischungen zur Behandlung von Depressionen und anderen psychischen Problemen dauern in der Regel 40 Minuten bis 2 Stunden, je nach betroffener Person. Man geht davon aus, dass Dissoziativa anderen Substanzen \u00fcberlegen sind, weil sie eine lang anhaltende oder extrem lang anhaltende Art der Resistenz hervorrufen, die sich allm\u00e4hlich und unabh\u00e4ngig von der typischen Resistenz entwickelt. Ketamin fl\u00fcssig zu verkaufen<\/p>\n<p>Ketamin fl\u00fcssig 50mg\/10 ml kann als illegales Medikament verabreicht werden. Einige Zentren verlangen, dass w\u00e4hrend Ihrer Entlassung jemand anwesend ist, der Ihnen hilft, sicher nach Hause begleitet zu werden. Manche Patienten bevorzugen die Anwesenheit einer geliebten Person w\u00e4hrend der gesamten Behandlung, um sich wohler zu f\u00fchlen, doch ist dies nicht in allen Einrichtungen erforderlich. Ketamin fl\u00fcssig zu verkaufen<\/p>\n<h4><span class=\"ez-toc-section\" id=\"KETAMIN_ZU_VERKAUFEN\"><\/span>KETAMIN ZU VERKAUFEN:<span class=\"ez-toc-section-end\"><\/span><\/h4>\n<p>Das Wahrheitssandwich erm\u00e4chtigt einfach nicht dazu, diese Rezepte vor Ort zu verwenden. Wir sind der Meinung, dass es f\u00fcr die Sicherheit derjenigen, die sich f\u00fcr diese Substanzen entscheiden, wichtig ist, Nuancen anzugeben. Viele extrem langfristige oder schwere Ketamin Liquid 50mg\/10 ml Kunden berichten, dass sie deutlich mehr nehmen m\u00fcssen, um eine Trennung oder K-\u00d6ffnung im Vergleich zu ihrem ersten Gebrauch zu bekommen, auf jeden Fall, nachdem sie l\u00e4ngere Pausen hatten. Ketamin fl\u00fcssig zum Verkauf<\/p>\n<p>Wenn Sie keine Person haben, wenden Sie sich einfach an eine der unten aufgef\u00fchrten Organisationen, um den Transport zu organisieren. Mit der Unterst\u00fctzung eines Experten f\u00fcr psychologisches Wohlbefinden k\u00f6nnen Sie einen Behandlungsplan erstellen, der sich auf die Aspekte Ihres t\u00e4glichen Lebens konzentriert, die Sie am besten in den Griff bekommen m\u00fcssen, w\u00e4hrend Sie Ihre Ketamin liquid 50mg\/10 ml Medikamente erwerben, um ungew\u00f6hnliche Freude an Ihren Treffen zu haben. Ketamin fl\u00fcssig zum Verkauf<\/p>\n<p>Es wird jemand zu Ihnen nach Hause geschickt, um Sie abzuholen. Insgesamt ist das Interesse an dieser Organisation gro\u00df, und Sie m\u00fcssen f\u00fcr den Transport sorgen. Da Ketamin liquid 50mg\/10 ml unter dem Markennamen Spravato von der FDA zugelassen ist, gibt es Anfragen f\u00fcr seine Verwendung zur Behandlung von Depressionen. Ketamin fl\u00fcssig zu verkaufen<\/p>\n<p>Eine Ketamin liquid 50mg\/10 ml-unterst\u00fctzte Psychotherapie ist eine Option. Dieses Verfahren zielt darauf ab, die Ursachen der Verzweiflung des Patienten zu bek\u00e4mpfen. Zu dieser Kategorie geh\u00f6ren alle Einrichtungen, die eine psychische Behandlung in Verbindung mit ketamin fl\u00fcssig 50mg\/10 ml Organisationen anbieten. Ketamin fl\u00fcssig zum Verkauf<\/p>\n<h4><span class=\"ez-toc-section\" id=\"SCHMERZMITTEL\"><\/span>SCHMERZMITTEL:<span class=\"ez-toc-section-end\"><\/span><\/h4>\n<p>Spravato wird zum Spr\u00fchen in die Nase verschrieben und ist nur in einigen wenigen zugelassenen ketamine liquid 50mg\/10 ml Zentren und Drogerien erh\u00e4ltlich. In der klinischen Studie erhielten zw\u00f6lf Personen mit behandlungsbed\u00fcrftigen schweren Depressionen und Selbstmordgedanken dreimal w\u00f6chentlich intraven\u00f6se Mischungen von Ketamin liquid 50mg\/10 ml. Ketamin fl\u00fcssig zum Verkauf<\/p>\n<p>F\u00fcnf der zw\u00f6lf \u00fcbermittelten und erhielten \u00fcber einen l\u00e4ngeren Zeitraum eine w\u00f6chentliche Ketaminfl\u00fcssigkeit 50mg\/10 ml, gefolgt von einer Ketaminfl\u00fcssigkeit 50mg\/10 ml-Behandlung und einer etwa einmonatigen Nachbeobachtungsphase, in der kein Ketaminfl\u00fcssigkeit 50mg\/10 ml verabreicht wurde. Jeder der f\u00fcnf bereitete f\u00fcr die Dauer der Folgebehandlung einen schwierigeren Manifestationsverlauf vor. F\u00fcr weitere Informationen, <a href=\"https:\/\/medschemicalsuppliers.com\/fr\/kontakt\/\">kontaktieren Sie uns<\/a> bitte.<\/p>\n<p>&nbsp;<\/p>","protected":false},"excerpt":{"rendered":"<p>Ketamin Fl\u00fcssig Kaufen 500mg\/10ml Im Allgemeinen verkaufen wir reines Ketamin in fl\u00fcssiger Form zu sehr g\u00fcnstigen Preisen, d. h. Ketamin<\/p>","protected":false},"featured_media":1887,"comment_status":"open","ping_status":"closed","template":"","meta":{"jetpack_publicize_message":"","jetpack_publicize_feature_enabled":true,"jetpack_social_post_already_shared":false,"jetpack_social_options":{"image_generator_settings":{"template":"highway","default_image_id":0,"font":"","enabled":false},"version":2}},"product_brand":[],"product_cat":[298],"product_tag":[],"class_list":{"0":"post-1752","1":"product","2":"type-product","3":"status-publish","4":"has-post-thumbnail","6":"product_cat-dissoziativ-kaufen","8":"first","9":"instock","10":"taxable","11":"shipping-taxable","12":"purchasable","13":"product-type-variable"},"jetpack_publicize_connections":[],"jetpack_sharing_enabled":true,"_links":{"self":[{"href":"https:\/\/medschemicalsuppliers.com\/fr\/wp-json\/wp\/v2\/product\/1752","targetHints":{"allow":["GET"]}}],"collection":[{"href":"https:\/\/medschemicalsuppliers.com\/fr\/wp-json\/wp\/v2\/product"}],"about":[{"href":"https:\/\/medschemicalsuppliers.com\/fr\/wp-json\/wp\/v2\/types\/product"}],"replies":[{"embeddable":true,"href":"https:\/\/medschemicalsuppliers.com\/fr\/wp-json\/wp\/v2\/comments?post=1752"}],"version-history":[{"count":0,"href":"https:\/\/medschemicalsuppliers.com\/fr\/wp-json\/wp\/v2\/product\/1752\/revisions"}],"wp:featuredmedia":[{"embeddable":true,"href":"https:\/\/medschemicalsuppliers.com\/fr\/wp-json\/wp\/v2\/media\/1887"}],"wp:attachment":[{"href":"https:\/\/medschemicalsuppliers.com\/fr\/wp-json\/wp\/v2\/media?parent=1752"}],"wp:term":[{"taxonomy":"product_brand","embeddable":true,"href":"https:\/\/medschemicalsuppliers.com\/fr\/wp-json\/wp\/v2\/product_brand?post=1752"},{"taxonomy":"product_cat","embeddable":true,"href":"https:\/\/medschemicalsuppliers.com\/fr\/wp-json\/wp\/v2\/product_cat?post=1752"},{"taxonomy":"product_tag","embeddable":true,"href":"https:\/\/medschemicalsuppliers.com\/fr\/wp-json\/wp\/v2\/product_tag?post=1752"}],"curies":[{"name":"wp","href":"https:\/\/api.w.org\/{rel}","templated":true}]}}