{"id":2219,"date":"2024-09-12T19:49:59","date_gmt":"2024-09-12T17:49:59","guid":{"rendered":"https:\/\/medschemicalsuppliers.com\/?post_type=product&#038;p=2219"},"modified":"2024-09-29T20:45:46","modified_gmt":"2024-09-29T18:45:46","slug":"lorazepam-kaufen-ohne-rezept","status":"publish","type":"product","link":"https:\/\/medschemicalsuppliers.com\/fr\/product\/lorazepam-kaufen-ohne-rezept\/","title":{"rendered":"Lorazepam"},"content":{"rendered":"<div id=\"ez-toc-container\" class=\"ez-toc-v2_0_82_2 counter-hierarchy ez-toc-counter ez-toc-grey ez-toc-container-direction\">\n<div class=\"ez-toc-title-container\">\n<p class=\"ez-toc-title\" style=\"cursor:inherit\">Inhalts\u00fcbersicht<\/p>\n<span class=\"ez-toc-title-toggle\"><a href=\"#\" class=\"ez-toc-pull-right ez-toc-btn ez-toc-btn-xs ez-toc-btn-default ez-toc-toggle\" aria-label=\"Toggle Table of Content\"><span class=\"ez-toc-js-icon-con\"><span class=\"\"><span class=\"eztoc-hide\" style=\"display:none;\">Toggle<\/span><span class=\"ez-toc-icon-toggle-span\"><svg style=\"fill: #999;color:#999\" xmlns=\"http:\/\/www.w3.org\/2000\/svg\" class=\"list-377408\" width=\"20px\" height=\"20px\" viewbox=\"0 0 24 24\" fill=\"none\"><path d=\"M6 6H4v2h2V6zm14 0H8v2h12V6zM4 11h2v2H4v-2zm16 0H8v2h12v-2zM4 16h2v2H4v-2zm16 0H8v2h12v-2z\" fill=\"currentColor\"><\/path><\/svg><svg style=\"fill: #999;color:#999\" class=\"arrow-unsorted-368013\" xmlns=\"http:\/\/www.w3.org\/2000\/svg\" width=\"10px\" height=\"10px\" viewbox=\"0 0 24 24\" version=\"1.2\" baseprofile=\"tiny\"><path d=\"M18.2 9.3l-6.2-6.3-6.2 6.3c-.2.2-.3.4-.3.7s.1.5.3.7c.2.2.4.3.7.3h11c.3 0 .5-.1.7-.3.2-.2.3-.5.3-.7s-.1-.5-.3-.7zM5.8 14.7l6.2 6.3 6.2-6.3c.2-.2.3-.5.3-.7s-.1-.5-.3-.7c-.2-.2-.4-.3-.7-.3h-11c-.3 0-.5.1-.7.3-.2.2-.3.5-.3.7s.1.5.3.7z\"\/><\/svg><\/span><\/span><\/span><\/a><\/span><\/div>\n<nav><ul class='ez-toc-list ez-toc-list-level-1' ><li class='ez-toc-page-1 ez-toc-heading-level-2'><a class=\"ez-toc-link ez-toc-heading-1\" href=\"https:\/\/medschemicalsuppliers.com\/fr\/product\/lorazepam-kaufen-ohne-rezept\/#Lorazepam_kaufen_ohne_Rezept_%E2%80%93_Ativan_kaufen\" >Lorazepam kaufen ohne Rezept \u2013 Ativan kaufen<\/a><ul class='ez-toc-list-level-3' ><li class='ez-toc-heading-level-3'><a class=\"ez-toc-link ez-toc-heading-2\" href=\"https:\/\/medschemicalsuppliers.com\/fr\/product\/lorazepam-kaufen-ohne-rezept\/#Was_ist_Lorazepam_und_wofur_wird_es_verwendet\" >Was ist Lorazepam und wof\u00fcr wird es verwendet?<\/a><\/li><li class='ez-toc-page-1 ez-toc-heading-level-3'><a class=\"ez-toc-link ez-toc-heading-3\" href=\"https:\/\/medschemicalsuppliers.com\/fr\/product\/lorazepam-kaufen-ohne-rezept\/#Lorazepam_kaufen_ohne_Rezept_%E2%80%93_Ist_es_sicher\" >Lorazepam kaufen ohne Rezept \u2013 Ist es sicher?<\/a><\/li><li class='ez-toc-page-1 ez-toc-heading-level-3'><a class=\"ez-toc-link ez-toc-heading-4\" href=\"https:\/\/medschemicalsuppliers.com\/fr\/product\/lorazepam-kaufen-ohne-rezept\/#Vorteile_und_Risiken_von_Lorazepam\" >Vorteile und Risiken von Lorazepam<\/a><\/li><li class='ez-toc-page-1 ez-toc-heading-level-3'><a class=\"ez-toc-link ez-toc-heading-5\" href=\"https:\/\/medschemicalsuppliers.com\/fr\/product\/lorazepam-kaufen-ohne-rezept\/#Wie_kann_ich_Lorazepam_online_kaufen\" >Wie kann ich Lorazepam online kaufen?<\/a><\/li><li class='ez-toc-page-1 ez-toc-heading-level-3'><a class=\"ez-toc-link ez-toc-heading-6\" href=\"https:\/\/medschemicalsuppliers.com\/fr\/product\/lorazepam-kaufen-ohne-rezept\/#FAQs\" >FAQ<\/a><\/li><li class='ez-toc-page-1 ez-toc-heading-level-3'><a class=\"ez-toc-link ez-toc-heading-7\" href=\"https:\/\/medschemicalsuppliers.com\/fr\/product\/lorazepam-kaufen-ohne-rezept\/#Fazit_Lorazepam_kaufen_ohne_Rezept\" >Fazit: Lorazepam kaufen ohne Rezept<\/a><\/li><\/ul><\/li><\/ul><\/nav><\/div>\n<h2><span class=\"ez-toc-section\" id=\"Lorazepam_kaufen_ohne_Rezept_%E2%80%93_Ativan_kaufen\"><\/span><strong>Lorazepam kaufen ohne Rezept \u2013 Ativan kaufen<\/strong><span class=\"ez-toc-section-end\"><\/span><\/h2>\n<p>Du m\u00f6chtest <strong>Lorazepam kaufen ohne Rezept<\/strong>? Viele fragen sich, ob es m\u00f6glich ist, dieses Medikament sicher und legal online zu kaufen. In diesem Artikel erf\u00e4hrst du alles Wichtige.<\/p>\n<h3><span class=\"ez-toc-section\" id=\"Was_ist_Lorazepam_und_wofur_wird_es_verwendet\"><\/span>Was ist Lorazepam und wof\u00fcr wird es verwendet?<span class=\"ez-toc-section-end\"><\/span><\/h3>\n<p>Lorazepam ist ein Beruhigungsmittel, das h\u00e4ufig zur Behandlung von Angstzust\u00e4nden und Schlafst\u00f6rungen eingesetzt wird. Wenn du dar\u00fcber nachdenkst, <strong>Lorazepam ohne Rezept zu kaufen<\/strong>, solltest du die m\u00f6glichen Risiken und Nebenwirkungen gut abw\u00e4gen.<\/p>\n<h3><span class=\"ez-toc-section\" id=\"Lorazepam_kaufen_ohne_Rezept_%E2%80%93_Ist_es_sicher\"><\/span>Lorazepam kaufen ohne Rezept \u2013 Ist es sicher?<span class=\"ez-toc-section-end\"><\/span><\/h3>\n<p>Viele Menschen fragen sich: <strong>Kann ich Lorazepam kaufen ohne Rezept<\/strong>, und ist das sicher? Es ist wichtig, sich bewusst zu sein, dass der Kauf von Medikamenten ohne \u00e4rztliche Verschreibung in vielen L\u00e4ndern illegal ist. Zudem kann der Missbrauch von Lorazepam gef\u00e4hrliche Nebenwirkungen haben.<\/p>\n<h3><span class=\"ez-toc-section\" id=\"Vorteile_und_Risiken_von_Lorazepam\"><\/span>Vorteile und Risiken von Lorazepam<span class=\"ez-toc-section-end\"><\/span><\/h3>\n<ul>\n<li><strong>Vorteile:<\/strong> Lindert Angstzust\u00e4nde, beruhigt das Nervensystem, hilft bei Schlafproblemen.<\/li>\n<li><strong>Risiken:<\/strong> Abh\u00e4ngigkeit, Nebenwirkungen wie Schwindel und M\u00fcdigkeit, illegale Beschaffung ohne Rezept.<\/li>\n<\/ul>\n<h3><span class=\"ez-toc-section\" id=\"Wie_kann_ich_Lorazepam_online_kaufen\"><\/span>Wie kann ich Lorazepam online kaufen?<span class=\"ez-toc-section-end\"><\/span><\/h3>\n<p>M\u00f6chtest du <strong>Lorazepam kaufen ohne Rezept<\/strong>, solltest du immer eine vertrauensw\u00fcrdige Quelle w\u00e4hlen. Unser Tipp: Lies Bewertungen, informiere dich \u00fcber die Apotheke und achte darauf, dass die Lieferung diskret und schnell erfolgt.<\/p>\n<h3><span class=\"ez-toc-section\" id=\"FAQs\"><\/span>FAQ<span class=\"ez-toc-section-end\"><\/span><\/h3>\n<p><strong>Kann ich Lorazepam legal ohne Rezept kaufen?<\/strong><br \/>\nIn vielen L\u00e4ndern ist dies illegal. Es wird dringend empfohlen, einen Arzt zu konsultieren.<\/p>\n<p><strong>Wie wirkt Lorazepam?<\/strong><br \/>\nLorazepam wirkt beruhigend auf das zentrale Nervensystem und lindert so Angstzust\u00e4nde und Schlafst\u00f6rungen.<\/p>\n<p><strong>Was sind die Risiken beim Kauf von Lorazepam ohne Rezept?<\/strong><br \/>\nNeben rechtlichen Problemen besteht das Risiko, gef\u00e4lschte oder unsichere Produkte zu erhalten.<\/p>\n<h3><span class=\"ez-toc-section\" id=\"Fazit_Lorazepam_kaufen_ohne_Rezept\"><\/span>Fazit: Lorazepam kaufen ohne Rezept<span class=\"ez-toc-section-end\"><\/span><\/h3>\n<p>Wenn du <strong>Lorazepam kaufen ohne Rezept<\/strong> in Erw\u00e4gung ziehst, ist es wichtig, die Risiken zu kennen und sicherzustellen, dass du eine vertrauensw\u00fcrdige Quelle findest. Jeder Kauf sollte verantwortungsbewusst erfolgen, und es wird empfohlen, einen Arzt um Rat zu fragen.<\/p>","protected":false},"excerpt":{"rendered":"<p>Lorazepam kaufen ohne Rezept \u2013 Ativan kaufen Du m\u00f6chtest Lorazepam kaufen ohne Rezept? Viele fragen sich, ob es m\u00f6glich ist,<\/p>","protected":false},"featured_media":2232,"comment_status":"open","ping_status":"closed","template":"","meta":{"jetpack_publicize_message":"","jetpack_publicize_feature_enabled":true,"jetpack_social_post_already_shared":false,"jetpack_social_options":{"image_generator_settings":{"template":"highway","default_image_id":0,"font":"","enabled":false},"version":2}},"product_brand":[],"product_cat":[296],"product_tag":[],"class_list":{"0":"post-2219","1":"product","2":"type-product","3":"status-publish","4":"has-post-thumbnail","6":"product_cat-benzodiazepine-kaufen","8":"first","9":"instock","10":"taxable","11":"shipping-taxable","12":"purchasable","13":"product-type-variable"},"jetpack_publicize_connections":[],"jetpack_sharing_enabled":true,"_links":{"self":[{"href":"https:\/\/medschemicalsuppliers.com\/fr\/wp-json\/wp\/v2\/product\/2219","targetHints":{"allow":["GET"]}}],"collection":[{"href":"https:\/\/medschemicalsuppliers.com\/fr\/wp-json\/wp\/v2\/product"}],"about":[{"href":"https:\/\/medschemicalsuppliers.com\/fr\/wp-json\/wp\/v2\/types\/product"}],"replies":[{"embeddable":true,"href":"https:\/\/medschemicalsuppliers.com\/fr\/wp-json\/wp\/v2\/comments?post=2219"}],"version-history":[{"count":1,"href":"https:\/\/medschemicalsuppliers.com\/fr\/wp-json\/wp\/v2\/product\/2219\/revisions"}],"predecessor-version":[{"id":2549,"href":"https:\/\/medschemicalsuppliers.com\/fr\/wp-json\/wp\/v2\/product\/2219\/revisions\/2549"}],"wp:featuredmedia":[{"embeddable":true,"href":"https:\/\/medschemicalsuppliers.com\/fr\/wp-json\/wp\/v2\/media\/2232"}],"wp:attachment":[{"href":"https:\/\/medschemicalsuppliers.com\/fr\/wp-json\/wp\/v2\/media?parent=2219"}],"wp:term":[{"taxonomy":"product_brand","embeddable":true,"href":"https:\/\/medschemicalsuppliers.com\/fr\/wp-json\/wp\/v2\/product_brand?post=2219"},{"taxonomy":"product_cat","embeddable":true,"href":"https:\/\/medschemicalsuppliers.com\/fr\/wp-json\/wp\/v2\/product_cat?post=2219"},{"taxonomy":"product_tag","embeddable":true,"href":"https:\/\/medschemicalsuppliers.com\/fr\/wp-json\/wp\/v2\/product_tag?post=2219"}],"curies":[{"name":"wp","href":"https:\/\/api.w.org\/{rel}","templated":true}]}}