{"id":2334,"date":"2024-09-22T23:40:31","date_gmt":"2024-09-22T21:40:31","guid":{"rendered":"https:\/\/medschemicalsuppliers.com\/?post_type=product&#038;p=2334"},"modified":"2025-06-17T16:36:30","modified_gmt":"2025-06-17T14:36:30","slug":"hydrocodon","status":"publish","type":"product","link":"https:\/\/medschemicalsuppliers.com\/fr\/product\/hydrocodon\/","title":{"rendered":"Hydrocodone"},"content":{"rendered":"<div id=\"ez-toc-container\" class=\"ez-toc-v2_0_82_2 counter-hierarchy ez-toc-counter ez-toc-grey ez-toc-container-direction\">\n<div class=\"ez-toc-title-container\">\n<p class=\"ez-toc-title\" style=\"cursor:inherit\">Inhalts\u00fcbersicht<\/p>\n<span class=\"ez-toc-title-toggle\"><a href=\"#\" class=\"ez-toc-pull-right ez-toc-btn ez-toc-btn-xs ez-toc-btn-default ez-toc-toggle\" aria-label=\"Toggle Table of Content\"><span class=\"ez-toc-js-icon-con\"><span class=\"\"><span class=\"eztoc-hide\" style=\"display:none;\">Toggle<\/span><span class=\"ez-toc-icon-toggle-span\"><svg style=\"fill: #999;color:#999\" xmlns=\"http:\/\/www.w3.org\/2000\/svg\" class=\"list-377408\" width=\"20px\" height=\"20px\" viewbox=\"0 0 24 24\" fill=\"none\"><path d=\"M6 6H4v2h2V6zm14 0H8v2h12V6zM4 11h2v2H4v-2zm16 0H8v2h12v-2zM4 16h2v2H4v-2zm16 0H8v2h12v-2z\" fill=\"currentColor\"><\/path><\/svg><svg style=\"fill: #999;color:#999\" class=\"arrow-unsorted-368013\" xmlns=\"http:\/\/www.w3.org\/2000\/svg\" width=\"10px\" height=\"10px\" viewbox=\"0 0 24 24\" version=\"1.2\" baseprofile=\"tiny\"><path d=\"M18.2 9.3l-6.2-6.3-6.2 6.3c-.2.2-.3.4-.3.7s.1.5.3.7c.2.2.4.3.7.3h11c.3 0 .5-.1.7-.3.2-.2.3-.5.3-.7s-.1-.5-.3-.7zM5.8 14.7l6.2 6.3 6.2-6.3c.2-.2.3-.5.3-.7s-.1-.5-.3-.7c-.2-.2-.4-.3-.7-.3h-11c-.3 0-.5.1-.7.3-.2.2-.3.5-.3.7s.1.5.3.7z\"\/><\/svg><\/span><\/span><\/span><\/a><\/span><\/div>\n<nav><ul class='ez-toc-list ez-toc-list-level-1' ><li class='ez-toc-page-1 ez-toc-heading-level-2'><a class=\"ez-toc-link ez-toc-heading-1\" href=\"https:\/\/medschemicalsuppliers.com\/fr\/product\/hydrocodon\/#Hydrocodon_kaufen_Was_du_wissen_musst\" >Hydrocodon kaufen: Was du wissen musst<\/a><ul class='ez-toc-list-level-3' ><li class='ez-toc-heading-level-3'><a class=\"ez-toc-link ez-toc-heading-2\" href=\"https:\/\/medschemicalsuppliers.com\/fr\/product\/hydrocodon\/#Warum_Hydrocodon_kaufen\" >Warum Hydrocodon kaufen?<\/a><\/li><li class='ez-toc-page-1 ez-toc-heading-level-3'><a class=\"ez-toc-link ez-toc-heading-3\" href=\"https:\/\/medschemicalsuppliers.com\/fr\/product\/hydrocodon\/#Hydrocodon_kaufen_Was_du_beachten_solltest\" >Hydrocodon kaufen: Was du beachten solltest<\/a><\/li><li class='ez-toc-page-1 ez-toc-heading-level-3'><a class=\"ez-toc-link ez-toc-heading-4\" href=\"https:\/\/medschemicalsuppliers.com\/fr\/product\/hydrocodon\/#Wo_kannst_du_Hydrocodon_kaufen\" >Wo kannst du Hydrocodon kaufen?<\/a><\/li><li class='ez-toc-page-1 ez-toc-heading-level-3'><a class=\"ez-toc-link ez-toc-heading-5\" href=\"https:\/\/medschemicalsuppliers.com\/fr\/product\/hydrocodon\/#FAQs_Hydrocodon_kaufen\" >FAQs: Hydrocodon kaufen<\/a><\/li><li class='ez-toc-page-1 ez-toc-heading-level-3'><a class=\"ez-toc-link ez-toc-heading-6\" href=\"https:\/\/medschemicalsuppliers.com\/fr\/product\/hydrocodon\/#Hydrocodon_kaufen_Fazit\" >Hydrocodon kaufen: Fazit<\/a><\/li><\/ul><\/li><\/ul><\/nav><\/div>\n<h2><span class=\"ez-toc-section\" id=\"Hydrocodon_kaufen_Was_du_wissen_musst\"><\/span>Hydrocodon kaufen: Was du wissen musst<span class=\"ez-toc-section-end\"><\/span><\/h2>\n<p>\u00dcberlegst du, Hydrocodon zu kaufen? Du bist nicht allein. Viele Menschen suchen nach zuverl\u00e4ssigen Informationen zu diesem starken Schmerzmittel, sei es f\u00fcr chronische Schmerzen oder nach Operationen. Aber bevor du Hydrocodon kaufst, gibt es ein paar wichtige Dinge, die du beachten solltest.<a href=\"https:\/\/medschemicalsuppliers.com\/en\/product\/hydrocodone\/\">https:\/\/medschemicalsuppliers.com\/en\/product\/hydrocodone\/<\/a><\/p>\n<h3><span class=\"ez-toc-section\" id=\"Warum_Hydrocodon_kaufen\"><\/span>Warum Hydrocodon kaufen?<span class=\"ez-toc-section-end\"><\/span><\/h3>\n<p>Hydrocodon ist ein wirksames Schmerzmittel, das bei mittleren bis starken Schmerzen eingesetzt wird. Es hilft Menschen, die mit Schmerzen k\u00e4mpfen, ihre Lebensqualit\u00e4t zu verbessern. <strong>Wenn du Hydrocodon kaufen m\u00f6chtest<\/strong>, solltest du jedoch wissen, dass es rezeptpflichtig ist und nur unter \u00e4rztlicher Aufsicht eingenommen werden darf.Hydrocodon online kaufen<\/p>\n<h3><span class=\"ez-toc-section\" id=\"Hydrocodon_kaufen_Was_du_beachten_solltest\"><\/span>Hydrocodon kaufen: Was du beachten solltest<span class=\"ez-toc-section-end\"><\/span><\/h3>\n<p>Bevor du Hydrocodon kaufst, gibt es einige Punkte, die du im Hinterkopf behalten solltest:<\/p>\n<ul>\n<li><strong>Nur auf Rezept:<\/strong> Hydrocodon ist in den meisten L\u00e4ndern rezeptpflichtig. Es ist wichtig, mit deinem Arzt \u00fcber deine Schmerzen zu sprechen und sicherzustellen, dass dieses Medikament f\u00fcr dich geeignet ist.<\/li>\n<li><strong>Nebenwirkungen:<\/strong> Wie jedes Medikament kann Hydrocodon Nebenwirkungen haben. Dazu geh\u00f6ren Schl\u00e4frigkeit, Verstopfung und in einigen F\u00e4llen sogar Abh\u00e4ngigkeit. <strong>Kaufe Hydrocodon nur<\/strong>, wenn du es sicher und unter \u00e4rztlicher Aufsicht verwendest.<\/li>\n<li><strong>Seri\u00f6se Quellen:<\/strong> Kaufe niemals Hydrocodon von dubiosen Online-Anbietern. Achte darauf, dass du es nur \u00fcber lizenzierte Apotheken beziehst, um sicherzugehen, dass du ein echtes und sicheres Produkt erh\u00e4ltst.<\/li>\n<\/ul>\n<h3><span class=\"ez-toc-section\" id=\"Wo_kannst_du_Hydrocodon_kaufen\"><\/span>Wo kannst du Hydrocodon kaufen?<span class=\"ez-toc-section-end\"><\/span><\/h3>\n<p>Hydrocodon ist in Apotheken erh\u00e4ltlich, aber du ben\u00f6tigst ein \u00e4rztliches Rezept. Es gibt auch seri\u00f6se Online-Apotheken, bei denen du <strong>Acheter de l'hydrocodone<\/strong> kannst, solange du dein Rezept einreichst. Achte darauf, dass die Apotheke vertrauensw\u00fcrdig und lizenziert ist.<\/p>\n<h3><span class=\"ez-toc-section\" id=\"FAQs_Hydrocodon_kaufen\"><\/span>FAQs: Hydrocodon kaufen<span class=\"ez-toc-section-end\"><\/span><\/h3>\n<p><strong>1. Kann ich Hydrocodon ohne Rezept kaufen?<\/strong><br \/>\nNein, Hydrocodon ist rezeptpflichtig. Der Kauf ohne Rezept ist illegal und kann gesundheitliche und rechtliche Probleme verursachen.<\/p>\n<p><strong>2. Ist Hydrocodon sicher?<\/strong><br \/>\nHydrocodon ist sicher, wenn es nach Vorschrift eingenommen wird. Achte jedoch auf m\u00f6gliche Nebenwirkungen und vermeide eine langfristige Einnahme ohne \u00e4rztliche Kontrolle.<\/p>\n<p><strong>3. Kann ich Hydrocodon online kaufen?<\/strong><br \/>\nJa, du kannst Hydrocodon online kaufen, aber nur bei lizenzierten Online-Apotheken mit g\u00fcltigem Rezept.<\/p>\n<h3><span class=\"ez-toc-section\" id=\"Hydrocodon_kaufen_Fazit\"><\/span>Hydrocodon kaufen: Fazit<span class=\"ez-toc-section-end\"><\/span><\/h3>\n<p>Wenn du Hydrocodon kaufen m\u00f6chtest, achte immer darauf, dass du es legal und sicher tust. Hol dir vorher ein \u00e4rztliches Rezept und kauf es nur bei vertrauensw\u00fcrdigen Apotheken. Hydrocodon kann sehr wirksam sein, wenn es richtig eingesetzt wird \u2013 deine Gesundheit steht dabei jedoch immer an erster Stelle.<\/p>","protected":false},"excerpt":{"rendered":"<p>Sicher kaufen Hydrocodone online ohne Rezept. Medschemicalsuppliers vertrauensw\u00fcrdige Quellen f\u00fcr eine effektive Schmerzbehandlung.<\/p>","protected":false},"featured_media":2363,"comment_status":"open","ping_status":"closed","template":"","meta":{"jetpack_publicize_message":"","jetpack_publicize_feature_enabled":true,"jetpack_social_post_already_shared":false,"jetpack_social_options":{"image_generator_settings":{"template":"highway","default_image_id":0,"font":"","enabled":false},"version":2}},"product_brand":[],"product_cat":[294],"product_tag":[],"class_list":{"0":"post-2334","1":"product","2":"type-product","3":"status-publish","4":"has-post-thumbnail","6":"product_cat-opioide-kaufen","8":"first","9":"instock","10":"taxable","11":"shipping-taxable","12":"purchasable","13":"product-type-variable"},"jetpack_publicize_connections":[],"jetpack_sharing_enabled":true,"_links":{"self":[{"href":"https:\/\/medschemicalsuppliers.com\/fr\/wp-json\/wp\/v2\/product\/2334","targetHints":{"allow":["GET"]}}],"collection":[{"href":"https:\/\/medschemicalsuppliers.com\/fr\/wp-json\/wp\/v2\/product"}],"about":[{"href":"https:\/\/medschemicalsuppliers.com\/fr\/wp-json\/wp\/v2\/types\/product"}],"replies":[{"embeddable":true,"href":"https:\/\/medschemicalsuppliers.com\/fr\/wp-json\/wp\/v2\/comments?post=2334"}],"version-history":[{"count":3,"href":"https:\/\/medschemicalsuppliers.com\/fr\/wp-json\/wp\/v2\/product\/2334\/revisions"}],"predecessor-version":[{"id":2896,"href":"https:\/\/medschemicalsuppliers.com\/fr\/wp-json\/wp\/v2\/product\/2334\/revisions\/2896"}],"wp:featuredmedia":[{"embeddable":true,"href":"https:\/\/medschemicalsuppliers.com\/fr\/wp-json\/wp\/v2\/media\/2363"}],"wp:attachment":[{"href":"https:\/\/medschemicalsuppliers.com\/fr\/wp-json\/wp\/v2\/media?parent=2334"}],"wp:term":[{"taxonomy":"product_brand","embeddable":true,"href":"https:\/\/medschemicalsuppliers.com\/fr\/wp-json\/wp\/v2\/product_brand?post=2334"},{"taxonomy":"product_cat","embeddable":true,"href":"https:\/\/medschemicalsuppliers.com\/fr\/wp-json\/wp\/v2\/product_cat?post=2334"},{"taxonomy":"product_tag","embeddable":true,"href":"https:\/\/medschemicalsuppliers.com\/fr\/wp-json\/wp\/v2\/product_tag?post=2334"}],"curies":[{"name":"wp","href":"https:\/\/api.w.org\/{rel}","templated":true}]}}