{"id":1460,"date":"2023-06-27T19:19:17","date_gmt":"2023-06-27T18:19:17","guid":{"rendered":"https:\/\/medschemicalsuppliers.com\/?post_type=product&#038;p=1460"},"modified":"2025-12-19T10:38:09","modified_gmt":"2025-12-19T09:38:09","slug":"peruanisches-kokain","status":"publish","type":"product","link":"https:\/\/medschemicalsuppliers.com\/it\/product\/peruanisches-kokain\/","title":{"rendered":"Cocaina peruviana"},"content":{"rendered":"<div id=\"ez-toc-container\" class=\"ez-toc-v2_0_82_2 counter-hierarchy ez-toc-counter ez-toc-grey ez-toc-container-direction\">\n<div class=\"ez-toc-title-container\">\n<p class=\"ez-toc-title\" style=\"cursor:inherit\">Inhalts\u00fcbersicht<\/p>\n<span class=\"ez-toc-title-toggle\"><a href=\"#\" class=\"ez-toc-pull-right ez-toc-btn ez-toc-btn-xs ez-toc-btn-default ez-toc-toggle\" aria-label=\"Allinea la tabella dei contenuti\"><span class=\"ez-toc-js-icon-con\"><span class=\"\"><span class=\"eztoc-hide\" style=\"display:none;\">Toggle<\/span><span class=\"ez-toc-icon-toggle-span\"><svg style=\"fill: #999;color:#999\" xmlns=\"http:\/\/www.w3.org\/2000\/svg\" class=\"list-377408\" width=\"20px\" height=\"20px\" viewbox=\"0 0 24 24\" fill=\"none\"><path d=\"M6 6H4v2h2V6zm14 0H8v2h12V6zM4 11h2v2H4v-2zm16 0H8v2h12v-2zM4 16h2v2H4v-2zm16 0H8v2h12v-2z\" fill=\"currentColor\"><\/path><\/svg><svg style=\"fill: #999;color:#999\" class=\"arrow-unsorted-368013\" xmlns=\"http:\/\/www.w3.org\/2000\/svg\" width=\"10px\" height=\"10px\" viewbox=\"0 0 24 24\" version=\"1.2\" baseprofile=\"tiny\"><path d=\"M18.2 9.3l-6.2-6.3-6.2 6.3c-.2.2-.3.4-.3.7s.1.5.3.7c.2.2.4.3.7.3h11c.3 0 .5-.1.7-.3.2-.2.3-.5.3-.7s-.1-.5-.3-.7zM5.8 14.7l6.2 6.3 6.2-6.3c.2-.2.3-.5.3-.7s-.1-.5-.3-.7c-.2-.2-.4-.3-.7-.3h-11c-.3 0-.5.1-.7.3-.2.2-.3.5-.3.7s.1.5.3.7z\"\/><\/svg><\/span><\/span><\/span><\/a><\/span><\/div>\n<nav><ul class='ez-toc-list ez-toc-list-level-1' ><li class='ez-toc-page-1 ez-toc-heading-level-1'><a class=\"ez-toc-link ez-toc-heading-1\" href=\"https:\/\/medschemicalsuppliers.com\/it\/product\/peruanisches-kokain\/#Peruanisches_Kokain\" >Cocaina peruviana<\/a><ul class='ez-toc-list-level-3' ><li class='ez-toc-heading-level-3'><ul class='ez-toc-list-level-3' ><li class='ez-toc-heading-level-3'><a class=\"ez-toc-link ez-toc-heading-2\" href=\"https:\/\/medschemicalsuppliers.com\/it\/product\/peruanisches-kokain\/#KOKAIN_ZU_VERKAUFEN\" >KOKAIN ZU VERKAUFEN<\/a><ul class='ez-toc-list-level-4' ><li class='ez-toc-heading-level-4'><a class=\"ez-toc-link ez-toc-heading-3\" href=\"https:\/\/medschemicalsuppliers.com\/it\/product\/peruanisches-kokain\/#KOKAIN_ONLINE_IN_KANADA_KAUFEN\" >KOKAIN ONLINE IN KANADA KAUFEN<\/a><\/li><li class='ez-toc-page-1 ez-toc-heading-level-4'><a class=\"ez-toc-link ez-toc-heading-4\" href=\"https:\/\/medschemicalsuppliers.com\/it\/product\/peruanisches-kokain\/#BUY_COCAINE_ONLINE_USA_ZU_SEHR_MODERATEN_PREISEN\" >BUY COCAINE ONLINE USA ZU SEHR MODERATEN PREISEN<\/a><\/li><li class='ez-toc-page-1 ez-toc-heading-level-4'><a class=\"ez-toc-link ez-toc-heading-5\" href=\"https:\/\/medschemicalsuppliers.com\/it\/product\/peruanisches-kokain\/#KOKAIN_ONLINE_ZU_VERKAUFEN\" >KOKAIN ONLINE ZU VERKAUFEN<\/a><ul class='ez-toc-list-level-5' ><li class='ez-toc-heading-level-5'><a class=\"ez-toc-link ez-toc-heading-6\" href=\"https:\/\/medschemicalsuppliers.com\/it\/product\/peruanisches-kokain\/#ARZNEIMITTEL\" >ARZNEIMITTEL<\/a><\/li><\/ul><\/li><\/ul><\/li><\/ul><\/li><\/ul><\/li><\/ul><\/nav><\/div>\n<h1><span class=\"ez-toc-section\" id=\"Peruanisches_Kokain\"><\/span>Cocaina peruviana<span class=\"ez-toc-section-end\"><\/span><\/h1>\n<p>Unabh\u00e4ngig davon, kaufen Kokain Online Deutschland mit einem 5% Rabatt Politik. Peruanisches Kokain blockiert auch die Serotonin- und Noradrenalin-Tr\u00e4ger und verhindert so die Wiederaufnahme von Serotonin und Noradrenalin durch den synaptischen Spalt im pr\u00e4synaptischen Axon-Terminal und erh\u00f6ht die Aktivierung der Serotonin- und Noradrenalin-Rezeptoren im postsynaptischen Neuron, was zur Ver\u00e4nderung des Bewusstseins, der Gef\u00fchle und der mit Kokain verbundenen Aktivit\u00e4ten beitr\u00e4gt.<\/p>\n<p>Unser peruanisches Kokain ist ein wei\u00dfes Pulver, das aus dem Kokablatt gewonnen wird, einer Pflanze (Coca), die haupts\u00e4chlich in S\u00fcdamerika w\u00e4chst. &#8222;Split&#8220; ist nicht nur ein weiteres Medikament, sondern ein eher gewohnheitsbildendes Mittel, das auch durchtr\u00e4nkt und gegessen werden kann. Der Name &#8222;Break&#8220; scheint das Medikament zu sein, das produziert wird, wenn es erw\u00e4rmt wird, um den Rauch zu erzeugen. Kokain kaufen Deutschland<\/p>\n<p>Peruanisches Kokain hingegen ist in Form einer gro\u00dfen Menge wei\u00dfen, pr\u00e4chtigen Pulvers erh\u00e4ltlich, und im Gegensatz zu peruanischem Kokain ist das Break nicht wirklich in Trinkwasser l\u00f6slich. Wo kann ich peruanisches Flake-Kokain zu einem vern\u00fcnftigen Preis bekommen? Der Besitz von Kokain und der Verzicht auf eine klinische Behandlung ist verboten. Geringere Mengen f\u00fcr den privaten Gebrauch k\u00f6nnen bei Erst- oder Wiederholungst\u00e4tern straffrei bleiben; dies ist jedoch von Bundesland zu Bundesland unterschiedlich. Kokain kaufen in Deutschland<\/p>\n<p>Das rosafarbene Kokain wurde zun\u00e4chst aus dem Blatt des Erythroxylon-Kokastrauchs extrahiert, der vor allem im peruanischen Kokain online wie Kokain verwendet wurde. Derzeit hat die Gruppe alles, aber auf maoistischen Transformation angezeigt und als Alternative Geb\u00fchren Sicherheit f\u00fcr die Nachbarschaft Drogendealer, trotz Anfang Hinterhalte auf Milit\u00e4r Fu\u00df Wachen und in jedem Fall, fangen eine intermittierende ausgestattet Hilfe Hubschrauber. Kokain Online Kaufen Europa<\/p>\n<h3><span class=\"ez-toc-section\" id=\"KOKAIN_ZU_VERKAUFEN\"><\/span>KOKAIN ZU VERKAUFEN<span class=\"ez-toc-section-end\"><\/span><\/h3>\n<p>Purchase Uncut Peruvian Pure Cocaine ist wahrscheinlich das umfangreichste Sortiment an unterst\u00fctzenden Produkten in der peruanischen Kokainliste. 1g ganzes peruanisches 89% reines Fischschuppen-Kokain ist ein hochgradig s\u00fcchtig machendes Opiatmaterial, das aus den Bl\u00e4ttern des Koka-Baums hergestellt wird, der seinen Ursprung in S\u00fcdamerika hat, und es wird typischerweise in die Nase gegrunzt oder mit Wasser gemischt und mit einer Nadel infundiert. Kokain kaufen Deutschland<\/p>\n<p>Peruanisches Kokain kann auch zu einem wei\u00dfen Pulver verarbeitet werden. Es ist eine stark s\u00fcchtig machende, stimulierende Droge, die aus den Bl\u00e4ttern der in S\u00fcdamerika beheimateten Kokapflanze gewonnen wird. W\u00e4hrend Wohlstandsbehandler es f\u00fcr legitime klinische Zwecke verwenden k\u00f6nnen, z. B. zur lokalen Sedierung bei einigen Operationen, ist peruanisches Kokain eine illegale Substanz. Kokain kaufen Deutschland<\/p>\n<p>Die Pause wird durch eine kleine Glaspfeife geraucht. Peruanisches Kokain ist k\u00e4uflich zu erwerben und hat eine Vielzahl von Anwendungen in der medizinischen Welt. Aus diesem Grund wurde es in vielen Medikamenten verwendet und wurde von Experten empfohlen, um verschiedene Krankheiten zu behandeln. Wenn ich sage, absolut jeder, dann meine ich damit die Stiftung. Die breite \u00d6ffentlichkeit versteht es. Dies ist zweifellos ein Land, in dem viele Menschen, m\u00f6glicherweise bis zu 2.000.000 Menschen, in irgendeiner Weise in den Kokainhandel verwickelt sind. Kokain kaufen Deutschland<\/p>\n<p>Peruanisches Kokain ist ein potenter, fokaler, unruhiger Energizer, der den Dopaminspiegel in den Schaltkreisen des Verstandes anhebt, die Erf\u00fcllung und Entwicklung kontrollieren. Peruanisches Kokain \u00fcberwindet die Blut-Zerebrum-Schranke \u00fcber einen protonengekoppelten nat\u00fcrlichen Kationen-Antiporter und (in geringerem Ma\u00dfe) durch inaktive Verbreitung. Kokain kaufen Europa<\/p>\n<h4><span class=\"ez-toc-section\" id=\"KOKAIN_ONLINE_IN_KANADA_KAUFEN\"><\/span>KOKAIN ONLINE IN KANADA KAUFEN<span class=\"ez-toc-section-end\"><\/span><\/h4>\n<p>Peruanisches Kokain wirkt als Sympathomimetikum, indem es den Dopamintr\u00e4ger behindert und so die Wiederaufnahme von Dopamin aus dem synaptischen Spalt in die pr\u00e4synaptische Axonendigung verhindert; h\u00f6here Dopaminspiegel innerhalb des synaptischen Spalts erh\u00f6hen die Dopaminrezeptoraktivierung aus dem aufgestellten synaptischen Neuron, was die Wirkungen von Rausch und Erregung bewirkt. Kokain kaufen Deutschland<\/p>\n<p>Kann ich irgendwo im Vereinigten K\u00f6nigreich peruanisches Flake-Kokain kaufen? In einer weiteren versch\u00fctteten Aufnahme, die angeblich von einem Handy stammt, das er aus dem Gef\u00e4ngnis mitgenommen hat, ist Oropeza angeblich zu h\u00f6ren, wie er sagt, dass &#8222;Onkel Alan&#8220; bei seiner Bergung erscheinen w\u00fcrde. Das peruanische Kokain hat in der medizinischen Welt ein vielf\u00e4ltiges Profil. Aus diesem Grund wird es in vielen Rezepten verwendet und auch von Experten zur Behandlung verschiedener Krankheiten empfohlen. Peruanisches Kokain<\/p>\n<p>Peruanisches Kokain ist ein stark s\u00fcchtig machendes Stimulans, das aus den Bl\u00e4ttern der in S\u00fcdamerika beheimateten Kokapflanze gewonnen wird. W\u00e4hrend es f\u00fcr legitime klinische Zwecke verwendet werden kann, z. B. zur Sedierung bei einigen Operationen, ist peruanisches Kokain ein illegales Medikament. Viele Stra\u00dfenapotheker mischen dem peruanischen Kokain verschiedene Substanzen bei, um den Gewinn zu steigern oder um daf\u00fcr zu sorgen, dass sich peruanisches Kokain deutlich besser anf\u00fchlt als andere Peruanisches Kokain<\/p>\n<p>Auf jeden Fall k\u00f6nnen Sie bei uns peruanisches Kokain online mit gr\u00f6\u00dferer Vorsicht und Pr\u00e4zision erwerben. Es wird h\u00e4ufig in Verbindung mit einer Vielzahl anderer Substanzen falsch gehandhabt, was die Gefahren f\u00fcr die Gesundheit noch vergr\u00f6\u00dfert. Die Kombination von verschreibungspflichtigen Medikamenten wie Kokain und Alkohol ist h\u00e4ufig \u00e4u\u00dferst gef\u00e4hrlich. Eine Person, die von peruanischem Kokain abh\u00e4ngig ist, insbesondere wenn sie peruanisches Kokain injiziert, wird wahrscheinlich Arbeitserfahrung sammeln, um den Missbrauch von peruanischem Kokain zu verhindern. Peruanisches Kokain<\/p>\n<h4><span class=\"ez-toc-section\" id=\"BUY_COCAINE_ONLINE_USA_ZU_SEHR_MODERATEN_PREISEN\"><\/span>BUY COCAINE ONLINE USA ZU SEHR MODERATEN PREISEN<span class=\"ez-toc-section-end\"><\/span><\/h4>\n<p>Diese Symptome sind \u00e4u\u00dferst unangenehm und sollen dazu geh\u00f6ren. Im Vergleich zum Schnupfen und zur oralen Einnahme erm\u00f6glicht die Injektion von Kokain eine 100-prozentige Aufnahme in den Blutkreislauf und ist der schnellste Weg, um einen &#8222;Plan&#8220; zu erreichen. Peruanisches Kokain wirkt, indem es diesen Belohnungsvorgang ausnutzt und die Freisetzung von Dopamin bewirkt. Kokain macht daher nicht nur psychologisch, sondern auch neurochemisch extrem s\u00fcchtig.<\/p>\n<p>Schlaganfall in der Vorgeschichte oder Risiko eines Schlaganfalls: Wenn Sie einen Schlaganfall erlitten haben oder ein hohes Schlaganfallrisiko haben, sollten Sie Cola nicht trinken. Das in Koka enthaltene Kokain erh\u00f6ht das Risiko eines Todes durch ein gerissenes Blutgef\u00e4\u00df w\u00e4hrend des Geistes. In den letzten Jahren sind in Australien verschiedene synthetische Produkte mit kokain\u00e4hnlichen Wirkungen weithin verf\u00fcgbar geworden. Der Inhaltsstoff von Lively in diesen L\u00f6sungen k\u00f6nnte eine Reihe von Chemikalien sein, darunter Methylendioxypyrovaleron (MDPV), aber es ist unklar, was genau in ihnen enthalten ist.<\/p>\n<p>Infolgedessen k\u00f6nnen sie unvorhersehbarere Wirkungen haben und gef\u00e4hrlicher sein als peruanisches Kokain. Das Rauchen oder Verdampfen von Kokain und das Inhalieren in die Lunge f\u00fchrt zu einem fast sofortigen &#8222;Upper&#8220;, der extrem wirksam sein und s\u00fcchtig machen kann. Dieser anf\u00e4ngliche Stimulationsschub wird als &#8222;Rausch&#8220; bezeichnet. W\u00e4hrend die stimulierende Wirkung mehrere Stunden lang anhalten kann, ist die Euphorie sehr fl\u00fcchtig, was den Konsumenten dazu veranlasst, schneller zu rauchen.<\/p>\n<p>Zu den weiteren Risiken, die mit dem Konsum von peruanischem Kokain verbunden sind, geh\u00f6ren ein erh\u00f6htes Risiko f\u00fcr Herzsch\u00e4den, Bluthochdruck und einen Herzinfarkt. Endverbraucher mit einer langen Vorgeschichte von peruanischem Kokainmissbrauch k\u00f6nnen bleibende Sch\u00e4den davontragen. Kunden, die Crack rauchen, k\u00f6nnen an langfristigen Lungensch\u00e4den oder an Kehlkopf-, Lungen- und Atemwegskrebs leiden. Menschen, die peruanisches Kokain schnupfen&#8220;, indem sie es regelm\u00e4\u00dfig durch die Nase inhalieren, laufen Gefahr, die Nasenschleimhaut, den Rachen oder den Kehlkopf zu besch\u00e4digen.<\/p>\n<h4><span class=\"ez-toc-section\" id=\"KOKAIN_ONLINE_ZU_VERKAUFEN\"><\/span>KOKAIN ONLINE ZU VERKAUFEN<span class=\"ez-toc-section-end\"><\/span><\/h4>\n<p>Das Ziel ist es, das gesamte Gewebe, das diese Organe auskleidet, zu beseitigen. Die Kokainsucht in Peru ist eine St\u00f6rung, die inmitten der Belohnung des Geistes auftritt. Bei peruanischen Kokainkonsumenten entwickelt sich schnell eine Toleranz und sp\u00e4ter eine Abh\u00e4ngigkeit. Die Toleranz ist ein Hinweis darauf, was der K\u00f6rper begehrt. Je mehr Beweise gegen die Wirkung der Droge vorliegen, desto mehr Menschen interessieren sich f\u00fcr sie. Unabh\u00e4ngig davon, ob die Droge nur f\u00fcr kurze Zeit oder \u00fcber einen l\u00e4ngeren Zeitraum konsumiert wird, hat jeder Konsum Nebenwirkungen.<\/p>\n<p>Selbst bei jungen und gesunden Menschen kann der Konsum zu einem schweren Herzinfarkt f\u00fchren. \u00dcberm\u00e4\u00dfiger Konsum wird mit unberechenbarem und potenziell gewaltt\u00e4tigem Verhalten in Verbindung gebracht. Stimulanzien erh\u00f6hen die Atmungsaktivit\u00e4t, so dass die Opiatdosis erh\u00f6ht werden kann. Sobald das Stimulans nachl\u00e4sst, kann das Opioid den Patienten \u00fcberw\u00e4ltigen und einen Atemstillstand verursachen.<\/p>\n<p>Das Inhalieren oder Schnupfen von Kokain kann die Nasenschleimhaut und den Rahmen, der die Nasenl\u00f6cher voneinander trennt, sch\u00e4digen. Bei der Injektion von peruanischem Kokain besteht das Risiko einer Blutvergiftung, von durch Blut \u00fcbertragbaren Viren (wie HIV oder Hepatitis) durch gemeinsam benutzte Werkzeuge, besch\u00e4digte Blutgef\u00e4\u00dfe und Poren sowie Hautabszesse.<\/p>\n<p>Die Wirkung von Kokain h\u00e4ngt von der St\u00e4rke der Droge, der Kombination der Chemikalien, der Physiologie der Person und ihrem Geisteszustand zum Zeitpunkt der Einnahme ab. Der peruanische Kokainrausch ist nur vor\u00fcbergehend und h\u00e4lt etwa 15 bis 30 Minuten nach der Inhalation an. Denken Sie daran, dass nat\u00fcrliche Produkte nicht immer sicher sind und dass die Dosierung h\u00e4ufig kritisch ist.<\/p>\n<h5><span class=\"ez-toc-section\" id=\"ARZNEIMITTEL\"><\/span>ARZNEIMITTEL<span class=\"ez-toc-section-end\"><\/span><\/h5>\n<p>Befolgen Sie die Anweisungen auf dem Etikett der L\u00f6sung und konsultieren Sie Ihren Apotheker, Arzt oder eine andere medizinische Fachkraft unmittelbar vor der Anwendung. Erheblicher Bluthochdruck (Hypertonie): Koka oder das in Koka enthaltene peruanische Kokain kann bei manchen Menschen zu einem Anstieg des Blutdrucks f\u00fchren. Menschen, die unter hohem Blutdruck leiden, sollten Koka-Cola meiden. Peruanisches Kokain ist h\u00e4ufig eine stark s\u00fcchtig machende, stimulierende Droge, die direkt auf das Nervensystem, einschlie\u00dflich des Gehirns, wirkt. Kurzfristige Euphorie und St\u00e4rke geh\u00f6ren zu den Wirkungen von peruanischem Kokain. F\u00fcr weitere Informationen, <a href=\"https:\/\/medschemicalsuppliers.com\/it\/contatto\/\">contattateci<\/a> per favore.<\/p>","protected":false},"excerpt":{"rendered":"<p>Peruanisches Kokain Unabh\u00e4ngig davon, kaufen Kokain Online Deutschland mit einem 5% Rabatt Politik. Peruanisches Kokain blockiert auch die Serotonin- und<\/p>","protected":false},"featured_media":3096,"comment_status":"open","ping_status":"closed","template":"","meta":{"jetpack_publicize_message":"","jetpack_publicize_feature_enabled":true,"jetpack_social_post_already_shared":false,"jetpack_social_options":{"image_generator_settings":{"template":"highway","default_image_id":0,"font":"","enabled":false},"version":2}},"product_brand":[],"product_cat":[295],"product_tag":[332,331,330],"class_list":{"0":"post-1460","1":"product","2":"type-product","3":"status-publish","4":"has-post-thumbnail","6":"product_cat-stimulanzien-kaufen","7":"product_tag-buy-coccaine-online-in-france","8":"product_tag-buy-coccaine-online-in-italy","9":"product_tag-buy-peru-coccaine-online-in-spain","11":"first","12":"instock","13":"taxable","14":"shipping-taxable","15":"purchasable","16":"product-type-variable"},"jetpack_publicize_connections":[],"jetpack_sharing_enabled":true,"_links":{"self":[{"href":"https:\/\/medschemicalsuppliers.com\/it\/wp-json\/wp\/v2\/product\/1460","targetHints":{"allow":["GET"]}}],"collection":[{"href":"https:\/\/medschemicalsuppliers.com\/it\/wp-json\/wp\/v2\/product"}],"about":[{"href":"https:\/\/medschemicalsuppliers.com\/it\/wp-json\/wp\/v2\/types\/product"}],"replies":[{"embeddable":true,"href":"https:\/\/medschemicalsuppliers.com\/it\/wp-json\/wp\/v2\/comments?post=1460"}],"version-history":[{"count":1,"href":"https:\/\/medschemicalsuppliers.com\/it\/wp-json\/wp\/v2\/product\/1460\/revisions"}],"predecessor-version":[{"id":3095,"href":"https:\/\/medschemicalsuppliers.com\/it\/wp-json\/wp\/v2\/product\/1460\/revisions\/3095"}],"wp:featuredmedia":[{"embeddable":true,"href":"https:\/\/medschemicalsuppliers.com\/it\/wp-json\/wp\/v2\/media\/3096"}],"wp:attachment":[{"href":"https:\/\/medschemicalsuppliers.com\/it\/wp-json\/wp\/v2\/media?parent=1460"}],"wp:term":[{"taxonomy":"product_brand","embeddable":true,"href":"https:\/\/medschemicalsuppliers.com\/it\/wp-json\/wp\/v2\/product_brand?post=1460"},{"taxonomy":"product_cat","embeddable":true,"href":"https:\/\/medschemicalsuppliers.com\/it\/wp-json\/wp\/v2\/product_cat?post=1460"},{"taxonomy":"product_tag","embeddable":true,"href":"https:\/\/medschemicalsuppliers.com\/it\/wp-json\/wp\/v2\/product_tag?post=1460"}],"curies":[{"name":"wp","href":"https:\/\/api.w.org\/{rel}","templated":true}]}}