{"id":1551,"date":"2023-06-27T19:19:49","date_gmt":"2023-06-27T18:19:49","guid":{"rendered":"https:\/\/medschemicalsuppliers.com\/?post_type=product&#038;p=1551"},"modified":"2024-09-28T05:09:21","modified_gmt":"2024-09-28T03:09:21","slug":"maybach-mdma-kaufen","status":"publish","type":"product","link":"https:\/\/medschemicalsuppliers.com\/it\/product\/maybach-mdma-kaufen\/","title":{"rendered":"Maybach MDMA"},"content":{"rendered":"<div id=\"ez-toc-container\" class=\"ez-toc-v2_0_82_2 counter-hierarchy ez-toc-counter ez-toc-grey ez-toc-container-direction\">\n<div class=\"ez-toc-title-container\">\n<p class=\"ez-toc-title\" style=\"cursor:inherit\">Inhalts\u00fcbersicht<\/p>\n<span class=\"ez-toc-title-toggle\"><a href=\"#\" class=\"ez-toc-pull-right ez-toc-btn ez-toc-btn-xs ez-toc-btn-default ez-toc-toggle\" aria-label=\"Allinea la tabella dei contenuti\"><span class=\"ez-toc-js-icon-con\"><span class=\"\"><span class=\"eztoc-hide\" style=\"display:none;\">Toggle<\/span><span class=\"ez-toc-icon-toggle-span\"><svg style=\"fill: #999;color:#999\" xmlns=\"http:\/\/www.w3.org\/2000\/svg\" class=\"list-377408\" width=\"20px\" height=\"20px\" viewbox=\"0 0 24 24\" fill=\"none\"><path d=\"M6 6H4v2h2V6zm14 0H8v2h12V6zM4 11h2v2H4v-2zm16 0H8v2h12v-2zM4 16h2v2H4v-2zm16 0H8v2h12v-2z\" fill=\"currentColor\"><\/path><\/svg><svg style=\"fill: #999;color:#999\" class=\"arrow-unsorted-368013\" xmlns=\"http:\/\/www.w3.org\/2000\/svg\" width=\"10px\" height=\"10px\" viewbox=\"0 0 24 24\" version=\"1.2\" baseprofile=\"tiny\"><path d=\"M18.2 9.3l-6.2-6.3-6.2 6.3c-.2.2-.3.4-.3.7s.1.5.3.7c.2.2.4.3.7.3h11c.3 0 .5-.1.7-.3.2-.2.3-.5.3-.7s-.1-.5-.3-.7zM5.8 14.7l6.2 6.3 6.2-6.3c.2-.2.3-.5.3-.7s-.1-.5-.3-.7c-.2-.2-.4-.3-.7-.3h-11c-.3 0-.5.1-.7.3-.2.2-.3.5-.3.7s.1.5.3.7z\"\/><\/svg><\/span><\/span><\/span><\/a><\/span><\/div>\n<nav><ul class='ez-toc-list ez-toc-list-level-1' ><li class='ez-toc-page-1 ez-toc-heading-level-2'><a class=\"ez-toc-link ez-toc-heading-1\" href=\"https:\/\/medschemicalsuppliers.com\/it\/product\/maybach-mdma-kaufen\/#Maybach_MDMA_kaufen\" >Comprare Maybach MDMA<\/a><ul class='ez-toc-list-level-3' ><li class='ez-toc-heading-level-3'><a class=\"ez-toc-link ez-toc-heading-2\" href=\"https:\/\/medschemicalsuppliers.com\/it\/product\/maybach-mdma-kaufen\/#MDMA_PILLEN_ONLINE_KAUFEN\" >MDMA PILLEN ONLINE KAUFEN<\/a><ul class='ez-toc-list-level-4' ><li class='ez-toc-heading-level-4'><a class=\"ez-toc-link ez-toc-heading-3\" href=\"https:\/\/medschemicalsuppliers.com\/it\/product\/maybach-mdma-kaufen\/#MDMA_ONLINE_KAUFEN\" >MDMA ONLINE KAUFEN<\/a><ul class='ez-toc-list-level-5' ><li class='ez-toc-heading-level-5'><a class=\"ez-toc-link ez-toc-heading-4\" href=\"https:\/\/medschemicalsuppliers.com\/it\/product\/maybach-mdma-kaufen\/#MDMA_PILLS_FOR_SALE_EUROPE\" >MDMA PILLS FOR SALE EUROPE<\/a><\/li><li class='ez-toc-page-1 ez-toc-heading-level-5'><a class=\"ez-toc-link ez-toc-heading-5\" href=\"https:\/\/medschemicalsuppliers.com\/it\/product\/maybach-mdma-kaufen\/#MEHR\" >MEHR<\/a><\/li><\/ul><\/li><\/ul><\/li><\/ul><\/li><\/ul><\/nav><\/div>\n<h2><span class=\"ez-toc-section\" id=\"Maybach_MDMA_kaufen\"><\/span>Comprare Maybach MDMA<span class=\"ez-toc-section-end\"><\/span><\/h2>\n<p>Zun\u00e4chst einmal, MDMA Deutschland kaufen zu sehr g\u00fcnstigen Preisen. Ganz zu schweigen davon, dass wir die besten MDMA-Pillen zum Verkauf online haben. Die Transaktion ist nicht zur\u00fcckverfolgbar und extrem vorsichtig. Wir arbeiten mit offensichtlicher Kompetenz und Sorgfalt. So k\u00f6nnen wir Sie gl\u00fccklich machen, wenn die Artikel ankommen. Wenn Sie etwas anfordern, haben Sie den Eindruck, dass es von Profis bearbeitet wird. Der halluzinogene Amphetamincharakter von Maybach MDMA bietet den Rave-Besuchern eine Vielzahl faszinierender Komponenten.<\/p>\n<p>Aufgrund der stimulierenden Wirkung des Medikaments freuen sich einige Endverbraucher \u00fcber das Gef\u00fchl der Massengemeinschaft, w\u00e4hrend andere es als Treibstoff f\u00fcr Zusammenk\u00fcnfte verwenden. Purchase Maybach MDMA (Ecstasy), auch bekannt als &#8222;Happiness&#8220; oder XTC, wird h\u00e4ufig von jungen, \u00e4lteren Menschen in Gro\u00dfst\u00e4dten konsumiert. Zahlreiche unerw\u00fcnschte Wirkungen k\u00f6nnen bei \u00dcberdosierung auftreten, darunter Kieferzucken, Muskelzittern, \u00dcbelkeit\/Erbrechen und ein erh\u00f6hter Puls. MDMA-Pillen zu verkaufen<\/p>\n<p>Au\u00dferdem steigt bei einem \u00dcberschuss der innere W\u00e4rmewert des Menschen st\u00e4rker an, und es kann zu mentalen Trips kommen. Infolgedessen ist es wahrscheinlich, dass Zahn\u00e4rzte mit Personen konfrontiert werden, die Gl\u00fcck konsumieren. Der Grund daf\u00fcr ist, wie Experten erkl\u00e4ren, der Anstieg der Synapsen in unserem Gehirn, obwohl dies noch nicht bewiesen ist. MDMA kaufen Deutschland<\/p>\n<h3><span class=\"ez-toc-section\" id=\"MDMA_PILLEN_ONLINE_KAUFEN\"><\/span>MDMA PILLEN ONLINE KAUFEN<span class=\"ez-toc-section-end\"><\/span><\/h3>\n<p>Es wurde auch entdeckt, dass bestimmte scharfe Pillen die Bewegung von Dopamin, einem synthetischen Stoff im Gehirn, hemmen. Grunzende Gl\u00fcckseligkeit wird die Ergebnisse beschleunigen und zu einem begrenzteren, viel gr\u00fcndlicheren H\u00f6hepunkt f\u00fchren. Die Art und Weise, wie ein Medikament eingenommen wird, bestimmt die Geschwindigkeit, mit der es ins Gehirn gelangt, und Grunzen geh\u00f6rt zu den schnellsten. Am n\u00e4chsten Tag, nach der Einnahme hoher Dosen von Maybach MDMA, nahmen die Depressionen zu, ebenso wie Konzentrationsschw\u00e4che, Schlafst\u00f6rungen und eine Abnahme des Appetits auf Dateien. Maybach MDMA kaufen.<\/p>\n<p>Wissenschaftlern zufolge wirken sie durch die Beobachtung der Bewegung von Synapsen in unserem Gehirn, obwohl dies noch nicht best\u00e4tigt wurde. Maybach MDMA (joy) wird h\u00e4ufig falsch hergestellt, und die Menge von Maybach MDMA in der Tablette\/im Koffer kann unglaublich variieren, sogar innerhalb derselben Packung. Die Zeitspanne zwischen dem Erhalt des Medikaments und dem Erleben eines Ergebnisses scheint je nach Medikament und Person zu variieren. Maybach MDMA kaufen.<\/p>\n<p>Die zusammengesetzte Reichsbezeichnung &#8222;Mandy&#8220; und der US-Zeitrahmen &#8222;Molly&#8220; beil\u00e4ufig mit Maybach MDMA in einer durchsichtigen Pulverstruktur, von der man annimmt, dass sie frei von Verunreinigungen ist. Maybach MDMA wird auch in Form von Hydrochloridsalz vermarktet, entweder als losgel\u00f6ste Edelsteine oder in Gelkapseln. Au\u00dferdem ist gekl\u00e4rt, dass bestimmte clevere Pillen die Bildung von Dopamin hemmen, einem synthetischen Stoff, der im Gro\u00dfhirn vorkommt. Maybach MDMA kaufen.<\/p>\n<h4><span class=\"ez-toc-section\" id=\"MDMA_ONLINE_KAUFEN\"><\/span>MDMA ONLINE KAUFEN<span class=\"ez-toc-section-end\"><\/span><\/h4>\n<p>Freude wird h\u00e4ufig als gepresste Tablette (Lila Maybach-Tabletten) vermarktet, die einige Kunden zu einem Pulver granulieren und grunzen. Das Grunzen von Freude kann dazu f\u00fchren, dass die Ver\u00e4stelungen des Kunden fr\u00fcher ihren H\u00f6hepunkt erreichen, aber es kann auch die mit dem Medikament verbundenen Risiken erh\u00f6hen. Maybach MDMA (Euphorie) wird h\u00e4ufig seri\u00f6s hergestellt, und der Gehalt an Maybach MDMA in der Pille\/im Beh\u00e4lter kann erheblich variieren, sogar innerhalb desselben B\u00fcndels. MDMA kaufen Deutschland<\/p>\n<p>Die Zeit zwischen der Einnahme des Medikaments und dem Eintreten der Wirkung kann je nach Medikament und Person variieren. Purple Maybach Maybach MDMA ist eine F\u00e4lschung mit aufputschenden Eigenschaften, die fast identisch mit Amphetamin sind und m\u00e4\u00dfig stimulierend wirken. Maybach MDMA ist der prim\u00e4re psychoaktive Spezialist in vielen Freudentabletten. Maybach MDMA kaufen.<\/p>\n<p>Dennoch sind Rauschpr\u00e4parate selten reines Maybach MDMA; stattdessen besteht die illegale Herstellung von Gl\u00fcckspillen typischerweise aus der Kombination von Maybach MDMA mit anderen professionell verschriebenen Medikamenten wie Koffein, Amphetaminen, Kokain, Ketamin oder Narkotika. Ecstasy ist eine andere Bezeichnung f\u00fcr Maybach MDMA. MDMA (Gl\u00fcckseligkeit) wird in der Regel sehr stark produziert, und die Menge an Maybach MDMA in einer Pille\/H\u00fclle kann selbst innerhalb eines \u00e4hnlichen B\u00fcndels sch\u00f6ne Teile sein. Maybach MDMA kaufen.<\/p>\n<h5><span class=\"ez-toc-section\" id=\"MDMA_PILLS_FOR_SALE_EUROPE\"><\/span>MDMA PILLS FOR SALE EUROPE<span class=\"ez-toc-section-end\"><\/span><\/h5>\n<p>Dennoch sind Rauschmittel selten reines Maybach MDMA; stattdessen besteht die illegale Herstellung von Gl\u00fcckspillen in der Regel aus der Kombination von Maybach MDMA mit anderen professionell verschriebenen Medikamenten wie Koffein, Amphetaminen, Kokain, Ketamin oder Narkotika. Ecstasy ist eine andere Bezeichnung f\u00fcr Maybach MDMA. MDMA (Gl\u00fcckseligkeit) wird normalerweise stark produziert, und die Menge von Maybach MDMA in einer Pille\/H\u00fclle kann sch\u00f6ne Teile sein, sogar innerhalb eines \u00e4hnlichen B\u00fcndels. MDMA EUROPE kaufen<\/p>\n<p>Ungeachtet dessen ist unklar, wie sie unsere Kognition beeinflussen. Am n\u00e4chsten Tag, nach der Einnahme hoher Dosen von Maybach MDMA, nahm die Depression zu. Ein fadenscheiniges St\u00fcck \u0441\u043en\u0441\u0435ntr\u0430ti\u043en, eine Schlafst\u00f6rung und ein verfallendes \u043efile \u0430\u0440\u0440\u0435tt\u0435 Die Marquis-Untersuchung ist ein Reagenzien-Disziplin-Test, bei dem ein Tropfen Reagenzienfl\u00fcssigkeit auf eine kleine Probe der zu untersuchenden Textur getr\u00e4ufelt wird. Maybach MDMA kaufen.<\/p>\n<p>In jedem Fall reagieren die Substanzen im Reagenz mit verschiedenen zusammengesetzten Stoffen, was zu einigen unterschiedlichen T\u00f6nen f\u00fchrt, die davon abh\u00e4ngen, was um Himmels willen in dem aufzubrechenden Material enthalten ist. Eine \u00dcberdosis kann zu Kieferzuckungen, Muskelzittern, \u00dcbelkeit\/Erbrechen und erh\u00f6htem Blutdruck f\u00fchren. Auch bei einer \u00dcberdosis steigt die K\u00f6rpertemperatur drastisch an, und es k\u00f6nnen Halluzinationen auftreten. Maybach MDMA kaufen.<\/p>\n<h5><span class=\"ez-toc-section\" id=\"MEHR\"><\/span>MEHR<span class=\"ez-toc-section-end\"><\/span><\/h5>\n<p>Die Menge an Maybach MDMA in Ecstasy-Kapseln hat in Europa in den letzten Jahren aufgrund von Online-Ecstasy-Shops zugenommen. Purple Maybach MDMA ist ein synthetisches Stimulans mit amphetamin\u00e4hnlichen Eigenschaften und einer leicht halluzinogenen Wirkung. Viele Ecstasy-Tabletten enthalten Maybach MDMA als prim\u00e4re psychoaktive Substanz. Ecstasy-Tabletten sind jedoch selten reines Maybach MDMA; stattdessen wird MDMA bei der illegalen Herstellung von Ecstasy-Tabletten h\u00e4ufig mit anderen verschreibungspflichtigen Drogen wie Koffein, Amphetaminen, Kokain, Ketamin oder Opioiden gemischt. MDMA kaufen Deutschland<\/p>\n<p>Maybach MDMA ist auch als Ecstasy bekannt. Eine Gesellschaft, die an die Verbreitung glaubt, ist fr\u00f6hlich und leicht, und sie tanzt, bis die Sonne aufgeht. Wir tauschen Geschenke mit den Nachbarn aus. Bitte senden Sie mir eine private Nachricht, wenn Sie ein treuer Kunde sind, der uns eine Bewertung hinterlassen hat! Potenzielle K\u00e4ufer, die Benachrichtigungen erhalten, wenn wir Meilensteine erreichen, k\u00f6nnen bis zu 50% der Bestellungen erhalten. Bei aaronay.com k\u00f6nnen Sie preisg\u00fcnstiges lila Maybach MDMA im Internet kaufen und sicher sein, dass es von h\u00f6chster Qualit\u00e4t und frei von pharmazeutischen Verunreinigungen ist. F\u00fcr weitere Informationen, <a href=\"https:\/\/medschemicalsuppliers.com\/it\/contatto\/\">contattateci<\/a> per favore.<\/p>","protected":false},"excerpt":{"rendered":"<p>Maybach MDMA kaufen Zun\u00e4chst einmal, MDMA Deutschland kaufen zu sehr g\u00fcnstigen Preisen. Ganz zu schweigen davon, dass wir die besten<\/p>","protected":false},"featured_media":1575,"comment_status":"open","ping_status":"closed","template":"","meta":{"jetpack_publicize_message":"","jetpack_publicize_feature_enabled":true,"jetpack_social_post_already_shared":false,"jetpack_social_options":{"image_generator_settings":{"template":"highway","default_image_id":0,"font":"","enabled":false},"version":2}},"product_brand":[],"product_cat":[297],"product_tag":[],"class_list":{"0":"post-1551","1":"product","2":"type-product","3":"status-publish","4":"has-post-thumbnail","6":"product_cat-psychedelika-kaufen","8":"first","9":"instock","10":"taxable","11":"shipping-taxable","12":"purchasable","13":"product-type-variable"},"jetpack_publicize_connections":[],"jetpack_sharing_enabled":true,"_links":{"self":[{"href":"https:\/\/medschemicalsuppliers.com\/it\/wp-json\/wp\/v2\/product\/1551","targetHints":{"allow":["GET"]}}],"collection":[{"href":"https:\/\/medschemicalsuppliers.com\/it\/wp-json\/wp\/v2\/product"}],"about":[{"href":"https:\/\/medschemicalsuppliers.com\/it\/wp-json\/wp\/v2\/types\/product"}],"replies":[{"embeddable":true,"href":"https:\/\/medschemicalsuppliers.com\/it\/wp-json\/wp\/v2\/comments?post=1551"}],"version-history":[{"count":0,"href":"https:\/\/medschemicalsuppliers.com\/it\/wp-json\/wp\/v2\/product\/1551\/revisions"}],"wp:featuredmedia":[{"embeddable":true,"href":"https:\/\/medschemicalsuppliers.com\/it\/wp-json\/wp\/v2\/media\/1575"}],"wp:attachment":[{"href":"https:\/\/medschemicalsuppliers.com\/it\/wp-json\/wp\/v2\/media?parent=1551"}],"wp:term":[{"taxonomy":"product_brand","embeddable":true,"href":"https:\/\/medschemicalsuppliers.com\/it\/wp-json\/wp\/v2\/product_brand?post=1551"},{"taxonomy":"product_cat","embeddable":true,"href":"https:\/\/medschemicalsuppliers.com\/it\/wp-json\/wp\/v2\/product_cat?post=1551"},{"taxonomy":"product_tag","embeddable":true,"href":"https:\/\/medschemicalsuppliers.com\/it\/wp-json\/wp\/v2\/product_tag?post=1551"}],"curies":[{"name":"wp","href":"https:\/\/api.w.org\/{rel}","templated":true}]}}