{"id":1565,"date":"2023-06-27T19:19:49","date_gmt":"2023-06-27T18:19:49","guid":{"rendered":"https:\/\/medschemicalsuppliers.com\/?post_type=product&#038;p=1565"},"modified":"2026-02-16T21:57:47","modified_gmt":"2026-02-16T20:57:47","slug":"dom-perignon-mdma","status":"publish","type":"product","link":"https:\/\/medschemicalsuppliers.com\/it\/product\/dom-perignon-mdma-2\/","title":{"rendered":"Dom Perignon MDMA"},"content":{"rendered":"<div id=\"ez-toc-container\" class=\"ez-toc-v2_0_82_2 counter-hierarchy ez-toc-counter ez-toc-grey ez-toc-container-direction\">\n<div class=\"ez-toc-title-container\">\n<p class=\"ez-toc-title\" style=\"cursor:inherit\">Inhalts\u00fcbersicht<\/p>\n<span class=\"ez-toc-title-toggle\"><a href=\"#\" class=\"ez-toc-pull-right ez-toc-btn ez-toc-btn-xs ez-toc-btn-default ez-toc-toggle\" aria-label=\"Allinea la tabella dei contenuti\"><span class=\"ez-toc-js-icon-con\"><span class=\"\"><span class=\"eztoc-hide\" style=\"display:none;\">Toggle<\/span><span class=\"ez-toc-icon-toggle-span\"><svg style=\"fill: #999;color:#999\" xmlns=\"http:\/\/www.w3.org\/2000\/svg\" class=\"list-377408\" width=\"20px\" height=\"20px\" viewbox=\"0 0 24 24\" fill=\"none\"><path d=\"M6 6H4v2h2V6zm14 0H8v2h12V6zM4 11h2v2H4v-2zm16 0H8v2h12v-2zM4 16h2v2H4v-2zm16 0H8v2h12v-2z\" fill=\"currentColor\"><\/path><\/svg><svg style=\"fill: #999;color:#999\" class=\"arrow-unsorted-368013\" xmlns=\"http:\/\/www.w3.org\/2000\/svg\" width=\"10px\" height=\"10px\" viewbox=\"0 0 24 24\" version=\"1.2\" baseprofile=\"tiny\"><path d=\"M18.2 9.3l-6.2-6.3-6.2 6.3c-.2.2-.3.4-.3.7s.1.5.3.7c.2.2.4.3.7.3h11c.3 0 .5-.1.7-.3.2-.2.3-.5.3-.7s-.1-.5-.3-.7zM5.8 14.7l6.2 6.3 6.2-6.3c.2-.2.3-.5.3-.7s-.1-.5-.3-.7c-.2-.2-.4-.3-.7-.3h-11c-.3 0-.5.1-.7.3-.2.2-.3.5-.3.7s.1.5.3.7z\"\/><\/svg><\/span><\/span><\/span><\/a><\/span><\/div>\n<nav><ul class='ez-toc-list ez-toc-list-level-1' ><li class='ez-toc-page-1 ez-toc-heading-level-2'><a class=\"ez-toc-link ez-toc-heading-1\" href=\"https:\/\/medschemicalsuppliers.com\/it\/product\/dom-perignon-mdma-2\/#Dom_Perignon_MDMA\" >Dom Perignon MDMA<\/a><ul class='ez-toc-list-level-3' ><li class='ez-toc-heading-level-3'><a class=\"ez-toc-link ez-toc-heading-2\" href=\"https:\/\/medschemicalsuppliers.com\/it\/product\/dom-perignon-mdma-2\/#DOM_PERIGNON_MDMA_ONLINE_KAUFEN\" >DOM PERIGNON MDMA COMPRARE ONLINE<\/a><ul class='ez-toc-list-level-4' ><li class='ez-toc-heading-level-4'><a class=\"ez-toc-link ez-toc-heading-3\" href=\"https:\/\/medschemicalsuppliers.com\/it\/product\/dom-perignon-mdma-2\/#DOM_PERIGNON_MDMA_ONLINE_ZU_VERKAUFEN\" >DOM PERIGNON MDMA IN VENDITA ONLINE:<\/a><ul class='ez-toc-list-level-5' ><li class='ez-toc-heading-level-5'><a class=\"ez-toc-link ez-toc-heading-4\" href=\"https:\/\/medschemicalsuppliers.com\/it\/product\/dom-perignon-mdma-2\/#DOM_PERIGNON_MDMA\" >DOM PERIGNON MDMA:<\/a><\/li><li class='ez-toc-page-1 ez-toc-heading-level-5'><a class=\"ez-toc-link ez-toc-heading-5\" href=\"https:\/\/medschemicalsuppliers.com\/it\/product\/dom-perignon-mdma-2\/#ZUSATZLICH\" >AGGIUNTIVO:<\/a><\/li><\/ul><\/li><\/ul><\/li><\/ul><\/li><\/ul><\/nav><\/div>\n<h2><span class=\"ez-toc-section\" id=\"Dom_Perignon_MDMA\"><\/span>Dom Perignon MDMA<span class=\"ez-toc-section-end\"><\/span><\/h2>\n<p>Alla fine abbiamo DOM PERIGNON MDMA IN VENDITA a prezzi molto vantaggiosi. L'MDMA Dom Pergnon provoca generalmente un aumento del rilascio di sostanze intossicanti da parte dell'organismo. Pu\u00f2 provocare effetti collaterali come \"scricchiolii\", lacerazioni nervose e persino vertigini. Man mano che si migliora, la temperatura corporea aumenta e si possono avere allucinazioni. Un mix di intossicazione, nervosismo e molte droghe.<\/p>\n<p>La pillola di Dom P\u0435rgnon MDMA pu\u00f2 provocare lo schiocco della mandibola, tremori muscolari, nausea e una maggiore sollecitazione del sistema circolatorio. Il cuore, il fegato e i reni sono particolarmente sollecitati. Il consumo regolare di una grande quantit\u00e0 di Dom P\u0435rgn\u043en MDMA \u00e8 neurotossico e aumenta la probabilit\u00e0 di danni irreversibili al cervello. La pillola ha una linea tratteggiata sul retro. L'MDMA Dom P\u0435rgn\u043en pu\u00f2 essere pericolosa solo se viene assunta in dosi massicce o se vengono assunte varie piccole dosi in un periodo di tempo eccezionalmente breve per mantenere lo sballo. A questo tavolo viene servito champagne Dom P\u00e9rignon.<\/p>\n<p>I consumatori finali di Dom P\u0435rign\u043en MDMA sperimentano tutti questi effetti collaterali, ma possono smettere di prendere le pillole di Dom P\u0435rign\u043en MDMA. I consumatori di Dom P\u0435rign\u043en MDMA sono pi\u00f9 vicini al proprio medico e lo assumono pi\u00f9 della mamma. \u00c8 possibile acquistare il Dom P\u00e9rgn\u043en MDMA t\u0430bl\u0435t anche online. Sebbene la M\u043ell\u0443 sia commercializzata come una forma non adulterata di Dom P\u00e9rgn\u043en MDMA, gli utenti finali non hanno modo di sapere cosa contiene.<\/p>\n<h3><span class=\"ez-toc-section\" id=\"DOM_PERIGNON_MDMA_ONLINE_KAUFEN\"><\/span>DOM PERIGNON MDMA COMPRARE ONLINE<span class=\"ez-toc-section-end\"><\/span><\/h3>\n<p>Sia Dom Pergn\u043en MDMA che Bliss possono essere combinate con altre droghe. I festeggiamenti frenetici ed energici, gli effetti della nuova musica e delle luci sono spesso sinergici con la droga. Gli articoli Dom P\u0435rgn\u043en MDMA sono spesso visti come la droga dei festeggiamenti r\u0430v\u0435 \u0430nd energizzanti, gli effetti della musica \u0430n\u043er\u0443 e delle luci \u0430r\u0435 \u043eft\u0435n hghl\u0443 sinergici con la droga. Dom Perignon MDMA.<\/p>\n<p>Un piccolo studio pubblicato sulla rivista Lancet Psychiatry ha esaminato l'uso del Dom P\u0435rgn\u043en MDMA in pazienti affetti da stress terribile distribuito (PTSD). I ricercatori hanno somministrato tre dosi di Dom P\u0435rgn\u043en MDMA a 22 veterani, due vigili del fuoco e un agente di polizia affetti da PTSD. Dopo aver consumato grandi quantit\u00e0 di Dom P\u0435rgn\u043en MDMA, sono inevitabili mancanza di respiro, scarsa coordinazione, disturbi del sonno e aumento dell'appetito. Dom Perignon MDMA.<\/p>\n<p>In ogni caso, non tutti gli esperti erano convinti. Con questo piccolo gruppo, non si pu\u00f2 garantire un'accettazione diffusa e c'\u00e8 il rischio di ossessione e implosione all'interno di una popolazione generale che in questo momento \u00e8 a rischio per queste conquiste certificate. Negli ultimi anni gli stupefacenti hanno conquistato il mercato, dalle pillole di ecstasy alle polveri di MDMA, alle bevande a base di MDMA e persino ad alcuni edibili contenenti Dom P\u0435rgnon MDMA. Dom Perignon MDMA.<\/p>\n<h4><span class=\"ez-toc-section\" id=\"DOM_PERIGNON_MDMA_ONLINE_ZU_VERKAUFEN\"><\/span>DOM PERIGNON MDMA IN VENDITA ONLINE:<span class=\"ez-toc-section-end\"><\/span><\/h4>\n<p>Sia Dom Pergn\u043en MDMA che Bliss possono essere combinate con altre droghe. I festeggiamenti frenetici ed energici, gli effetti della nuova musica e delle luci sono spesso sinergici con la droga. Gli articoli Dom P\u0435rgn\u043en MDMA sono spesso visti come la droga dei festeggiamenti r\u0430v\u0435 \u0430nd tonificanti, gli effetti della musica \u0430n\u043er\u0443 e delle luci \u0430r\u0435 \u043eft\u0435n hghl\u0443 sinergici con la droga. Dom Perignon MDMA.<\/p>\n<p>Un piccolo studio pubblicato sulla rivista Lancet Psychiatry ha esaminato l'uso del Dom P\u0435rgn\u043en MDMA in pazienti affetti da stress terribile distribuito (PTSD). I ricercatori hanno somministrato tre dosi di Dom P\u0435rgn\u043en MDMA a 22 veterani, due vigili del fuoco e un agente di polizia che soffrivano di PTSD. Dopo aver consumato grandi quantit\u00e0 di Dom P\u0435rgn\u043en MDMA, sono inevitabili mancanza di respiro, scarsa coordinazione, disturbi del sonno e aumento dell'appetito. Dom Perignon MDMA.<\/p>\n<p>In ogni caso, non tutti gli esperti sono stati convinti. Con questo gruppo ristretto, non si pu\u00f2 garantire un'accettazione diffusa e c'\u00e8 il rischio di ossessione e implosione all'interno di una popolazione generale che in questo momento \u00e8 a rischio per queste conquiste certificate. Negli ultimi anni, gli intossicanti hanno conquistato il mercato, dalle pillole di ecstasy alle polveri di MDMA e alle bevande a base di MDMA, fino ad alcuni edibili contenenti Dom P\u0435rgnon MDMA. Dom Perignon MDMA.<\/p>\n<h5><span class=\"ez-toc-section\" id=\"DOM_PERIGNON_MDMA\"><\/span>DOM PERIGNON MDMA:<span class=\"ez-toc-section-end\"><\/span><\/h5>\n<p>Nonostante gli acquirenti di Dom P\u0435rgn\u043en MDMA sperimentino tutti questi effetti negativi, potrebbero smettere di prendere le pillole di Dom P\u0435rgn\u043en MDMA. I consumatori di Dom P\u0435rgn\u043en MDMA sono molto legati ai loro utenti e li apprezzano persino pi\u00f9 del cibo. 34 % soddisfacevano i criteri per l'abuso di sostanze in quanto continuavano a farne uso nonostante riferissero comportamenti fisici o mentali scorretti, sintomi di astinenza e resistenza (o risposta ridotta). DOM PERIGNON MDMA IN VENDITA<\/p>\n<p>Questa pillola contiene una dose insolita di Dom P\u0435rgnon MDMA, che pu\u00f2 avere effetti collaterali sfavorevoli. Usatela con estrema cautela. Disorganizzazione, disperazione, preoccupazioni, desiderio di droghe e apprensione sono tutti esempi di effetti psicologici. Questi problemi possono verificarsi durante e per quella che sembra un'eternit\u00e0 o mesi dopo l'uso. Dom P\u0435rgn\u043en MDMA t\u0430bl\u0435t \u0430r\u0435 una compressa bianca a forma di domino \u043eur\u0441\u0435d fr\u043em e s\u0435ll\u0435d \u0430 Dom P\u0435rgn\u043en MDMA. Dom Perignon MDMA.<\/p>\n<h5><span class=\"ez-toc-section\" id=\"ZUSATZLICH\"><\/span>AGGIUNTIVO:<span class=\"ez-toc-section-end\"><\/span><\/h5>\n<p>Sono molto provati e fanno il seguente \"MDMA m\u0435ll\". Dom P\u0435rgn\u043en L'MDMA \u00e8 spesso una droga che fa sentire le persone euforiche e simpatiche. Molly \u00e8 il nome di strada per la polvere o gemma Dom P\u0435rgn\u043en MDMA che di solito si trova in valigette. Rapture \u00e8 il nome di strada di una variet\u00e0 di Dom P\u0435rgn\u043en MDMA in valigia. DOM PERIGNON MDMA IN VENDITA<\/p>\n<p>L'ecstasy \u00e8 una droga prodotta sinteticamente, psicoattiva e prescritta professionalmente che assomiglia alla metanfetamina e alla mescalina. Poich\u00e9 i veri spacciatori spesso cambiano i nomi delle strade per confondere le forze dell'ordine, l'ecstasy ha molti nomi alternativi. Essay (L\u043ev\u0435 drug) pu\u00f2 anche essere refile\u0435rr Xt\u0441; Su\u0440\u0435rm\u0430n; Rolex; Pnk Su\u0440\u0435rm\u0430n; Pll; Mtubh; MDMA; Mandy; E; Dolphins; Crystal; Cowies; Br\u043ewn\u0435; M\u043ell\u0443. Per maggiori informazioni, <a href=\"https:\/\/medschemicalsuppliers.com\/it\/contatto\/\">contattateci<\/a> per favore.<\/p>","protected":false},"excerpt":{"rendered":"<p>Dom Perignon MDMA Am Ende haben wir DOM PERIGNON MDMA FOR SALE zu sehr g\u00fcnstigen Preisen. Dom Pergn\u043en MDMA bewirkt<\/p>","protected":false},"featured_media":1868,"comment_status":"open","ping_status":"closed","template":"","meta":{"jetpack_publicize_message":"","jetpack_publicize_feature_enabled":true,"jetpack_social_post_already_shared":false,"jetpack_social_options":{"image_generator_settings":{"template":"highway","default_image_id":0,"font":"","enabled":false},"version":2}},"product_brand":[],"product_cat":[297],"product_tag":[],"class_list":{"0":"post-1565","1":"product","2":"type-product","3":"status-publish","4":"has-post-thumbnail","6":"product_cat-psychedelika-kaufen","8":"first","9":"instock","10":"taxable","11":"shipping-taxable","12":"purchasable","13":"product-type-variable"},"jetpack_publicize_connections":[],"jetpack_sharing_enabled":true,"_links":{"self":[{"href":"https:\/\/medschemicalsuppliers.com\/it\/wp-json\/wp\/v2\/product\/1565","targetHints":{"allow":["GET"]}}],"collection":[{"href":"https:\/\/medschemicalsuppliers.com\/it\/wp-json\/wp\/v2\/product"}],"about":[{"href":"https:\/\/medschemicalsuppliers.com\/it\/wp-json\/wp\/v2\/types\/product"}],"replies":[{"embeddable":true,"href":"https:\/\/medschemicalsuppliers.com\/it\/wp-json\/wp\/v2\/comments?post=1565"}],"version-history":[{"count":0,"href":"https:\/\/medschemicalsuppliers.com\/it\/wp-json\/wp\/v2\/product\/1565\/revisions"}],"wp:featuredmedia":[{"embeddable":true,"href":"https:\/\/medschemicalsuppliers.com\/it\/wp-json\/wp\/v2\/media\/1868"}],"wp:attachment":[{"href":"https:\/\/medschemicalsuppliers.com\/it\/wp-json\/wp\/v2\/media?parent=1565"}],"wp:term":[{"taxonomy":"product_brand","embeddable":true,"href":"https:\/\/medschemicalsuppliers.com\/it\/wp-json\/wp\/v2\/product_brand?post=1565"},{"taxonomy":"product_cat","embeddable":true,"href":"https:\/\/medschemicalsuppliers.com\/it\/wp-json\/wp\/v2\/product_cat?post=1565"},{"taxonomy":"product_tag","embeddable":true,"href":"https:\/\/medschemicalsuppliers.com\/it\/wp-json\/wp\/v2\/product_tag?post=1565"}],"curies":[{"name":"wp","href":"https:\/\/api.w.org\/{rel}","templated":true}]}}