{"id":1602,"date":"2023-06-27T19:20:01","date_gmt":"2023-06-27T18:20:01","guid":{"rendered":"https:\/\/medschemicalsuppliers.com\/?post_type=product&#038;p=1602"},"modified":"2026-04-14T21:28:19","modified_gmt":"2026-04-14T19:28:19","slug":"2-fma-kaufen","status":"publish","type":"product","link":"https:\/\/medschemicalsuppliers.com\/it\/product\/2-fma-kaufen\/","title":{"rendered":"2-FMA Comprare"},"content":{"rendered":"<div id=\"ez-toc-container\" class=\"ez-toc-v2_0_82_2 counter-hierarchy ez-toc-counter ez-toc-grey ez-toc-container-direction\">\n<div class=\"ez-toc-title-container\">\n<p class=\"ez-toc-title\" style=\"cursor:inherit\">Inhalts\u00fcbersicht<\/p>\n<span class=\"ez-toc-title-toggle\"><a href=\"#\" class=\"ez-toc-pull-right ez-toc-btn ez-toc-btn-xs ez-toc-btn-default ez-toc-toggle\" aria-label=\"Allinea la tabella dei contenuti\"><span class=\"ez-toc-js-icon-con\"><span class=\"\"><span class=\"eztoc-hide\" style=\"display:none;\">Toggle<\/span><span class=\"ez-toc-icon-toggle-span\"><svg style=\"fill: #999;color:#999\" xmlns=\"http:\/\/www.w3.org\/2000\/svg\" class=\"list-377408\" width=\"20px\" height=\"20px\" viewbox=\"0 0 24 24\" fill=\"none\"><path d=\"M6 6H4v2h2V6zm14 0H8v2h12V6zM4 11h2v2H4v-2zm16 0H8v2h12v-2zM4 16h2v2H4v-2zm16 0H8v2h12v-2z\" fill=\"currentColor\"><\/path><\/svg><svg style=\"fill: #999;color:#999\" class=\"arrow-unsorted-368013\" xmlns=\"http:\/\/www.w3.org\/2000\/svg\" width=\"10px\" height=\"10px\" viewbox=\"0 0 24 24\" version=\"1.2\" baseprofile=\"tiny\"><path d=\"M18.2 9.3l-6.2-6.3-6.2 6.3c-.2.2-.3.4-.3.7s.1.5.3.7c.2.2.4.3.7.3h11c.3 0 .5-.1.7-.3.2-.2.3-.5.3-.7s-.1-.5-.3-.7zM5.8 14.7l6.2 6.3 6.2-6.3c.2-.2.3-.5.3-.7s-.1-.5-.3-.7c-.2-.2-.4-.3-.7-.3h-11c-.3 0-.5.1-.7.3-.2.2-.3.5-.3.7s.1.5.3.7z\"\/><\/svg><\/span><\/span><\/span><\/a><\/span><\/div>\n<nav><ul class='ez-toc-list ez-toc-list-level-1' ><li class='ez-toc-page-1 ez-toc-heading-level-2'><a class=\"ez-toc-link ez-toc-heading-1\" href=\"https:\/\/medschemicalsuppliers.com\/it\/product\/2-fma-kaufen\/#2-FMA_KAUFEN\" >2-FMA KAUFEN<\/a><ul class='ez-toc-list-level-3' ><li class='ez-toc-heading-level-3'><a class=\"ez-toc-link ez-toc-heading-2\" href=\"https:\/\/medschemicalsuppliers.com\/it\/product\/2-fma-kaufen\/#2-FMA_ONLINE_KAUFEN\" >2-FMA ONLINE KAUFEN<\/a><ul class='ez-toc-list-level-4' ><li class='ez-toc-heading-level-4'><a class=\"ez-toc-link ez-toc-heading-3\" href=\"https:\/\/medschemicalsuppliers.com\/it\/product\/2-fma-kaufen\/#2-FMA_ZUM_VERKAUF_ONLINE\" >2-FMA ZUM VERKAUF ONLINE<\/a><\/li><li class='ez-toc-page-1 ez-toc-heading-level-4'><a class=\"ez-toc-link ez-toc-heading-4\" href=\"https:\/\/medschemicalsuppliers.com\/it\/product\/2-fma-kaufen\/#2-FMA_FOR_SALE_EUROPA\" >2-FMA FOR SALE EUROPA<\/a><ul class='ez-toc-list-level-5' ><li class='ez-toc-heading-level-5'><a class=\"ez-toc-link ez-toc-heading-5\" href=\"https:\/\/medschemicalsuppliers.com\/it\/product\/2-fma-kaufen\/#ZUSATZLICH\" >AGGIUNTIVO<\/a><\/li><\/ul><\/li><\/ul><\/li><\/ul><\/li><\/ul><\/nav><\/div>\n<h2><span class=\"ez-toc-section\" id=\"2-FMA_KAUFEN\"><\/span>2-FMA KAUFEN<span class=\"ez-toc-section-end\"><\/span><\/h2>\n<p>In den meisten F\u00e4llen haben wir <a href=\"https:\/\/en.wikipedia.org\/wiki\/2-Fluoromethamphetamine\" target=\"_blank\" rel=\"noopener\">2-FMA<\/a> zum Verkauf auf der ganzen Welt zu sehr moderaten Preisen. Die verbesserte Visualisierungen von 2-FMA sind viel von der zeitlosen stetig und nur etwas offensichtlich bei gr\u00f6\u00dferen Messungen. Sie sind wirklich viel das gleiche wie deliriants und kommen \u00fcber extra prompt in dunstigeren Flecken. Halten Sie in einem trockenen und au\u00dfer Kontrolle Ort f\u00fcr die ideale Zeitrahmen der realistischen Verwendbarkeit.<\/p>\n<p>Wenn Sie mit synthetischen Substanzen arbeiten, sollten Sie in der Forschungseinrichtung die entsprechenden Vorsichtsma\u00dfnahmen treffen, wie z. B. die Reinigung von Oberfl\u00e4chen und das Tragen von Handschuhen, einer Abdeckung und Schutzkleidung. Einzelpersonen, die Verordnungen verwenden, die 2-FMA haben, konnten einen erh\u00f6hten Zustand des Verstandes in der Folge des Habens dieser Medikationen gut informieren. Dies liegt daran, dass die Substanzen in ihren K\u00f6pfen erh\u00f6hen und folglich effektiv kontrollieren ihre Disposition. 2-FMA zum Verkauf<\/p>\n<p>Energizer Drogen sind anerkannt, dass die Menschen mit Fettabbau durch Ersticken ihr Verlangen nach Nahrung zu unterst\u00fctzen. Dieses Ergebnis f\u00fchrt dazu, dass der Kunde insgesamt weniger Grundnahrungsmittel verzehrt. Dann wieder produzieren wir routinem\u00e4\u00dfig andere zusammengesetzte Strukturen erreichbar, so sein an der Freiheit, um uns zu erreichen, um zu \u00fcberpr\u00fcfen, ob wir Ihre unterst\u00fctzte materielle Art auf Lager haben. Es ist grundlegend, nicht weniger als 18 zahlreiche Jahre alt zu sein, um 2-FMA von uns zu erhalten. 2-FMA zum Verkauf<\/p>\n<p>Dann wieder, produzieren wir konsequent andere zusammengesetzte Strukturen erreichbar, so frei sein, um uns zu erhalten, um zu \u00fcberpr\u00fcfen, ob wir Ihre unterst\u00fctzte Material Art auf Lager haben. Es ist grundlegend, irgendwo um 18 zahlreiche Jahre alt zu sein, um 2-FMA von uns zu erhalten. Energizer Drogen werden regelm\u00e4\u00dfig von Schulkindern verwendet, um ihre Konzentration w\u00e4hrend ihrer logischen Untersuchungen zu verbessern. 2-FMA Kaufen.<\/p>\n<h3><span class=\"ez-toc-section\" id=\"2-FMA_ONLINE_KAUFEN\"><\/span>2-FMA ONLINE KAUFEN<span class=\"ez-toc-section-end\"><\/span><\/h3>\n<p>Es wurde festgestellt, dass etwa siebenundsechzig Prozent der Jugendlichen, die Energizer anwendeten, dies auch w\u00e4hrend ihrer Schulzeit taten. Nach und nach habe ich 2-FMA oder m\u00f6glicherweise 2-FA \u00fcber eine Woche nach Woche Pr\u00e4misse denken, dass zu Beginn des Jahres, um mich in meiner wissenschaftlichen Gemeinschaft zu helfen und haben Anzeichen oder Manifestationen entdeckt &#8211; von Einzelpersonen, die nicht definitiv dargestellt werden, zum Beispiel, Urin Wartung mit zwei-FMA. 2-FMA zum Verkauf<\/p>\n<p>Having said that, produzieren wir regelm\u00e4\u00dfig andere zusammengesetzte Sortimente sofort zug\u00e4nglich, so Seien Sie froh, uns zu schnappen, um auf die zuf\u00e4llige Chance, dass wir jetzt Ihre beliebtesten Material Art auf Lager haben zu finden. Sie sollten irgendwo um achtzehn eine ganze Weile vorbei sein, um 2-FMA von uns zu bekommen. Dosierungen von 2-FMA innerhalb der 100mg+ zeigen Ursache geringf\u00fcgig und flackernden Nystagmus (Auge wackelt). 2-FMA Kaufen.<\/p>\n<p>Anekdotische Berichte von jedem der Individuen, die 2-FMA ausgewertet haben, raten, dass es nicht zu sein scheinen alle omin\u00f6sen gesundheitlichen Ergebnisse gutgeschrieben zu nur versuchen, diese Verbindung bei au\u00dfergew\u00f6hnlich niedrigen bis durchschnittlichen Portionen allein oder Anwendung es sparsam (doch nichts k\u00f6nnte vollst\u00e4ndig garantiert werden). 2-FMA zum Verkauf<\/p>\n<h4><span class=\"ez-toc-section\" id=\"2-FMA_ZUM_VERKAUF_ONLINE\"><\/span>2-FMA ZUM VERKAUF ONLINE<span class=\"ez-toc-section-end\"><\/span><\/h4>\n<p>Alles in allem k\u00f6nnte jeder Energizer geben Herz-Kreislauf-Bedenken, wenn falsch gehandhabt oder gefressen die einfache Realit\u00e4t ist, dass die Menschen sind sicherlich nicht extrem vorsichtig mit ihren CNS-Programme in ihrem Punkt der Erreichung Effizienz oder Verz\u00fcckung. Energizer \u00e4rztlich verschriebene Medikamente werden wahrgenommen, um Menschen mit der heutigen Shedding K\u00f6rpergewicht zu unterst\u00fctzen, indem sie ihre Sehnsucht zu ersticken. 2-FMA Kaufen.<\/p>\n<p>Diese Auswirkung l\u00f6st den K\u00e4ufer aus, um weitgehend weniger Nahrungsmittel zu essen. 2-FMA wird als ein kontrolliertes Material der Liste I bestellt, ungeachtet dessen, dass Medizin von einem autorisierten Arzt ben\u00f6tigt wird, um 2-FMA in Kanada zu haben und zu bef\u00f6rdern. Der Besitz ohne Genehmigung kann zu gro\u00dfen und m\u00f6glichen Haftstrafen f\u00fchren. Auch wenn 2-FMA wird regelm\u00e4\u00dfig als ein Original-Droge, es hat keine psychoaktiven Ergebnisse und kann nur heben die Gro\u00dfhirn Aktion mit dem einzelnen, und ist in Richtung sportliche Gr\u00fcnde beschr\u00e4nkt. 2-FMA zum Verkauf<\/p>\n<p>Unsere 2-FMA Pellets sind strikt f\u00fcr die Nutzung in Forschungseinrichtungen und nicht f\u00fcr den menschlichen Gebrauch zugelassen. Jeder Punkt aus der Dosis \/ Pflege von Personen oder Kreaturen oder fast alles, was Nutzung verbunden ist nicht akzeptabel. Es ist wirklich wichtig, dass diese Ergebnisse nicht in einer wirklich \u00fcberraschenden oder zuverl\u00e4ssige Technik auftreten, w\u00e4hrend h\u00f6here Dosierungen sind mehr in Gefahr, eine ganze Reihe von Auswirkungen zu bet\u00e4tigen. 2-FMA Kaufen.<\/p>\n<h4><span class=\"ez-toc-section\" id=\"2-FMA_FOR_SALE_EUROPA\"><\/span>2-FMA FOR SALE EUROPA<span class=\"ez-toc-section-end\"><\/span><\/h4>\n<p>Zus\u00e4tzlich kommen ung\u00fcnstige Resultate, um mit h\u00f6heren Dosierungen unleugbar plausibler zu sein und k\u00f6nnen Abh\u00e4ngigkeit und grundlegende einzelne Verletzung enthalten. Auch wenn der Wirkstoff 2-FMA nicht offiziell auf eine vergleichbare Summe wie herk\u00f6mmliche Amphetamine untersucht wurde, zeigen logische Untersuchungen, dass er sowohl als Dopamin- als auch als Noradrenalin-liefernder Spezialist wirkt. 2-fma zum Verkauf<\/p>\n<p>Dies bedeutet, dass es erfolgreich die Grade von Noradrenalin und Dopamin unterst\u00fctzt, indem es die Tr\u00e4gerproteine einschr\u00e4nkt und etwas behindert, die sie normalerweise in der synaptischen Spalte sammeln. Es gibt keinen vorgeschlagenen Anteil, da 2-Fluoromethamphetamin einfach nicht f\u00fcr die menschliche Aufnahme bestimmt ist, aber einmalig f\u00fcr eine synthetische Untersuchung als rechtm\u00e4\u00dfig riesig f\u00fcr Untersuchungszwecke beworben wird.2-FMA Kaufen.<\/p>\n<p>Das Medikament ist in der Regel mehr befriedigend und erkennbar als Modafinil, aber sie sind beide deutlich st\u00e4rker als Sport. Energizer Rezepte sind bekannt, um Menschen mit der heutigen Shedding Fett durch Ersticken ihre Gel\u00fcste zu unterst\u00fctzen. Diese Auswirkung wird die einzelnen Burn-Through wesentlich weniger Heftklammer machen. 2-FMA Kaufen.<\/p>\n<h5><span class=\"ez-toc-section\" id=\"ZUSATZLICH\"><\/span>AGGIUNTIVO<span class=\"ez-toc-section-end\"><\/span><\/h5>\n<p>In aller Wirklichkeit w\u00fcrde ich nicht \u00fcberm\u00e4\u00dfig erstaunt sein, wenn diese Geschichte \u00fcber intensive kardiovaskul\u00e4re Auswirkungen (nicht kardiotoxisch, \u00dcberlegungen Sie) echt war, vor allem, weil 2-FMA explizit nicht das Gl\u00fcck, das mit den meisten anderen subbed Amphetamine verbunden ist, so dass eine Person auf der Suche nach der Verz\u00fcckung enthalten. 2-FMA zu verkaufen<\/p>\n<p>Menschen, die Beruhigungsmittel verwenden, die 2-FMA enthalten, k\u00f6nnten eine erh\u00f6hte Stimmung kurz nach der Einnahme dieser Medikamente erfahren. Es ist, weil die Substanzen in ihrem Gro\u00dfhirn erh\u00f6hen und entlang dieser Linien effektiv kontrollieren ihre Disposition. F\u00fcr weitere Informationen nehmen Sie bitte <a href=\"https:\/\/medschemicalsuppliers.com\/it\/contatto\/\">Kontakt mit uns<\/a> auf.<\/p>","protected":false},"excerpt":{"rendered":"<p>2-FMA KAUFEN In den meisten F\u00e4llen haben wir 2-FMA zum Verkauf auf der ganzen Welt zu sehr moderaten Preisen. Die<\/p>","protected":false},"featured_media":1804,"comment_status":"open","ping_status":"closed","template":"","meta":{"jetpack_publicize_message":"","jetpack_publicize_feature_enabled":true,"jetpack_social_post_already_shared":false,"jetpack_social_options":{"image_generator_settings":{"template":"highway","default_image_id":0,"font":"","enabled":false},"version":2}},"product_brand":[],"product_cat":[163,295],"product_tag":[],"class_list":{"0":"post-1602","1":"product","2":"type-product","3":"status-publish","4":"has-post-thumbnail","6":"product_cat-forschungschemikalien","7":"product_cat-stimulanzien-kaufen","9":"first","10":"instock","11":"taxable","12":"shipping-taxable","13":"purchasable","14":"product-type-variable"},"jetpack_publicize_connections":[],"jetpack_sharing_enabled":true,"_links":{"self":[{"href":"https:\/\/medschemicalsuppliers.com\/it\/wp-json\/wp\/v2\/product\/1602","targetHints":{"allow":["GET"]}}],"collection":[{"href":"https:\/\/medschemicalsuppliers.com\/it\/wp-json\/wp\/v2\/product"}],"about":[{"href":"https:\/\/medschemicalsuppliers.com\/it\/wp-json\/wp\/v2\/types\/product"}],"replies":[{"embeddable":true,"href":"https:\/\/medschemicalsuppliers.com\/it\/wp-json\/wp\/v2\/comments?post=1602"}],"version-history":[{"count":0,"href":"https:\/\/medschemicalsuppliers.com\/it\/wp-json\/wp\/v2\/product\/1602\/revisions"}],"wp:featuredmedia":[{"embeddable":true,"href":"https:\/\/medschemicalsuppliers.com\/it\/wp-json\/wp\/v2\/media\/1804"}],"wp:attachment":[{"href":"https:\/\/medschemicalsuppliers.com\/it\/wp-json\/wp\/v2\/media?parent=1602"}],"wp:term":[{"taxonomy":"product_brand","embeddable":true,"href":"https:\/\/medschemicalsuppliers.com\/it\/wp-json\/wp\/v2\/product_brand?post=1602"},{"taxonomy":"product_cat","embeddable":true,"href":"https:\/\/medschemicalsuppliers.com\/it\/wp-json\/wp\/v2\/product_cat?post=1602"},{"taxonomy":"product_tag","embeddable":true,"href":"https:\/\/medschemicalsuppliers.com\/it\/wp-json\/wp\/v2\/product_tag?post=1602"}],"curies":[{"name":"wp","href":"https:\/\/api.w.org\/{rel}","templated":true}]}}