{"id":1612,"date":"2023-06-27T19:20:11","date_gmt":"2023-06-27T18:20:11","guid":{"rendered":"https:\/\/medschemicalsuppliers.com\/?post_type=product&#038;p=1612"},"modified":"2025-05-12T10:07:12","modified_gmt":"2025-05-12T08:07:12","slug":"2cb-kaufen","status":"publish","type":"product","link":"https:\/\/medschemicalsuppliers.com\/it\/product\/2cb-kaufen\/","title":{"rendered":"Acquista 2CB"},"content":{"rendered":"<div id=\"ez-toc-container\" class=\"ez-toc-v2_0_82_2 counter-hierarchy ez-toc-counter ez-toc-grey ez-toc-container-direction\">\n<div class=\"ez-toc-title-container\">\n<p class=\"ez-toc-title\" style=\"cursor:inherit\">Inhalts\u00fcbersicht<\/p>\n<span class=\"ez-toc-title-toggle\"><a href=\"#\" class=\"ez-toc-pull-right ez-toc-btn ez-toc-btn-xs ez-toc-btn-default ez-toc-toggle\" aria-label=\"Allinea la tabella dei contenuti\"><span class=\"ez-toc-js-icon-con\"><span class=\"\"><span class=\"eztoc-hide\" style=\"display:none;\">Toggle<\/span><span class=\"ez-toc-icon-toggle-span\"><svg style=\"fill: #999;color:#999\" xmlns=\"http:\/\/www.w3.org\/2000\/svg\" class=\"list-377408\" width=\"20px\" height=\"20px\" viewbox=\"0 0 24 24\" fill=\"none\"><path d=\"M6 6H4v2h2V6zm14 0H8v2h12V6zM4 11h2v2H4v-2zm16 0H8v2h12v-2zM4 16h2v2H4v-2zm16 0H8v2h12v-2z\" fill=\"currentColor\"><\/path><\/svg><svg style=\"fill: #999;color:#999\" class=\"arrow-unsorted-368013\" xmlns=\"http:\/\/www.w3.org\/2000\/svg\" width=\"10px\" height=\"10px\" viewbox=\"0 0 24 24\" version=\"1.2\" baseprofile=\"tiny\"><path d=\"M18.2 9.3l-6.2-6.3-6.2 6.3c-.2.2-.3.4-.3.7s.1.5.3.7c.2.2.4.3.7.3h11c.3 0 .5-.1.7-.3.2-.2.3-.5.3-.7s-.1-.5-.3-.7zM5.8 14.7l6.2 6.3 6.2-6.3c.2-.2.3-.5.3-.7s-.1-.5-.3-.7c-.2-.2-.4-.3-.7-.3h-11c-.3 0-.5.1-.7.3-.2.2-.3.5-.3.7s.1.5.3.7z\"\/><\/svg><\/span><\/span><\/span><\/a><\/span><\/div>\n<nav><ul class='ez-toc-list ez-toc-list-level-1' ><li class='ez-toc-page-1 ez-toc-heading-level-2'><a class=\"ez-toc-link ez-toc-heading-1\" href=\"https:\/\/medschemicalsuppliers.com\/it\/product\/2cb-kaufen\/#2CB_KAUFEN\" >2CB KAUFEN<\/a><ul class='ez-toc-list-level-3' ><li class='ez-toc-heading-level-3'><a class=\"ez-toc-link ez-toc-heading-2\" href=\"https:\/\/medschemicalsuppliers.com\/it\/product\/2cb-kaufen\/#2CB_ONLINE_KAUFEN\" >2CB ONLINE KAUFEN<\/a><\/li><li class='ez-toc-page-1 ez-toc-heading-level-3'><a class=\"ez-toc-link ez-toc-heading-3\" href=\"https:\/\/medschemicalsuppliers.com\/it\/product\/2cb-kaufen\/#2CB_ZUM_ONLINE-VERKAUF\" >2CB ZUM ONLINE-VERKAUF<\/a><\/li><li class='ez-toc-page-1 ez-toc-heading-level-3'><a class=\"ez-toc-link ez-toc-heading-4\" href=\"https:\/\/medschemicalsuppliers.com\/it\/product\/2cb-kaufen\/#2CB_FLIEGE_ZU_VERKAUFEN\" >2CB FLIEGE ZU VERKAUFEN<\/a><ul class='ez-toc-list-level-5' ><li class='ez-toc-heading-level-5'><ul class='ez-toc-list-level-5' ><li class='ez-toc-heading-level-5'><a class=\"ez-toc-link ez-toc-heading-5\" href=\"https:\/\/medschemicalsuppliers.com\/it\/product\/2cb-kaufen\/#ZUSATZLICH\" >AGGIUNTIVO:<\/a><\/li><\/ul><\/li><\/ul><\/li><\/ul><\/li><\/ul><\/nav><\/div>\n<h2><span class=\"ez-toc-section\" id=\"2CB_KAUFEN\"><\/span>2CB KAUFEN<span class=\"ez-toc-section-end\"><\/span><\/h2>\n<p>Im Allgemeinen haben wir 2C-B zu sehr niedrigen Preisen zu verkaufen. 2C-B ist ein halluzinogenes Medikament, das anregende Gef\u00fchle und Hochgef\u00fchl erzeugt. Die Identifikation mit diesem Medikament ist positiv und deutlich undurchsichtig, aber ein neuer Aufschwung in der Nachtleben-Szene lenkt die Aufmerksamkeit auf 2C-B. Im Wesentlichen geht es darum, den Stoff, der w\u00e4hrend eines MDMA-Treffens aufkommt, zu koordinieren und die Mitglieder mit der aufbauenden, meskalinartigen Wirkung von 2C-B wieder &#8222;in ihren K\u00f6rper&#8220; zu bringen. 2C-B zum Verkauf<\/p>\n<p>Schlie\u00dflich begann ein deutsches Pharmaunternehmen namens Drittewell mit der Herstellung von 2C-B in einer Dosierung von f\u00fcnf Milligramm und vermarktete es als &#8222;Nexus&#8220;, eine Droge zur Steigerung der Potenz, die Schw\u00e4che und &#8222;K\u00e4lte&#8220; lindern sollte. Als MDMA 1985 in den Vereinigten Staaten verboten wurde, wurde 2C-B als legaler Ersatz schnell bekannt. Die hydrophoben Wechselwirkungen mit den hydrophoben R\u00e4umen des Fokus auf die Einschr\u00e4nkung k\u00f6nnen durch die hydrophoben Verbindungen des s\u00fc\u00dflich riechenden Rings und der planaren duftenden Ringstruktur innerhalb des Phenethylamin-R\u00fcckgrats von k-2C-B verursacht werden. 2CB kaufen<\/p>\n<p>Wenn 2C-B in den angemessenen Dosen (weniger als 25 bis drei\u00dfig mg) bedeutend erscheint, sollten Leute mit Herzproblemen oder Epilepsie mit der Substanz vorsichtiger sein, weil sie Herzsumme, Bluthochdruck und fokales \u00e4ngstliches Programm beeinflussen kann. Die meisten Medikamentenbewertungen werden 2C-B nicht erkennen. 2CB kaufen<\/p>\n<h3><span class=\"ez-toc-section\" id=\"2CB_ONLINE_KAUFEN\"><\/span>2CB ONLINE KAUFEN<span class=\"ez-toc-section-end\"><\/span><\/h3>\n<p>Nur spezielle Medikamententests, die Massenspektrometrie oder Gaschromatographie verwenden, sind in der Lage, 2C-B von einer Blut- oder Urinprobe zu trennen. Benutzer k\u00f6nnen Tr\u00e4ume haben, die meist zarte visuelle Ergebnisse sind, wie Gesichtsverrenkungen, sich bewegende Oberfl\u00e4chen, erh\u00f6hte oder sich bewegende T\u00f6ne oder Empfindungen, die dem Sehen von Seems \u00e4hneln. Gr\u00f6\u00dfere Dosen k\u00f6nnen viel bizarrere mentale Trips hervorrufen, die unangenehm oder erschreckend sein k\u00f6nnen. 2CB kaufen<\/p>\n<p>K\u00fcrzlich wurde \u00fcber Klaustrophobie und Muskelfaszinationen berichtet. 2C-B wird von Verk\u00e4ufern verkauft und kann auch \u00fcber das Darknet bezogen werden. Laut dem Worldwide Drug Survey 2019 hat der Erwerb von 2C-B im Darknet in den letzten f\u00fcnf Jahren zugenommen, trotz DMT und Ketamin. Nach Angaben der Drug Enforcement Administration (DEA) glauben verschiedene H\u00e4ndler, dass sie MDMA transportieren, aber es k\u00f6nnte sich um 2C-B handeln. 2CB kaufen<\/p>\n<p>Gegenw\u00e4rtig werden L\u00f6sungsamphetamine und Amphetamin-Substitute in gro\u00dfem Umfang zur Behandlung von ADHS (Aufmerksamkeitsdefizit-Hyperaktivit\u00e4tsst\u00f6rung) eingesetzt. Der Missbrauch von Energizern ist derzeit ein gro\u00dfes lokales Wirtschaftsproblem. 2C-B ist eine clevere psychoaktive Substanz, die 1974 von dem Naturchemiker und Psychopharmakologen Alexander &#8222;Sasha&#8220; Shulgin entwickelt wurde. Shulgin ist als &#8222;Backup Parent of Ecstasy&#8220; bekannt und hat mehr als 200 halluzinogene Mischungen in einem stinkenden Labor auf seinem Grundst\u00fcck in der Bay Area, das als &#8222;The Farm&#8220; bekannt ist, legal hergestellt. 2CB kaufen<\/p>\n<h3><span class=\"ez-toc-section\" id=\"2CB_ZUM_ONLINE-VERKAUF\"><\/span>2CB ZUM ONLINE-VERKAUF<span class=\"ez-toc-section-end\"><\/span><\/h3>\n<p>Eine andere Art von 2C-B ist das Modell der elektronischen Handelsorganisation, bei dem Privatpersonen den Unternehmen Dienstleistungen anbieten k\u00f6nnen und die Unternehmen die K\u00e4ufer bezahlen. Dieses Gesch\u00e4ftsmodell ist eine vollst\u00e4ndige Umkehrung des traditionellen Gesch\u00e4ftsmodells, bei dem Partnerschaften Waren und Dienstleistungen f\u00fcr Kunden bereitstellen. Bei bis zu 10 % der Sch\u00fcler in der Sekundarstufe wurde die Verwendung von Energizern zur Behandlung von ADHS beobachtet, und fast 35 % der Sch\u00fcler in der Sekundarstufe haben diese Art von Medikamenten verschrieben bekommen. 2CB kaufen<\/p>\n<p>Die Abh\u00e4ngigkeit von einer Substanz, um sich wirklich erbaut oder verzaubert zu f\u00fchlen, ist typischerweise ein Anzeichen f\u00fcr eine Abh\u00e4ngigkeit. Wenn Sie oder jemand, den Sie kennen, 2C-B missbraucht, suchen Sie Hilfe. Wenden Sie sich an einen Technikspezialisten, der Sie bei Problemen und L\u00f6sungen im Zusammenhang mit der Genesung unterst\u00fctzt. Es gibt keine Forschungsergebnisse zu 2C-B. 2C-B zum Verkauf<\/p>\n<p>Unabh\u00e4ngig davon, wie verbreitet dieser Stoff ist, gibt es bisher keine logischen Vorstudien oder m\u00f6glicherweise toxikologische Untersuchungen. W\u00e4hrend typische Halluzinogene wie LSA, Ayahuasca und Meskalin innerhalb von Fantasien um Stufe f\u00fcnf oder mehr Berechnung beginnen, wird 2C-B die meiste Zeit direkt in Stufe 8A visuelle Mathematik gehen. Dieses Fehlen von konsequent induzierten traumhaften Vorw\u00e4rtsspr\u00fcngen deutet darauf hin, dass 2C-B f\u00fcr manche Menschen nicht so tiefgreifend ist wie bestimmte andere Halluzinogene. 2C-B zu verkaufen<\/p>\n<h3><span class=\"ez-toc-section\" id=\"2CB_FLIEGE_ZU_VERKAUFEN\"><\/span>2CB FLIEGE ZU VERKAUFEN<span class=\"ez-toc-section-end\"><\/span><\/h3>\n<p>Die einzigen Daten, die wir derzeit haben, stammen aus episodischen Erz\u00e4hlungen und Beobachtungsberichten. Die meisten halluzinogenen Pflanzen werden von uns angebaut. Um sicherzustellen, dass sie von h\u00f6chster Qualit\u00e4t sind, werden sie in der ganzen Welt produziert. Empathie, Freundschaft und Liebensw\u00fcrdigkeit verbessern sich &#8211; Diese inneren Erw\u00e4gungen von Freundlichkeit, Wertsch\u00e4tzung und Sympathie sind geringf\u00fcgig zerbrechlicher und weniger scharf als bei Substanzen wie z. B. MDMA, bauen sich aber dennoch herzhafter und unerwartet stabiler auf als bei anderen Halluzinogenen jeder Klasse. 2CB kaufen<\/p>\n<p>Diesem Stoff wird seit langem eine lang anhaltende erholsame Wirkung nachgesagt. Die Bef\u00f6rderung dauert je nach Region zwei bis drei Tage. Wir bieten sowohl kleine als auch gro\u00dfe Partitionen an, sowie Preisnachl\u00e4sse f\u00fcr Massenanfragen. Eine gro\u00dfe Anzahl von Leads ist nicht immer vorteilhaft f\u00fcr Ihr Unternehmen, denn in diesem Fall ist gute Qualit\u00e4t der Quantit\u00e4t weit \u00fcberlegen. 2C-B zu verkaufen<\/p>\n<h5><span class=\"ez-toc-section\" id=\"ZUSATZLICH\"><\/span>AGGIUNTIVO:<span class=\"ez-toc-section-end\"><\/span><\/h5>\n<p>Verk\u00e4ufer werden entmutigt, wenn sie ihre Zeit in Marketing f\u00fcr jemanden investieren, der entweder nicht bereit oder nicht in der Lage ist, Ihre Dienstleistung oder Ihr Produkt zu kaufen. Das wahre geheime Ziel von aaronay.com ist es, Ihnen zu helfen, Ihre Beziehungen zu kleinen Unternehmen zu st\u00e4rken. 2C-B zum Verkauf<\/p>\n<p>Anstatt sich auf &#8222;beste Vermutungen&#8220; zu verlassen, basieren Ihre Vertriebs- und Marketingfunktionen jetzt auf klar definierten Phasen, vom Thema bis zur kontinuierlichen \u00dcberwachung und Beobachtung. Sie sind fast immer der Entscheidungstr\u00e4ger oder ein wichtiger Einflussnehmer in einer Aaronay-Kampagne. Das bedeutet, dass wenig Zeit f\u00fcr den Versuch aufgewendet wird, &#8222;die richtige Person zu erreichen&#8220;. 2C-B f\u00fcr den Verkauf<\/p>\n<p>Wenn das Telefon klingelt, ist es fast immer die richtige Person. 2C-B wird gemeinhin als anregend und stimulierend beschrieben und mit MDMA verglichen. In h\u00f6heren Dosen kann diese Wirkung sehr \u00fcberzeugend sein und die K\u00e4ufer zu k\u00f6rperlichen Aktivit\u00e4ten wie Tanzen animieren. F\u00fcr weitere Informationen nehmen Sie bitte <a href=\"https:\/\/medschemicalsuppliers.com\/it\/contatto\/\">Kontakt mit uns<\/a> auf.<\/p>","protected":false},"excerpt":{"rendered":"<p>2CB KAUFEN Im Allgemeinen haben wir 2C-B zu sehr niedrigen Preisen zu verkaufen. 2C-B ist ein halluzinogenes Medikament, das anregende<\/p>","protected":false},"featured_media":1808,"comment_status":"open","ping_status":"closed","template":"","meta":{"jetpack_publicize_message":"","jetpack_publicize_feature_enabled":true,"jetpack_social_post_already_shared":false,"jetpack_social_options":{"image_generator_settings":{"template":"highway","default_image_id":0,"font":"","enabled":false},"version":2}},"product_brand":[],"product_cat":[297],"product_tag":[],"class_list":{"0":"post-1612","1":"product","2":"type-product","3":"status-publish","4":"has-post-thumbnail","6":"product_cat-psychedelika-kaufen","8":"first","9":"instock","10":"taxable","11":"shipping-taxable","12":"purchasable","13":"product-type-variable"},"jetpack_publicize_connections":[],"jetpack_sharing_enabled":true,"_links":{"self":[{"href":"https:\/\/medschemicalsuppliers.com\/it\/wp-json\/wp\/v2\/product\/1612","targetHints":{"allow":["GET"]}}],"collection":[{"href":"https:\/\/medschemicalsuppliers.com\/it\/wp-json\/wp\/v2\/product"}],"about":[{"href":"https:\/\/medschemicalsuppliers.com\/it\/wp-json\/wp\/v2\/types\/product"}],"replies":[{"embeddable":true,"href":"https:\/\/medschemicalsuppliers.com\/it\/wp-json\/wp\/v2\/comments?post=1612"}],"version-history":[{"count":0,"href":"https:\/\/medschemicalsuppliers.com\/it\/wp-json\/wp\/v2\/product\/1612\/revisions"}],"wp:featuredmedia":[{"embeddable":true,"href":"https:\/\/medschemicalsuppliers.com\/it\/wp-json\/wp\/v2\/media\/1808"}],"wp:attachment":[{"href":"https:\/\/medschemicalsuppliers.com\/it\/wp-json\/wp\/v2\/media?parent=1612"}],"wp:term":[{"taxonomy":"product_brand","embeddable":true,"href":"https:\/\/medschemicalsuppliers.com\/it\/wp-json\/wp\/v2\/product_brand?post=1612"},{"taxonomy":"product_cat","embeddable":true,"href":"https:\/\/medschemicalsuppliers.com\/it\/wp-json\/wp\/v2\/product_cat?post=1612"},{"taxonomy":"product_tag","embeddable":true,"href":"https:\/\/medschemicalsuppliers.com\/it\/wp-json\/wp\/v2\/product_tag?post=1612"}],"curies":[{"name":"wp","href":"https:\/\/api.w.org\/{rel}","templated":true}]}}