{"id":1618,"date":"2023-06-27T19:20:11","date_gmt":"2023-06-27T18:20:11","guid":{"rendered":"https:\/\/medschemicalsuppliers.com\/?post_type=product&#038;p=1618"},"modified":"2026-03-11T01:35:47","modified_gmt":"2026-03-11T00:35:47","slug":"5f-mdmb-2201","status":"publish","type":"product","link":"https:\/\/medschemicalsuppliers.com\/it\/product\/5f-mdmb-2201\/","title":{"rendered":"5F-MDMB-2201"},"content":{"rendered":"<div id=\"ez-toc-container\" class=\"ez-toc-v2_0_82_2 counter-hierarchy ez-toc-counter ez-toc-grey ez-toc-container-direction\">\n<div class=\"ez-toc-title-container\">\n<p class=\"ez-toc-title\" style=\"cursor:inherit\">Inhalts\u00fcbersicht<\/p>\n<span class=\"ez-toc-title-toggle\"><a href=\"#\" class=\"ez-toc-pull-right ez-toc-btn ez-toc-btn-xs ez-toc-btn-default ez-toc-toggle\" aria-label=\"Allinea la tabella dei contenuti\"><span class=\"ez-toc-js-icon-con\"><span class=\"\"><span class=\"eztoc-hide\" style=\"display:none;\">Toggle<\/span><span class=\"ez-toc-icon-toggle-span\"><svg style=\"fill: #999;color:#999\" xmlns=\"http:\/\/www.w3.org\/2000\/svg\" class=\"list-377408\" width=\"20px\" height=\"20px\" viewbox=\"0 0 24 24\" fill=\"none\"><path d=\"M6 6H4v2h2V6zm14 0H8v2h12V6zM4 11h2v2H4v-2zm16 0H8v2h12v-2zM4 16h2v2H4v-2zm16 0H8v2h12v-2z\" fill=\"currentColor\"><\/path><\/svg><svg style=\"fill: #999;color:#999\" class=\"arrow-unsorted-368013\" xmlns=\"http:\/\/www.w3.org\/2000\/svg\" width=\"10px\" height=\"10px\" viewbox=\"0 0 24 24\" version=\"1.2\" baseprofile=\"tiny\"><path d=\"M18.2 9.3l-6.2-6.3-6.2 6.3c-.2.2-.3.4-.3.7s.1.5.3.7c.2.2.4.3.7.3h11c.3 0 .5-.1.7-.3.2-.2.3-.5.3-.7s-.1-.5-.3-.7zM5.8 14.7l6.2 6.3 6.2-6.3c.2-.2.3-.5.3-.7s-.1-.5-.3-.7c-.2-.2-.4-.3-.7-.3h-11c-.3 0-.5.1-.7.3-.2.2-.3.5-.3.7s.1.5.3.7z\"\/><\/svg><\/span><\/span><\/span><\/a><\/span><\/div>\n<nav><ul class='ez-toc-list ez-toc-list-level-1' ><li class='ez-toc-page-1 ez-toc-heading-level-2'><a class=\"ez-toc-link ez-toc-heading-1\" href=\"https:\/\/medschemicalsuppliers.com\/it\/product\/5f-mdmb-2201\/#5F-MDMB-2201\" >5F-MDMB-2201<\/a><ul class='ez-toc-list-level-3' ><li class='ez-toc-heading-level-3'><a class=\"ez-toc-link ez-toc-heading-2\" href=\"https:\/\/medschemicalsuppliers.com\/it\/product\/5f-mdmb-2201\/#5F-MDMB-2201_ONLINE_KAUFEN\" >5F-MDMB-2201 ACQUISTARE ONLINE<\/a><ul class='ez-toc-list-level-4' ><li class='ez-toc-heading-level-4'><a class=\"ez-toc-link ez-toc-heading-3\" href=\"https:\/\/medschemicalsuppliers.com\/it\/product\/5f-mdmb-2201\/#5F-MDMB-2201_ZUM_VERKAUF_ONLINE\" >5F-MDMB-2201 IN VENDITA ONLINE<\/a><\/li><li class='ez-toc-page-1 ez-toc-heading-level-4'><a class=\"ez-toc-link ez-toc-heading-4\" href=\"https:\/\/medschemicalsuppliers.com\/it\/product\/5f-mdmb-2201\/#ZUSATZLICH\" >AGGIUNTIVO<\/a><\/li><\/ul><\/li><\/ul><\/li><\/ul><\/nav><\/div>\n<h2><span class=\"ez-toc-section\" id=\"5F-MDMB-2201\"><\/span>5F-MDMB-2201<span class=\"ez-toc-section-end\"><\/span><\/h2>\n<p>La prima cosa da ricordare \u00e8 che abbiamo 5F-MDMB-2201 FOR SALE di alta qualit\u00e0 a prezzi molto bassi. Mi hanno aiutato attraverso l'interazione e la cripto che non ero in grado di lavorare, mi hanno aiutato a ottenere bitcoin, e sono stati l\u00ec con me per tutto il comprare 5f-mdmb-2201 a basso costo aree.5F-MDMB-2201 \u00e8 noto per essere un agonista CB1 molto potente, ma non \u00e8 chiaro se ha una forte selettivit\u00e0 per CB1, o in effetti se \u00e8 specifico in qualsiasi modo.<\/p>\n<p>Il 4F-BCA \u00e8 un altro principio attivo sintetico con una disposizione cannabinoide. Il farmaco \u00e8 giallo e puro al 99,6 %. La droga ha un effetto quasi identico a quello del 4adb e del 5 ADB. La droga ha un effetto quasi identico a quello del 4adb e del 5 ADB. \u00c8 possibile che il 5F-MDMB-2201 rientri nei vari \"divieti di copertura\" per i cannabinoidi sintetici di tipo indazolico. 5F-MDMB-2201 IN VENDITA<\/p>\n<p>Studi preclinici indicano che 5F-MDMBPICA si lega al recettore CB1 e agisce come agonista. Non esistono dichiarazioni stampate sulla sicurezza del 5F-MDMB-PICA per l'uso umano. Potrebbe anche essere considerato un campione della sostanza vietata ed essere limitato come tale. A questo punto saranno necessari test approfonditi. 5F-MDMB-2201 IN VENDITA<\/p>\n<h3><span class=\"ez-toc-section\" id=\"5F-MDMB-2201_ONLINE_KAUFEN\"><\/span>5F-MDMB-2201 ACQUISTARE ONLINE<span class=\"ez-toc-section-end\"><\/span><\/h3>\n<p>Poich\u00e9 il 5F-MDMB-2201 \u00e8 cos\u00ec nuovo sul mercato, si sa ancora poco degli effetti di questa sostanza sintetica sul corpo umano. Inoltre, siamo sempre alla ricerca di nuove opportunit\u00e0 per espandere la nostra attivit\u00e0 in tutto il paese. Pertanto, ogni volta che abbiamo un numero crescente di richieste per il nostro inventario, di solito le riceviamo. Ci occupiamo di rifornirvi e di assistervi nel trovare i prodotti della migliore qualit\u00e0 al momento giusto. 5F-MDMB-2201 IN VENDITA<\/p>\n<p>Il 5F-MDMB-2201 \u00e8 associato ad altri cannabinoidi, secondo le ricerche condotte in strutture di ricerca logiche. Se le qualit\u00e0, cos\u00ec come la composizione della sostanza chimica, saranno studiate su questo composto. Pu\u00f2 attivare il sistema dopaminergico, portando a un aumento dei livelli di dopamina. Assicuratevi di essere eccezionali prima di presentare la vostra domanda. 5F-MDMB-2201 IN VENDITA<\/p>\n<p>A causa delle sostanze investigative, \u00e8 necessario mantenere l'area di capacit\u00e0 perfettamente ventilata. Potrebbe essere illegale inviare sali da vasca illegali, quindi assicuratevi di aver controllato la legalit\u00e0 5f-mdmb-2201 nel distretto in cui risiedete. Per un'esperienza ottimale, richiedere sostanze sintetiche legali da produttori autentici di integratori sperimentali. 5F-MDMB-2201 IN VENDITA<\/p>\n<h4><span class=\"ez-toc-section\" id=\"5F-MDMB-2201_ZUM_VERKAUF_ONLINE\"><\/span>5F-MDMB-2201 IN VENDITA ONLINE<span class=\"ez-toc-section-end\"><\/span><\/h4>\n<p>Le possibilit\u00e0 elencate di seguito sono state autorizzate da un'azienda pericolosa. Per avere la collezione pi\u00f9 vantaggiosa, vi consigliamo di leggere un'indagine sulle recensioni autentiche dei produttori di mescalina.5f mdmb 2201 \u00e8 di solito una sostanza che vi pu\u00f2 giovare in modo esplicito nella vostra franchezza e sicurezza da World Chemed. Vi viene presentata nella sua forma naturale in una struttura simile a un vetro di colore giallo intenso. 5F-MDMB-2201 IN VENDITA<\/p>\n<p>Di conseguenza, \u00e8 possibile acquistare 5f-mdmb-2201 online senza paura di essere truffati. Acquisiamo diversi aggiornamenti nel mezzo del tempo di avvicinamento. Attualmente, circa 90% dei trasferimenti sono pagati a noi immediatamente; tuttavia, si dovrebbe essere consapevoli del fatto che ci sono numerose istituzioni finanziarie che addebitano qualsiasi numero di tasse per il trasferimento dei fondi. 5F-MDMB-2201 IN VENDITA<\/p>\n<p>\u00c8 possibile che il sito web sia temporaneamente non disponibile o che la connessione sia temporaneamente interrotta. Ammiriamo la sua perseveranza. Sto usando 5f-mdmb-2201 in vari dosaggi da qualche mese. Oggi ho fatto un buon affare con l'e-liquid. Gesticolo molto e mi sento fiacco quando mi sdraio. 5F-MDMB-2201 IN VENDITA<\/p>\n<h4><span class=\"ez-toc-section\" id=\"ZUSATZLICH\"><\/span>AGGIUNTIVO<span class=\"ez-toc-section-end\"><\/span><\/h4>\n<p>Ho spesso voglie e l'effetto ritardato dura circa 8 ore. Nel complesso \u00e8 molto forte e dura molto a lungo. Il trasporto in Europa garantisce 100% un trasporto sicuro e protegge la vostra privacy dalla personalizzazione. Abbiamo un rivenditore remailer in Europa che pu\u00f2 anche assisterci nella consegna tempestiva e appropriata dei nostri prodotti, e abbiamo stock l\u00ec per il trasporto. 5F-MDMB-2201 IN VENDITA<\/p>\n<p>Che cos'\u00e8 il 5f-MDMB-2201 e quali sono i risultati pi\u00f9 terribili del 5f-MDMB-2201 e del 5f-MDMB-2201 disponibili per l'acquisto sono generalmente gli analoghi del 5f supportato, ma con un livello di delusione incredibilmente significativo. Questo perch\u00e9 ha un'altissima probabilit\u00e0 di essere idrolizzato in MMB o di scomporsi in MMB stesso. 5F-MDMB-2201 IN VENDITA<\/p>\n<p>\u00c8 illegale trasportare risorse illegali in 5F- MDMB- 2201, quindi assicuratevi di aver controllato l'indagine sulle sostanze composte che rimangono legali nella vostra zona. Per avere la migliore esperienza, acquistare questo prodotto da un produttore sintetico genuino recensione. Conservare i mezzi in luoghi genuini RC internet. 5F-MDMB-2201 IN VENDITA<\/p>\n<p>Quindi, dopo qualche esperienza significativamente maggiore, ho scoperto che i risultati continuavano per qualche ora, come questo, ma non ero sicuro di quello che stavo vedendo. Ho tagliato un grado irrilevante di mdmb-2201 sulla carta e l'ho notato pochi giorni dopo l'uso. Ribadiamo che guardare le opinioni dei venditori reali di sali di tino vi dar\u00e0 la migliore inclinazione.5F-MDMB-2201 \u00e8 noto per essere un agonista CB1 davvero efficace. Per maggiori informazioni, <a href=\"https:\/\/medschemicalsuppliers.com\/it\/contatto\/\">contattateci<\/a> per favore.<\/p>","protected":false},"excerpt":{"rendered":"<p>5F-MDMB-2201 Das erste, was zu erinnern ist, dass wir hochwertige 5F-MDMB-2201 FOR SALE zu sehr niedrigen Preisen haben. Sie halfen<\/p>","protected":false},"featured_media":1643,"comment_status":"open","ping_status":"closed","template":"","meta":{"jetpack_publicize_message":"","jetpack_publicize_feature_enabled":true,"jetpack_social_post_already_shared":false,"jetpack_social_options":{"image_generator_settings":{"template":"highway","default_image_id":0,"font":"","enabled":false},"version":2}},"product_brand":[],"product_cat":[258,163],"product_tag":[],"class_list":{"0":"post-1618","1":"product","2":"type-product","3":"status-publish","4":"has-post-thumbnail","6":"product_cat-cannabinoid-kaufen","7":"product_cat-forschungschemikalien","9":"first","10":"instock","11":"taxable","12":"shipping-taxable","13":"purchasable","14":"product-type-variable"},"jetpack_publicize_connections":[],"jetpack_sharing_enabled":true,"_links":{"self":[{"href":"https:\/\/medschemicalsuppliers.com\/it\/wp-json\/wp\/v2\/product\/1618","targetHints":{"allow":["GET"]}}],"collection":[{"href":"https:\/\/medschemicalsuppliers.com\/it\/wp-json\/wp\/v2\/product"}],"about":[{"href":"https:\/\/medschemicalsuppliers.com\/it\/wp-json\/wp\/v2\/types\/product"}],"replies":[{"embeddable":true,"href":"https:\/\/medschemicalsuppliers.com\/it\/wp-json\/wp\/v2\/comments?post=1618"}],"version-history":[{"count":0,"href":"https:\/\/medschemicalsuppliers.com\/it\/wp-json\/wp\/v2\/product\/1618\/revisions"}],"wp:featuredmedia":[{"embeddable":true,"href":"https:\/\/medschemicalsuppliers.com\/it\/wp-json\/wp\/v2\/media\/1643"}],"wp:attachment":[{"href":"https:\/\/medschemicalsuppliers.com\/it\/wp-json\/wp\/v2\/media?parent=1618"}],"wp:term":[{"taxonomy":"product_brand","embeddable":true,"href":"https:\/\/medschemicalsuppliers.com\/it\/wp-json\/wp\/v2\/product_brand?post=1618"},{"taxonomy":"product_cat","embeddable":true,"href":"https:\/\/medschemicalsuppliers.com\/it\/wp-json\/wp\/v2\/product_cat?post=1618"},{"taxonomy":"product_tag","embeddable":true,"href":"https:\/\/medschemicalsuppliers.com\/it\/wp-json\/wp\/v2\/product_tag?post=1618"}],"curies":[{"name":"wp","href":"https:\/\/api.w.org\/{rel}","templated":true}]}}