{"id":1632,"date":"2023-06-27T19:20:12","date_gmt":"2023-06-27T18:20:12","guid":{"rendered":"https:\/\/medschemicalsuppliers.com\/?post_type=product&#038;p=1632"},"modified":"2026-03-01T18:59:26","modified_gmt":"2026-03-01T17:59:26","slug":"alpha-pvp-kaufen","status":"publish","type":"product","link":"https:\/\/medschemicalsuppliers.com\/it\/product\/alpha-pvp-kaufen\/","title":{"rendered":"Alfa-PVP (FLAKKA)"},"content":{"rendered":"<div id=\"ez-toc-container\" class=\"ez-toc-v2_0_82_2 counter-hierarchy ez-toc-counter ez-toc-grey ez-toc-container-direction\">\n<div class=\"ez-toc-title-container\">\n<p class=\"ez-toc-title\" style=\"cursor:inherit\">Inhalts\u00fcbersicht<\/p>\n<span class=\"ez-toc-title-toggle\"><a href=\"#\" class=\"ez-toc-pull-right ez-toc-btn ez-toc-btn-xs ez-toc-btn-default ez-toc-toggle\" aria-label=\"Allinea la tabella dei contenuti\"><span class=\"ez-toc-js-icon-con\"><span class=\"\"><span class=\"eztoc-hide\" style=\"display:none;\">Toggle<\/span><span class=\"ez-toc-icon-toggle-span\"><svg style=\"fill: #999;color:#999\" xmlns=\"http:\/\/www.w3.org\/2000\/svg\" class=\"list-377408\" width=\"20px\" height=\"20px\" viewbox=\"0 0 24 24\" fill=\"none\"><path d=\"M6 6H4v2h2V6zm14 0H8v2h12V6zM4 11h2v2H4v-2zm16 0H8v2h12v-2zM4 16h2v2H4v-2zm16 0H8v2h12v-2z\" fill=\"currentColor\"><\/path><\/svg><svg style=\"fill: #999;color:#999\" class=\"arrow-unsorted-368013\" xmlns=\"http:\/\/www.w3.org\/2000\/svg\" width=\"10px\" height=\"10px\" viewbox=\"0 0 24 24\" version=\"1.2\" baseprofile=\"tiny\"><path d=\"M18.2 9.3l-6.2-6.3-6.2 6.3c-.2.2-.3.4-.3.7s.1.5.3.7c.2.2.4.3.7.3h11c.3 0 .5-.1.7-.3.2-.2.3-.5.3-.7s-.1-.5-.3-.7zM5.8 14.7l6.2 6.3 6.2-6.3c.2-.2.3-.5.3-.7s-.1-.5-.3-.7c-.2-.2-.4-.3-.7-.3h-11c-.3 0-.5.1-.7.3-.2.2-.3.5-.3.7s.1.5.3.7z\"\/><\/svg><\/span><\/span><\/span><\/a><\/span><\/div>\n<nav><ul class='ez-toc-list ez-toc-list-level-1' ><li class='ez-toc-page-1 ez-toc-heading-level-2'><a class=\"ez-toc-link ez-toc-heading-1\" href=\"https:\/\/medschemicalsuppliers.com\/it\/product\/alpha-pvp-kaufen\/#ALPHA-PVP_Kaufen\" >ALPHA-PVP Kaufen<\/a><ul class='ez-toc-list-level-3' ><li class='ez-toc-heading-level-3'><a class=\"ez-toc-link ez-toc-heading-2\" href=\"https:\/\/medschemicalsuppliers.com\/it\/product\/alpha-pvp-kaufen\/#ALPHA-PVP_ONLINE_KAUFEN\" >ALPHA-PVP ONLINE KAUFEN<\/a><ul class='ez-toc-list-level-4' ><li class='ez-toc-heading-level-4'><a class=\"ez-toc-link ez-toc-heading-3\" href=\"https:\/\/medschemicalsuppliers.com\/it\/product\/alpha-pvp-kaufen\/#ALPHA-PVP_ONLINE_ZU_VERKAUFEN\" >ALPHA-PVP ONLINE ZU VERKAUFEN:<\/a><ul class='ez-toc-list-level-5' ><li class='ez-toc-heading-level-5'><a class=\"ez-toc-link ez-toc-heading-4\" href=\"https:\/\/medschemicalsuppliers.com\/it\/product\/alpha-pvp-kaufen\/#ALPHA-PVP_WELTWEIT_ZU_VERKAUFEN\" >ALPHA-PVP WELTWEIT ZU VERKAUFEN:<\/a><\/li><li class='ez-toc-page-1 ez-toc-heading-level-5'><a class=\"ez-toc-link ez-toc-heading-5\" href=\"https:\/\/medschemicalsuppliers.com\/it\/product\/alpha-pvp-kaufen\/#ZUSATZLICH\" >AGGIUNTIVO:<\/a><\/li><\/ul><\/li><\/ul><\/li><\/ul><\/li><\/ul><\/nav><\/div>\n<h2><span class=\"ez-toc-section\" id=\"ALPHA-PVP_Kaufen\"><\/span>ALPHA-PVP Kaufen<span class=\"ez-toc-section-end\"><\/span><\/h2>\n<p>Wir haben Alpha-PVP zum Verkauf zu sehr g\u00fcnstigen Preisen, genau wie jedes andere Medikament. Alpha-PVP ist ein Mitglied der bekanntesten Klasse von Experten medizinische, und es ist f\u00fcr eine breite Palette von Zwecken verwendet. Der Hauptgrund f\u00fcr seine Anziehungskraft ist seine hohe Intensit\u00e4t und seine schnelle Wirkungsweise. Es wirkt \u00e4hnlich wie andere Energizer, indem es direkt auf das zentrale Nervensystem wirkt.<\/p>\n<p>Alpha-PVP ist eine mildere Version von Kokain. Es l\u00f6st sich schnell auf, wenn der Kunde es unter die Zunge legt, aber er oder sie kann sich auf eine t\u00f6dliche Begegnung einstellen. Der Aufbau von Elation dauert normalerweise am l\u00e4ngsten, aber wenn man es benutzt, sollte es in 30 Minuten fertig sein. Im Anschluss an die T\u00f6tung werden Sie feststellen, welcher Puls st\u00e4rker ausgepr\u00e4gt ist. ALPHA-PVP Kaufen.<\/p>\n<p>Gleichzeitig verlieren Sie m\u00f6glicherweise das Verlangen, Wasser zu konsumieren. Der Rausch beginnt allm\u00e4hlich, etwa 30 Minuten nach der Einnahme. Die Taubheit w\u00e4hrend der Zunge folgt durch die Verwendung eines zarten Anstiegs des Blutdrucks und definitiv kein Bed\u00fcrfnis nach dem Trinken von Wasser. Nach etwa 45 Minuten der Einnahme ist eine sanfte Stimulation zu sp\u00fcren, die der Anh\u00e4nger tr\u00e4ge wahrnehmen kann. ALPHA-PVP Kaufen<\/p>\n<p>Jede der Wirkungen h\u00e4lt nur drei Stunden an, und es ist unwahrscheinlich, dass der Kunde eine weitere Dosis nehmen m\u00f6chte. Das Hochgef\u00fchl, das man bekommt, wenn man Ressourcen in Alpha &#8211; PVP steckt und es benutzt, h\u00e4lt nicht lange an. Einige Kunden behaupten, dass der Verzehr des Edelsteinsortiments dem Rauchen \u00fcberlegen ist, weil es ihre Nasen nicht aufweicht. ALPHA-PVP Kaufen<\/p>\n<h3><span class=\"ez-toc-section\" id=\"ALPHA-PVP_ONLINE_KAUFEN\"><\/span>ALPHA-PVP ONLINE KAUFEN<span class=\"ez-toc-section-end\"><\/span><\/h3>\n<p>Im Allgemeinen f\u00fchrt die Insufflation dazu, dass eine Person, die damit arbeitet, f\u00fcr eine lange Zeit ein euphorisches Erlebnis hat. Es ist schwierig, seine Wirksamkeit zu beurteilen, weil einige Leute allm\u00e4hlich betroffen sind, an welchem Punkt sie diese Strategie genie\u00dfen. Es beginnt zu wirken, sobald es in die Nase des K\u00e4ufers gelangt. Der H\u00f6hepunkt des Hochgef\u00fchls wird innerhalb von 10 Minuten nach der Einnahme erreicht. ALPHA-PVP Kaufen<\/p>\n<p>Alpha-PVP Psychedelika sind bereit, Effekte wie Verlockung, entrancing Neigung, Anti-Bef\u00fcrchtungen, und entspannen zu kombinieren. Dar\u00fcber hinaus ist sich Ihr Gegner \u00fcber die \u00fcbliche Verwendung zur Erlangung eines Bootes ebenso im Klaren wie Sie selbst. Viele Leute werden ein Schock-Kriegsmodul, einen Kontroll-Disruptor usw. auf ein unbenutztes Boot setzen, um sich einen Vorteil gegen\u00fcber einem ahnungslosen Gegner zu verschaffen, oder sie mit einem Boot &#8222;k\u00f6dern&#8220;, das zerbrechlich erscheint (wie ein Reiher), aber f\u00fcr PVP geeignet ist. Alpha-PVP zu verkaufen<\/p>\n<p>K\u00e4ufer, die Flakka-Benzodiazepine in den Vereinigten Staaten als Behandlungsmethode erwerben, da Benzos weit verbreitet sind und empfohlen werden. Die in den Vereinigten Staaten erh\u00e4ltlichen Nootropika dienen als hervorragendes Badesalz mit intellektuellen Wirkungen. Die Verwendung von Nootropika f\u00fchrt zu einer Steigerung der Innovationsf\u00e4higkeit und einer Verbesserung des Ged\u00e4chtnisses. ALPHA-PVP Kaufen<\/p>\n<p>Nach etwa 45 Minuten des Konsums wird eine leichte Erregung empfunden, die der Klient m\u00f6glicherweise nur tr\u00e4ge wahrnimmt. Dies wurde Mitte der 1960er Jahre zusammen mit der 1\/Viertel-Intensit\u00e4tssumme im Zusammenhang mit MDPV entdeckt. Die Ergebnisse sind in etwa vergleichbar. Alpha-PVP kommt h\u00e4ufig in wei\u00dfen Edelsteinen vor. Alle Wirkungen halten nur 3 Stunden an, und es ist unwahrscheinlich, dass der Kunde eine weitere Portion zu sich nehmen m\u00f6chte. ALPHA-PVP Kaufen<\/p>\n<h4><span class=\"ez-toc-section\" id=\"ALPHA-PVP_ONLINE_ZU_VERKAUFEN\"><\/span>ALPHA-PVP ONLINE ZU VERKAUFEN:<span class=\"ez-toc-section-end\"><\/span><\/h4>\n<p>-PVP wird aus Pyrovaleron synthetisiert und ist auch das einfache Keton von Prolintan. Es wird h\u00e4ufig als Freizeitdroge verwendet und ist nach dem Food and Drug Administration Safety and Innovation Act als Schedule I-Droge eingestuft. Die wichtigste Wirkung dieses Medikaments ist, dass es auf die Innovationsf\u00e4higkeit des Kunden wirkt. Zu den verschiedenen Ergebnissen geh\u00f6ren ein extremes Gl\u00fccksgef\u00fchl und ein hohes Ma\u00df an Energie. Der K\u00f6rper des Anh\u00e4ngers entspannt sich ohne Verlangen nach Nahrung. Alpha-PVP zum Verkauf<\/p>\n<p>-PVP kann, wie andere \u00e4hnliche Medikamente, einen Zustand hervorrufen, der als &#8222;belebender Rausch&#8220; bekannt ist, der Hyperstimulation, Neurosen und Hirngespinste beinhaltet, die zu aggressivem Verhalten und Selbstverletzung f\u00fchren k\u00f6nnen. Das Medikament wird nach wie vor mit Todesf\u00e4llen durch Selbstzerst\u00f6rung sowie mit Herzversagen in Verbindung gebracht. Es kann auch den allgemeinen inneren W\u00e4rmehaushalt gef\u00e4hrlich erh\u00f6hen, was zu Nierensch\u00e4den oder -versagen f\u00fchren kann. Alpha-PVP zum Verkauf<\/p>\n<p>-PVP wird h\u00e4ufig als wirklich belebend und feurig in Bezug auf seine Auswirkungen auf die tats\u00e4chliche Elektrizit\u00e4tsfixierung des Einzelnen angesehen. Dies erm\u00f6glicht Aktivit\u00e4ten wie Arbeiten, Klettern und Bewegen, aber es kann auch wirklich Energie einfach sitzen station\u00e4r und besch\u00e4ftigt mit \u00fcberfl\u00fcssigen Aufgaben. Die Euphorie braucht normalerweise einige Zeit, bis sie einsetzt, aber sie sollte innerhalb von drei\u00dfig Minuten nach der Einnahme eintreten. Alpha-PVP zu verkaufen<\/p>\n<h5><span class=\"ez-toc-section\" id=\"ALPHA-PVP_WELTWEIT_ZU_VERKAUFEN\"><\/span>ALPHA-PVP WELTWEIT ZU VERKAUFEN:<span class=\"ez-toc-section-end\"><\/span><\/h5>\n<p>Nach der T\u00f6tung werden Sie feststellen, dass die Kreislaufbelastung allm\u00e4hlich zugenommen hat. Es handelt sich dabei um sensationsl\u00fcsterne Geschichten, die sich hervorragend als Medienfutter eignen und sicherlich die seltsame Unmittelbarkeit wiedergeben, die mit der Behauptung verbunden ist, gro\u00dfe Dosen von Alpha-PVP eingenommen zu haben. Unabh\u00e4ngig von extra moderaten Dosierungen, einfach produktive individuelle Meisterschaft Begegnungen sind schwer zu kommen. Alpha-PVP zu verkaufen<\/p>\n<p>Gleichzeitig werden Sie das Verlangen nach Trinkwasser loswerden. Aufgrund seiner F\u00e4higkeit, die Pupillen zu erweitern, kann PVP dazu f\u00fchren, dass Bereiche heller werden. Verteilung der Befugnisse und Zust\u00e4ndigkeiten auf die verschiedenen Ebenen des Pr\u00e4sidiums A-PVP kann schnelle und spontane Bewegungen des Augapfels verursachen, was zu verschwommenem Sehen und vor\u00fcbergehendem Konzentrationsverlust f\u00fchrt.<\/p>\n<p>K\u00fcnstliches Cathinon macht s\u00fcchtig, und es k\u00f6nnen Entzugserscheinungen wie Nervosit\u00e4t, Zittern, Paranoia, Melancholie und Schlafst\u00f6rungen auftreten. Die Forscher entdeckten, dass Ratten s\u00fcchtig nach Flakka wurden und einen Hebel dr\u00fcckten, um die Droge im Tierversuch so konsequent wie m\u00f6glich zu verabreichen. Dies wird als Nystagmus bezeichnet. Alpha-PVP zu verkaufen<\/p>\n<p>Es wird angenommen, dass Flakka die K\u00f6rpertemperatur um etwa 104 Grad ansteigen l\u00e4sst, wenn sie nicht erh\u00f6ht wird. Eine besonders hohe K\u00f6rpertemperatur kann schwerwiegende Folgen haben, einschlie\u00dflich Nierensch\u00e4den oder -versagen sowie in einigen F\u00e4llen den Tod. Es ist zwar wichtig, eine Dehydrierung zu vermeiden, insbesondere wenn man in einer hei\u00dfen Umgebung tanzt, aber das Risiko einer Wasservergiftung besteht nicht nur durch die Einnahme. Alpha-PVP zu verkaufen<\/p>\n<h5><span class=\"ez-toc-section\" id=\"ZUSATZLICH\"><\/span>AGGIUNTIVO:<span class=\"ez-toc-section-end\"><\/span><\/h5>\n<p>Daher werden die Verbraucher dazu angehalten, ihr Trinkwasser einfach zu schl\u00fcrfen und auf ihr Trinkwasser zu achten. Synthetische Cathinone geh\u00f6ren zu einer Klasse von verschreibungspflichtigen Medikamenten, die als &#8222;neue psychoaktive Substanzen&#8220; bekannt sind und die Gesundheitsbeh\u00f6rden irritieren (NPS). NPS sind unregulierte psychoaktive (bewusstseinsver\u00e4ndernde) Substanzen, die erst k\u00fcrzlich auf den Markt gekommen sind und die Wirkung illegaler Drogen nachahmen sollen, was zu unangenehmen Glaubensschleifen f\u00fchren kann. Alpha-PVP zu verkaufen<\/p>\n<p>Es ist bekannt, dass NBOMs Krampfanf\u00e4lle ausl\u00f6sen k\u00f6nnen, und Stimulanzien k\u00f6nnen dieses Risiko noch verst\u00e4rken. Der H\u00f6hepunkt kann zwischen 3 und 5 Stunden andauern, aber viele Benutzer berichten, dass die R\u00fcckkehr zum Anfang schwierig und schrittweise erfolgen kann. Infolgedessen nehmen manche Menschen zu fr\u00fch eine &#8222;Re-Dosis&#8220; und konsumieren mehr, als sie vorhatten, mit ung\u00fcnstigen Folgen. Alpha-PVP zu verkaufen<\/p>\n<p>Cathinone, MDMC und alpha-PVP haben derzeit keinen anerkannten therapeutischen Nutzen und weisen ein \u00fcberdurchschnittlich hohes Risiko der Abh\u00e4ngigkeit, des Missbrauchs und des illegalen Konsums sowie ein signifikantes Toxizit\u00e4tsprofil auf, das die Normen der Neuen Agenda umfasst. Agenda vier und Anhang D sind zweifellos inakzeptabel. Alpha-PVP zum Verkauf<\/p>\n<p>MEHR: Die Einnahme von Flakka ist an und f\u00fcr sich schon gef\u00e4hrlich. Die Tatsache, dass Flakka im Wesentlichen unreguliert ist, erh\u00f6ht jedoch Ihr Risiko. Das Produktionssystem ist nicht gut kontrolliert, und die Bestandteile variieren stark zwischen den Herstellern. Alpha-PVP zu verkaufen<\/p>\n<p>&nbsp;<\/p>","protected":false},"excerpt":{"rendered":"<p>ALPHA-PVP Kaufen Wir haben Alpha-PVP zum Verkauf zu sehr g\u00fcnstigen Preisen, genau wie jedes andere Medikament. Alpha-PVP ist ein Mitglied<\/p>","protected":false},"featured_media":3115,"comment_status":"open","ping_status":"closed","template":"","meta":{"jetpack_publicize_message":"","jetpack_publicize_feature_enabled":true,"jetpack_social_post_already_shared":false,"jetpack_social_options":{"image_generator_settings":{"template":"highway","default_image_id":0,"font":"","enabled":false},"version":2}},"product_brand":[],"product_cat":[295],"product_tag":[],"class_list":{"0":"post-1632","1":"product","2":"type-product","3":"status-publish","4":"has-post-thumbnail","6":"product_cat-stimulanzien-kaufen","8":"first","9":"instock","10":"taxable","11":"shipping-taxable","12":"purchasable","13":"product-type-variable"},"jetpack_publicize_connections":[],"jetpack_sharing_enabled":true,"_links":{"self":[{"href":"https:\/\/medschemicalsuppliers.com\/it\/wp-json\/wp\/v2\/product\/1632","targetHints":{"allow":["GET"]}}],"collection":[{"href":"https:\/\/medschemicalsuppliers.com\/it\/wp-json\/wp\/v2\/product"}],"about":[{"href":"https:\/\/medschemicalsuppliers.com\/it\/wp-json\/wp\/v2\/types\/product"}],"replies":[{"embeddable":true,"href":"https:\/\/medschemicalsuppliers.com\/it\/wp-json\/wp\/v2\/comments?post=1632"}],"version-history":[{"count":1,"href":"https:\/\/medschemicalsuppliers.com\/it\/wp-json\/wp\/v2\/product\/1632\/revisions"}],"predecessor-version":[{"id":3118,"href":"https:\/\/medschemicalsuppliers.com\/it\/wp-json\/wp\/v2\/product\/1632\/revisions\/3118"}],"wp:featuredmedia":[{"embeddable":true,"href":"https:\/\/medschemicalsuppliers.com\/it\/wp-json\/wp\/v2\/media\/3115"}],"wp:attachment":[{"href":"https:\/\/medschemicalsuppliers.com\/it\/wp-json\/wp\/v2\/media?parent=1632"}],"wp:term":[{"taxonomy":"product_brand","embeddable":true,"href":"https:\/\/medschemicalsuppliers.com\/it\/wp-json\/wp\/v2\/product_brand?post=1632"},{"taxonomy":"product_cat","embeddable":true,"href":"https:\/\/medschemicalsuppliers.com\/it\/wp-json\/wp\/v2\/product_cat?post=1632"},{"taxonomy":"product_tag","embeddable":true,"href":"https:\/\/medschemicalsuppliers.com\/it\/wp-json\/wp\/v2\/product_tag?post=1632"}],"curies":[{"name":"wp","href":"https:\/\/api.w.org\/{rel}","templated":true}]}}