{"id":1665,"date":"2023-06-27T19:20:23","date_gmt":"2023-06-27T18:20:23","guid":{"rendered":"https:\/\/medschemicalsuppliers.com\/?post_type=product&#038;p=1665"},"modified":"2026-03-11T01:03:40","modified_gmt":"2026-03-11T00:03:40","slug":"pseudoephedrine-kaufen","status":"publish","type":"product","link":"https:\/\/medschemicalsuppliers.com\/it\/product\/pseudoephedrine-kaufen\/","title":{"rendered":"Pseudoefedrina"},"content":{"rendered":"<div id=\"ez-toc-container\" class=\"ez-toc-v2_0_82_2 counter-hierarchy ez-toc-counter ez-toc-grey ez-toc-container-direction\">\n<div class=\"ez-toc-title-container\">\n<p class=\"ez-toc-title\" style=\"cursor:inherit\">Inhalts\u00fcbersicht<\/p>\n<span class=\"ez-toc-title-toggle\"><a href=\"#\" class=\"ez-toc-pull-right ez-toc-btn ez-toc-btn-xs ez-toc-btn-default ez-toc-toggle\" aria-label=\"Allinea la tabella dei contenuti\"><span class=\"ez-toc-js-icon-con\"><span class=\"\"><span class=\"eztoc-hide\" style=\"display:none;\">Toggle<\/span><span class=\"ez-toc-icon-toggle-span\"><svg style=\"fill: #999;color:#999\" xmlns=\"http:\/\/www.w3.org\/2000\/svg\" class=\"list-377408\" width=\"20px\" height=\"20px\" viewbox=\"0 0 24 24\" fill=\"none\"><path d=\"M6 6H4v2h2V6zm14 0H8v2h12V6zM4 11h2v2H4v-2zm16 0H8v2h12v-2zM4 16h2v2H4v-2zm16 0H8v2h12v-2z\" fill=\"currentColor\"><\/path><\/svg><svg style=\"fill: #999;color:#999\" class=\"arrow-unsorted-368013\" xmlns=\"http:\/\/www.w3.org\/2000\/svg\" width=\"10px\" height=\"10px\" viewbox=\"0 0 24 24\" version=\"1.2\" baseprofile=\"tiny\"><path d=\"M18.2 9.3l-6.2-6.3-6.2 6.3c-.2.2-.3.4-.3.7s.1.5.3.7c.2.2.4.3.7.3h11c.3 0 .5-.1.7-.3.2-.2.3-.5.3-.7s-.1-.5-.3-.7zM5.8 14.7l6.2 6.3 6.2-6.3c.2-.2.3-.5.3-.7s-.1-.5-.3-.7c-.2-.2-.4-.3-.7-.3h-11c-.3 0-.5.1-.7.3-.2.2-.3.5-.3.7s.1.5.3.7z\"\/><\/svg><\/span><\/span><\/span><\/a><\/span><\/div>\n<nav><ul class='ez-toc-list ez-toc-list-level-1' ><li class='ez-toc-page-1 ez-toc-heading-level-2'><a class=\"ez-toc-link ez-toc-heading-1\" href=\"https:\/\/medschemicalsuppliers.com\/it\/product\/pseudoephedrine-kaufen\/#Pseudoephedrine_kaufen\" >Comprare Pseudoefedrina<\/a><ul class='ez-toc-list-level-3' ><li class='ez-toc-heading-level-3'><a class=\"ez-toc-link ez-toc-heading-2\" href=\"https:\/\/medschemicalsuppliers.com\/it\/product\/pseudoephedrine-kaufen\/#PSEUDOEPHEDRIN_ZUM_VERKAUF\" >PSEUDOEPHEDRIN ZUM VERKAUF<\/a><ul class='ez-toc-list-level-4' ><li class='ez-toc-heading-level-4'><a class=\"ez-toc-link ez-toc-heading-3\" href=\"https:\/\/medschemicalsuppliers.com\/it\/product\/pseudoephedrine-kaufen\/#PSEUDOEPHEDRIN_KAUFEN\" >PSEUDOEPHEDRIN KAUFEN<\/a><\/li><\/ul><\/li><li class='ez-toc-page-1 ez-toc-heading-level-3'><a class=\"ez-toc-link ez-toc-heading-4\" href=\"https:\/\/medschemicalsuppliers.com\/it\/product\/pseudoephedrine-kaufen\/#KAUFEN_SIE_PSEUDOEPHEDRIN_ONLINE_IN_AUSTRALIEN\" >KAUFEN SIE PSEUDOEPHEDRIN ONLINE IN AUSTRALIEN<\/a><ul class='ez-toc-list-level-4' ><li class='ez-toc-heading-level-4'><a class=\"ez-toc-link ez-toc-heading-5\" href=\"https:\/\/medschemicalsuppliers.com\/it\/product\/pseudoephedrine-kaufen\/#PSEUDOEPHEDRIN-PULVER_ONLINE_KAUFEN\" >PSEUDOEPHEDRIN-PULVER ONLINE KAUFEN<\/a><\/li><li class='ez-toc-page-1 ez-toc-heading-level-4'><a class=\"ez-toc-link ez-toc-heading-6\" href=\"https:\/\/medschemicalsuppliers.com\/it\/product\/pseudoephedrine-kaufen\/#MEHR\" >MEHR<\/a><\/li><\/ul><\/li><\/ul><\/li><\/ul><\/nav><\/div>\n<h2><span class=\"ez-toc-section\" id=\"Pseudoephedrine_kaufen\"><\/span><span class=\"___SText_4qyg4-ko_\" data-ui-name=\"Link.Text\">Comprare Pseudoefedrina<\/span><span class=\"ez-toc-section-end\"><\/span><\/h2>\n<p>In erster Linie kaufen Pseudoephedrin Online zu sehr niedrigen Preisen. Pseudoephedrin HCL kann in die Muttermilch \u00fcbergehen und dem Baby schaden. Verwenden Sie Pseudoephedrin HCL nicht ohne vorherige R\u00fccksprache mit Ihrem Arzt. Wenn Sie ein Kind stillen. Erk\u00e4ltungsmittel, die Pseudoephedrin enthalten, sind nur an der Kasse erh\u00e4ltlich. L\u00f6sungen, die nur Pseudoephedrin als arzneilich wirksamen Bestandteil enthalten, sollten hinter dem Apothekentresen aufbewahrt werden.<\/p>\n<p>Pseudoephedrin gibt es in einer Vielzahl von Marken und Formen. Bitte lesen Sie die Dosierungsempfehlungen f\u00fcr jedes Produkt sorgf\u00e4ltig durch, da der Pseudoephedrin-Gehalt je nach Produkt und L\u00f6sung unterschiedlich sein kann. Nehmen Sie nicht mehr Pseudoephedrin ein als empfohlen. Produkte, die Pseudoephedrin und andere Arzneimittel enthalten, d\u00fcrfen in Schr\u00e4nken aufbewahrt, aber nur in der Apotheke verkauft werden, wenn ein Apotheker anwesend ist.<\/p>\n<p>Personen m\u00fcssen sich mit einem Lichtbildausweis ausweisen k\u00f6nnen, um pseudoephedrinhaltige Produkte zu erwerben, und die Menge an Pseudoephedrin, die monatlich erworben werden kann, ist verboten. Au\u00dferdem m\u00fcssen die Gesch\u00e4fte bestimmte K\u00e4uferinformationen mindestens zwei Jahre lang aufbewahren. Wenden Sie sich jedoch bitte an Ihren medizinischen Betreuer.<\/p>\n<p>Wenn Phenylephrin Ihre Symptome nicht lindert, k\u00f6nnen Sie zwei bis drei Stunden nach der letzten Dosis Pseudoephedrin versuchen. Aus Sorge, dass dadurch die rechtm\u00e4\u00dfige Verwendung des Medikaments eingeschr\u00e4nkt w\u00fcrde, versuchten die Lobbyisten der Hersteller rezeptfreier Arzneimittel, die Gesetzgebung zu Fall zu bringen, und schalteten schlie\u00dflich erfolgreich alle chemischen Verbindungen aus, die als letztes Produkt unter Ihrer Police zugelassen waren, einschlie\u00dflich Sudafed. Pseudoephedrin online kaufen<\/p>\n<h3><span class=\"ez-toc-section\" id=\"PSEUDOEPHEDRIN_ZUM_VERKAUF\"><\/span>PSEUDOEPHEDRIN ZUM VERKAUF<span class=\"ez-toc-section-end\"><\/span><\/h3>\n<p>Es gibt keinen wissenschaftlichen Unterschied in der abschwellenden Wirkung. Dennoch wirkt sich die Vasokonstriktion auf die Blutgef\u00e4\u00dfe in den Nasennebenh\u00f6hlen und der Nase aus. Sobald das EPS an das Harz des Wasserenth\u00e4rters gebunden ist, kann es mit jedem erdenklichen L\u00f6sungsmittelgemisch gesp\u00fclt werden, solange die Ionen keinen wesentlichen Teil des Wassers ausmachen. l\u00f6sungsmittel. Pseudoephedrine kaufen.<\/p>\n<p>Pseudoephedrin ist ein Ephedrin-Diastereomer, das leicht zu Methamphetamin reduziert oder zu Methcathinon oxidiert werden kann. Das Sp\u00fclen mit destilliertem Wasser, dann mit Methanol und dann mit destilliertem Wasser hat sich immer als wirksam erwiesen. Das Harz sollte etwa so aussehen. Die Droge ist im Allgemeinen hilfreich bei der Heilung von verstopfter Nase aufgrund von allergischen Reaktionen oder typischem Schnupfen. Pseudoephedrine kaufen.<\/p>\n<p>Pseudoephedrin kann auch zur Behandlung von Verstopfung der Nasennebenh\u00f6hlen und Verspannungen eingesetzt werden. Pseudoephedrin wirkt, indem es alpha-adrenerge Rezeptoren in den Nasen- und Nebenh\u00f6hlenauskleidungen stimuliert, wodurch sich die Blutgef\u00e4\u00dfe verengen, der Fl\u00fcssigkeitsabfluss aus den Blutgef\u00e4\u00dfen stark reduziert und Entz\u00fcndungen verringert werden. Pseudoephedrine kaufen.<\/p>\n<p>Pseudoephedrin HCL kann in die Muttermilch \u00fcbergehen und das Kind sch\u00e4digen. Verwenden Sie Pseudoephedrin HCL nicht, ohne vorher Ihren Arzt zu konsultieren. Wenn Sie ein Kind stillen. Es hilft bei der Linderung von Verstopfungen der Nase und der Nasennebenh\u00f6hlen. Diese verschreibungspflichtigen Medikamente sind auch nasenabschwellende Mittel. Sie werden kurzzeitig eingesetzt, um Verstopfung und Druck in den Nasennebenh\u00f6hlen und Naseng\u00e4ngen aufgrund von Erk\u00e4ltungen, Heuschnupfen oder anderen Allergiesymptomen zu lindern. Pseudoephedrine kaufen.<\/p>\n<h4><span class=\"ez-toc-section\" id=\"PSEUDOEPHEDRIN_KAUFEN\"><\/span>PSEUDOEPHEDRIN KAUFEN<span class=\"ez-toc-section-end\"><\/span><\/h4>\n<p>Sehen Sie sich diesen Vergleich zwischen Pseudoephedrin und Phenylephrin an, um das Atmen zu erleichtern. Diese verschreibungspflichtigen Medikamente sind auch nasenabschwellende Mittel. Sie werden f\u00fcr einen kurzen Zeitraum verwendet, um die durch Erk\u00e4ltungen, Heuschnupfen oder andere Allergiesymptome verursachte Verstopfung der Nasennebenh\u00f6hlen und des Nasengangs zu lindern. Pseudoephedrine kaufen.<\/p>\n<p>Obwohl Pseudoephedrin als nat\u00fcrliches Alkaloid in einigen Pflanzenarten vorkommt (z. B. als Bestandteil von Extrakten aus der als Ma Huang bekannten Ephedra-Art, wo es neben anderen Ephedrin-Isomeren vorkommt), wird die \u00fcberwiegende Mehrheit des f\u00fcr industrielle Zwecke hergestellten Pseudoephedrins durch Hefefermentation von Dextrose in Gegenwart von Benzaldehyd gewonnen. Pseudoephedrine kaufen.<\/p>\n<p>Spezialisierte Hefest\u00e4mme (in der Regel Candida oder Saccharomyces cerevisiae) werden in gro\u00dfe Gef\u00e4\u00dfe gegeben, die Trinkwasser, Traubenzucker und das Enzym Pyruvat-Decarboxylase enthalten. Pseudoephedrin Hcl-Pulver wird zur kurzfristigen Behandlung von Asthma bronchiale-Symptomen wie Kurzatmigkeit, Engegef\u00fchl im Oberk\u00f6rper und Keuchen eingesetzt. Pseudoephedrine kaufen.<\/p>\n<h3><span class=\"ez-toc-section\" id=\"KAUFEN_SIE_PSEUDOEPHEDRIN_ONLINE_IN_AUSTRALIEN\"><\/span>KAUFEN SIE PSEUDOEPHEDRIN ONLINE IN AUSTRALIEN<span class=\"ez-toc-section-end\"><\/span><\/h3>\n<p>Pseudoephedrin wird in die Muttermilch ausgeschieden. Besprechen Sie vor dem Stillen die Risiken und den Nutzen mit Ihrem Arzt. Auch andere Erkrankungen k\u00f6nnen von Ephedrin profitieren, wie Ihr Arzt feststellt. Fr\u00fcher wurde Ephedrinpulver zur Behandlung von Atemproblemen, Bronchialasthma und Nasenschwellungen\/-blockaden aufgrund von Erk\u00e4ltungen oder allergischen Reaktionen eingesetzt. Pseudoephedrine kaufen.<\/p>\n<p>Pseudoephedrin-Pulver ist ein rezeptfreies Medikament zur Linderung von Atembeschwerden, das in den Vereinigten Staaten \u00fcber unsere Website erh\u00e4ltlich ist. Ein Maximum von dreimal 25 mg Ephedrin HCL pro Tag wird f\u00fcr einen erfolgreichen Fettabbau empfohlen. Eine h\u00f6here Dosis ist einfach nicht ratsam, weil sie nicht \u00fcberlegen ist. Pseudoephedrine kaufen.<\/p>\n<p>Die Fettverbrennung erfordert einen Spot oder kann zu einigen unangenehmen Nebenwirkungen f\u00fchren. Die Verwendung von Pseudoephedrin HCL hat eine breite Palette von medizinischen Wirkungen. Am h\u00e4ufigsten wird es als Bronchodilatator zur Behandlung von Asthma bronchiale-Symptomen wie Kurzatmigkeit, Keuchen, Husten und Engegef\u00fchl in der Brust eingesetzt. Es wurde auch mit unterschiedlichem Erfolg zur Behandlung von Hypotonie und Nasenverstopfung eingesetzt. Pseudoephedrine kaufen.<\/p>\n<p>Die Einnahmedauer kann bei diesem Angebot auf maximal zw\u00f6lf Monate verl\u00e4ngert werden; andernfalls kann die langfristige Einnahme negative Folgen haben. Obwohl Pseudoephedrin HCL keine langfristige L\u00f6sung ist, um \u00dcbergewicht zu verlieren, ist es ideal f\u00fcr den Beginn eines Di\u00e4tprogramms, wenn Sie extrem hungrig sind. Bodybuilder verwenden Ephedrin HCL etwa 6 bis 8 Monate vor einem Wettkampf als Vorwettkampfdi\u00e4t, so dass Pseudoephedrin HCL zum Verkauf steht. Pseudoephedrine kaufen.<\/p>\n<h4><span class=\"ez-toc-section\" id=\"PSEUDOEPHEDRIN-PULVER_ONLINE_KAUFEN\"><\/span>PSEUDOEPHEDRIN-PULVER ONLINE KAUFEN<span class=\"ez-toc-section-end\"><\/span><\/h4>\n<p>Pseudoephedrin geh\u00f6rt zu einer Klasse von verschreibungspflichtigen Medikamenten, die als nasale Dekongestiva bekannt sind. Diese Medikamente entspannen die Muskeln in den Atemwegen und der Nasenh\u00f6hle, so dass mehr Luft zirkulieren kann. Von einer h\u00f6heren als der empfohlenen Dosis, insbesondere bei Frauen, wird abgeraten, da das Pr\u00e4parat dadurch unvertr\u00e4glicher wird als bei M\u00e4nnern. F\u00fcr Pseudoephedrin Hcl und andere Markenmedikamente wird in der Regel ein gleichwertiges Generikum verwendet, das deutlich preiswerter ist. Pseudoephedrine kaufen.<\/p>\n<p>Pseudoephedrin Hcl-Pulver ist h\u00f6chstwahrscheinlich eine der vier energetischen Komponenten des Ephedrakrauts. Es kann Fettabbau verursachen, indem es die Menge an Fett erh\u00f6ht, die f\u00fcr Benzin zur Verf\u00fcgung steht, sowie den W\u00e4rmeverbrauch erh\u00f6ht. Es wurde damit in Verbindung gebracht, dass es die Stoffwechselrate beim Menschen um bis zu 5% erh\u00f6ht. Zur Linderung von Verstopfungen ist Pseudoephedrin ein sicherer und wirksamer Wirkstoff, der in den meisten Erk\u00e4ltungs-, Allergie- und Nebenh\u00f6hlenmedikamenten enthalten ist.<\/p>\n<p>Obwohl diese Medikamente jedes Jahr von \u00fcber achtzehn Millionen amerikanischen Familien eingenommen werden, kann PSE auch bei der illegalen Herstellung von Methamphetamin verwendet werden. In The Sun ist Pseudoephedrin HCl eine synthetische Version von Ephedrin. Auch hier gilt, dass Ephedra-Extrakt und Ephedrin-Alkaloide auf nat\u00fcrliche Weise in Pflanzen produziert werden, w\u00e4hrend Ephedrin-HCl in einem Labor hergestellt wird. Pseudoephedrine kaufen.<\/p>\n<h4><span class=\"ez-toc-section\" id=\"MEHR\"><\/span>MEHR<span class=\"ez-toc-section-end\"><\/span><\/h4>\n<p>Ganz zu schweigen davon, dass Pseudoephedrin HCL eine Reihe von medizinischen Anwendungen hat. Pseudoephedrin, auch bekannt als Pseudoephedrinhydrochlorid, ist ein abschwellendes Mittel, das bei einer Erk\u00e4ltung oder verstopften Nase die Nase und die Nebenh\u00f6hlen befreit. Pseudoephedrin online kaufen<\/p>\n<p>Wenn Sie allergisch gegen Pseudoephedrin sind, informieren Sie Ihren Arzt oder Apotheker, bevor Sie es verwenden. Wenn Sie andere Allergien haben, teilen Sie uns dies bitte mit. more info Informieren Sie Ihren Arzt, wenn Sie bereits unerw\u00fcnschte Reaktionen auf andere Sympathomimetika (einschlie\u00dflich Ephedrin und Phenylephrin) hatten. Ihre Dosierung wird durch Ihr Alter, Ihren Gesundheitszustand und Ihre Reaktion auf das Verfahren bestimmt. Pseudoephedrine kaufen.<\/p>\n<p>Erh\u00f6hen Sie Ihre Dosis nicht und nehmen Sie dieses Medikament nicht h\u00e4ufiger als vorgeschrieben. Verwenden Sie nicht mehr von diesem Medikament, als f\u00fcr Ihr Alter empfohlen wird. Pseudoephedrin wird verwendet, um bronchiale Asthmasymptome wie Kurzatmigkeit, Engegef\u00fchl in der Brust, Kurzatmigkeit und Keuchen zu behandeln. F\u00fcr weitere Informationen <a href=\"https:\/\/medschemicalsuppliers.com\/it\/contatto\/\">contattateci<\/a> per favore.<\/p>","protected":false},"excerpt":{"rendered":"<p>Pseudoephedrine kaufen In erster Linie kaufen Pseudoephedrin Online zu sehr niedrigen Preisen. Pseudoephedrin HCL kann in die Muttermilch \u00fcbergehen und<\/p>","protected":false},"featured_media":1679,"comment_status":"open","ping_status":"closed","template":"","meta":{"jetpack_publicize_message":"","jetpack_publicize_feature_enabled":true,"jetpack_social_post_already_shared":false,"jetpack_social_options":{"image_generator_settings":{"template":"highway","default_image_id":0,"font":"","enabled":false},"version":2}},"product_brand":[],"product_cat":[259],"product_tag":[],"class_list":{"0":"post-1665","1":"product","2":"type-product","3":"status-publish","4":"has-post-thumbnail","6":"product_cat-abschwellmittel-kaufen","8":"first","9":"instock","10":"taxable","11":"shipping-taxable","12":"purchasable","13":"product-type-variable"},"jetpack_publicize_connections":[],"jetpack_sharing_enabled":true,"_links":{"self":[{"href":"https:\/\/medschemicalsuppliers.com\/it\/wp-json\/wp\/v2\/product\/1665","targetHints":{"allow":["GET"]}}],"collection":[{"href":"https:\/\/medschemicalsuppliers.com\/it\/wp-json\/wp\/v2\/product"}],"about":[{"href":"https:\/\/medschemicalsuppliers.com\/it\/wp-json\/wp\/v2\/types\/product"}],"replies":[{"embeddable":true,"href":"https:\/\/medschemicalsuppliers.com\/it\/wp-json\/wp\/v2\/comments?post=1665"}],"version-history":[{"count":0,"href":"https:\/\/medschemicalsuppliers.com\/it\/wp-json\/wp\/v2\/product\/1665\/revisions"}],"wp:featuredmedia":[{"embeddable":true,"href":"https:\/\/medschemicalsuppliers.com\/it\/wp-json\/wp\/v2\/media\/1679"}],"wp:attachment":[{"href":"https:\/\/medschemicalsuppliers.com\/it\/wp-json\/wp\/v2\/media?parent=1665"}],"wp:term":[{"taxonomy":"product_brand","embeddable":true,"href":"https:\/\/medschemicalsuppliers.com\/it\/wp-json\/wp\/v2\/product_brand?post=1665"},{"taxonomy":"product_cat","embeddable":true,"href":"https:\/\/medschemicalsuppliers.com\/it\/wp-json\/wp\/v2\/product_cat?post=1665"},{"taxonomy":"product_tag","embeddable":true,"href":"https:\/\/medschemicalsuppliers.com\/it\/wp-json\/wp\/v2\/product_tag?post=1665"}],"curies":[{"name":"wp","href":"https:\/\/api.w.org\/{rel}","templated":true}]}}