{"id":1681,"date":"2023-06-27T19:20:31","date_gmt":"2023-06-27T18:20:31","guid":{"rendered":"https:\/\/medschemicalsuppliers.com\/?post_type=product&#038;p=1681"},"modified":"2024-08-28T00:34:38","modified_gmt":"2024-08-27T22:34:38","slug":"cbd-isolat-kaufen","status":"publish","type":"product","link":"https:\/\/medschemicalsuppliers.com\/it\/product\/cbd-isolat-kaufen\/","title":{"rendered":"CBD Isolat"},"content":{"rendered":"<div id=\"ez-toc-container\" class=\"ez-toc-v2_0_82_2 counter-hierarchy ez-toc-counter ez-toc-grey ez-toc-container-direction\">\n<div class=\"ez-toc-title-container\">\n<p class=\"ez-toc-title\" style=\"cursor:inherit\">Inhalts\u00fcbersicht<\/p>\n<span class=\"ez-toc-title-toggle\"><a href=\"#\" class=\"ez-toc-pull-right ez-toc-btn ez-toc-btn-xs ez-toc-btn-default ez-toc-toggle\" aria-label=\"Allinea la tabella dei contenuti\"><span class=\"ez-toc-js-icon-con\"><span class=\"\"><span class=\"eztoc-hide\" style=\"display:none;\">Toggle<\/span><span class=\"ez-toc-icon-toggle-span\"><svg style=\"fill: #999;color:#999\" xmlns=\"http:\/\/www.w3.org\/2000\/svg\" class=\"list-377408\" width=\"20px\" height=\"20px\" viewbox=\"0 0 24 24\" fill=\"none\"><path d=\"M6 6H4v2h2V6zm14 0H8v2h12V6zM4 11h2v2H4v-2zm16 0H8v2h12v-2zM4 16h2v2H4v-2zm16 0H8v2h12v-2z\" fill=\"currentColor\"><\/path><\/svg><svg style=\"fill: #999;color:#999\" class=\"arrow-unsorted-368013\" xmlns=\"http:\/\/www.w3.org\/2000\/svg\" width=\"10px\" height=\"10px\" viewbox=\"0 0 24 24\" version=\"1.2\" baseprofile=\"tiny\"><path d=\"M18.2 9.3l-6.2-6.3-6.2 6.3c-.2.2-.3.4-.3.7s.1.5.3.7c.2.2.4.3.7.3h11c.3 0 .5-.1.7-.3.2-.2.3-.5.3-.7s-.1-.5-.3-.7zM5.8 14.7l6.2 6.3 6.2-6.3c.2-.2.3-.5.3-.7s-.1-.5-.3-.7c-.2-.2-.4-.3-.7-.3h-11c-.3 0-.5.1-.7.3-.2.2-.3.5-.3.7s.1.5.3.7z\"\/><\/svg><\/span><\/span><\/span><\/a><\/span><\/div>\n<nav><ul class='ez-toc-list ez-toc-list-level-1' ><li class='ez-toc-page-1 ez-toc-heading-level-2'><a class=\"ez-toc-link ez-toc-heading-1\" href=\"https:\/\/medschemicalsuppliers.com\/it\/product\/cbd-isolat-kaufen\/#CBD_Isolat_kaufen\" >CBD Isolat kaufen<\/a><ul class='ez-toc-list-level-3' ><li class='ez-toc-heading-level-3'><a class=\"ez-toc-link ez-toc-heading-2\" href=\"https:\/\/medschemicalsuppliers.com\/it\/product\/cbd-isolat-kaufen\/#CBD_ISOLAT_ONLINE_KAUFEN\" >CBD ISOLAT ONLINE KAUFEN<\/a><ul class='ez-toc-list-level-4' ><li class='ez-toc-heading-level-4'><a class=\"ez-toc-link ez-toc-heading-3\" href=\"https:\/\/medschemicalsuppliers.com\/it\/product\/cbd-isolat-kaufen\/#CBD-ISOLAT_ZUM_VERKAUF_ONLINE\" >CBD-ISOLAT ZUM VERKAUF ONLINE<\/a><\/li><li class='ez-toc-page-1 ez-toc-heading-level-4'><a class=\"ez-toc-link ez-toc-heading-4\" href=\"https:\/\/medschemicalsuppliers.com\/it\/product\/cbd-isolat-kaufen\/#BULK-CBD-ISOLAT_ZUM_VERKAUF\" >BULK-CBD-ISOLAT ZUM VERKAUF<\/a><ul class='ez-toc-list-level-5' ><li class='ez-toc-heading-level-5'><a class=\"ez-toc-link ez-toc-heading-5\" href=\"https:\/\/medschemicalsuppliers.com\/it\/product\/cbd-isolat-kaufen\/#MEHR\" >MEHR:<\/a><\/li><\/ul><\/li><\/ul><\/li><\/ul><\/li><\/ul><\/nav><\/div>\n<h2><span class=\"ez-toc-section\" id=\"CBD_Isolat_kaufen\"><\/span>CBD Isolat kaufen<span class=\"ez-toc-section-end\"><\/span><\/h2>\n<p>Als Ergebnis haben wir reines CBD-Isolat zum Verkauf in der ganzen Welt. Weil sie CBD mit so vielen verschiedenen Bestandteilen kombinieren, kann es schwieriger sein, die passende Portion mit einer breiten Palette von CBD-Best\u00e4nden zu w\u00e4hlen. Da es sich bei Disengages einfach um CBD handelt, ist die Dosierung umso offensichtlicher. Die Makellosigkeit von CBD-Disengage gibt Ihnen die Freiheit, andere CBD-Produkte, wie Farben und Topicals, ohne jegliche Vorbereitung herzustellen. CBD Isolat kaufen.<\/p>\n<p>CBD-Isolat l\u00e4sst sich gut mit Salben und anderen Hautpflegeprodukten und -arrangements mischen und bereichert diese mit der Kraft des Hanfs. Nach dem vollst\u00e4ndigen Aufschluss kann Ihr CBD-infundierter Nektar oder Ihre Agave verwendet werden, um Espresso und Tee zu verfeinern, auf Bio-Produktschalen oder M\u00fcsli gestreut werden oder auf Avocado-Toast f\u00fcr einen gesunden, CBD-betriebenen Start in den Tag.<\/p>\n<p>Die M\u00f6glichkeiten sind vielf\u00e4ltig und schwanken, weil sie alle Ihnen geh\u00f6ren. CBD-Isolat erfreut sich zunehmender Beliebtheit bei Menschen, die nach alternativen Behandlungsm\u00f6glichkeiten f\u00fcr ihre t\u00e4glichen Gesundheits- und Wellnessprobleme suchen. Viele Kunden sind st\u00e4ndig auf der Suche nach neuen Wegen, um es in ihre Gesundheits- und Wohlstandssysteme zu integrieren, weil es so anpassungsf\u00e4hig ist und langweilige Ergebnisse liefert. CBD Isolat kaufen.<\/p>\n<p>Der Zyklus beginnt mit einer raffinierten Ethanol-Extraktion Rahmen, der solide Vorteile und hochwertige CBD unraffiniertes Erd\u00f6l ergibt. Wir dann, an diesem Punkt, w\u00e4hlen Sie diese unraffinierten Erd\u00f6l Artikel durch den gesamten Verlauf der atomaren Raffination, die die Top-Qualit\u00e4t CBD Destillat Sache, die wir dann, an diesem Punkt, nehmen Form in unsere losl\u00f6sen unter Verwendung einer kleinen durch eine kleine Methodik, die enorme Mengen von CBD detach h\u00e4ufig Screening mehr als fast 100% unverf\u00e4lscht. CBD Isolat kaufen.<\/p>\n<h3><span class=\"ez-toc-section\" id=\"CBD_ISOLAT_ONLINE_KAUFEN\"><\/span>CBD ISOLAT ONLINE KAUFEN<span class=\"ez-toc-section-end\"><\/span><\/h3>\n<p>Wenn die Wirkung begrenzt ist, erh\u00f6hen Sie die Dosis um weitere 10 mg in den n\u00e4chsten Tagen und bewerten Sie die Wirkung erneut. Wenn die Wirkung Ihres CBD einfach zu stark ist, reduzieren Sie die Dosis, bis Sie eine f\u00fcr Sie vorteilhafte Menge gefunden haben, die f\u00fcr Sie funktioniert. Da nicht alle CBD-Artikel und -Anordnungen denselben Regeln unterliegen, sollten Sie beim Online-Kauf von CBD-Waren \u00e4u\u00dferste Vorsicht walten lassen, indem Sie nach einwandfrei gepr\u00fcften Anordnungen mit solider Bekanntheit suchen.<\/p>\n<p>Nun, da Sie wissen, was CBD-Trennung ist, fragen Sie sich vielleicht, welche Vorteile die Einnahme von CBD hat. Je nach Strategie handelt es sich bei den folgenden Produkten entweder um massive CBD-Edelsteine oder um ein au\u00dfergew\u00f6hnliches wei\u00dfes Pulver, das dem Puderzucker \u00e4hnelt. Trotz der M\u00f6glichkeit eines leichten Restkirschgeschmacks sollte keine der beiden CBD-Arten einen bestimmten Duft oder Stil haben. CBD Isolat kaufen.<\/p>\n<p>Lassen Sie sich jedoch nicht von seinem schlichten Aussehen t\u00e4uschen &#8211; es gibt eine F\u00fclle von Gr\u00fcnden, sich f\u00fcr CBD-Isolat und alles, was es zu bieten hat, zu begeistern. Abgesehen von m\u00f6glichen Gesundheits- und Wellnessproblemen ist das Verdampfen von CBD eine vollst\u00e4ndig bioverf\u00fcgbare Methode, CBD zu konsumieren. Es ist eine fantastische M\u00f6glichkeit, CBD zu verwenden, wenn Sie unter Belastung, Stress, Nervosit\u00e4t oder Elend leiden.<\/p>\n<p>Die verschiedenen Verwendungsm\u00f6glichkeiten und Anwendungen f\u00fcr dieses CBD-Pulver sind praktisch grenzenlos, und seine Anpassungsf\u00e4higkeit ist unvergleichlich. Ebenso haben Sie die vollst\u00e4ndige Kontrolle \u00fcber die Menge an CBD, die in jeder einzelnen Portion jeder von Ihnen erstellten CBD-Formel enthalten ist. Beginnend mit dem vergleichbaren CBD-\u00d6l, das in allen Aaronay ltd CBD-Produkten verf\u00fcgbar ist, entfernt die RSHO CBD-Isolat-Veredelungstechnik die gesamten \u00d6le, Pflanzeninhalte, Wachse, Chlorophyll, andere Cannabinoide und mehr aus unserem Hanf\u00f6l, so dass nahezu 100% reines CBD als durchsichtiges Pulver \u00fcbrig bleibt.<\/p>\n<h4><span class=\"ez-toc-section\" id=\"CBD-ISOLAT_ZUM_VERKAUF_ONLINE\"><\/span>CBD-ISOLAT ZUM VERKAUF ONLINE<span class=\"ez-toc-section-end\"><\/span><\/h4>\n<p>Unabh\u00e4ngig von der Tatsache, dass THC nicht auf Drogentests aufgedeckt wird, k\u00f6nnen Sie nicht sicher sein, ob Sie positiv getestet werden. Wenn Sie also hervorragende Arbeit leisten und Drogentests verlangen, ist dies der einfachste Weg, um einen potenziellen Konflikt mit dem Unternehmen zu vermeiden. CBD-Edelsteine sind besonders wertvoll, weil sie keinen wahrnehmbaren Duft oder Geschmack haben. CBD Isolat kaufen.<\/p>\n<p>Das ist typisch. Der Nachteil von \u00d6len und Konzentraten mit starken, nat\u00fcrlichen, nussigen Aromen und Terpenen, die ihm ein unglaubliches, einzigartiges Aroma verleihen. Isolate sind ein hervorragender Ersatz f\u00fcr \u00d6le und Pastillen f\u00fcr diejenigen, die den Geruch und den Stil nicht m\u00f6gen. CBD-Isolate sind ideal f\u00fcr Menschen, die eine unerw\u00fcnschte Reaktion auf andere Cannabinoide haben, aber dennoch CBD zur Behandlung ihres Leidens ausprobieren m\u00f6chten. CBD Isolat kaufen.<\/p>\n<p>Die Zusammenarbeit von CBD mit der Endocannabinoid-Technik und anderen Signalisierungsstrategien im Gehirn kann darauf hindeuten, dass es eine ausgezeichnete Behandlungsstrategie f\u00fcr neurologische Probleme ist. CBD-Isolat-Pulver ist ideal zum Kochen, zum Einr\u00fchren in Smoothies und Getr\u00e4nke oder einfach zur oralen Einnahme. Betrachten Sie es als ein hochkonzentriertes CBD-Produkt. Es sollte verwendet werden, um eine ausgewogene Dosis CBD in eine Vielzahl von Produkten, L\u00f6sungen und Lebensmitteln einzubringen. Das CBD-\u00d6l wird in die Fl\u00fcssigkeit getaucht und dann w\u00e4hrend der Winterbehandlung auf eine Temperatur unter Null gebracht. CBD Isolat kaufen.<\/p>\n<p>Da CBD-Isolat \u00f6ll\u00f6slich ist, kann es (wie alle Cannabinoide) einfach in eine Produktformulierung eingearbeitet werden. Es l\u00e4sst sich leicht zu \u00d6l schmelzen und mit einer Produktformulierung auf \u00d6lbasis kombinieren. CBD-Isolat ist ein CBD-Produkt, bei dem alle anderen Cannabinoide, Terpene und Flavonoide entfernt wurden, so dass nur reines, unverf\u00e4lschtes CBD-\u00d6l \u00fcbrig bleibt. Es ist die nat\u00fcrlichste Art, CBD-\u00d6l zu erhalten.CBD-Isolat zu verkaufen<\/p>\n<h4><span class=\"ez-toc-section\" id=\"BULK-CBD-ISOLAT_ZUM_VERKAUF\"><\/span>BULK-CBD-ISOLAT ZUM VERKAUF<span class=\"ez-toc-section-end\"><\/span><\/h4>\n<p>Wenn das CBD-Isolat als Erg\u00e4nzung in einer trinkwasserabh\u00e4ngigen Formulierung verwendet werden soll, muss es zun\u00e4chst in einer wasserl\u00f6slichen CBD-Sorte aufgel\u00f6st werden, bevor es einer Mischung aus anderen wasserl\u00f6slichen Komponenten hinzugef\u00fcgt wird. In dieser Phase werden alle restlichen Verunreinigungen und extremen Bestandteile aus den beiden vorangegangenen Phasen entfernt. Das CBDA-\u00d6l wird dann erhitzt, um es in eine CBD-Konzentration umzuwandeln, und zwar durch einen Prozess, der als Decarboxylierung bekannt ist.<\/p>\n<p>Hergestellt in einer nussverarbeitenden Fabrik. Wenn Ihnen empfohlen wird, Grapefruit zu meiden, konsultieren Sie Ihren medizinischen Betreuer, bevor Sie es verwenden. Wenn Nebenwirkungen auftreten, stellen Sie die Einnahme ein. Wenn das Siegel gebrochen ist, kann es nicht verwendet werden. CBD Wholesale, unser Familienunternehmen, ist auf die Produktion von CBD-reichen Bl\u00fcten sowie die Herstellung und den Vertrieb von Hanfprodukten spezialisiert. Wir verwalten die gesamte Wertsch\u00f6pfungskette. Wir kontrollieren den gesamten Prozess, von der Genetik bis zur Endverpackung, um qualitativ hochwertige Produkte und Dienstleistungen zu gew\u00e4hrleisten. CBD Isolat kaufen.<\/p>\n<p>Endocannabinoide stimulieren verschiedene Neurorezeptoren in unserem K\u00f6rper und regulieren die Produktion von Hormonen und Proteinen, die unser Immunsystem und unsere Organe, unsere Gedanken und unsere Vorstellungskraft regulieren. Mescalinenearme CBD Isolat wurde zum dritten Mal in verschiedenen Umgebungen getestet, um die Abwesenheit von Schwermetallen, Pestiziden, L\u00f6sungsmittelr\u00fcckst\u00e4nden, Mykotoxinen und anderen Verunreinigungen sicherzustellen. CBD Isolat kaufen.<\/p>\n<h5><span class=\"ez-toc-section\" id=\"MEHR\"><\/span>MEHR:<span class=\"ez-toc-section-end\"><\/span><\/h5>\n<p>Endocannabinoide stimulieren verschiedene Neurorezeptoren in unserem K\u00f6rper und regulieren die Produktion von Hormonen und Proteinen, die unser Immunsystem, unsere Organe, unsere Gedanken und unsere Vorstellungskraft regulieren. aaronay CBD Isolate wurde zum dritten Mal in verschiedenen Umgebungen getestet, um sicherzustellen, dass keine Schwermetalle, Pestizide, L\u00f6sungsmittelr\u00fcckst\u00e4nde, Mykotoxine und andere Verunreinigungen vorhanden sind. CBD Isolat kaufen.<\/p>\n<p>Sie k\u00f6nnen es auch in Ihr Essen mischen, w\u00e4hrend es gekocht wird, oder es in Ihren Getr\u00e4nken aufl\u00f6sen. CBD2-Rezeptoren finden sich \u00fcberall im Immunsystem und in den Prozessen, aber CBD-\u00d6l hat keine Wirkung auf einen der Rezeptoren, wie es THC hat. Im Gegenteil, es veranlasst den menschlichen K\u00f6rper, viel mehr nat\u00fcrliche Endocannabinoide zu produzieren, die bereits in Ihrem System vorhanden sind. F\u00fcr weitere Informationen <a href=\"https:\/\/medschemicalsuppliers.com\/it\/contatto\/\">contattateci<\/a> per favore.<\/p>","protected":false},"excerpt":{"rendered":"<p>CBD Isolat kaufen Als Ergebnis haben wir reines CBD-Isolat zum Verkauf in der ganzen Welt. Weil sie CBD mit so<\/p>","protected":false},"featured_media":1848,"comment_status":"open","ping_status":"closed","template":"","meta":{"jetpack_publicize_message":"","jetpack_publicize_feature_enabled":true,"jetpack_social_post_already_shared":false,"jetpack_social_options":{"image_generator_settings":{"template":"highway","default_image_id":0,"font":"","enabled":false},"version":2}},"product_brand":[],"product_cat":[258],"product_tag":[],"class_list":{"0":"post-1681","1":"product","2":"type-product","3":"status-publish","4":"has-post-thumbnail","6":"product_cat-cannabinoid-kaufen","8":"first","9":"instock","10":"taxable","11":"shipping-taxable","12":"purchasable","13":"product-type-variable"},"jetpack_publicize_connections":[],"jetpack_sharing_enabled":true,"_links":{"self":[{"href":"https:\/\/medschemicalsuppliers.com\/it\/wp-json\/wp\/v2\/product\/1681","targetHints":{"allow":["GET"]}}],"collection":[{"href":"https:\/\/medschemicalsuppliers.com\/it\/wp-json\/wp\/v2\/product"}],"about":[{"href":"https:\/\/medschemicalsuppliers.com\/it\/wp-json\/wp\/v2\/types\/product"}],"replies":[{"embeddable":true,"href":"https:\/\/medschemicalsuppliers.com\/it\/wp-json\/wp\/v2\/comments?post=1681"}],"version-history":[{"count":0,"href":"https:\/\/medschemicalsuppliers.com\/it\/wp-json\/wp\/v2\/product\/1681\/revisions"}],"wp:featuredmedia":[{"embeddable":true,"href":"https:\/\/medschemicalsuppliers.com\/it\/wp-json\/wp\/v2\/media\/1848"}],"wp:attachment":[{"href":"https:\/\/medschemicalsuppliers.com\/it\/wp-json\/wp\/v2\/media?parent=1681"}],"wp:term":[{"taxonomy":"product_brand","embeddable":true,"href":"https:\/\/medschemicalsuppliers.com\/it\/wp-json\/wp\/v2\/product_brand?post=1681"},{"taxonomy":"product_cat","embeddable":true,"href":"https:\/\/medschemicalsuppliers.com\/it\/wp-json\/wp\/v2\/product_cat?post=1681"},{"taxonomy":"product_tag","embeddable":true,"href":"https:\/\/medschemicalsuppliers.com\/it\/wp-json\/wp\/v2\/product_tag?post=1681"}],"curies":[{"name":"wp","href":"https:\/\/api.w.org\/{rel}","templated":true}]}}