{"id":1696,"date":"2023-06-27T19:20:32","date_gmt":"2023-06-27T18:20:32","guid":{"rendered":"https:\/\/medschemicalsuppliers.com\/?post_type=product&#038;p=1696"},"modified":"2026-02-16T21:56:51","modified_gmt":"2026-02-16T20:56:51","slug":"ephedrin-hcl-kaufen","status":"publish","type":"product","link":"https:\/\/medschemicalsuppliers.com\/it\/product\/ephedrin-hcl-kaufen\/","title":{"rendered":"Efedrina HCL"},"content":{"rendered":"<div id=\"ez-toc-container\" class=\"ez-toc-v2_0_82_2 counter-hierarchy ez-toc-counter ez-toc-grey ez-toc-container-direction\">\n<div class=\"ez-toc-title-container\">\n<p class=\"ez-toc-title\" style=\"cursor:inherit\">Inhalts\u00fcbersicht<\/p>\n<span class=\"ez-toc-title-toggle\"><a href=\"#\" class=\"ez-toc-pull-right ez-toc-btn ez-toc-btn-xs ez-toc-btn-default ez-toc-toggle\" aria-label=\"Allinea la tabella dei contenuti\"><span class=\"ez-toc-js-icon-con\"><span class=\"\"><span class=\"eztoc-hide\" style=\"display:none;\">Toggle<\/span><span class=\"ez-toc-icon-toggle-span\"><svg style=\"fill: #999;color:#999\" xmlns=\"http:\/\/www.w3.org\/2000\/svg\" class=\"list-377408\" width=\"20px\" height=\"20px\" viewbox=\"0 0 24 24\" fill=\"none\"><path d=\"M6 6H4v2h2V6zm14 0H8v2h12V6zM4 11h2v2H4v-2zm16 0H8v2h12v-2zM4 16h2v2H4v-2zm16 0H8v2h12v-2z\" fill=\"currentColor\"><\/path><\/svg><svg style=\"fill: #999;color:#999\" class=\"arrow-unsorted-368013\" xmlns=\"http:\/\/www.w3.org\/2000\/svg\" width=\"10px\" height=\"10px\" viewbox=\"0 0 24 24\" version=\"1.2\" baseprofile=\"tiny\"><path d=\"M18.2 9.3l-6.2-6.3-6.2 6.3c-.2.2-.3.4-.3.7s.1.5.3.7c.2.2.4.3.7.3h11c.3 0 .5-.1.7-.3.2-.2.3-.5.3-.7s-.1-.5-.3-.7zM5.8 14.7l6.2 6.3 6.2-6.3c.2-.2.3-.5.3-.7s-.1-.5-.3-.7c-.2-.2-.4-.3-.7-.3h-11c-.3 0-.5.1-.7.3-.2.2-.3.5-.3.7s.1.5.3.7z\"\/><\/svg><\/span><\/span><\/span><\/a><\/span><\/div>\n<nav><ul class='ez-toc-list ez-toc-list-level-1' ><li class='ez-toc-page-1 ez-toc-heading-level-2'><a class=\"ez-toc-link ez-toc-heading-1\" href=\"https:\/\/medschemicalsuppliers.com\/it\/product\/ephedrin-hcl-kaufen\/#Ephedrin_HCL_kaufen\" >Comprare Ephedrine HCL<\/a><ul class='ez-toc-list-level-3' ><li class='ez-toc-heading-level-3'><a class=\"ez-toc-link ez-toc-heading-2\" href=\"https:\/\/medschemicalsuppliers.com\/it\/product\/ephedrin-hcl-kaufen\/#EPHEDRIN_ONLINE_KAUFEN\" >EPHEDRIN ONLINE KAUFEN<\/a><ul class='ez-toc-list-level-4' ><li class='ez-toc-heading-level-4'><a class=\"ez-toc-link ez-toc-heading-3\" href=\"https:\/\/medschemicalsuppliers.com\/it\/product\/ephedrin-hcl-kaufen\/#EPHEDRIN_ZUM_ONLINE-VERKAUF\" >EPHEDRIN ZUM ONLINE-VERKAUF<\/a><\/li><li class='ez-toc-page-1 ez-toc-heading-level-4'><a class=\"ez-toc-link ez-toc-heading-4\" href=\"https:\/\/medschemicalsuppliers.com\/it\/product\/ephedrin-hcl-kaufen\/#EPHEDRIN_HCL_PULVER_ZUM_VERKAUF\" >EPHEDRIN HCL PULVER ZUM VERKAUF<\/a><ul class='ez-toc-list-level-5' ><li class='ez-toc-heading-level-5'><a class=\"ez-toc-link ez-toc-heading-5\" href=\"https:\/\/medschemicalsuppliers.com\/it\/product\/ephedrin-hcl-kaufen\/#MEHR\" >MEHR:<\/a><\/li><\/ul><\/li><\/ul><\/li><\/ul><\/li><\/ul><\/nav><\/div>\n<h2><span class=\"ez-toc-section\" id=\"Ephedrin_HCL_kaufen\"><\/span>Comprare Ephedrine HCL<span class=\"ez-toc-section-end\"><\/span><\/h2>\n<p>Dar\u00fcber hinaus haben wir die h\u00f6chste Qualit\u00e4t Ephedrin Lieferant, Ephedrin zum Verkauf. Ephedrinsulfat hat eine \u00e4hnliche Wirkung auf das ZNS. Es stimuliert die Gro\u00dfhirnrinde und subkortikale Stellen, weshalb es zur Behandlung von Narkolepsie eingesetzt wird. Aufgrund der ver\u00e4nderten gesundheitlichen Bedenken, die mit Ephedrin verbunden sind, darf es nicht als Nahrungserg\u00e4nzungsmittel verwendet werden. Ephedrin, wie Phenethylamin, hat eine \u00e4hnliche synthetische Struktur wie Amphetamine und ist vor allem ein Methamphetamin einfach immer das Methamphetamin-System mit einem Hydroxyl-B\u00fcndel im Inneren der Lage.<\/p>\n<p>Diese Kombination, wie die Begrenzung des Verzehrs von zus\u00e4tzlichem Fett auf 30 % der Kalorien und m\u00e4\u00dfige Bewegung, scheint das K\u00f6rperfett zu reduzieren, das &#8222;l\u00e4stige&#8220; Cholesterin der unteren Lipoproteinschicht (LDL) zu senken und das &#8222;ausgezeichnete&#8220; Cholesterin der oberen Lipoproteinschicht (HDL) zu erh\u00f6hen. Ephedrin ist ein Energizer im Allgemeinen, und ich bin auf der Suche nach einer weniger schwierigen Weg, um gebildete als Kaffee (die schlecht angeordnet werden k\u00f6nnen, weil der Aufbau von Widerstand, nicht ganz beweglich, und Koffein ist wirklich ein Diuretikum). Ephedrin HCL kaufen.<\/p>\n<p>Ephedrin sollte w\u00e4hrend der Schwangerschaft nicht eingenommen werden, es sei denn, es wird ausdr\u00fccklich von einem Arzt verschrieben und nur dann, wenn keine anderen Alternativen zur Verf\u00fcgung stehen. Allerdings k\u00f6nnen Ephedra-Kombinationen auch bei sorgf\u00e4ltig untersuchten und gepr\u00fcften oder h\u00f6chstwahrscheinlich angepassten Erwachsenen zu unauff\u00e4lligen Verbesserungen der Kreislaufbelastung und der Herzfrequenz f\u00fchren. Ephedrin HCL kaufen.<\/p>\n<h3><span class=\"ez-toc-section\" id=\"EPHEDRIN_ONLINE_KAUFEN\"><\/span>EPHEDRIN ONLINE KAUFEN<span class=\"ez-toc-section-end\"><\/span><\/h3>\n<p>Es bestehen erhebliche Bedenken hinsichtlich der Sicherheit dieses Produkts, da es erhebliche Mengen des Energietr\u00e4gers Ephedra und Koffein enth\u00e4lt und gelegentlich eingenommen wird, ohne auf sch\u00e4dliche Nebenwirkungen gepr\u00fcft zu werden. Ephedrin verringert auch die Magenentleerung. Methylxanthine, wie Koffein und Theophyllin, haben eine extrem synergistische Beziehung mit Ephedrin f\u00fcr den Fettabbau. Ephedrin HCL kaufen.<\/p>\n<p>Dies f\u00fchrte dazu, dass sich das Blatt wendete und im Internet zusammengesetzte Produkte vorgestellt wurden. Einer von ihnen, bekannt als der eca-Stack, kombiniert Ephedrin mit Koffein und entz\u00fcndungshemmenden Medikamenten. Es ist ein beliebtes Nahrungserg\u00e4nzungsmittel, das von Muskelprotzen verwendet wird, die herausfinden wollen, wie sie vor einem Wettkampf K\u00f6rperfett abbauen k\u00f6nnen. Bei der Behandlung von Asthma wurde Ephedrin h\u00e4ufig als abschwellendes und bronchienerweiterndes Mittel eingesetzt. Ephedrin HCL kaufen.<\/p>\n<p>Es wird nach wie vor f\u00fcr diese Anzeichen verwendet, obwohl seine Anerkennung aufgrund der Anordnung von \u00fcberzeugenderen Spezialisten f\u00fcr diese Anzeichen, die viel weniger ung\u00fcnstige Ergebnisse zeigen, abnimmt. Die Rolle bei der nasalen Obstruktion wurde weitgehend durch weitaus st\u00e4rkere -adrenerge Rezeptor-Agonisten verdr\u00e4ngt. Ephedrin HCL kaufen.<\/p>\n<p>Ephedrin kann in Blut, Plasma oder Urin untersucht werden, um m\u00f6gliche Misshandlungen durch Konkurrenten festzustellen und die Untersuchung auf Sch\u00e4digung oder Hilfe in einer medizinisch-rechtlichen Sterbeuntersuchung zu best\u00e4tigen. Viele mechanische Immunoassay-Screening-Tests, die mit Amphetaminen assoziiert sind, scheinen mit Ephedrin kreuzzureagieren, aber chromatographische Methoden k\u00f6nnen Ephedrin zweifellos von anderen Phenethylamin-Tochtergesellschaften unterscheiden. Ephedrin HCL kaufen.<\/p>\n<h4><span class=\"ez-toc-section\" id=\"EPHEDRIN_ZUM_ONLINE-VERKAUF\"><\/span>EPHEDRIN ZUM ONLINE-VERKAUF<span class=\"ez-toc-section-end\"><\/span><\/h4>\n<p>Ephedrin ist ein bronchienerweiterndes Mittel, das als kurzfristige rezeptfreie Asthmabehandlung verwendet werden kann. Es ist dar\u00fcber hinaus n\u00fctzlich wie ein Energizer und wird h\u00e4ufig in LKW-Stationen von LKW-Fahrern zu diesem Zweck gekauft. Da es sich um eine Methamphetamin-Vorstufe handelt, wurde sein Verkauf an LKW-Haltestellen seit 2006 durch die US-Beh\u00f6rden erheblich eingeschr\u00e4nkt. Ephedrin hat sich zu einer \u00e4u\u00dferst bemerkenswerten und erstaunlichen Behandlung von Asthma bronchiale entwickelt, insbesondere weil es im Gegensatz zu Adrenalin (bis zum Ende der Standardbehandlung) oral verabreicht werden kann. Ephedrin HCL kaufen.<\/p>\n<p>Die Verwendung von Ephedrin zur Behandlung von Asthma bronchiale erreichte in den sp\u00e4ten 1950er Jahren ihren H\u00f6hepunkt, woraufhin die therapeutische Verwendung allm\u00e4hlich und stetig zur\u00fcckging. Ephedrin hat sich von einer Standardverschreibung zu einem seltsamen Platz von Stra\u00dfenmedikamenten und nahrhaften Nahrungserg\u00e4nzungsmitteln entwickelt. Ephedra- und Ephedrinprodukte und -arrangements sind in vielen L\u00e4ndern der Welt streng verboten, da sie eine Schl\u00fcsselkomponente bei der Herstellung der s\u00fcchtig machenden Verbindung Methamphetamin sind. Ephedrin HCL kaufen.<\/p>\n<p>Bei konsequenter Anwendung ist Ephedrin h\u00e4ufig sicher und gut vertr\u00e4glich; zu den nachfolgenden negativen Auswirkungen geh\u00f6ren jedoch erh\u00f6hte Herzkosten, Bluthochdruck und Nervosit\u00e4t, die h\u00e4ufig schon bald nach der ersten Woche oder so der Anwendung verschwinden. Obwohl Nahrungserg\u00e4nzungsmittel, die Ephedrinalkaloide enthalten, heute von vielen Menschen mit einem ausreichenden Ma\u00df an Sicherheit und Lebensf\u00e4higkeit verwendet werden, k\u00f6nnen sie f\u00fcr Menschen, die bestimmte schwere Krankheiten haben, extrem gef\u00e4hrlich sein. Ephedrin HCL kaufen.<\/p>\n<h4><span class=\"ez-toc-section\" id=\"EPHEDRIN_HCL_PULVER_ZUM_VERKAUF\"><\/span>EPHEDRIN HCL PULVER ZUM VERKAUF<span class=\"ez-toc-section-end\"><\/span><\/h4>\n<p>Verschiedene Fallstudien haben Ephedrin-Alkaloide als Ursache f\u00fcr echte ung\u00fcnstige gesundheitliche Folgen bei abh\u00e4ngigen Menschen, einschlie\u00dflich, aber nicht beschr\u00e4nkt auf Herzinfarkt, Schlaganfall, Krampfanf\u00e4lle und, in extremen F\u00e4llen, Tod impliziert. Ephedrin ist ein abschwellendes Mittel und ein allgemeiner Bronchodilatator. Es wirkt, indem es die Schwellung und Verengung der Blutgef\u00e4\u00dfe in den Naseng\u00e4ngen verringert und die Atemwege in der Lunge erweitert, wodurch das Atmen wesentlich erleichtert wird. Ephedrin HCL kaufen.<\/p>\n<p>Dar\u00fcber hinaus regt es den Stoffwechsel an, so dass der K\u00f6rper w\u00e4hrend des Arbeitstages durch einen Prozess, der als Thermogenese bekannt ist, bei nicht intensiver Aktivit\u00e4t viel mehr Energie und unerw\u00fcnschtes Fett verbrennen kann. Die meisten Di\u00e4tetiker erhalten dieses Medikament am Morgen oder am fr\u00fchen Nachmittag, um den Stoffwechsel w\u00e4hrend des Tages maximal anzuregen. Ephedrin-Nahrungserg\u00e4nzungsmittel sind in der Regel nicht zur Behandlung von Krankheiten gedacht, obwohl sie sich bei den meisten Menschen kurzfristig als wirksam erwiesen haben. Ephedrin HCL kaufen.<\/p>\n<p>Es steht Ihnen frei zu versuchen, Rockford Chronic Ephedrine unbegrenzt zu wiederholen; EPHEDRINE HCL k\u00fcmmert sich nicht darum, wie sie beginnen. Ich wollte Sie nur darauf hinweisen, und ich war mir nicht sonderlich bewusst, dass die pr\u00e4kanzer\u00f6sen intraven\u00f6sen Sulfat-Injektionen \u00fcber die frei verk\u00e4ufliche Linie um den Stapel herum dr\u00e4ngen. Ich bin neugierig, was EPHEDRINE EPHEDRINE HCL ist \u00fcber 2 neben einem EPHEDRINE EPHEDRINE HCL zu stoppen Juckreiz und Tropf plus eine glatte in Blutdruck Ebene. Ephedrin zum Verkauf<\/p>\n<p>Erkl\u00e4ren Sie bitte zuallererst die Gemeinsamkeiten: Ephedrin HCL und Pseudoephedrin sind beides nat\u00fcrliche Alkaloide, die aus dem Ephedra-Strauch gewonnen werden. Ephedrin und Pseudoephedrin sind in Ephedra-Tee und dem Nahrungserg\u00e4nzungsmittel Ephedra enthalten. Um Ihre Vertr\u00e4glichkeit und Reaktionszeit zu beurteilen. Das hei\u00dft, Sie haben ein Nahrungserg\u00e4nzungsmittel in ausgewogener Weise eingenommen. Bowman bietet ein einzigartiges Erlebnis, das es im Dermazentrum nicht gibt. Ephedrin zu verkaufen<\/p>\n<h5><span class=\"ez-toc-section\" id=\"MEHR\"><\/span>MEHR:<span class=\"ez-toc-section-end\"><\/span><\/h5>\n<p>Schlucken Sie die Flasche ganz und versuchen Sie, die zuf\u00e4llige Enthauptung zu defibrillieren; Guaifenesin kann verwendet werden, um die Brillen zun\u00e4chst auszugleichen. Mittelsmann EPHEDRINE HCL ist die Zeit zu starten. Es kommt nicht jeden Tag vor, dass wir keinen freien Moment haben, aber fast jeder seri\u00f6se Entwickler hat ihn. EPHEDRINE HCL sollte nicht dazu f\u00fchren, dass Hirnblutungen, Schlaganf\u00e4lle oder Herzrhythmusst\u00f6rungen in indische Generika aufgenommen werden, wenn es nur statistisch oder mental war. Ephedrin zum Verkauf<\/p>\n<p>Ephedrin ist der Wirkstoff in Ma Huang, einer Heilpflanze, die seit Tausenden von Jahren in China verwendet wird. Ephedrin wurde ausgiebig untersucht und ist eine relativ zuverl\u00e4ssige Verbindung f\u00fcr kurz- bis mittelfristige Gewichtsabnahme (weniger als 6 Monate) und moderate Leistungssteigerungen bei trainierten M\u00e4nnern und Frauen. Allerdings ist es nicht in allen schwierigen Situationen wirksam; l\u00e4ngerfristiger Fettabbau und Ergebnisse bei untrainierten Personen sind nicht untersucht worden. Wichtiger und manchmal nachteiliger Erfolg Ephedrin zum Verkauf<\/p>\n<p>Bei Personen, die Ephedrin wieder einf\u00fchren, kann es zu Schlaflosigkeit kommen. Ephedrin HCL geh\u00f6rt zu einer Klasse von Medikamenten, die als Sympathomimetika bekannt sind, da es den Chemikalien \u00e4hnelt, die von der sympathischen Angstreaktion w\u00e4hrend einer &#8222;Kampf- oder Fluchtsituation&#8220; produziert werden. Die Droge bindet sich an Alpha- und Beta-Adrenorezeptoren, wodurch das Nervengewebe \u00e4hnlich wie bei einem Adrenalinsto\u00df stimuliert wird. F\u00fcr weitere Informationen, <a href=\"https:\/\/medschemicalsuppliers.com\/it\/contatto\/\">contattateci<\/a> per favore.<\/p>","protected":false},"excerpt":{"rendered":"<p>Ephedrin HCL kaufen Dar\u00fcber hinaus haben wir die h\u00f6chste Qualit\u00e4t Ephedrin Lieferant, Ephedrin zum Verkauf. Ephedrinsulfat hat eine \u00e4hnliche Wirkung<\/p>","protected":false},"featured_media":1880,"comment_status":"open","ping_status":"closed","template":"","meta":{"jetpack_publicize_message":"","jetpack_publicize_feature_enabled":true,"jetpack_social_post_already_shared":false,"jetpack_social_options":{"image_generator_settings":{"template":"highway","default_image_id":0,"font":"","enabled":false},"version":2}},"product_brand":[],"product_cat":[163,295],"product_tag":[],"class_list":{"0":"post-1696","1":"product","2":"type-product","3":"status-publish","4":"has-post-thumbnail","6":"product_cat-forschungschemikalien","7":"product_cat-stimulanzien-kaufen","9":"first","10":"instock","11":"taxable","12":"shipping-taxable","13":"purchasable","14":"product-type-variable"},"jetpack_publicize_connections":[],"jetpack_sharing_enabled":true,"_links":{"self":[{"href":"https:\/\/medschemicalsuppliers.com\/it\/wp-json\/wp\/v2\/product\/1696","targetHints":{"allow":["GET"]}}],"collection":[{"href":"https:\/\/medschemicalsuppliers.com\/it\/wp-json\/wp\/v2\/product"}],"about":[{"href":"https:\/\/medschemicalsuppliers.com\/it\/wp-json\/wp\/v2\/types\/product"}],"replies":[{"embeddable":true,"href":"https:\/\/medschemicalsuppliers.com\/it\/wp-json\/wp\/v2\/comments?post=1696"}],"version-history":[{"count":0,"href":"https:\/\/medschemicalsuppliers.com\/it\/wp-json\/wp\/v2\/product\/1696\/revisions"}],"wp:featuredmedia":[{"embeddable":true,"href":"https:\/\/medschemicalsuppliers.com\/it\/wp-json\/wp\/v2\/media\/1880"}],"wp:attachment":[{"href":"https:\/\/medschemicalsuppliers.com\/it\/wp-json\/wp\/v2\/media?parent=1696"}],"wp:term":[{"taxonomy":"product_brand","embeddable":true,"href":"https:\/\/medschemicalsuppliers.com\/it\/wp-json\/wp\/v2\/product_brand?post=1696"},{"taxonomy":"product_cat","embeddable":true,"href":"https:\/\/medschemicalsuppliers.com\/it\/wp-json\/wp\/v2\/product_cat?post=1696"},{"taxonomy":"product_tag","embeddable":true,"href":"https:\/\/medschemicalsuppliers.com\/it\/wp-json\/wp\/v2\/product_tag?post=1696"}],"curies":[{"name":"wp","href":"https:\/\/api.w.org\/{rel}","templated":true}]}}