{"id":1703,"date":"2023-06-27T19:20:33","date_gmt":"2023-06-27T18:20:33","guid":{"rendered":"https:\/\/medschemicalsuppliers.com\/?post_type=product&#038;p=1703"},"modified":"2026-04-14T21:33:16","modified_gmt":"2026-04-14T19:33:16","slug":"etizolam-kaufen-deutschland","status":"publish","type":"product","link":"https:\/\/medschemicalsuppliers.com\/it\/product\/etizolam-kaufen-deutschland\/","title":{"rendered":"Etizolam"},"content":{"rendered":"<div id=\"ez-toc-container\" class=\"ez-toc-v2_0_82_2 counter-hierarchy ez-toc-counter ez-toc-grey ez-toc-container-direction\">\n<div class=\"ez-toc-title-container\">\n<p class=\"ez-toc-title\" style=\"cursor:inherit\">Inhalts\u00fcbersicht<\/p>\n<span class=\"ez-toc-title-toggle\"><a href=\"#\" class=\"ez-toc-pull-right ez-toc-btn ez-toc-btn-xs ez-toc-btn-default ez-toc-toggle\" aria-label=\"Allinea la tabella dei contenuti\"><span class=\"ez-toc-js-icon-con\"><span class=\"\"><span class=\"eztoc-hide\" style=\"display:none;\">Toggle<\/span><span class=\"ez-toc-icon-toggle-span\"><svg style=\"fill: #999;color:#999\" xmlns=\"http:\/\/www.w3.org\/2000\/svg\" class=\"list-377408\" width=\"20px\" height=\"20px\" viewbox=\"0 0 24 24\" fill=\"none\"><path d=\"M6 6H4v2h2V6zm14 0H8v2h12V6zM4 11h2v2H4v-2zm16 0H8v2h12v-2zM4 16h2v2H4v-2zm16 0H8v2h12v-2z\" fill=\"currentColor\"><\/path><\/svg><svg style=\"fill: #999;color:#999\" class=\"arrow-unsorted-368013\" xmlns=\"http:\/\/www.w3.org\/2000\/svg\" width=\"10px\" height=\"10px\" viewbox=\"0 0 24 24\" version=\"1.2\" baseprofile=\"tiny\"><path d=\"M18.2 9.3l-6.2-6.3-6.2 6.3c-.2.2-.3.4-.3.7s.1.5.3.7c.2.2.4.3.7.3h11c.3 0 .5-.1.7-.3.2-.2.3-.5.3-.7s-.1-.5-.3-.7zM5.8 14.7l6.2 6.3 6.2-6.3c.2-.2.3-.5.3-.7s-.1-.5-.3-.7c-.2-.2-.4-.3-.7-.3h-11c-.3 0-.5.1-.7.3-.2.2-.3.5-.3.7s.1.5.3.7z\"\/><\/svg><\/span><\/span><\/span><\/a><\/span><\/div>\n<nav><ul class='ez-toc-list ez-toc-list-level-1' ><li class='ez-toc-page-1 ez-toc-heading-level-2'><a class=\"ez-toc-link ez-toc-heading-1\" href=\"https:\/\/medschemicalsuppliers.com\/it\/product\/etizolam-kaufen-deutschland\/#Etizolam_Kaufen_Deutschland\" >Comprare Etizolam Germania<\/a><ul class='ez-toc-list-level-4' ><li class='ez-toc-heading-level-4'><ul class='ez-toc-list-level-4' ><li class='ez-toc-heading-level-4'><a class=\"ez-toc-link ez-toc-heading-2\" href=\"https:\/\/medschemicalsuppliers.com\/it\/product\/etizolam-kaufen-deutschland\/#ETIZOLAM_ONLINE_KAUFEN\" >ETIZOLAM ONLINE KAUFEN<\/a><\/li><li class='ez-toc-page-1 ez-toc-heading-level-4'><a class=\"ez-toc-link ez-toc-heading-3\" href=\"https:\/\/medschemicalsuppliers.com\/it\/product\/etizolam-kaufen-deutschland\/#ETIZOLAM_ZUM_VERKAUF_ONLINE\" >ETIZOLAM ZUM VERKAUF ONLINE<\/a><ul class='ez-toc-list-level-5' ><li class='ez-toc-heading-level-5'><a class=\"ez-toc-link ez-toc-heading-4\" href=\"https:\/\/medschemicalsuppliers.com\/it\/product\/etizolam-kaufen-deutschland\/#ZUSATZLICH\" >AGGIUNTIVO<\/a><\/li><\/ul><\/li><\/ul><\/li><\/ul><\/li><\/ul><\/nav><\/div>\n<h2><span class=\"ez-toc-section\" id=\"Etizolam_Kaufen_Deutschland\"><\/span><span class=\"___SText_4qyg4-ko_\" data-ui-name=\"Link.Text\">Comprare Etizolam Germania<\/span><span class=\"ez-toc-section-end\"><\/span><\/h2>\n<p>Von Nord- bis S\u00fcdamerika, Europa bis Asien, haben wir wirklich hochwertige, reine Etizolam zum Verkauf. <a href=\"https:\/\/rc-chems.org\/de\/home\/67-etizolam-1mg.html\" target=\"_blank\" rel=\"noopener\">Etizolam<\/a> ist gedacht, um Antidepressiva, gegen Stress und Angst, und insgesamt Gleichgewicht Ergebnisse in der Organisation zu erreichen und wurde f\u00fcr den medizinischen Einsatz in dieser Situation auch genehmigt. Obgleich die Medikation craving Verbesserung verursachen kann, erscheint dieser Effekt nicht in allen K\u00e4ufern.<\/p>\n<p>Wenn Leute den Zerfall von Etizolam ank\u00fcndigen, sollte es kein Problem sein, es zu erw\u00e4rmen, um zu helfen, aufzubrechen, und das Pulver in eine wahrgenommene Menge von Fl\u00fcssigkeit zu bringen und es energisch zu sch\u00fctteln sollte unglaublich nach einiger Zeit arbeiten. Ein Milligramm Etizolam hat eine \u00e4hnliche Wirkung wie zehn Milligramm Valium (Diazepam). Etizolam kann nicht als Benzodiazepin angesehen werden, da es ein Substanzsystem hat, das durch einen Thiophenring und nicht durch einen Benzolring gekennzeichnet ist. Etizolam zu verkaufen<\/p>\n<p>Da die meisten L\u00e4nder der Welt Benzodiazepin-Analoga nicht verbieten, ist dieses Medikament in fast allen L\u00e4ndern der Welt legal. Es ist \u00fcberall auf der Welt legal! Es hat anxiolytische, beruhigende, hypnotisierende, amnesische und entspannende Eigenschaften, \u00e4hnlich wie seine Schwesterverbindung Alprazolam und andere Benzodiazepine. Eine Studie, in der Etizolam verwendet wurde, ergab, dass es h\u00f6rbare Tr\u00e4umereien bei Schizophrenen vollst\u00e4ndig beseitigte. Etizolam Kaufen Deutschland.<\/p>\n<h4><span class=\"ez-toc-section\" id=\"ETIZOLAM_ONLINE_KAUFEN\"><\/span>ETIZOLAM ONLINE KAUFEN<span class=\"ez-toc-section-end\"><\/span><\/h4>\n<p>Von den \u00dcberlegungen, Etizolam ist k\u00fcnstlich mit Benzodiazepinen wahrgenommen und Kapazit\u00e4ten durch eine Beh\u00f6rde GABA-Rezeptor. Etizolam-Pulver wird in der Regel nicht verwendet. Stress und Nervosit\u00e4t sind normalerweise nicht unangenehm, aber es gibt eine Vielzahl von Angsterkrankungen. Nervosit\u00e4t Fragen sind eine Gruppe von psychischen Erkrankungen, die verwirrend und erstaunlich Druck, Spannung und Angst verursachen. Etizolam Kaufen Deutschland.<\/p>\n<p>Etizolam ist das gef\u00e4hrlichste Stressmedikament, das sich in Pulver verwandeln kann. Es ist das beste System f\u00fcr Anf\u00e4lle und Hoffnungslosigkeit, und es wird sofort beginnen, um Ihnen ein Gef\u00fchl der Ruhe und Gelassenheit. Es kann auch zur Behandlung von Schlaflosigkeit und anderen Schlafst\u00f6rungen eingesetzt werden. Wenn Sie mit einer schwierigen Situation bei der Arbeit konfrontiert sind, vor einer Pr\u00fcfung stehen oder eine kritische Entscheidung treffen m\u00fcssen, erlebt jeder Mensch irgendwann Stress, und genau da k\u00f6nnen Etizolam Tabletten helfen. Etizolam zum Verkauf<\/p>\n<p>Mischungen sind eine Auswahl von einigen besser wahrgenommenen Untersuchung synthetische Mischungen, die rund um f\u00fcr ein paar Jahre gewesen sein. Weil es sie schon lange gibt, werden sie oft mit &#8222;Old School&#8220; RCs in Verbindung gebracht. Es wird auch gesagt, dass Menschen das Medikament zu Erholungszwecken verwenden, weil es Wirkungen wie innere Selbsterweiterung, energetische Tarnung und ein Gef\u00fchl der Zur\u00fcckhaltung hat. Etizolam Kaufen Deutschland.<\/p>\n<h4><span class=\"ez-toc-section\" id=\"ETIZOLAM_ZUM_VERKAUF_ONLINE\"><\/span>ETIZOLAM ZUM VERKAUF ONLINE<span class=\"ez-toc-section-end\"><\/span><\/h4>\n<p>Menschen haben es auch f\u00fcr Freizeitbesch\u00e4ftigungen verwendet. Dieser Artikel ist f\u00fcr Mess- und Testprogramme bestimmt. Es ist als Thieno-Diazepin klassifiziert und wurde speziell entwickelt, um die Benzodiazepin-Gesetzgebung zu umgehen. Etizolam hat die gleiche Wirkung wie Alprazolam. Der erweiterte Teil kann eine breite Palette von Ergebnissen verursachen, aber es kann auch ung\u00fcnstige Nebeneffekte haben, die Dinge wie extremen Unfug oder Tod in echten Bedingungen einschlie\u00dfen. EEtizolam Kaufen Deutschland.<\/p>\n<p>Etizolam-Pulver, auch bekannt als Etilaam oder Etizest, ist ein hergestelltes einfaches Thienodiazepin und ist eine depressive Verbindung, die Anti-Stretch-, Anti-Stress- und Bulk-lockernde Effekte verursacht, die mit denen von Benzodiazepin vergleichbar sind. Es ist eine bekannte Forschungssubstanz, die in Form von Pillen, Pulvern oder Optionen kommt. Etizolam zum Verkauf<\/p>\n<p>Etizolam Pulver besteht aus 99,8% reinem Etizolam. Es ist eine geruchlose glasartige Verbindung, die in Wasser unl\u00f6slich, aber in Ethanol etwas l\u00f6slich ist. In der Zwischenzeit dient es als L\u00f6sungsmittel in Chloroform- und Methanolkuren. Trotz der Tatsache, dass es immer noch als verschreibungspflichtig gilt, wird die Legalit\u00e4t von Etizolam in den Vereinigten Staaten nicht kontrolliert oder eingeschr\u00e4nkt, da es von einem lizenzierten Spezialisten verschrieben werden muss. Etizolam Kaufen Deutschland<\/p>\n<h5><span class=\"ez-toc-section\" id=\"ZUSATZLICH\"><\/span>AGGIUNTIVO<span class=\"ez-toc-section-end\"><\/span><\/h5>\n<p>Die pulverisierte Etizolam Portion wird h\u00e4ufig empfohlen, nicht mehr als 1mg pro Portion zu sein. Es wirkt, indem es den Geist des Individuums beruhigt, indem es auf die Benzodiazepin-Seite der GABA-Rezeptoren des Gro\u00dfhirns wirkt. Etizolam wurde mit Alprazolam und Bromazepam bei der Behandlung der generalisierten Angstst\u00f6rung verglichen. Etizolam zu verkaufen<\/p>\n<p>Etizolam \u00fcbertraf die beiden anderen von \u00c4rzten empfohlenen Medikamente in der Vorstudie in Bezug auf die stimulierende Wirkung. Wenn die blaue Gemeinschaft in klaren Fl\u00fcssigkeiten aufgel\u00f6st wird, f\u00e4rbt sie sich blau. Die blaue F\u00e4rbung kann jedoch bei Einnahme in Fl\u00fcssigkeiten mit dunklerer Farbe verschwimmen. Die blaue Farbe wird nicht in nicht-exklusiven Rohypnol-Varianten erh\u00e4ltlich sein. Etizolam Kaufen Deutschland.<\/p>\n<p>Es bezieht sich im Allgemeinen auf die Gesamtl\u00e4nge, die durch die Wirkung des Stoffes beigetragen wird, sowie auf die Gesamtmenge, die in einem bestimmten Zeitraum verbrannt wird. Dieses Medikament ist allgemein gedacht, um f\u00fcr Stressabbau und Ged\u00e4chtnisbewegung verwendet werden. Leute benutzen allgemein die Medikation f\u00fcr Entspannungzwecke, weil sie Nebenwirkungen wie Gewissensschwellung verursachen kann. F\u00fcr weitere Informationen<a href=\"https:\/\/medschemicalsuppliers.com\/it\/contatto\/\"> contattateci<\/a> per favore.<\/p>","protected":false},"excerpt":{"rendered":"<p>Etizolam Kaufen Deutschland Von Nord- bis S\u00fcdamerika, Europa bis Asien, haben wir wirklich hochwertige, reine Etizolam zum Verkauf. Etizolam ist<\/p>","protected":false},"featured_media":1896,"comment_status":"open","ping_status":"closed","template":"","meta":{"jetpack_publicize_message":"","jetpack_publicize_feature_enabled":true,"jetpack_social_post_already_shared":false,"jetpack_social_options":{"image_generator_settings":{"template":"highway","default_image_id":0,"font":"","enabled":false},"version":2}},"product_brand":[],"product_cat":[296],"product_tag":[],"class_list":{"0":"post-1703","1":"product","2":"type-product","3":"status-publish","4":"has-post-thumbnail","6":"product_cat-benzodiazepine-kaufen","8":"first","9":"instock","10":"taxable","11":"shipping-taxable","12":"purchasable","13":"product-type-variable"},"jetpack_publicize_connections":[],"jetpack_sharing_enabled":true,"_links":{"self":[{"href":"https:\/\/medschemicalsuppliers.com\/it\/wp-json\/wp\/v2\/product\/1703","targetHints":{"allow":["GET"]}}],"collection":[{"href":"https:\/\/medschemicalsuppliers.com\/it\/wp-json\/wp\/v2\/product"}],"about":[{"href":"https:\/\/medschemicalsuppliers.com\/it\/wp-json\/wp\/v2\/types\/product"}],"replies":[{"embeddable":true,"href":"https:\/\/medschemicalsuppliers.com\/it\/wp-json\/wp\/v2\/comments?post=1703"}],"version-history":[{"count":1,"href":"https:\/\/medschemicalsuppliers.com\/it\/wp-json\/wp\/v2\/product\/1703\/revisions"}],"predecessor-version":[{"id":2543,"href":"https:\/\/medschemicalsuppliers.com\/it\/wp-json\/wp\/v2\/product\/1703\/revisions\/2543"}],"wp:featuredmedia":[{"embeddable":true,"href":"https:\/\/medschemicalsuppliers.com\/it\/wp-json\/wp\/v2\/media\/1896"}],"wp:attachment":[{"href":"https:\/\/medschemicalsuppliers.com\/it\/wp-json\/wp\/v2\/media?parent=1703"}],"wp:term":[{"taxonomy":"product_brand","embeddable":true,"href":"https:\/\/medschemicalsuppliers.com\/it\/wp-json\/wp\/v2\/product_brand?post=1703"},{"taxonomy":"product_cat","embeddable":true,"href":"https:\/\/medschemicalsuppliers.com\/it\/wp-json\/wp\/v2\/product_cat?post=1703"},{"taxonomy":"product_tag","embeddable":true,"href":"https:\/\/medschemicalsuppliers.com\/it\/wp-json\/wp\/v2\/product_tag?post=1703"}],"curies":[{"name":"wp","href":"https:\/\/api.w.org\/{rel}","templated":true}]}}