{"id":1722,"date":"2023-06-27T19:20:42","date_gmt":"2023-06-27T18:20:42","guid":{"rendered":"https:\/\/medschemicalsuppliers.com\/?post_type=product&#038;p=1722"},"modified":"2024-09-29T20:43:33","modified_gmt":"2024-09-29T18:43:33","slug":"meskalin-kaufen","status":"publish","type":"product","link":"https:\/\/medschemicalsuppliers.com\/it\/product\/meskalin-kaufen\/","title":{"rendered":"Mescalina"},"content":{"rendered":"<div id=\"ez-toc-container\" class=\"ez-toc-v2_0_82_2 counter-hierarchy ez-toc-counter ez-toc-grey ez-toc-container-direction\">\n<div class=\"ez-toc-title-container\">\n<p class=\"ez-toc-title\" style=\"cursor:inherit\">Inhalts\u00fcbersicht<\/p>\n<span class=\"ez-toc-title-toggle\"><a href=\"#\" class=\"ez-toc-pull-right ez-toc-btn ez-toc-btn-xs ez-toc-btn-default ez-toc-toggle\" aria-label=\"Allinea la tabella dei contenuti\"><span class=\"ez-toc-js-icon-con\"><span class=\"\"><span class=\"eztoc-hide\" style=\"display:none;\">Toggle<\/span><span class=\"ez-toc-icon-toggle-span\"><svg style=\"fill: #999;color:#999\" xmlns=\"http:\/\/www.w3.org\/2000\/svg\" class=\"list-377408\" width=\"20px\" height=\"20px\" viewbox=\"0 0 24 24\" fill=\"none\"><path d=\"M6 6H4v2h2V6zm14 0H8v2h12V6zM4 11h2v2H4v-2zm16 0H8v2h12v-2zM4 16h2v2H4v-2zm16 0H8v2h12v-2z\" fill=\"currentColor\"><\/path><\/svg><svg style=\"fill: #999;color:#999\" class=\"arrow-unsorted-368013\" xmlns=\"http:\/\/www.w3.org\/2000\/svg\" width=\"10px\" height=\"10px\" viewbox=\"0 0 24 24\" version=\"1.2\" baseprofile=\"tiny\"><path d=\"M18.2 9.3l-6.2-6.3-6.2 6.3c-.2.2-.3.4-.3.7s.1.5.3.7c.2.2.4.3.7.3h11c.3 0 .5-.1.7-.3.2-.2.3-.5.3-.7s-.1-.5-.3-.7zM5.8 14.7l6.2 6.3 6.2-6.3c.2-.2.3-.5.3-.7s-.1-.5-.3-.7c-.2-.2-.4-.3-.7-.3h-11c-.3 0-.5.1-.7.3-.2.2-.3.5-.3.7s.1.5.3.7z\"\/><\/svg><\/span><\/span><\/span><\/a><\/span><\/div>\n<nav><ul class='ez-toc-list ez-toc-list-level-1' ><li class='ez-toc-page-1 ez-toc-heading-level-2'><a class=\"ez-toc-link ez-toc-heading-1\" href=\"https:\/\/medschemicalsuppliers.com\/it\/product\/meskalin-kaufen\/#Meskalin_kaufen\" >Comprare mescalina<\/a><ul class='ez-toc-list-level-3' ><li class='ez-toc-heading-level-3'><a class=\"ez-toc-link ez-toc-heading-2\" href=\"https:\/\/medschemicalsuppliers.com\/it\/product\/meskalin-kaufen\/#MESKALIN_ONLINE_KAUFEN\" >MESKALIN ONLINE KAUFEN<\/a><\/li><li class='ez-toc-page-1 ez-toc-heading-level-3'><a class=\"ez-toc-link ez-toc-heading-3\" href=\"https:\/\/medschemicalsuppliers.com\/it\/product\/meskalin-kaufen\/#MESKALIN_ZUM_VERKAUF_ONLINE\" >MESKALIN ZUM VERKAUF ONLINE<\/a><\/li><li class='ez-toc-page-1 ez-toc-heading-level-3'><a class=\"ez-toc-link ez-toc-heading-4\" href=\"https:\/\/medschemicalsuppliers.com\/it\/product\/meskalin-kaufen\/#MESKALIN_PULVER_ZU_VERKAUFEN\" >MESKALIN PULVER ZU VERKAUFEN<\/a><ul class='ez-toc-list-level-4' ><li class='ez-toc-heading-level-4'><a class=\"ez-toc-link ez-toc-heading-5\" href=\"https:\/\/medschemicalsuppliers.com\/it\/product\/meskalin-kaufen\/#MESKALIN-PILLEN_ZU_VERKAUFEN\" >MESKALIN-PILLEN ZU VERKAUFEN<\/a><ul class='ez-toc-list-level-5' ><li class='ez-toc-heading-level-5'><a class=\"ez-toc-link ez-toc-heading-6\" href=\"https:\/\/medschemicalsuppliers.com\/it\/product\/meskalin-kaufen\/#MEHR\" >MEHR<\/a><\/li><\/ul><\/li><\/ul><\/li><\/ul><\/li><\/ul><\/nav><\/div>\n<h2><span class=\"ez-toc-section\" id=\"Meskalin_kaufen\"><\/span>Comprare mescalina<span class=\"ez-toc-section-end\"><\/span><\/h2>\n<p>Trotzdem k\u00f6nnen Sie bei uns Meskalin kaufen, denn wir haben hochwertiges Meskalin im Angebot. Die Wirkung von Meskalin h\u00e4lt zehn bis zw\u00f6lf Stunden an, aber die Verwendung von Meskalin in einer Zeremonie kann bis zu zwei Tage dauern. Es handelt sich um ein Stimulans oder Halluzinogen. Meskalin hat eine Affinit\u00e4t zu Leberproteinen, aber nicht zu Plasmaproteinen. Es ist in den Randgeweben weit verbreitet. Es wird nicht nur wahrgenommen, sondern auch angenommen, dass die F\u00f6rdermenge bei mehreren L\/kg liegt.<\/p>\n<p>Meskalin l\u00f6st einen ver\u00e4nderten Bewusstseinszustand aus, in dem die Menschen auf n\u00fctzliche Weise eine ver\u00e4nderte Kontemplation und Gedanken erleben. Dieser Zustand wird h\u00e4ufig als befriedigend, euphorisch und lustvoll beschrieben. Die Droge scheint die normale Zusammenarbeit der Nervenzellen und Synapsen im Gehirn zu st\u00f6ren. Meskalin war das erste Halluzinogen, bei dem die Verbindung unterbrochen wurde. Arthur Heffter extrahierte Meskalin aus Peyote und testete es 1896 an sich selbst.<\/p>\n<p>Dies f\u00fchrt dazu, dass der Anblick, der Geruch, das Aussehen und die Erfahrung von Dingen in der realen Welt seltsam verdreht werden. Gef\u00fchle k\u00f6nnen auch \u00fcbertrieben oder fehl am Platze sein, da der Verstand durch den Stoff angeregt wird. Die l\u00e4ngere Einnahmedauer k\u00f6nnte ein gr\u00f6\u00dferes Zeitfenster f\u00fcr die Erholung und die M\u00f6glichkeit bieten, sich in mentalen Pl\u00e4nen f\u00fcr einige mentale Zust\u00e4nde zurechtzufinden, die zus\u00e4tzlich unbeherrschbar sein k\u00f6nnen, und f\u00fcr Personen, die zus\u00e4tzliche unerh\u00f6rte Anzeichen oder Nebenwirkungen zeigen. Meskalin zu verkaufen<\/p>\n<h3><span class=\"ez-toc-section\" id=\"MESKALIN_ONLINE_KAUFEN\"><\/span>MESKALIN ONLINE KAUFEN<span class=\"ez-toc-section-end\"><\/span><\/h3>\n<p>Sie k\u00f6nnen eine Vielzahl von psychoaktiven W\u00fcstenpflanzen finden. Neben 70 Arten werden heute etwa 300 W\u00fcstenpflanzen als psychoaktive Wirkstoffe angesehen. Au\u00dferdem muss es sich nicht immer um Meskalin handeln. Resistenzen k\u00f6nnen bei wiederholter Einnahme von ein paar Mal bis hin zu mehreren Malen auftreten. Eine Kreuzresistenz mit anderen verschreibungspflichtigen Substanzen, wie LSD und Psilocybin, ist ebenfalls m\u00f6glich. Meskalin kaufen<\/p>\n<p>Auf den ersten Blick k\u00f6nnte man meinen, dass Echinopsis amnesia genauso aussieht wie andere Sorten der Meskalin-Stachelblume. Er hat eine \u00e4hnliche Form wie Echinopsis pachanoi und Echinopsis lageniform, und es gibt kleine Ausl\u00e4ufer von Stacheln, die sich \u00fcber die gesamte L\u00e4nge des Kaktus erstrecken. Stimulanzien im Allgemeinen und Meskalin im Besonderen werden nur selten ber\u00fccksichtigt. Der Gro\u00dfteil der Forschung hat sich auf die nahe gelegene Bindung an Serotonin konzentriert. Meskalin kaufen<\/p>\n<p>Viele andere sind derzeit unter Ber\u00fccksichtigung der \u00c4hnlichkeiten zwischen Meskalin und Amphetamin, die es teilt eine fast identische Synthese. San Pedro verst\u00e4rkt visuelle Vorstellungen und geistige Bewegungen. Die tats\u00e4chliche Belastung ist nicht so emp\u00f6rend wie Peyote oder Peruvian Torch, und trotz der Tatsache, dass es eine sch\u00f6ne au\u00dfergew\u00f6hnliche in der Natur ist, ist es nicht so r\u00fcttelnd, zus\u00e4tzlich zu wirklich einladend. Meskalin Droge<\/p>\n<h3><span class=\"ez-toc-section\" id=\"MESKALIN_ZUM_VERKAUF_ONLINE\"><\/span>MESKALIN ZUM VERKAUF ONLINE<span class=\"ez-toc-section-end\"><\/span><\/h3>\n<p>Diese St\u00e4rke \u00fcbertr\u00e4gt mehr als ein halluzinogenes Medikament auf einen Ersatz. Anders ausgedr\u00fcckt: Ein starkes Individuum, das Meskalin konsumiert, w\u00fcrde auch eine erhebliche Resistenz gegen LSD aufweisen. Der Grad der Widerstandsf\u00e4higkeit des K\u00f6rpers gegen\u00fcber dem Stoff kehrt auf ein normales Niveau zur\u00fcck, aber der Konsum wird ausgesetzt. Ein gewisser Missbrauch von Meskalin als Freizeitdroge kam in der letzten H\u00e4lfte des zwanzigsten Jahrhunderts vor, wenn auch nur selten. Meskalin kaufen<\/p>\n<p>Sportliche Kunden sind Menschen, die Medikamente eher wegen des Geldes kaufen, das sie damit verdienen, als aus medizinischen Gr\u00fcnden. Diese Substanzen k\u00f6nnen einen negativen Einfluss auf Ihre unbesiegbare Strategie haben. Sie k\u00f6nnen auch die meisten Krankheiten (z. B. k\u00f6nnen die krebserregenden Wirkungen in Meskalin-Pulver-Benzodiazepin-Mischungen Ihr Krebsrisiko erh\u00f6hen), Krampfanf\u00e4lle und andere anfallsbezogene Indikatoren verursachen. Meskalin kaufen<\/p>\n<p>F\u00fcr fast alle Benzodiazepine gibt es keine anerkannte medizinische Behandlungsm\u00f6glichkeit. Einige Forschungsergebnisse deuten darauf hin, dass einige Menschen mit extremen Zw\u00e4ngen und Abh\u00e4ngigkeiten von verschiedenen Drogen eine gro\u00dfe Menge an Benzodiazepinen f\u00fcr ihren spezifischen Gebrauch verwenden k\u00f6nnen. Die Menge der Benzodiazepine in Ihrem Blut ist proportional zu der Menge der Medikamente, die Sie einnehmen. Messung der Medikation. Meskalin Droge<\/p>\n<h3><span class=\"ez-toc-section\" id=\"MESKALIN_PULVER_ZU_VERKAUFEN\"><\/span>MESKALIN PULVER ZU VERKAUFEN<span class=\"ez-toc-section-end\"><\/span><\/h3>\n<p>Andere physische und psychische Faktoren k\u00f6nnen zu einer Benzodiazepin-Abh\u00e4ngigkeit beitragen. Benzodiazepine und vergleichbare Substanzen. Die rechtliche Hinterlassenschaft von Meskalin und seinem wichtigsten Bestandteil, Peyote, ist umfangreich und etwas problematisch. Meskalin wirkt, indem es sich an verschiedene Arten von Rezeptoren im menschlichen Gehirn bindet, um seine Wirkung zu entfalten. Der gr\u00f6\u00dfte Teil seiner psychoaktiven Wirkung ist auf seine F\u00e4higkeit zur\u00fcckzuf\u00fchren, die Serotoninrezeptoren 5-HT2A und 5-HT2C zu aktivieren. Die Einschr\u00e4nkung seiner Verwendung f\u00fcr sportliche Zwecke ist offensichtlich. Meskalin kaufen<\/p>\n<p>Meskalin ist als Plan-I-Droge eingestuft, was bedeutet, dass es keinen medizinischen Grund gibt, warum es verlegt oder verwendet werden sollte. Dies kann schwere Strafen nach sich ziehen, z. B. Inhaftierung und hohe Geldstrafen. Peyote, alles in allem, ist ein erweiterter Teil der strengen Zeremonien der indigenen Amerikaner. Die Menschen haben Halluzinogene Hunderte von Malen verwendet, haupts\u00e4chlich f\u00fcr Rituale oder religi\u00f6se Zeremonien. Meskalin kaufen<\/p>\n<p>Peyote wurde erstmals von den indigenen V\u00f6lkern Nordmexikos und des S\u00fcdwestens der Vereinigten Staaten als Teil der \u00fcblichen religi\u00f6sen Riten verwendet. Obwohl Meskalin keine bekannte Stra\u00dfendroge ist, nimmt es in der Drogenszene einen besonderen Platz ein, insbesondere bei den K\u00e4ufern psychedelischer Drogen, die glauben, dass psychedelische Kakteen, wie Zauberpilze und Marihuana, heilige Pflanzen sind, die aufgrund ihrer nat\u00fcrlichen Herkunft verehrt werden sollten. Meskalin zu verkaufen<\/p>\n<h4><span class=\"ez-toc-section\" id=\"MESKALIN-PILLEN_ZU_VERKAUFEN\"><\/span>MESKALIN-PILLEN ZU VERKAUFEN<span class=\"ez-toc-section-end\"><\/span><\/h4>\n<p>Meskalin wird in erster Linie zu Erholungszwecken verwendet, kann aber auch als Hilfsmittel bei verschiedenen Arten von Meditation und psychedelischer Therapie eingesetzt werden. In den Vereinigten Staaten ist es als Schedule I-Droge eingestuft, was es in allen Formen (einschlie\u00dflich Peyote) illegal macht; es ist jedoch in einigen von der Kirche der amerikanischen Ureinwohner registrierten religi\u00f6sen Zeremonien legal. Die in den Listen 1, 2 und 3 aufgef\u00fchrten Drogen haben ein h\u00f6heres Missbrauchspotenzial, werden in den Vereinigten Staaten derzeit nicht f\u00fcr Behandlungsmethoden im Gesundheitswesen eingesetzt und sind nachweislich nicht sicher genug f\u00fcr die Verwendung im Gesundheitswesen. Meskalin kaufen<\/p>\n<p>Meskalin ist eine psychedelische Verbindung, die in einer Vielzahl von Kakteen vorkommt. Meskalin, auch bekannt als 3, 4, 5, Trimethoxyphenethylamin, ist ein Alkaloid, das sich nat\u00fcrlich in seinen Phenethylamin-Eltern entwickelt. Die halluzinogenen und kognitiven Wirkungen sind mit denen von LSD, Psilocybin und DMT vergleichbar.Meskalin zu verkaufen<\/p>\n<p>W\u00e4hrend Halluzinationen eine vorhersehbare oder vielleicht sogar erw\u00fcnschte Nebenwirkung halluzinogener Drogen sind, k\u00f6nnen sie in manchen F\u00e4llen viel beunruhigender oder erschreckender sein als erwartet. Meskalin erzeugt lebhafte visuelle Halluzinationen, die f\u00fcr den Peyote-Kult der Ureinwohner notwendig waren. Es hat eine \u00e4hnliche Wirkung wie LSD oder Psilocybin (Pilze), die beide verschreibungspflichtige halluzinogene Drogen sind. Meskalin kaufen<\/p>\n<p>Da es sich bei diesen Erkrankungen um eine Einbahnstra\u00dfe mit Serotoninmangel handelt, umfasst Meskalin viele vermutete Gesundheitsprobleme, einschlie\u00dflich Alkoholismus und aussichtslose Behandlungsmethoden. Jemand mag eines Tages auf Meskalin umsteigen und den Erfolg seines (oder ihres) ver\u00e4nderten Bewusstseins genie\u00dfen. Dann kann man am n\u00e4chsten Tag schreckliche Erkenntnisse haben. Meskalin zu verkaufen<\/p>\n<h5><span class=\"ez-toc-section\" id=\"MEHR\"><\/span>MEHR<span class=\"ez-toc-section-end\"><\/span><\/h5>\n<p>Meskalin aktiviert auch Serotonin- und Dopaminrezeptoren, was die Stimmung verbessern und Hoffnungslosigkeit verursachen kann. Meskalin ist im Allgemeinen ein nat\u00fcrlich vorkommendes psychedelisches Alkaloid aus der Klasse der Phenethylamine, das f\u00fcr seine halluzinogenen Wirkungen \u00e4hnlich denen von LSD und Psilocybin bekannt ist. Wie die meisten psychedelischen Halluzinogene macht Meskalin physisch nicht s\u00fcchtig; es kann jedoch eine Toleranz hervorrufen, was bedeutet, dass h\u00f6here Dosen erforderlich sind, um genau die gleiche halluzinogene Wirkung zu erzielen. Meskalin, das Kakteen enth\u00e4lt, kann zu starkem Erbrechen und \u00dcbelkeit f\u00fchren, was bei den amerikanischen Ureinwohnern ein Grundnahrungsmittel ist. F\u00fcr weitere Informationen <a href=\"https:\/\/medschemicalsuppliers.com\/it\/contatto\/\">contattateci<\/a> per favore.<\/p>","protected":false},"excerpt":{"rendered":"<p>Meskalin kaufen Trotzdem k\u00f6nnen Sie bei uns Meskalin kaufen, denn wir haben hochwertiges Meskalin im Angebot. Die Wirkung von Meskalin<\/p>","protected":false},"featured_media":1894,"comment_status":"open","ping_status":"closed","template":"","meta":{"jetpack_publicize_message":"","jetpack_publicize_feature_enabled":true,"jetpack_social_post_already_shared":false,"jetpack_social_options":{"image_generator_settings":{"template":"highway","default_image_id":0,"font":"","enabled":false},"version":2}},"product_brand":[],"product_cat":[297],"product_tag":[],"class_list":{"0":"post-1722","1":"product","2":"type-product","3":"status-publish","4":"has-post-thumbnail","6":"product_cat-psychedelika-kaufen","8":"first","9":"instock","10":"taxable","11":"shipping-taxable","12":"purchasable","13":"product-type-variable"},"jetpack_publicize_connections":[],"jetpack_sharing_enabled":true,"_links":{"self":[{"href":"https:\/\/medschemicalsuppliers.com\/it\/wp-json\/wp\/v2\/product\/1722","targetHints":{"allow":["GET"]}}],"collection":[{"href":"https:\/\/medschemicalsuppliers.com\/it\/wp-json\/wp\/v2\/product"}],"about":[{"href":"https:\/\/medschemicalsuppliers.com\/it\/wp-json\/wp\/v2\/types\/product"}],"replies":[{"embeddable":true,"href":"https:\/\/medschemicalsuppliers.com\/it\/wp-json\/wp\/v2\/comments?post=1722"}],"version-history":[{"count":1,"href":"https:\/\/medschemicalsuppliers.com\/it\/wp-json\/wp\/v2\/product\/1722\/revisions"}],"predecessor-version":[{"id":2544,"href":"https:\/\/medschemicalsuppliers.com\/it\/wp-json\/wp\/v2\/product\/1722\/revisions\/2544"}],"wp:featuredmedia":[{"embeddable":true,"href":"https:\/\/medschemicalsuppliers.com\/it\/wp-json\/wp\/v2\/media\/1894"}],"wp:attachment":[{"href":"https:\/\/medschemicalsuppliers.com\/it\/wp-json\/wp\/v2\/media?parent=1722"}],"wp:term":[{"taxonomy":"product_brand","embeddable":true,"href":"https:\/\/medschemicalsuppliers.com\/it\/wp-json\/wp\/v2\/product_brand?post=1722"},{"taxonomy":"product_cat","embeddable":true,"href":"https:\/\/medschemicalsuppliers.com\/it\/wp-json\/wp\/v2\/product_cat?post=1722"},{"taxonomy":"product_tag","embeddable":true,"href":"https:\/\/medschemicalsuppliers.com\/it\/wp-json\/wp\/v2\/product_tag?post=1722"}],"curies":[{"name":"wp","href":"https:\/\/api.w.org\/{rel}","templated":true}]}}