{"id":2160,"date":"2024-08-28T02:05:24","date_gmt":"2024-08-28T00:05:24","guid":{"rendered":"https:\/\/medschemicalsuppliers.com\/?post_type=product&#038;p=2160"},"modified":"2025-10-27T15:14:10","modified_gmt":"2025-10-27T14:14:10","slug":"lsd-kaufen","status":"publish","type":"product","link":"https:\/\/medschemicalsuppliers.com\/it\/product\/lsd-kaufen\/","title":{"rendered":"LSD"},"content":{"rendered":"<div id=\"ez-toc-container\" class=\"ez-toc-v2_0_82_2 counter-hierarchy ez-toc-counter ez-toc-grey ez-toc-container-direction\">\n<div class=\"ez-toc-title-container\">\n<p class=\"ez-toc-title\" style=\"cursor:inherit\">Inhalts\u00fcbersicht<\/p>\n<span class=\"ez-toc-title-toggle\"><a href=\"#\" class=\"ez-toc-pull-right ez-toc-btn ez-toc-btn-xs ez-toc-btn-default ez-toc-toggle\" aria-label=\"Allinea la tabella dei contenuti\"><span class=\"ez-toc-js-icon-con\"><span class=\"\"><span class=\"eztoc-hide\" style=\"display:none;\">Toggle<\/span><span class=\"ez-toc-icon-toggle-span\"><svg style=\"fill: #999;color:#999\" xmlns=\"http:\/\/www.w3.org\/2000\/svg\" class=\"list-377408\" width=\"20px\" height=\"20px\" viewbox=\"0 0 24 24\" fill=\"none\"><path d=\"M6 6H4v2h2V6zm14 0H8v2h12V6zM4 11h2v2H4v-2zm16 0H8v2h12v-2zM4 16h2v2H4v-2zm16 0H8v2h12v-2z\" fill=\"currentColor\"><\/path><\/svg><svg style=\"fill: #999;color:#999\" class=\"arrow-unsorted-368013\" xmlns=\"http:\/\/www.w3.org\/2000\/svg\" width=\"10px\" height=\"10px\" viewbox=\"0 0 24 24\" version=\"1.2\" baseprofile=\"tiny\"><path d=\"M18.2 9.3l-6.2-6.3-6.2 6.3c-.2.2-.3.4-.3.7s.1.5.3.7c.2.2.4.3.7.3h11c.3 0 .5-.1.7-.3.2-.2.3-.5.3-.7s-.1-.5-.3-.7zM5.8 14.7l6.2 6.3 6.2-6.3c.2-.2.3-.5.3-.7s-.1-.5-.3-.7c-.2-.2-.4-.3-.7-.3h-11c-.3 0-.5.1-.7.3-.2.2-.3.5-.3.7s.1.5.3.7z\"\/><\/svg><\/span><\/span><\/span><\/a><\/span><\/div>\n<nav><ul class='ez-toc-list ez-toc-list-level-1' ><li class='ez-toc-page-1 ez-toc-heading-level-2'><a class=\"ez-toc-link ez-toc-heading-1\" href=\"https:\/\/medschemicalsuppliers.com\/it\/product\/lsd-kaufen\/#LSD_kaufen_%E2%80%93_Der_Leitfaden_den_du_brauchst\" >LSD kaufen \u2013 Der Leitfaden, den du brauchst<\/a><ul class='ez-toc-list-level-3' ><li class='ez-toc-heading-level-3'><a class=\"ez-toc-link ez-toc-heading-2\" href=\"https:\/\/medschemicalsuppliers.com\/it\/product\/lsd-kaufen\/#Was_du_wissen_solltest_bevor_du_LSD_kaufst\" >Was du wissen solltest, bevor du LSD kaufst<\/a><\/li><li class='ez-toc-page-1 ez-toc-heading-level-3'><a class=\"ez-toc-link ez-toc-heading-3\" href=\"https:\/\/medschemicalsuppliers.com\/it\/product\/lsd-kaufen\/#Warum_du_LSD_kaufen_mochtest\" >Warum du LSD kaufen m\u00f6chtest<\/a><\/li><li class='ez-toc-page-1 ez-toc-heading-level-3'><a class=\"ez-toc-link ez-toc-heading-4\" href=\"https:\/\/medschemicalsuppliers.com\/it\/product\/lsd-kaufen\/#FAQs_%E2%80%93_LSD_kaufen\" >FAQs \u2013 LSD kaufen<\/a><\/li><li class='ez-toc-page-1 ez-toc-heading-level-3'><a class=\"ez-toc-link ez-toc-heading-5\" href=\"https:\/\/medschemicalsuppliers.com\/it\/product\/lsd-kaufen\/#Fazit_%E2%80%93_Dein_Weg_zum_Kauf_von_LSD\" >Fazit \u2013 Dein Weg zum Kauf von LSD<\/a><\/li><\/ul><\/li><\/ul><\/nav><\/div>\n<h2><span class=\"ez-toc-section\" id=\"LSD_kaufen_%E2%80%93_Der_Leitfaden_den_du_brauchst\"><\/span>LSD kaufen \u2013 Der Leitfaden, den du brauchst<span class=\"ez-toc-section-end\"><\/span><\/h2>\n<p><strong>Bist du bereit, eine Reise ins Unbekannte zu unternehmen?<\/strong> Viele Leute haben Fragen und Bedenken, wenn es darum geht, LSD zu kaufen. Wo bekommt man es her? Ist es sicher? Und wie sorgt man daf\u00fcr, dass man eine gute Erfahrung hat? Keine Sorge, wir sind hier, um dir den Weg zu weisen.<a href=\"https:\/\/medschemicalsuppliers.com\/en\/product\/lsd-kaufen\/\">https:\/\/medschemicalsuppliers.com\/en\/product\/lsd-kaufen\/<\/a><\/p>\n<h3><span class=\"ez-toc-section\" id=\"Was_du_wissen_solltest_bevor_du_LSD_kaufst\"><\/span>Was du wissen solltest, bevor du LSD kaufst<span class=\"ez-toc-section-end\"><\/span><\/h3>\n<p>LSD ist nicht einfach nur ein weiteres Psychedelikum; es ist eine Substanz, die dein Bewusstsein auf eine Art erweitern kann, die schwer in Worte zu fassen ist. Aber bevor du den Schritt wagst, solltest du einige Dinge beachten.<\/p>\n<ul>\n<li><strong>Verl\u00e4ssliche Quellen:<\/strong> Beim Kauf von LSD ist es entscheidend, eine vertrauensw\u00fcrdige Quelle zu finden. In Europa gibt es viele M\u00f6glichkeiten, aber nicht alle sind gleich sicher.<\/li>\n<li><strong>Dosierung und Sicherheit:<\/strong> Beginne mit einer kleinen Dosis, um deine Reaktion auf die Substanz zu testen. Jeder Mensch reagiert anders, und es ist besser, vorsichtig zu sein.<\/li>\n<li><strong>Setting und Begleitung:<\/strong> Dein Umfeld spielt eine gro\u00dfe Rolle bei der Erfahrung. Sorge daf\u00fcr, dass du dich an einem sicheren und vertrauten Ort befindest und vielleicht einen Freund dabei hast, der n\u00fcchtern bleibt.<\/li>\n<\/ul>\n<h3><span class=\"ez-toc-section\" id=\"Warum_du_LSD_kaufen_mochtest\"><\/span>Warum du LSD kaufen m\u00f6chtest<span class=\"ez-toc-section-end\"><\/span><\/h3>\n<p>Viele Menschen suchen nach neuen Erfahrungen, nach einer M\u00f6glichkeit, ihre Wahrnehmung zu erweitern und neue Perspektiven zu gewinnen. LSD kann dabei helfen, tiefe Einsichten \u00fcber dich selbst und die Welt um dich herum zu gewinnen.<\/p>\n<ul>\n<li><strong>Pers\u00f6nliche Entwicklung:<\/strong> LSD wird oft als Werkzeug zur Selbstreflexion verwendet. Es kann dir helfen, alte Muster zu durchbrechen und neue Einsichten zu gewinnen.<\/li>\n<li><strong>Kreativit\u00e4t:<\/strong> Viele K\u00fcnstler und Denker haben LSD verwendet, um ihre Kreativit\u00e4t zu steigern. Wenn du in einem kreativen Loch steckst, k\u00f6nnte LSD der Schl\u00fcssel sein, um neue Ideen zu entfalten.<\/li>\n<\/ul>\n<h3><span class=\"ez-toc-section\" id=\"FAQs_%E2%80%93_LSD_kaufen\"><\/span>FAQs \u2013 LSD kaufen<span class=\"ez-toc-section-end\"><\/span><\/h3>\n<p><strong>Ist es sicher, LSD online zu kaufen?<\/strong><br \/>\nEs kann sicher sein, wenn du von einer vertrauensw\u00fcrdigen Quelle kaufst. Achte auf Bewertungen und Empfehlungen von anderen Nutzern.<\/p>\n<p><strong>Wie lagere ich LSD richtig?<\/strong><br \/>\nBewahre es an einem k\u00fchlen, dunklen Ort auf, am besten in Aluminiumfolie, um es vor Licht und Feuchtigkeit zu sch\u00fctzen.<\/p>\n<p><strong>Was kostet LSD?<\/strong><br \/>\nDie Preise variieren je nach Anbieter und Reinheit des Produkts. Ein gr\u00fcndlicher Vergleich hilft, einen fairen Preis zu finden.<\/p>\n<h3><span class=\"ez-toc-section\" id=\"Fazit_%E2%80%93_Dein_Weg_zum_Kauf_von_LSD\"><\/span>Fazit \u2013 Dein Weg zum Kauf von LSD<span class=\"ez-toc-section-end\"><\/span><\/h3>\n<p>Wenn du dich entscheidest, LSD zu kaufen, mach es mit Bedacht und sei dir der Risiken und Vorteile bewusst. <strong>Comprare LSD<\/strong> ist nicht einfach nur ein Kauf, sondern eine Entscheidung, die deine Sicht auf die Welt ver\u00e4ndern kann. Mach es richtig, und du wirst eine Erfahrung haben, die du nie vergessen wirst.<\/p>","protected":false},"excerpt":{"rendered":"<p>LSD kaufen \u2013 Der Leitfaden, den du brauchst Bist du bereit, eine Reise ins Unbekannte zu unternehmen? Viele Leute haben<\/p>","protected":false},"featured_media":2165,"comment_status":"open","ping_status":"closed","template":"","meta":{"jetpack_publicize_message":"","jetpack_publicize_feature_enabled":true,"jetpack_social_post_already_shared":false,"jetpack_social_options":{"image_generator_settings":{"template":"highway","default_image_id":0,"font":"","enabled":false},"version":2}},"product_brand":[],"product_cat":[297],"product_tag":[],"class_list":{"0":"post-2160","1":"product","2":"type-product","3":"status-publish","4":"has-post-thumbnail","6":"product_cat-psychedelika-kaufen","8":"first","9":"instock","10":"taxable","11":"shipping-taxable","12":"purchasable","13":"product-type-variable"},"jetpack_publicize_connections":[],"jetpack_sharing_enabled":true,"_links":{"self":[{"href":"https:\/\/medschemicalsuppliers.com\/it\/wp-json\/wp\/v2\/product\/2160","targetHints":{"allow":["GET"]}}],"collection":[{"href":"https:\/\/medschemicalsuppliers.com\/it\/wp-json\/wp\/v2\/product"}],"about":[{"href":"https:\/\/medschemicalsuppliers.com\/it\/wp-json\/wp\/v2\/types\/product"}],"replies":[{"embeddable":true,"href":"https:\/\/medschemicalsuppliers.com\/it\/wp-json\/wp\/v2\/comments?post=2160"}],"version-history":[{"count":2,"href":"https:\/\/medschemicalsuppliers.com\/it\/wp-json\/wp\/v2\/product\/2160\/revisions"}],"predecessor-version":[{"id":2901,"href":"https:\/\/medschemicalsuppliers.com\/it\/wp-json\/wp\/v2\/product\/2160\/revisions\/2901"}],"wp:featuredmedia":[{"embeddable":true,"href":"https:\/\/medschemicalsuppliers.com\/it\/wp-json\/wp\/v2\/media\/2165"}],"wp:attachment":[{"href":"https:\/\/medschemicalsuppliers.com\/it\/wp-json\/wp\/v2\/media?parent=2160"}],"wp:term":[{"taxonomy":"product_brand","embeddable":true,"href":"https:\/\/medschemicalsuppliers.com\/it\/wp-json\/wp\/v2\/product_brand?post=2160"},{"taxonomy":"product_cat","embeddable":true,"href":"https:\/\/medschemicalsuppliers.com\/it\/wp-json\/wp\/v2\/product_cat?post=2160"},{"taxonomy":"product_tag","embeddable":true,"href":"https:\/\/medschemicalsuppliers.com\/it\/wp-json\/wp\/v2\/product_tag?post=2160"}],"curies":[{"name":"wp","href":"https:\/\/api.w.org\/{rel}","templated":true}]}}