{"id":2306,"date":"2024-09-19T05:50:55","date_gmt":"2024-09-19T03:50:55","guid":{"rendered":"https:\/\/medschemicalsuppliers.com\/?post_type=product&#038;p=2306"},"modified":"2025-05-27T07:01:06","modified_gmt":"2025-05-27T05:01:06","slug":"oxazepam","status":"publish","type":"product","link":"https:\/\/medschemicalsuppliers.com\/it\/product\/oxazepam\/","title":{"rendered":"Oxazepam"},"content":{"rendered":"<div id=\"ez-toc-container\" class=\"ez-toc-v2_0_82_2 counter-hierarchy ez-toc-counter ez-toc-grey ez-toc-container-direction\">\n<div class=\"ez-toc-title-container\">\n<p class=\"ez-toc-title\" style=\"cursor:inherit\">Inhalts\u00fcbersicht<\/p>\n<span class=\"ez-toc-title-toggle\"><a href=\"#\" class=\"ez-toc-pull-right ez-toc-btn ez-toc-btn-xs ez-toc-btn-default ez-toc-toggle\" aria-label=\"Allinea la tabella dei contenuti\"><span class=\"ez-toc-js-icon-con\"><span class=\"\"><span class=\"eztoc-hide\" style=\"display:none;\">Toggle<\/span><span class=\"ez-toc-icon-toggle-span\"><svg style=\"fill: #999;color:#999\" xmlns=\"http:\/\/www.w3.org\/2000\/svg\" class=\"list-377408\" width=\"20px\" height=\"20px\" viewbox=\"0 0 24 24\" fill=\"none\"><path d=\"M6 6H4v2h2V6zm14 0H8v2h12V6zM4 11h2v2H4v-2zm16 0H8v2h12v-2zM4 16h2v2H4v-2zm16 0H8v2h12v-2z\" fill=\"currentColor\"><\/path><\/svg><svg style=\"fill: #999;color:#999\" class=\"arrow-unsorted-368013\" xmlns=\"http:\/\/www.w3.org\/2000\/svg\" width=\"10px\" height=\"10px\" viewbox=\"0 0 24 24\" version=\"1.2\" baseprofile=\"tiny\"><path d=\"M18.2 9.3l-6.2-6.3-6.2 6.3c-.2.2-.3.4-.3.7s.1.5.3.7c.2.2.4.3.7.3h11c.3 0 .5-.1.7-.3.2-.2.3-.5.3-.7s-.1-.5-.3-.7zM5.8 14.7l6.2 6.3 6.2-6.3c.2-.2.3-.5.3-.7s-.1-.5-.3-.7c-.2-.2-.4-.3-.7-.3h-11c-.3 0-.5.1-.7.3-.2.2-.3.5-.3.7s.1.5.3.7z\"\/><\/svg><\/span><\/span><\/span><\/a><\/span><\/div>\n<nav><ul class='ez-toc-list ez-toc-list-level-1' ><li class='ez-toc-page-1 ez-toc-heading-level-2'><a class=\"ez-toc-link ez-toc-heading-1\" href=\"https:\/\/medschemicalsuppliers.com\/it\/product\/oxazepam\/#Oxazepam_kaufen_%E2%80%93_Was_du_wissen_solltest\" >Oxazepam kaufen \u2013 Was du wissen solltest<\/a><ul class='ez-toc-list-level-3' ><li class='ez-toc-heading-level-3'><a class=\"ez-toc-link ez-toc-heading-2\" href=\"https:\/\/medschemicalsuppliers.com\/it\/product\/oxazepam\/#Was_ist_Oxazepam_und_wie_wirkt_es\" >Was ist Oxazepam und wie wirkt es?<\/a><\/li><li class='ez-toc-page-1 ez-toc-heading-level-3'><a class=\"ez-toc-link ez-toc-heading-3\" href=\"https:\/\/medschemicalsuppliers.com\/it\/product\/oxazepam\/#Ist_es_sicher_Oxazepam_zu_kaufen\" >Ist es sicher, Oxazepam zu kaufen?<\/a><\/li><li class='ez-toc-page-1 ez-toc-heading-level-3'><a class=\"ez-toc-link ez-toc-heading-4\" href=\"https:\/\/medschemicalsuppliers.com\/it\/product\/oxazepam\/#Vorteile_und_Risiken_von_Oxazepam\" >Vorteile und Risiken von Oxazepam<\/a><\/li><li class='ez-toc-page-1 ez-toc-heading-level-3'><a class=\"ez-toc-link ez-toc-heading-5\" href=\"https:\/\/medschemicalsuppliers.com\/it\/product\/oxazepam\/#Wie_kannst_du_sicher_Oxazepam_kaufen\" >Wie kannst du sicher Oxazepam kaufen?<\/a><\/li><li class='ez-toc-page-1 ez-toc-heading-level-3'><a class=\"ez-toc-link ez-toc-heading-6\" href=\"https:\/\/medschemicalsuppliers.com\/it\/product\/oxazepam\/#FAQs\" >Domande frequenti<\/a><\/li><li class='ez-toc-page-1 ez-toc-heading-level-3'><a class=\"ez-toc-link ez-toc-heading-7\" href=\"https:\/\/medschemicalsuppliers.com\/it\/product\/oxazepam\/#Fazit_Oxazepam_kaufen_%E2%80%93_Darauf_musst_du_achten\" >Fazit: Oxazepam kaufen \u2013 Darauf musst du achten<\/a><\/li><\/ul><\/li><\/ul><\/nav><\/div>\n<h2><span class=\"ez-toc-section\" id=\"Oxazepam_kaufen_%E2%80%93_Was_du_wissen_solltest\"><\/span>Oxazepam kaufen \u2013 Was du wissen solltest<span class=\"ez-toc-section-end\"><\/span><\/h2>\n<p>Du \u00fcberlegst, <strong>Oxazepam zu kaufen<\/strong>, um deine Angstzust\u00e4nde oder Schlafprobleme in den Griff zu bekommen? Hier erf\u00e4hrst du alles Wichtige, bevor du eine Entscheidung triffst.<\/p>\n<h3><span class=\"ez-toc-section\" id=\"Was_ist_Oxazepam_und_wie_wirkt_es\"><\/span>Was ist Oxazepam und wie wirkt es?<span class=\"ez-toc-section-end\"><\/span><\/h3>\n<p>Bevor du <strong>Oxazepam kaufst<\/strong>, ist es wichtig zu verstehen, wie es wirkt. Oxazepam geh\u00f6rt zur Klasse der Benzodiazepine und wird zur Behandlung von Angstst\u00f6rungen und Schlaflosigkeit eingesetzt. Es wirkt beruhigend auf das Nervensystem und hilft, Stress und innere Unruhe zu reduzieren.<\/p>\n<h3><span class=\"ez-toc-section\" id=\"Ist_es_sicher_Oxazepam_zu_kaufen\"><\/span>Ist es sicher, Oxazepam zu kaufen?<span class=\"ez-toc-section-end\"><\/span><\/h3>\n<p>Die Frage, ob es sicher ist, <strong>Oxazepam zu kaufen<\/strong>, besch\u00e4ftigt viele. Beim Kauf von Medikamenten solltest du immer auf eine seri\u00f6se Quelle achten. Online-Apotheken bieten oft die M\u00f6glichkeit, Medikamente diskret zu bestellen, aber es ist wichtig, sicherzustellen, dass das Produkt echt und sicher ist.<\/p>\n<h3><span class=\"ez-toc-section\" id=\"Vorteile_und_Risiken_von_Oxazepam\"><\/span>Vorteile und Risiken von Oxazepam<span class=\"ez-toc-section-end\"><\/span><\/h3>\n<ul>\n<li><strong>Vorteile:<\/strong> Hilft bei Angstzust\u00e4nden, Schlafproblemen und innerer Unruhe. Es ist schnell wirksam und gut vertr\u00e4glich.<\/li>\n<li><strong>Risiken:<\/strong> Abh\u00e4ngigkeit bei langfristiger Einnahme, Nebenwirkungen wie Schwindel, M\u00fcdigkeit und Konzentrationsprobleme.<\/li>\n<\/ul>\n<h3><span class=\"ez-toc-section\" id=\"Wie_kannst_du_sicher_Oxazepam_kaufen\"><\/span>Wie kannst du sicher Oxazepam kaufen?<span class=\"ez-toc-section-end\"><\/span><\/h3>\n<p>Wenn du <strong>Oxazepam kaufen<\/strong> m\u00f6chtest, achte darauf, eine Apotheke zu w\u00e4hlen, die seri\u00f6s ist und gute Bewertungen hat. Ein weiterer Tipp: Lies die Packungsbeilage sorgf\u00e4ltig und halte dich an die empfohlene Dosierung.<\/p>\n<h3><span class=\"ez-toc-section\" id=\"FAQs\"><\/span>Domande frequenti<span class=\"ez-toc-section-end\"><\/span><\/h3>\n<p><strong>Kann ich Oxazepam ohne Rezept kaufen?<\/strong><br \/>\nIn den meisten L\u00e4ndern ist Oxazepam rezeptpflichtig. Es wird empfohlen, einen Arzt zu konsultieren, bevor du Benzodiazepine einnimmst.<\/p>\n<p><strong>Wie lange dauert die Wirkung von Oxazepam?<\/strong><br \/>\nOxazepam beginnt in der Regel nach etwa 30-60 Minuten zu wirken, die Wirkung h\u00e4lt mehrere Stunden an.<\/p>\n<p><strong>Welche Dosierung von Oxazepam ist die richtige?<\/strong><br \/>\nDie Dosierung h\u00e4ngt von der Schwere der Symptome ab. Ein Arzt kann dir die richtige Menge empfehlen.<\/p>\n<h3><span class=\"ez-toc-section\" id=\"Fazit_Oxazepam_kaufen_%E2%80%93_Darauf_musst_du_achten\"><\/span>Fazit: Oxazepam kaufen \u2013 Darauf musst du achten<span class=\"ez-toc-section-end\"><\/span><\/h3>\n<p>Wenn du planst, <strong>Oxazepam zu kaufen<\/strong>, stelle sicher, dass du eine vertrauensw\u00fcrdige Quelle findest und die Risiken kennst. Denke daran, dass der richtige Umgang mit dem Medikament entscheidend ist, um Nebenwirkungen zu vermeiden. Halte dich an die Dosierung und konsultiere im Zweifelsfall immer einen Arzt.<\/p>\n<p>Egal, ob du <strong>Oxazepam kaufen<\/strong> m\u00f6chtest, um Stress zu reduzieren oder Schlaf zu finden \u2013 achte auf deine Gesundheit und setze auf Sicherheit.<\/p>","protected":false},"excerpt":{"rendered":"<p>Oxazepam kaufen \u2013 Was du wissen solltest Du \u00fcberlegst, Oxazepam zu kaufen, um deine Angstzust\u00e4nde oder Schlafprobleme in den Griff<\/p>","protected":false},"featured_media":2319,"comment_status":"open","ping_status":"closed","template":"","meta":{"jetpack_publicize_message":"","jetpack_publicize_feature_enabled":true,"jetpack_social_post_already_shared":false,"jetpack_social_options":{"image_generator_settings":{"template":"highway","default_image_id":0,"font":"","enabled":false},"version":2}},"product_brand":[],"product_cat":[296],"product_tag":[],"class_list":{"0":"post-2306","1":"product","2":"type-product","3":"status-publish","4":"has-post-thumbnail","6":"product_cat-benzodiazepine-kaufen","8":"first","9":"instock","10":"taxable","11":"shipping-taxable","12":"purchasable","13":"product-type-variable"},"jetpack_publicize_connections":[],"jetpack_sharing_enabled":true,"_links":{"self":[{"href":"https:\/\/medschemicalsuppliers.com\/it\/wp-json\/wp\/v2\/product\/2306","targetHints":{"allow":["GET"]}}],"collection":[{"href":"https:\/\/medschemicalsuppliers.com\/it\/wp-json\/wp\/v2\/product"}],"about":[{"href":"https:\/\/medschemicalsuppliers.com\/it\/wp-json\/wp\/v2\/types\/product"}],"replies":[{"embeddable":true,"href":"https:\/\/medschemicalsuppliers.com\/it\/wp-json\/wp\/v2\/comments?post=2306"}],"version-history":[{"count":1,"href":"https:\/\/medschemicalsuppliers.com\/it\/wp-json\/wp\/v2\/product\/2306\/revisions"}],"predecessor-version":[{"id":2553,"href":"https:\/\/medschemicalsuppliers.com\/it\/wp-json\/wp\/v2\/product\/2306\/revisions\/2553"}],"wp:featuredmedia":[{"embeddable":true,"href":"https:\/\/medschemicalsuppliers.com\/it\/wp-json\/wp\/v2\/media\/2319"}],"wp:attachment":[{"href":"https:\/\/medschemicalsuppliers.com\/it\/wp-json\/wp\/v2\/media?parent=2306"}],"wp:term":[{"taxonomy":"product_brand","embeddable":true,"href":"https:\/\/medschemicalsuppliers.com\/it\/wp-json\/wp\/v2\/product_brand?post=2306"},{"taxonomy":"product_cat","embeddable":true,"href":"https:\/\/medschemicalsuppliers.com\/it\/wp-json\/wp\/v2\/product_cat?post=2306"},{"taxonomy":"product_tag","embeddable":true,"href":"https:\/\/medschemicalsuppliers.com\/it\/wp-json\/wp\/v2\/product_tag?post=2306"}],"curies":[{"name":"wp","href":"https:\/\/api.w.org\/{rel}","templated":true}]}}