{"id":1558,"date":"2023-06-27T19:19:49","date_gmt":"2023-06-27T18:19:49","guid":{"rendered":"https:\/\/medschemicalsuppliers.com\/?post_type=product&#038;p=1558"},"modified":"2026-03-01T18:50:33","modified_gmt":"2026-03-01T17:50:33","slug":"chanel-mdma-kaufen","status":"publish","type":"product","link":"https:\/\/medschemicalsuppliers.com\/nl\/product\/chanel-mdma-kaufen\/","title":{"rendered":"Chanel MDMA"},"content":{"rendered":"<div id=\"ez-toc-container\" class=\"ez-toc-v2_0_82_2 counter-hierarchy ez-toc-counter ez-toc-grey ez-toc-container-direction\">\n<div class=\"ez-toc-title-container\">\n<p class=\"ez-toc-title\" style=\"cursor:inherit\">Inhalts\u00fcbersicht<\/p>\n<span class=\"ez-toc-title-toggle\"><a href=\"#\" class=\"ez-toc-pull-right ez-toc-btn ez-toc-btn-xs ez-toc-btn-default ez-toc-toggle\" aria-label=\"Toggle tabel met inhoud\"><span class=\"ez-toc-js-icon-con\"><span class=\"\"><span class=\"eztoc-hide\" style=\"display:none;\">Toggle<\/span><span class=\"ez-toc-icon-toggle-span\"><svg style=\"fill: #999;color:#999\" xmlns=\"http:\/\/www.w3.org\/2000\/svg\" class=\"list-377408\" width=\"20px\" height=\"20px\" viewbox=\"0 0 24 24\" fill=\"none\"><path d=\"M6 6H4v2h2V6zm14 0H8v2h12V6zM4 11h2v2H4v-2zm16 0H8v2h12v-2zM4 16h2v2H4v-2zm16 0H8v2h12v-2z\" fill=\"currentColor\"><\/path><\/svg><svg style=\"fill: #999;color:#999\" class=\"arrow-unsorted-368013\" xmlns=\"http:\/\/www.w3.org\/2000\/svg\" width=\"10px\" height=\"10px\" viewbox=\"0 0 24 24\" version=\"1.2\" baseprofile=\"tiny\"><path d=\"M18.2 9.3l-6.2-6.3-6.2 6.3c-.2.2-.3.4-.3.7s.1.5.3.7c.2.2.4.3.7.3h11c.3 0 .5-.1.7-.3.2-.2.3-.5.3-.7s-.1-.5-.3-.7zM5.8 14.7l6.2 6.3 6.2-6.3c.2-.2.3-.5.3-.7s-.1-.5-.3-.7c-.2-.2-.4-.3-.7-.3h-11c-.3 0-.5.1-.7.3-.2.2-.3.5-.3.7s.1.5.3.7z\"\/><\/svg><\/span><\/span><\/span><\/a><\/span><\/div>\n<nav><ul class='ez-toc-list ez-toc-list-level-1' ><li class='ez-toc-page-1 ez-toc-heading-level-2'><a class=\"ez-toc-link ez-toc-heading-1\" href=\"https:\/\/medschemicalsuppliers.com\/nl\/product\/chanel-mdma-kaufen\/#Chanel_MDMA_Kaufen\" >Chanel MDMA kopen<\/a><ul class='ez-toc-list-level-3' ><li class='ez-toc-heading-level-3'><a class=\"ez-toc-link ez-toc-heading-2\" href=\"https:\/\/medschemicalsuppliers.com\/nl\/product\/chanel-mdma-kaufen\/#CHANEL_MDMA_ONLINE_KAUFEN\" >CHANEL MDMA ONLINE KAUFEN :<\/a><ul class='ez-toc-list-level-4' ><li class='ez-toc-heading-level-4'><a class=\"ez-toc-link ez-toc-heading-3\" href=\"https:\/\/medschemicalsuppliers.com\/nl\/product\/chanel-mdma-kaufen\/#CHANEL_MDMA_FOR_SALE_ONLINE\" >CHANEL MDMA FOR SALE ONLINE:<\/a><ul class='ez-toc-list-level-5' ><li class='ez-toc-heading-level-5'><a class=\"ez-toc-link ez-toc-heading-4\" href=\"https:\/\/medschemicalsuppliers.com\/nl\/product\/chanel-mdma-kaufen\/#CHANEL_MDMA_FOR_SALE_USA\" >CHANEL MDMA FOR SALE USA:<\/a><\/li><li class='ez-toc-page-1 ez-toc-heading-level-5'><a class=\"ez-toc-link ez-toc-heading-5\" href=\"https:\/\/medschemicalsuppliers.com\/nl\/product\/chanel-mdma-kaufen\/#ZUSATZLICH\" >AANVULLEND:<\/a><\/li><\/ul><\/li><\/ul><\/li><\/ul><\/li><\/ul><\/nav><\/div>\n<h2><span class=\"ez-toc-section\" id=\"Chanel_MDMA_Kaufen\"><\/span>Chanel MDMA kopen<span class=\"ez-toc-section-end\"><\/span><\/h2>\n<p>Insgesamt haben wir die besten Chanel MDMA zum Verkauf in den Vereinigten Staaten und weltweit. Durch die Bereitstellung massiver Mengen an Serotonin f\u00fchrt Chanel MDMA jedoch dazu, dass die lebenswichtigen Synapsen im Gro\u00dfhirn erheblich ersch\u00f6pft werden, was zu den sch\u00e4dlichen mentalen Sp\u00e4tfolgen beitr\u00e4gt, die Menschen lange Zeit nach der Einnahme von Chanel MDMA erleben k\u00f6nnen. 95, 96, 96.<\/p>\n<p>Die Behandlung dieser Krankheiten mit einem der vielen bekannten NMDA-Rezeptor-Antagonisten f\u00fchrt jedoch zu einer Vielzahl von l\u00e4stigen Nebeneffekten, von denen einige erheblich sein k\u00f6nnen. Die Umgebung, in der Menschen Chanel MDMA erhalten, wird sehr unterschiedlich und weitaus sicherer sein als die Umgebung, in der Menschen es beil\u00e4ufig verwenden, indem sie eine kontrollierte Portion, ein unverf\u00e4lschtes Exemplar des Medikaments, die Abwesenheit von anderen Medikamenten oder Alkohol und einen Spezialisten verwenden, der wirklich auf ihr Wohlbefinden und ihre Gesundheit achtet. Chanel MDMA Kaufen.<\/p>\n<p>Das bedeutet, dass die Untersuchung uns nicht sagen wird, ob es sicher ist, in einem Club an Gl\u00fcck zu denken oder nicht, aber sie wird unser Verst\u00e4ndnis daf\u00fcr verbessern, wie Chanel MDMA seine psychoaktiven Wirkungen erzielt. Chanel MDMA f\u00f6rdert die Entwicklung dieser Synapsen in der neuronalen Verbindung, indem es ihre Abgabe von empfindlichen Punkten verst\u00e4rkt und ihre Wiederaufnahme hemmt. Chanel MDMA Kaufen.<\/p>\n<p>Memantin ist zweifellos ein Beispiel f\u00fcr einen nicht-kompetitiven NMDA-Rezeptor-Kanalblocker, der im Allgemeinen schnell abl\u00e4uft und eine geringe Neigung hat. Sein Aminb\u00fcndel ist bei physiologischem pH-Wert stark geladen, und seine Rezeptorfeindschaft ist spannungsabh\u00e4ngig. Chanel MDMA ist gemeinhin als &#8222;Happiness&#8220; (abgek\u00fcrzt &#8222;E&#8220;, &#8222;X&#8220; oder &#8222;XTC&#8220;) bekannt geworden, h\u00e4ufig in Anspielung auf seine Pillenstruktur, wobei dieser Zeitrahmen Dinge wie das Vorhandensein potenzieller Verunreinigungen oder Verd\u00fcnnungsmittel beinhalten kann. Chanel MDMA Kaufen.<\/p>\n<h3><span class=\"ez-toc-section\" id=\"CHANEL_MDMA_ONLINE_KAUFEN\"><\/span>CHANEL MDMA ONLINE KAUFEN :<span class=\"ez-toc-section-end\"><\/span><\/h3>\n<p>Die Wahrscheinlichkeit, dass das Gl\u00fccksgef\u00fchl vergeht, steigt bei Hitze, z. B. in einem \u00fcberf\u00fcllten Tanzclub oder bei Musik unter freiem Himmel, doch kann das Gl\u00fcck auch bei normalen Temperaturen durch \u00dcberhitzung des K\u00f6rpers vergehen. Chanel MDMA wird derzeit in klinischen Studien als m\u00f6gliches Behandlungsmittel zur Behandlung von schrecklicher Nervosit\u00e4t (PTSD), Anspannung bei Opfern, die dem Tod nahe sind, und sozialen \u00c4ngsten bei geistig unausgeglichenen Erwachsenen getestet. Chanel MDMA Kaufen.<\/p>\n<p>Die FDA hat die Chanel MDMA-unterst\u00fctzte Psychotherapie f\u00fcr PTBS k\u00fcrzlich als bahnbrechende Therapie eingestuft. Weitere Informationen \u00fcber die Chanel MDMA-Studie erhalten Sie, wenn Sie sich an die Unterst\u00fctzer der in den klinischen Studien dargestellten Chanel MDMA-Studien wenden. Der Begriff &#8222;Mandy&#8220; im Vereinigten K\u00f6nigreich und &#8222;Molly&#8220; in den Vereinigten Staaten beziehen sich beide auf Chanel MDMA in einer glasartigen Pulverstruktur, die nicht entwertet ist. Chanel MDMA Kaufen.<\/p>\n<p>Im Rahmen der Projekte werden die neurologischen und psychischen Auswirkungen von Chanel MDMA sowie die potenziellen Gefahren und Folgen der kurz- und langfristigen Einnahme des Medikaments eingehend untersucht. Chanel MDMA Kaufen.<\/p>\n<p>&#8222;Das Ziel von MDMA-LSD ist es, einen mentalen Zustand zu schaffen, der von beiden \u00e4hnlichen Substanzen profitieren kann und eine l\u00e4nger anhaltende Wirkung hat als unabh\u00e4ngiges Psilocybin oder LSD&#8220;, erkl\u00e4rte Matthias Liechti, der Namensgeber des Labors, in einer \u00f6ffentlichen Erkl\u00e4rung. Chanel MDMA gilt weithin als die Droge der Wahl im Rave-Lifestyle und wird h\u00e4ufig in Clubs, auf Feiern und bei Familientreffen konsumiert. Chanel MDMA Kaufen.<\/p>\n<h4><span class=\"ez-toc-section\" id=\"CHANEL_MDMA_FOR_SALE_ONLINE\"><\/span>CHANEL MDMA FOR SALE ONLINE:<span class=\"ez-toc-section-end\"><\/span><\/h4>\n<p>Die greifbaren Auswirkungen der neuen Musik und Lichter werden in der Regel massiv mit den Medikamenten innerhalb der Rave biologischen System synergistisch sein. Die halluzinogene Amphetamin-Natur von Chanel MDMA bietet verschiedene faszinierende Eigenschaften f\u00fcr Einzelpersonen w\u00e4hrend der Rave-Einstellung. Menschen, die Chanel MDMA konsumieren, nehmen es in der Regel in Form einer Schachtel oder Pille ein, aber einige schlucken es in fl\u00fcssiger Form oder grunzen das Pulver. Chanel MDMA Kaufen.<\/p>\n<p>Chanel MDMA war anfangs in der Tanzclubszene und bei n\u00e4chtlichen Tanzpartys (&#8222;Raves&#8220;) popul\u00e4r; inzwischen betrifft das Medikament jedoch eine gr\u00f6\u00dfere Anzahl von Personen, die es gemeinhin als Ecstasy oder Molly bezeichnen. Der unterst\u00fctzte Spitzname Molly (Slang f\u00fcr &#8222;atomic&#8220;) bezieht sich h\u00e4ufig auf das, soweit bekannt, &#8222;reine&#8220; durchsichtige Pulver Chanel MDMA, das normalerweise in Beh\u00e4ltern verkauft wird. Chanel MDMA Kaufen.<\/p>\n<p>Diese Substanzen k\u00f6nnen besonders gef\u00e4hrlich sein, wenn die Person nicht wei\u00df, was sie konsumiert. Sie k\u00f6nnen auch gef\u00e4hrlich sein, wenn sie mit Chanel MDMA kombiniert werden. Menschen, die absichtlich oder unabsichtlich diese Art von Kombination mit anderen Substanzen wie Cannabis und alkoholischen Getr\u00e4nken mischen, setzen sich selbst einem viel h\u00f6heren Risiko f\u00fcr gef\u00e4hrliche Wohlstandsergebnisse aus. Chanel MDMA Kaufen.<\/p>\n<p>Antagonisten am NMDA-Rezeptor werden als Beruhigungsmittel f\u00fcr Tiere und gelegentlich auch f\u00fcr Menschen verwendet, und sie werden wegen ihrer stimulierenden Eigenschaften h\u00e4ufig als sportliche, professionell verschriebene Medikamente eingesetzt, trotz ihrer bemerkenswerten Wirkungen bei h\u00f6heren Dosierungen, zum Beispiel bei der Trennung. Wenn bestimmte NMDA-Rezeptor-B\u00f6sewichte Nagetieren in hohen Dosen verabreicht werden, k\u00f6nnen sie eine Art von Hirnverletzung verursachen, die als Olney&#8217;s Wunden bekannt ist. Chanel MDMA Kaufen.<\/p>\n<h5><span class=\"ez-toc-section\" id=\"CHANEL_MDMA_FOR_SALE_USA\"><\/span>CHANEL MDMA FOR SALE USA:<span class=\"ez-toc-section-end\"><\/span><\/h5>\n<p>Die Droge hat nicht nur eine chemische Wirkung auf das Gehirn, sondern ver\u00e4ndert dich auch physisch und emotional. Die Wirkung von Chanel MDMA kann nur wenige Stunden anhalten, insbesondere bei Personen, die mehrere Dosen erhalten oder eine gro\u00dfe Menge auf einmal einnehmen und dann mehrere Dosen wiederverwenden. Es ist wichtig, genaue wissenschaftliche Angaben zu den Ergebnissen von Chanel MDMA zu machen, um die mit dem Konsum dieser Droge verbundenen negativen gesundheitlichen Auswirkungen zu verringern. Chanel MDMA zu verkaufen<\/p>\n<p>Menschen in ihren Zwanzigern Freunde, zusammengesetzte Behandlungssysteme f\u00fcr dysfunktionale St\u00f6rungen und \u00c4rzte sind die vertrauensw\u00fcrdigsten Informationsquellen f\u00fcr Senioren, die Chanel MDMA verwenden. Diese Bereiche k\u00f6nnen bei M\u00e4nnern und Frauen, die gestresst oder deprimiert sind, \u00fcberaktiv werden. Im Gegensatz zu Alkohol, der die Funktion des Gehirns d\u00e4mpft, scheint Ecstasy vor allem auf diese Region zu wirken, was bedeutet, dass es bei der Behandlung von Depressionen oder PTBS helfen k\u00f6nnte. Chanel MDMA zu verkaufen<\/p>\n<p>Diese Bereiche k\u00f6nnen bei M\u00e4nnern und Frauen, die gestresst oder deprimiert sind, \u00fcberaktiv werden. Im Gegensatz zu Alkohol, der die Funktion des Geistes d\u00e4mpft, scheint Ecstasy vor allem auf diese Region zu wirken, was bedeutet, dass es bei der Behandlung von Depressionen oder PTBS helfen k\u00f6nnte. Bei der Destillation wird das L\u00f6sungsmittel entfernt, so dass die rohe, MDMA-freie Chanel-Basis im Kolben zur\u00fcckbleibt. Durch Vakuumdestillation k\u00f6nnte es weiter gereinigt werden, doch scheint dies nicht w\u00fcnschenswert zu sein. Chanel MDMA zu verkaufen<\/p>\n<h5><span class=\"ez-toc-section\" id=\"ZUSATZLICH\"><\/span>AANVULLEND:<span class=\"ez-toc-section-end\"><\/span><\/h5>\n<p>Dieser Rohstoff oder diese Dienstleistung wird in achtzig Millilitern trockenem Isopropanol (Isopropylalkohol) aufgel\u00f6st. Ein Tropfen konzentrierte Salzs\u00e4ure wird immer wieder zugegeben, bis die L\u00f6sung leicht sauer wird. Viele Menschen sind sich nicht bewusst, dass Ecstasy und &#8222;reines&#8220; Molly h\u00e4ufig nicht nur reines Chanel MDMA, sondern auch andere verschreibungspflichtige Medikamente enthalten, die in Kombination mit pflanzlicher Medizin besonders gef\u00e4hrlich sein k\u00f6nnen. Chanel MDMA zum Verkauf<\/p>\n<p>Auf Ecstasy kann man zum Beispiel Farben anders sehen und neue Musik h\u00f6ren, was das Gesamterlebnis steigert. Ecstasy steigert auch das Gef\u00fchl der Empathie und der N\u00e4he zu anderen. Es gibt keine verl\u00e4sslichen Beweise daf\u00fcr, dass 5-HTP in Kombination mit Chanel MDMA gef\u00e4hrlich ist, auch wenn Ger\u00fcchte das Gegenteil behaupten. Chanel MDMA zu verkaufen<\/p>\n<p>Wenn Sie gute Beweise haben, teilen Sie sie uns bitte mit. In den 1980er Jahren wurde Ecstasy oder Molly jedoch zu einer viel bekannteren Partydroge. Der San Francisco Chronicle bezeichnete die Droge in einem Artikel von 1984 als &#8222;Yuppie-Psychedelikum&#8220;, weil sie als milder und weniger gef\u00e4hrlich als LSD galt. Chanel MDMA in Verbindung mit aerobem Tanzen, einer hei\u00dfen und \u00fcberf\u00fcllten Umgebung und einem Mangel an Trinkwasser kann einen t\u00f6dlichen Cocktail ergeben, der in einigen F\u00e4llen zu einem Hitzschlag f\u00fchren kann. Chanel MDMA zu verkaufen<\/p>","protected":false},"excerpt":{"rendered":"<p>Chanel MDMA Kaufen Insgesamt haben wir die besten Chanel MDMA zum Verkauf in den Vereinigten Staaten und weltweit. Durch die<\/p>","protected":false},"featured_media":1576,"comment_status":"open","ping_status":"closed","template":"","meta":{"jetpack_publicize_message":"","jetpack_publicize_feature_enabled":true,"jetpack_social_post_already_shared":false,"jetpack_social_options":{"image_generator_settings":{"template":"highway","default_image_id":0,"font":"","enabled":false},"version":2}},"product_brand":[],"product_cat":[297],"product_tag":[],"class_list":{"0":"post-1558","1":"product","2":"type-product","3":"status-publish","4":"has-post-thumbnail","6":"product_cat-psychedelika-kaufen","8":"first","9":"instock","10":"taxable","11":"shipping-taxable","12":"purchasable","13":"product-type-variable"},"jetpack_publicize_connections":[],"jetpack_sharing_enabled":true,"_links":{"self":[{"href":"https:\/\/medschemicalsuppliers.com\/nl\/wp-json\/wp\/v2\/product\/1558","targetHints":{"allow":["GET"]}}],"collection":[{"href":"https:\/\/medschemicalsuppliers.com\/nl\/wp-json\/wp\/v2\/product"}],"about":[{"href":"https:\/\/medschemicalsuppliers.com\/nl\/wp-json\/wp\/v2\/types\/product"}],"replies":[{"embeddable":true,"href":"https:\/\/medschemicalsuppliers.com\/nl\/wp-json\/wp\/v2\/comments?post=1558"}],"version-history":[{"count":0,"href":"https:\/\/medschemicalsuppliers.com\/nl\/wp-json\/wp\/v2\/product\/1558\/revisions"}],"wp:featuredmedia":[{"embeddable":true,"href":"https:\/\/medschemicalsuppliers.com\/nl\/wp-json\/wp\/v2\/media\/1576"}],"wp:attachment":[{"href":"https:\/\/medschemicalsuppliers.com\/nl\/wp-json\/wp\/v2\/media?parent=1558"}],"wp:term":[{"taxonomy":"product_brand","embeddable":true,"href":"https:\/\/medschemicalsuppliers.com\/nl\/wp-json\/wp\/v2\/product_brand?post=1558"},{"taxonomy":"product_cat","embeddable":true,"href":"https:\/\/medschemicalsuppliers.com\/nl\/wp-json\/wp\/v2\/product_cat?post=1558"},{"taxonomy":"product_tag","embeddable":true,"href":"https:\/\/medschemicalsuppliers.com\/nl\/wp-json\/wp\/v2\/product_tag?post=1558"}],"curies":[{"name":"wp","href":"https:\/\/api.w.org\/{rel}","templated":true}]}}