{"id":2442,"date":"2023-06-09T12:23:16","date_gmt":"2023-06-09T12:23:16","guid":{"rendered":"https:\/\/dummy.xtemos.com\/woodmart2\/plants-elementor\/?page_id=17"},"modified":"2024-09-29T23:38:21","modified_gmt":"2024-09-29T21:38:21","slug":"rezeptpflichtige-medikamente-online-kaufen","status":"publish","type":"page","link":"https:\/\/medschemicalsuppliers.com\/pt\/rezeptpflichtige-medikamente-online-kaufen\/","title":{"rendered":"Sobre"},"content":{"rendered":"<div data-elementor-type=\"wp-page\" data-elementor-id=\"2442\" class=\"elementor elementor-2442\">\n\t\t\t\t<div class=\"wd-negative-gap elementor-element elementor-element-8eb4b19 e-flex e-con-boxed e-con e-parent\" data-id=\"8eb4b19\" data-element_type=\"container\" data-e-type=\"container\">\n\t\t\t\t\t<div class=\"e-con-inner\">\n\t\t\t\t<div class=\"elementor-element elementor-element-9aca0de wd-width-100 elementor-widget elementor-widget-wd_title\" data-id=\"9aca0de\" data-element_type=\"widget\" data-e-type=\"widget\" data-widget_type=\"wd_title.default\">\n\t\t\t\t<div class=\"elementor-widget-container\">\n\t\t\t\t\t\t\t<div class=\"title-wrapper set-mb-s reset-last-child wd-title-color-default wd-title-style-default wd-title-size-default text-left\">\n\n\t\t\t\n\t\t\t<div class=\"liner-continer\">\n\t\t\t\t<div id=\"ez-toc-container\" class=\"ez-toc-v2_0_82_2 counter-hierarchy ez-toc-counter ez-toc-grey ez-toc-container-direction\">\n<div class=\"ez-toc-title-container\">\n<p class=\"ez-toc-title\" style=\"cursor:inherit\">Inhalts\u00fcbersicht<\/p>\n<span class=\"ez-toc-title-toggle\"><a href=\"#\" class=\"ez-toc-pull-right ez-toc-btn ez-toc-btn-xs ez-toc-btn-default ez-toc-toggle\" aria-label=\"Toggle Table of Content\"><span class=\"ez-toc-js-icon-con\"><span class=\"\"><span class=\"eztoc-hide\" style=\"display:none;\">Toggle<\/span><span class=\"ez-toc-icon-toggle-span\"><svg style=\"fill: #999;color:#999\" xmlns=\"http:\/\/www.w3.org\/2000\/svg\" class=\"list-377408\" width=\"20px\" height=\"20px\" viewbox=\"0 0 24 24\" fill=\"none\"><path d=\"M6 6H4v2h2V6zm14 0H8v2h12V6zM4 11h2v2H4v-2zm16 0H8v2h12v-2zM4 16h2v2H4v-2zm16 0H8v2h12v-2z\" fill=\"currentColor\"><\/path><\/svg><svg style=\"fill: #999;color:#999\" class=\"arrow-unsorted-368013\" xmlns=\"http:\/\/www.w3.org\/2000\/svg\" width=\"10px\" height=\"10px\" viewbox=\"0 0 24 24\" version=\"1.2\" baseprofile=\"tiny\"><path d=\"M18.2 9.3l-6.2-6.3-6.2 6.3c-.2.2-.3.4-.3.7s.1.5.3.7c.2.2.4.3.7.3h11c.3 0 .5-.1.7-.3.2-.2.3-.5.3-.7s-.1-.5-.3-.7zM5.8 14.7l6.2 6.3 6.2-6.3c.2-.2.3-.5.3-.7s-.1-.5-.3-.7c-.2-.2-.4-.3-.7-.3h-11c-.3 0-.5.1-.7.3-.2.2-.3.5-.3.7s.1.5.3.7z\"\/><\/svg><\/span><\/span><\/span><\/a><\/span><\/div>\n<nav><ul class='ez-toc-list ez-toc-list-level-1' ><li class='ez-toc-page-1 ez-toc-heading-level-4'><a class=\"ez-toc-link ez-toc-heading-1\" href=\"https:\/\/medschemicalsuppliers.com\/pt\/rezeptpflichtige-medikamente-online-kaufen\/#Willkommen_bei_Medschemicalsuppliers\" >Willkommen bei Medschemicalsuppliers<\/a><\/li><li class='ez-toc-page-1 ez-toc-heading-level-4'><a class=\"ez-toc-link ez-toc-heading-2\" href=\"https:\/\/medschemicalsuppliers.com\/pt\/rezeptpflichtige-medikamente-online-kaufen\/#Rezeptpflichtige_Medikamente_online_kaufen\" >Rezeptpflichtige Medikamente online kaufen<\/a><\/li><\/ul><\/nav><\/div>\n<h4 class=\"woodmart-title-container title wd-fontsize-l\"><span class=\"ez-toc-section\" id=\"Willkommen_bei_Medschemicalsuppliers\"><\/span>Willkommen bei Medschemicalsuppliers<span class=\"ez-toc-section-end\"><\/span><\/h4> \n\t\t\t\t\t\t\t<\/div>\n\n\t\t\t\t\t<\/div>\n\t\t\t\t\t\t<\/div>\n\t\t\t\t<\/div>\n\t\t\t\t\t<\/div>\n\t\t\t\t<\/div>\n\t\t<div class=\"wd-negative-gap elementor-element elementor-element-a3f4394 e-flex e-con-boxed e-con e-parent\" data-id=\"a3f4394\" data-element_type=\"container\" data-e-type=\"container\">\n\t\t\t\t\t<div class=\"e-con-inner\">\n\t\t<div class=\"elementor-element elementor-element-7144609 e-con-full e-flex e-con e-child\" data-id=\"7144609\" data-element_type=\"container\" data-e-type=\"container\">\n\t\t\t\t<div class=\"elementor-element elementor-element-0d47e9b wd-width-100 elementor-widget elementor-widget-wd_title\" data-id=\"0d47e9b\" data-element_type=\"widget\" data-e-type=\"widget\" data-widget_type=\"wd_title.default\">\n\t\t\t\t<div class=\"elementor-widget-container\">\n\t\t\t\t\t\t\t<div class=\"title-wrapper set-mb-s reset-last-child wd-title-color-default wd-title-style-default wd-title-size-default text-left\">\n\n\t\t\t\n\t\t\t<div class=\"liner-continer\">\n\t\t\t\t<h4 class=\"woodmart-title-container title wd-fontsize-l\"><span class=\"ez-toc-section\" id=\"Rezeptpflichtige_Medikamente_online_kaufen\"><\/span>Rezeptpflichtige Medikamente online kaufen<span class=\"ez-toc-section-end\"><\/span><\/h4> \n\t\t\t\t\t\t\t<\/div>\n\n\t\t\t\t\t<\/div>\n\t\t\t\t\t\t<\/div>\n\t\t\t\t<\/div>\n\t\t\t\t<div class=\"elementor-element elementor-element-04f43af elementor-widget elementor-widget-wd_text_block\" data-id=\"04f43af\" data-element_type=\"widget\" data-e-type=\"widget\" data-widget_type=\"wd_text_block.default\">\n\t\t\t\t<div class=\"elementor-widget-container\">\n\t\t\t\t\t\t\t<div class=\"wd-text-block reset-last-child text-left\">\n\t\t\t\n\t\t\t<p>Bei Medschemicalsuppliers ist es unser Ziel, deine Reise zur Gesundheit und zum Wohlbefinden mit Transparenz und Qualit\u00e4t zu unterst\u00fctzen. Ob du Diazepam kaufen m\u00f6chtest, um Entspannung zu finden, oder tiefe introspektive Erfahrungen mit DMT machen willst \u2013 wir sind hier, um sicherzustellen, dass deine Erfahrung reibungslos und sicher verl\u00e4uft.<\/p>\n\t\t\t\t\t<\/div>\n\t\t\t\t\t\t<\/div>\n\t\t\t\t<\/div>\n\t\t\t\t<\/div>\n\t\t<div class=\"elementor-element elementor-element-cfeb618 e-con-full e-flex e-con e-child\" data-id=\"cfeb618\" data-element_type=\"container\" data-e-type=\"container\">\n\t\t<div class=\"elementor-element elementor-element-77be597 e-con-full e-flex e-con e-child\" data-id=\"77be597\" data-element_type=\"container\" data-e-type=\"container\">\n\t\t\t\t<div class=\"elementor-element elementor-element-17a76b5 elementor-widget__width-auto elementor-widget elementor-widget-wd_text_block\" data-id=\"17a76b5\" data-element_type=\"widget\" data-e-type=\"widget\" data-widget_type=\"wd_text_block.default\">\n\t\t\t\t<div class=\"elementor-widget-container\">\n\t\t\t\t\t\t\t<div class=\"wd-text-block reset-last-child text-left color-title\">\n\t\t\t\n\t\t\t<p>Autenticidade e seguran\u00e7a<\/p>\n\t\t\t\t\t<\/div>\n\t\t\t\t\t\t<\/div>\n\t\t\t\t<\/div>\n\t\t\t\t<\/div>\n\t\t<div class=\"elementor-element elementor-element-a0959d1 e-con-full e-flex e-con e-child\" data-id=\"a0959d1\" data-element_type=\"container\" data-e-type=\"container\">\n\t\t\t\t<div class=\"elementor-element elementor-element-a6ac5af elementor-widget__width-auto elementor-widget elementor-widget-wd_text_block\" data-id=\"a6ac5af\" data-element_type=\"widget\" data-e-type=\"widget\" data-widget_type=\"wd_text_block.default\">\n\t\t\t\t<div class=\"elementor-widget-container\">\n\t\t\t\t\t\t\t<div class=\"wd-text-block reset-last-child text-left color-title\">\n\t\t\t\n\t\t\t<p>Entrega discreta<\/p>\n\t\t\t\t\t<\/div>\n\t\t\t\t\t\t<\/div>\n\t\t\t\t<\/div>\n\t\t\t\t<\/div>\n\t\t<div class=\"elementor-element elementor-element-fa80c9f e-con-full e-flex e-con e-child\" data-id=\"fa80c9f\" data-element_type=\"container\" data-e-type=\"container\">\n\t\t\t\t<div class=\"elementor-element elementor-element-e17d821 elementor-widget__width-auto elementor-widget elementor-widget-wd_text_block\" data-id=\"e17d821\" data-element_type=\"widget\" data-e-type=\"widget\" data-widget_type=\"wd_text_block.default\">\n\t\t\t\t<div class=\"elementor-widget-container\">\n\t\t\t\t\t\t\t<div class=\"wd-text-block reset-last-child text-left color-title\">\n\t\t\t\n\t\t\t<p>Fachkundige Unterst\u00fctzung<\/p>\n\t\t\t\t\t<\/div>\n\t\t\t\t\t\t<\/div>\n\t\t\t\t<\/div>\n\t\t\t\t<\/div>\n\t\t\t\t<\/div>\n\t\t\t\t\t<\/div>\n\t\t\t\t<\/div>\n\t\t<div class=\"wd-negative-gap elementor-element elementor-element-1450943 wd-section-stretch-content e-flex e-con-boxed e-con e-parent\" data-id=\"1450943\" data-element_type=\"container\" data-e-type=\"container\">\n\t\t\t\t\t<div class=\"e-con-inner\">\n\t\t<div class=\"elementor-element elementor-element-902ab4d e-con-full e-flex e-con e-child\" data-id=\"902ab4d\" data-element_type=\"container\" data-e-type=\"container\">\n\t\t\t\t<div class=\"elementor-element elementor-element-2ae2aa4 elementor-widget elementor-widget-wd_image_or_svg\" data-id=\"2ae2aa4\" data-element_type=\"widget\" data-e-type=\"widget\" data-widget_type=\"wd_image_or_svg.default\">\n\t\t\t\t<div class=\"elementor-widget-container\">\n\t\t\t\t\t\n\t\t<div class=\"wd-image text-left\">\n\t\t\t\t\t\t\t\t<img fetchpriority=\"high\" decoding=\"async\" width=\"1280\" height=\"854\" src=\"https:\/\/medschemicalsuppliers.com\/wp-content\/uploads\/2024\/09\/DeWatermark.ai_1727640367896.png\" class=\"attachment-full size-full\" alt=\"Rezeptpflichtige Medikamente online kaufen\" srcset=\"https:\/\/medschemicalsuppliers.com\/wp-content\/uploads\/2024\/09\/DeWatermark.ai_1727640367896.png 1280w, https:\/\/medschemicalsuppliers.com\/wp-content\/uploads\/2024\/09\/DeWatermark.ai_1727640367896-430x287.png 430w, https:\/\/medschemicalsuppliers.com\/wp-content\/uploads\/2024\/09\/DeWatermark.ai_1727640367896-190x127.png 190w, https:\/\/medschemicalsuppliers.com\/wp-content\/uploads\/2024\/09\/DeWatermark.ai_1727640367896-700x467.png 700w, https:\/\/medschemicalsuppliers.com\/wp-content\/uploads\/2024\/09\/DeWatermark.ai_1727640367896-400x267.png 400w, https:\/\/medschemicalsuppliers.com\/wp-content\/uploads\/2024\/09\/DeWatermark.ai_1727640367896-1199x800.png 1199w, https:\/\/medschemicalsuppliers.com\/wp-content\/uploads\/2024\/09\/DeWatermark.ai_1727640367896-150x100.png 150w, https:\/\/medschemicalsuppliers.com\/wp-content\/uploads\/2024\/09\/DeWatermark.ai_1727640367896-768x512.png 768w\" sizes=\"(max-width: 1280px) 100vw, 1280px\" \/>\t\t\t\t\t<\/div>\n\n\t\t\t\t\t\t<\/div>\n\t\t\t\t<\/div>\n\t\t\t\t<\/div>\n\t\t\t\t\t<\/div>\n\t\t\t\t<\/div>\n\t\t\t\t<\/div>","protected":false},"excerpt":{"rendered":"<p>Willkommen bei Medschemicalsuppliers Rezeptpflichtige Medikamente online kaufen Bei Medschemicalsuppliers ist es unser Ziel, deine Reise zur Gesundheit und zum Wohlbefinden<\/p>","protected":false},"author":13,"featured_media":2621,"parent":0,"menu_order":0,"comment_status":"closed","ping_status":"closed","template":"","meta":{"footnotes":""},"class_list":["post-2442","page","type-page","status-publish","has-post-thumbnail","hentry"],"jetpack_sharing_enabled":true,"_links":{"self":[{"href":"https:\/\/medschemicalsuppliers.com\/pt\/wp-json\/wp\/v2\/pages\/2442","targetHints":{"allow":["GET"]}}],"collection":[{"href":"https:\/\/medschemicalsuppliers.com\/pt\/wp-json\/wp\/v2\/pages"}],"about":[{"href":"https:\/\/medschemicalsuppliers.com\/pt\/wp-json\/wp\/v2\/types\/page"}],"author":[{"embeddable":true,"href":"https:\/\/medschemicalsuppliers.com\/pt\/wp-json\/wp\/v2\/users\/13"}],"replies":[{"embeddable":true,"href":"https:\/\/medschemicalsuppliers.com\/pt\/wp-json\/wp\/v2\/comments?post=2442"}],"version-history":[{"count":7,"href":"https:\/\/medschemicalsuppliers.com\/pt\/wp-json\/wp\/v2\/pages\/2442\/revisions"}],"predecessor-version":[{"id":2631,"href":"https:\/\/medschemicalsuppliers.com\/pt\/wp-json\/wp\/v2\/pages\/2442\/revisions\/2631"}],"wp:featuredmedia":[{"embeddable":true,"href":"https:\/\/medschemicalsuppliers.com\/pt\/wp-json\/wp\/v2\/media\/2621"}],"wp:attachment":[{"href":"https:\/\/medschemicalsuppliers.com\/pt\/wp-json\/wp\/v2\/media?parent=2442"}],"curies":[{"name":"wp","href":"https:\/\/api.w.org\/{rel}","templated":true}]}}