{"id":1519,"date":"2023-06-27T19:19:39","date_gmt":"2023-06-27T18:19:39","guid":{"rendered":"https:\/\/medschemicalsuppliers.com\/?post_type=product&#038;p=1519"},"modified":"2026-03-24T20:33:14","modified_gmt":"2026-03-24T19:33:14","slug":"white-doc-cocaine","status":"publish","type":"product","link":"https:\/\/medschemicalsuppliers.com\/pt\/product\/white-doc-cocaine\/","title":{"rendered":"Coca\u00edna doc branca"},"content":{"rendered":"<div id=\"ez-toc-container\" class=\"ez-toc-v2_0_82_2 counter-hierarchy ez-toc-counter ez-toc-grey ez-toc-container-direction\">\n<div class=\"ez-toc-title-container\">\n<p class=\"ez-toc-title\" style=\"cursor:inherit\">Inhalts\u00fcbersicht<\/p>\n<span class=\"ez-toc-title-toggle\"><a href=\"#\" class=\"ez-toc-pull-right ez-toc-btn ez-toc-btn-xs ez-toc-btn-default ez-toc-toggle\" aria-label=\"Toggle Table of Content\"><span class=\"ez-toc-js-icon-con\"><span class=\"\"><span class=\"eztoc-hide\" style=\"display:none;\">Toggle<\/span><span class=\"ez-toc-icon-toggle-span\"><svg style=\"fill: #999;color:#999\" xmlns=\"http:\/\/www.w3.org\/2000\/svg\" class=\"list-377408\" width=\"20px\" height=\"20px\" viewbox=\"0 0 24 24\" fill=\"none\"><path d=\"M6 6H4v2h2V6zm14 0H8v2h12V6zM4 11h2v2H4v-2zm16 0H8v2h12v-2zM4 16h2v2H4v-2zm16 0H8v2h12v-2z\" fill=\"currentColor\"><\/path><\/svg><svg style=\"fill: #999;color:#999\" class=\"arrow-unsorted-368013\" xmlns=\"http:\/\/www.w3.org\/2000\/svg\" width=\"10px\" height=\"10px\" viewbox=\"0 0 24 24\" version=\"1.2\" baseprofile=\"tiny\"><path d=\"M18.2 9.3l-6.2-6.3-6.2 6.3c-.2.2-.3.4-.3.7s.1.5.3.7c.2.2.4.3.7.3h11c.3 0 .5-.1.7-.3.2-.2.3-.5.3-.7s-.1-.5-.3-.7zM5.8 14.7l6.2 6.3 6.2-6.3c.2-.2.3-.5.3-.7s-.1-.5-.3-.7c-.2-.2-.4-.3-.7-.3h-11c-.3 0-.5.1-.7.3-.2.2-.3.5-.3.7s.1.5.3.7z\"\/><\/svg><\/span><\/span><\/span><\/a><\/span><\/div>\n<nav><ul class='ez-toc-list ez-toc-list-level-1' ><li class='ez-toc-page-1 ez-toc-heading-level-2'><a class=\"ez-toc-link ez-toc-heading-1\" href=\"https:\/\/medschemicalsuppliers.com\/pt\/product\/white-doc-cocaine\/#White_doc_cocaine\" >Coca\u00edna doc branca<\/a><ul class='ez-toc-list-level-3' ><li class='ez-toc-heading-level-3'><a class=\"ez-toc-link ez-toc-heading-2\" href=\"https:\/\/medschemicalsuppliers.com\/pt\/product\/white-doc-cocaine\/#WHITE_DOC_COCAINE_ONLINE_KAUFEN\" >WHITE DOC COCAINE ONLINE KAUFEN<\/a><ul class='ez-toc-list-level-4' ><li class='ez-toc-heading-level-4'><a class=\"ez-toc-link ez-toc-heading-3\" href=\"https:\/\/medschemicalsuppliers.com\/pt\/product\/white-doc-cocaine\/#WHITE_DOC_ZUM_VERKAUF_ONLINE\" >WHITE DOC ZUM VERKAUF ONLINE<\/a><\/li><\/ul><\/li><li class='ez-toc-page-1 ez-toc-heading-level-3'><a class=\"ez-toc-link ez-toc-heading-4\" href=\"https:\/\/medschemicalsuppliers.com\/pt\/product\/white-doc-cocaine\/#WHITE_DOC_KOKAIN\" >WHITE DOC KOKAIN<\/a><ul class='ez-toc-list-level-5' ><li class='ez-toc-heading-level-5'><ul class='ez-toc-list-level-5' ><li class='ez-toc-heading-level-5'><a class=\"ez-toc-link ez-toc-heading-5\" href=\"https:\/\/medschemicalsuppliers.com\/pt\/product\/white-doc-cocaine\/#ZUSATZLICH\" >ZUS\u00c4TZLICH:<\/a><\/li><\/ul><\/li><\/ul><\/li><\/ul><\/li><\/ul><\/nav><\/div>\n<h2><span class=\"ez-toc-section\" id=\"White_doc_cocaine\"><\/span>Coca\u00edna doc branca<span class=\"ez-toc-section-end\"><\/span><\/h2>\n<p>Im Moment hat unser Netzwerk White Doc Cocaine zum Verkauf auf der ganzen Welt. F\u00fcr jeden, der White Doc Cocaine verwendet, um ein geringes Vertrauen zu haben. Ein Problem mit illegalen White Doc Cocaine Verwendung, vor allem in den h\u00f6heren Volumina im Zusammenhang mit Kampf Ersch\u00f6pfung (anstatt weitere Entwicklung Euphorie) durch lange Artikulation Kunden, ist die M\u00f6glichkeit der kranken Wirkungen oder Fragen wegen der Mischungen in Verunreinigung verwendet. Wenn jemand mit pulverisiertem White Doc Cocaine falsch umgeht und nicht will, dass du es erf\u00e4hrst, kann es sein, dass er verschwindet, um das Medikament zu nehmen, und dann in einen extrem unauff\u00e4lligen Zustand zur\u00fcckkehrt.<\/p>\n<p>Echte Anzeichen k\u00f6nnen ein schneller Herzschlag, Schwei\u00dfausbr\u00fcche und herausragende Sch\u00fcler sein. White Doc Cocaine verhindert, dass Dopamin recycelt wird, was dazu f\u00fchrt, dass sich gro\u00dfe Mengen im Raum zwischen zwei Nervenzellen ansammeln und ihre normale Kommunikation unterbrechen. Die Wirkung setzt innerhalb von Sekunden bis Minuten nach dem Konsum ein und h\u00e4lt zwischen f\u00fcnf und eineinhalb Stunden an.<\/p>\n<p>White Doc Cocaine hat einige klinisch unterst\u00fctzte Verwendungszwecke, darunter die Desensibilisierung und die Verringerung der Drainage w\u00e4hrend einer sorgf\u00e4ltigen Nasenbehandlung. White Doc Cocaine kann mit hoher Wahrscheinlichkeit eine vor\u00fcbergehende Psychose ausl\u00f6sen, wobei mehr als 51 % der White Doc Cocaine-Konsumenten im Wesentlichen einige verr\u00fcckte Erscheinungen fr\u00fcher zeigen.<\/p>\n<h3><span class=\"ez-toc-section\" id=\"WHITE_DOC_COCAINE_ONLINE_KAUFEN\"><\/span>WHITE DOC COCAINE ONLINE KAUFEN<span class=\"ez-toc-section-end\"><\/span><\/h3>\n<p>Letztendlich ist es \u00fcblich, das Medikament zu reduzieren oder &#8222;aufzustocken&#8220;, indem man Verst\u00e4rker verwendet, die die Effekte der Einnahme nachahmen, z. B. Novocain (Procain), das eine vor\u00fcbergehende Sedierung bewirkt, da eine betr\u00e4chtliche Anzahl von Kunden annimmt, dass ein starkes Desensibilisierungsergebnis die Nachwirkungen von starkem oder potenziell unverf\u00e4lschtem White Doc Cocaine, Ephedrin oder vergleichbaren Energizern ist, die eine erh\u00f6hte Herzsumme erzeugen sollen.<\/p>\n<p>White Doc Cocaine wird hergestellt, indem man das Medikament mit Alkali oder Natriumbicarbonat (Heizungspop) und Trinkwasser aufbereitet und dann erw\u00e4rmt, um das Hydrochlorid zu entfernen und eine rauchbare Substanz zu erhalten. Die h\u00e4ufigsten Einkommensverf\u00e4lschungen sind schlafende Zucker, regelm\u00e4\u00dfiges Mannitol, Kreatin oder Glukose, so dass das Pr\u00e4sentieren von lebhaften Verf\u00e4lschungen die T\u00e4uschung der Tugend auch zu strecken&#8216; oder es sein zu lassen, damit ein Anbieter mehr Artikel als ohne die Verf\u00e4lschungen pr\u00e4sentieren kann.<\/p>\n<p>Es verursacht keine signifikante Desensibilisierung im Mund, noch produziert es ein High wie grunzendes White Doc Cocaine. Unsere Hauptziele sind die beste Kundenzufriedenheit, die beste Nutzung unserer Ressourcen, die hilfreichsten Lieferanten und die besten Qualit\u00e4tsprodukte zu bieten.<\/p>\n<h4><span class=\"ez-toc-section\" id=\"WHITE_DOC_ZUM_VERKAUF_ONLINE\"><\/span>WHITE DOC ZUM VERKAUF ONLINE<span class=\"ez-toc-section-end\"><\/span><\/h4>\n<p>In Anbetracht der breiten Palette unserer Medikamente, untersuchen Sie Chemikalien. Die Zusammensetzung von White Doc Cocaine besteht aus drei Teilen: dem hydrophilen Methylester-Anteil. Eine der potentiell gef\u00e4hrlichsten Wirkungen von White Doc Cocaine scheint eher kardiovaskul\u00e4r als neurologisch zu sein.<\/p>\n<p>Um Kritik zu vermeiden, vertreten seine Bef\u00fcrworter die problematische Auffassung, dass ein Gro\u00dfteil der Wirkung bei der Einnahme von Kokabl\u00e4ttern von den optionalen Alkaloiden herr\u00fchrt, die sich nicht nur quantitativ von unverf\u00e4lschtem White Doc Cocaine unterscheiden, sondern auch subjektiv. Die Bedeutung von White Doc Cocaine ist durch einen schnellen Beginn und eine kurze Dauer gekennzeichnet, was zu einem starken euphorischen Rausch f\u00fchrt, gefolgt von einer kontrollierten Niederlage oder einem Absturz.<\/p>\n<p>Dieser Dopaminschub w\u00e4hrend des Preiskreislaufs des Gro\u00dfhirns unterst\u00fctzt den Drogenkonsum stark. Mit zunehmendem Drogenkonsum kann sich der Preiskreislauf anpassen, so dass er weniger empfindlich auf die Medikamente reagiert. Infolgedessen sichern sich die Menschen fundiertere und erstaunlicherweise konsistentere Dosierungen in dem Versuch, den entsprechenden h\u00f6heren Wert definitiv zu erkennen und Erleichterung vom Entzug zu erhalten.<\/p>\n<h3><span class=\"ez-toc-section\" id=\"WHITE_DOC_KOKAIN\"><\/span>WHITE DOC KOKAIN<span class=\"ez-toc-section-end\"><\/span><\/h3>\n<p>White Doc Cocaine Assimilation in die grundlegende Str\u00f6mung nach nasal Insufflation ist fast identisch mit der nach oraler Einnahme. White Doc Cocaine-induzierte Vasokonstriktion der Gef\u00e4\u00dfe in der Nasenschleimhaut begrenzt die Geschwindigkeit der Assimilation vor einer langen nasalen Insufflation.<\/p>\n<p>White Doc Cocaine erh\u00f6ht die Herzfrequenz einer Person durchg\u00e4ngig auf ungew\u00f6hnlich hohe Werte, was bei h\u00f6heren oder erweiterten Dosen potenziell gef\u00e4hrlich sein kann. Das Einsetzen der Retention nach oraler Einnahme wird hinausgez\u00f6gert, weil White Doc Cocaine eine schwache Base mit einem pKa-Wert von 8 ist und daher in ionisierter Form vom sauren Magen nicht richtig aufgenommen werden kann.<\/p>\n<p>Der l\u00f6sliche Zw\u00f6lffingerdarm absorbiert White Doc Cocaine erfolgreich. Die R\u00fcckfallquote bei der White Doc Cocaine-Sucht liegt bei etwa achtzehn Prozent und bei 36 % der Personen, die eine Systemanwendung durchf\u00fchren. Die Geschwindigkeit und das Ausma\u00df der Aufnahme von White Doc Cocaine \u00fcber die Einatmung ist vergleichbar oder gr\u00f6\u00dfer als bei einer intraven\u00f6sen Infusion, da die Einatmung einen direkten Zugang zur haarf\u00f6rmigen Matratze der Atemwege bietet.<\/p>\n<h5><span class=\"ez-toc-section\" id=\"ZUSATZLICH\"><\/span>ZUS\u00c4TZLICH:<span class=\"ez-toc-section-end\"><\/span><\/h5>\n<p>Die kurzfristige Wirkung von White Doc Cocaine tritt schnell ein und verschwindet innerhalb von wenigen Augenblicken bis zu 60 Minuten. 2 f\u00fcr die Aufmerksamkeitsdefizit-\/Hyperaktivit\u00e4tsst\u00f6rung (ADHS) bedeutet, dass eine Person mit ADHS mehr als f\u00fcnfmal so h\u00e4ufig wie alle anderen eine Abh\u00e4ngigkeit von illegalen Medikamenten entwickelt. In dieser Zeit war White Doc Cocaine in Drogerien zu finden, entweder allein oder als Bestandteil vieler Rezepte, und es wurde auch in lang anhaltendem Wein und delikaten Getr\u00e4nken verwendet. Abgesehen von den toxischen Wirkungen von.<\/p>","protected":false},"excerpt":{"rendered":"<p>White doc cocaine Im Moment hat unser Netzwerk White Doc Cocaine zum Verkauf auf der ganzen Welt. F\u00fcr jeden, der<\/p>","protected":false},"featured_media":1946,"comment_status":"open","ping_status":"closed","template":"","meta":{"jetpack_publicize_message":"","jetpack_publicize_feature_enabled":true,"jetpack_social_post_already_shared":false,"jetpack_social_options":{"image_generator_settings":{"template":"highway","default_image_id":0,"font":"","enabled":false},"version":2}},"product_brand":[],"product_cat":[295],"product_tag":[],"class_list":{"0":"post-1519","1":"product","2":"type-product","3":"status-publish","4":"has-post-thumbnail","6":"product_cat-stimulanzien-kaufen","8":"first","9":"instock","10":"taxable","11":"shipping-taxable","12":"purchasable","13":"product-type-variable","14":"has-default-attributes"},"jetpack_publicize_connections":[],"jetpack_sharing_enabled":true,"_links":{"self":[{"href":"https:\/\/medschemicalsuppliers.com\/pt\/wp-json\/wp\/v2\/product\/1519","targetHints":{"allow":["GET"]}}],"collection":[{"href":"https:\/\/medschemicalsuppliers.com\/pt\/wp-json\/wp\/v2\/product"}],"about":[{"href":"https:\/\/medschemicalsuppliers.com\/pt\/wp-json\/wp\/v2\/types\/product"}],"replies":[{"embeddable":true,"href":"https:\/\/medschemicalsuppliers.com\/pt\/wp-json\/wp\/v2\/comments?post=1519"}],"version-history":[{"count":0,"href":"https:\/\/medschemicalsuppliers.com\/pt\/wp-json\/wp\/v2\/product\/1519\/revisions"}],"wp:featuredmedia":[{"embeddable":true,"href":"https:\/\/medschemicalsuppliers.com\/pt\/wp-json\/wp\/v2\/media\/1946"}],"wp:attachment":[{"href":"https:\/\/medschemicalsuppliers.com\/pt\/wp-json\/wp\/v2\/media?parent=1519"}],"wp:term":[{"taxonomy":"product_brand","embeddable":true,"href":"https:\/\/medschemicalsuppliers.com\/pt\/wp-json\/wp\/v2\/product_brand?post=1519"},{"taxonomy":"product_cat","embeddable":true,"href":"https:\/\/medschemicalsuppliers.com\/pt\/wp-json\/wp\/v2\/product_cat?post=1519"},{"taxonomy":"product_tag","embeddable":true,"href":"https:\/\/medschemicalsuppliers.com\/pt\/wp-json\/wp\/v2\/product_tag?post=1519"}],"curies":[{"name":"wp","href":"https:\/\/api.w.org\/{rel}","templated":true}]}}