{"id":1544,"date":"2023-06-27T19:19:48","date_gmt":"2023-06-27T18:19:48","guid":{"rendered":"https:\/\/medschemicalsuppliers.com\/?post_type=product&#038;p=1544"},"modified":"2025-05-27T06:57:44","modified_gmt":"2025-05-27T04:57:44","slug":"coca-cola-mdma","status":"publish","type":"product","link":"https:\/\/medschemicalsuppliers.com\/pt\/product\/coca-cola-mdma\/","title":{"rendered":"Coca Cola MDMA"},"content":{"rendered":"<div id=\"ez-toc-container\" class=\"ez-toc-v2_0_82_2 counter-hierarchy ez-toc-counter ez-toc-grey ez-toc-container-direction\">\n<div class=\"ez-toc-title-container\">\n<p class=\"ez-toc-title\" style=\"cursor:inherit\">Inhalts\u00fcbersicht<\/p>\n<span class=\"ez-toc-title-toggle\"><a href=\"#\" class=\"ez-toc-pull-right ez-toc-btn ez-toc-btn-xs ez-toc-btn-default ez-toc-toggle\" aria-label=\"Toggle Table of Content\"><span class=\"ez-toc-js-icon-con\"><span class=\"\"><span class=\"eztoc-hide\" style=\"display:none;\">Toggle<\/span><span class=\"ez-toc-icon-toggle-span\"><svg style=\"fill: #999;color:#999\" xmlns=\"http:\/\/www.w3.org\/2000\/svg\" class=\"list-377408\" width=\"20px\" height=\"20px\" viewbox=\"0 0 24 24\" fill=\"none\"><path d=\"M6 6H4v2h2V6zm14 0H8v2h12V6zM4 11h2v2H4v-2zm16 0H8v2h12v-2zM4 16h2v2H4v-2zm16 0H8v2h12v-2z\" fill=\"currentColor\"><\/path><\/svg><svg style=\"fill: #999;color:#999\" class=\"arrow-unsorted-368013\" xmlns=\"http:\/\/www.w3.org\/2000\/svg\" width=\"10px\" height=\"10px\" viewbox=\"0 0 24 24\" version=\"1.2\" baseprofile=\"tiny\"><path d=\"M18.2 9.3l-6.2-6.3-6.2 6.3c-.2.2-.3.4-.3.7s.1.5.3.7c.2.2.4.3.7.3h11c.3 0 .5-.1.7-.3.2-.2.3-.5.3-.7s-.1-.5-.3-.7zM5.8 14.7l6.2 6.3 6.2-6.3c.2-.2.3-.5.3-.7s-.1-.5-.3-.7c-.2-.2-.4-.3-.7-.3h-11c-.3 0-.5.1-.7.3-.2.2-.3.5-.3.7s.1.5.3.7z\"\/><\/svg><\/span><\/span><\/span><\/a><\/span><\/div>\n<nav><ul class='ez-toc-list ez-toc-list-level-1' ><li class='ez-toc-page-1 ez-toc-heading-level-2'><a class=\"ez-toc-link ez-toc-heading-1\" href=\"https:\/\/medschemicalsuppliers.com\/pt\/product\/coca-cola-mdma\/#Coca_Cola_MDMA\" >Coca Cola MDMA<\/a><ul class='ez-toc-list-level-3' ><li class='ez-toc-heading-level-3'><a class=\"ez-toc-link ez-toc-heading-2\" href=\"https:\/\/medschemicalsuppliers.com\/pt\/product\/coca-cola-mdma\/#COCA-COLA_MDMA_ZU_VERKAUFEN\" >COCA-COLA MDMA ZU VERKAUFEN<\/a><ul class='ez-toc-list-level-4' ><li class='ez-toc-heading-level-4'><a class=\"ez-toc-link ez-toc-heading-3\" href=\"https:\/\/medschemicalsuppliers.com\/pt\/product\/coca-cola-mdma\/#COCA-COLA_MDMA_ONLINE_KAUFEN_EUROPA\" >COCA-COLA MDMA ONLINE KAUFEN EUROPA<\/a><\/li><li class='ez-toc-page-1 ez-toc-heading-level-4'><a class=\"ez-toc-link ez-toc-heading-4\" href=\"https:\/\/medschemicalsuppliers.com\/pt\/product\/coca-cola-mdma\/#COCA-COLA_MDMA_ONLINE_IN_DEUTSCHLAND_KAUFEN\" >COCA-COLA MDMA ONLINE IN DEUTSCHLAND KAUFEN<\/a><\/li><\/ul><\/li><\/ul><\/li><\/ul><\/nav><\/div>\n<h2><span class=\"ez-toc-section\" id=\"Coca_Cola_MDMA\"><\/span>Coca Cola MDMA<span class=\"ez-toc-section-end\"><\/span><\/h2>\n<p>Unabh\u00e4ngig davon k\u00f6nnen Sie Coca-Cola MDMA online zu einem sehr niedrigen Preis kaufen. Es ist eine F\u00e4lschung eines Medikaments. Es ist haupts\u00e4chlich in Tabletten-, H\u00fclsen- oder Pulverform erh\u00e4ltlich. Das in Coca-Cola enthaltene MDMA ist giftig. Es ist immer noch im Blutkreislauf vorhanden. Es durchdringt das Gro\u00dfhirn, weshalb es unsere Einstellung ver\u00e4ndert und uns zu mehr Energie verhilft. MDMA hat auf jeden Menschen eine andere Wirkung.<\/p>\n<p>Wir haben dir Beh\u00e4ltnisse gegeben, was die beliebteste Art ist, dieses Medikament zu nehmen. Jede einzelne Portion Coca-Cola MDMA enth\u00e4lt spezifische Fixer. Verschreibungen schaden Aktivisten warnen vor hochpotenten Vergn\u00fcgungsdrogen auf dem Markt im Vereinigten K\u00f6nigreich, nachdem eine Untersuchung von Medikamenten in einem Wettbewerb in Manchester einige mit doppelter oder sogar dreifacher Dosierung aufgedeckt hat. Coca Cola MDMA.<\/p>\n<p>Kokain mag einen unangenehmeren Namen haben als Coca-Cola MDMA, aber beide sollten vermieden werden, weil sie zu ernsthaften Problemen f\u00fchren k\u00f6nnen. Die Genehmigungen haben eine viel umfassendere Bewertung von Kokain und Coca-Cola MDMA. Pemberton definierte das Getr\u00e4nk als &#8222;Geistestonikum und mentales Getr\u00e4nk&#8220;, und es wurde als &#8222;Patentmedizin&#8220; beworben. In Wirklichkeit handelt es sich um eine synthetische Droge. Coca-Cola MDMA enth\u00e4lt gef\u00e4hrliche Inhaltsstoffe.<\/p>\n<h3><span class=\"ez-toc-section\" id=\"COCA-COLA_MDMA_ZU_VERKAUFEN\"><\/span>COCA-COLA MDMA ZU VERKAUFEN<span class=\"ez-toc-section-end\"><\/span><\/h3>\n<p>Es gelangt in das Kreislaufsystem. Es geht durch den Geist, weshalb es unsere Einstellung \u00e4ndert und uns die Energie sp\u00fcren l\u00e4sst. Coca-Cola MDMA hat unterschiedliche Wirkungen auf verschiedene Menschen. Es ist in der Regel in Tabletten-, Beh\u00e4lter- oder Pulverform erh\u00e4ltlich. Wir stellen dir die Erg\u00e4nzungsmittel vor, die die bekannteste Methode sind, dieses Medikament zu erhalten. Fast jeder Bestandteil von Coca-Cola MDMA enth\u00e4lt verschiedene Schwerpunkte Summe. Er behauptete, es lindere Komplexe, einen gereizten Magen und M\u00fcdigkeit.<\/p>\n<p>Patentarzneimittel waren Kombinationen aus so genannten &#8222;bemerkenswerten&#8220; Bestandteilen und Medikamentenverst\u00e4rkern, die nach Angaben ihrer Erfinder ein breites Spektrum von Krankheiten linderten. Zwar wurden gute Vermutungen \u00fcber die Kraft der Medikamente angestellt, indem man F\u00fcllstoffe und Verunreinigungen mit L\u00f6sungsmitteln auswusch und danach die Coca-Cola MDMA aufgab. Sie enthielten jedoch h\u00e4ufig Substanzen, von denen wir heute wissen, dass sie h\u00e4ufig zur Gew\u00f6hnung f\u00fchren, wie Kokain und Opium, sowie sch\u00e4dliche Bestandteile wie Quecksilber und Blei. Coca Cola MDMA.<\/p>\n<p>Mischungen mit einer bestimmten Substanzreaktion k\u00f6nnen eine sauberere Ausbeute haben als andere. Vielleicht w\u00fcrde ein bestimmter Ton die Aufmerksamkeit darauf lenken, dass der Artikel unbestreitbar genauer gewaschen ist. Gibt es auch T\u00f6ne, die gar nicht Coca-Cola MDMA sind, sondern Verbindungen mit vergleichbarer Wirkung wie MDMA Crystal oder MDEA? Vielen Dank f\u00fcr Ihre Zeit und Ihre Bem\u00fchungen. Ein \u00dcberma\u00df an Fermentation auf den Edelsteinen, w\u00e4hrend sie sich in der Begasungsphase vom Freebase-\u00d6l befinden, f\u00fchrt zu erdig gef\u00e4rbten Edelsteinen. Coca Cola MDMA.<\/p>\n<h4><span class=\"ez-toc-section\" id=\"COCA-COLA_MDMA_ONLINE_KAUFEN_EUROPA\"><\/span>COCA-COLA MDMA ONLINE KAUFEN EUROPA<span class=\"ez-toc-section-end\"><\/span><\/h4>\n<p>W\u00e4hrend Sie eine besondere kontrastiert mit wei\u00dfen Coca-Cola MDMA HCl Edelsteine zu identifizieren, kann dies nicht haben einen wesentlichen Einfluss auf die Tugend. Die Marquis-Pr\u00fcfung ist in der Regel eine Reagenzienpr\u00fcfung, bei der ein Tropfen Reagenzfl\u00fcssigkeit auf eine kleine Probe des zu untersuchenden Materials getropft wird. Aufgrund der Art und Weise, wie MDMA mit Serotonin und Dopamin im Gehirn interagiert, kann es extreme Depressionen verursachen. Coca Cola MDMA.<\/p>\n<p>Bedauerlicherweise setzen sich Menschen, die Coca-Cola MDMA missbrauchen, einem h\u00f6heren Risiko aus, eine echte Verzweiflung zu erleben, die trotz aller Zur\u00fcckhaltung nicht verschwinden wird. Die Substanzen in dem Reagenz reagieren unterschiedlich mit verschiedenen synthetischen Mischungen und ergeben ein paar verschiedene T\u00f6ne, je nachdem, was um Himmels willen in der getesteten Textur enthalten ist. Dies h\u00e4ngt von der F\u00e4higkeit der einzelnen Wissenschaftler ab, sie zu t\u00f6ten oder, was wahrscheinlicher ist, von der F\u00e4higkeit (Tr\u00e4gheit), sie zu entsorgen. Coca Cola MDMA.<\/p>\n<p>Wenn man die Extras wegl\u00e4sst, erh\u00f6ht sich das Gewicht der obersten Gegenst\u00e4nde, so dass man verstehen kann, warum sie eine Tonne Kacke abziehen m\u00fcssen. Eine ausreichende Menge von Coca-Cola MDMA kann mit der Rahmentemperatur und den F\u00e4higkeiten umgehen. Seine Wirkung h\u00e4lt viel l\u00e4nger als drei bis sieben Stunden an. Hin und wieder kann man sich niedergeschlagen f\u00fchlen. Coca Cola MDMA.<\/p>\n<h4><span class=\"ez-toc-section\" id=\"COCA-COLA_MDMA_ONLINE_IN_DEUTSCHLAND_KAUFEN\"><\/span>COCA-COLA MDMA ONLINE IN DEUTSCHLAND KAUFEN<span class=\"ez-toc-section-end\"><\/span><\/h4>\n<p>Dieses Medikament erh\u00f6ht die Wahrscheinlichkeit einer Hepatitis. Sie ist in der Regel auf ein Leber- und Nierenversagen zur\u00fcckzuf\u00fchren. Kokain ist eine fantastische und s\u00fcchtig machende Energiedroge. Seit vielen Jahren haben die Menschen im S\u00fcden der Vereinigten Staaten, wo die Kokapflanze w\u00e4chst, Kokabl\u00e4tter gebissen und eingenommen, was die Liste seiner belebenden Ergebnisse ist. Coca Cola MDMA.<\/p>\n<p>Kokainhydrochlorid, eine raffinierte Substanz, wurde bereits vor mehr als 100 Jahren aus den Pflanzen gewonnen. In den fr\u00fchen 1900er Jahren war reines Kokain ein wichtiger Bestandteil von Tonika und Elixieren. MDMA in Coca-Cola: Dieses Medikament ist daf\u00fcr bekannt, dass es anderen das Gef\u00fchl gibt, wichtig zu sein. Es ist in der Tat ein anregendes Medikament. Es geh\u00f6rt heute zu den beliebtesten Medikamenten bei Erwachsenen und Jugendlichen. Es wird geleugnet, dass es immer noch \u00fcberall auf der Welt f\u00fcr ein sehr gutes Gef\u00fchl verwendet wird. F\u00fcr weitere Informationen nehmen Sie bitte <a href=\"https:\/\/medschemicalsuppliers.com\/pt\/kontakt\/\">Kontakt mit uns<\/a> auf.<\/p>","protected":false},"excerpt":{"rendered":"<p>Coca Cola MDMA Unabh\u00e4ngig davon k\u00f6nnen Sie Coca-Cola MDMA online zu einem sehr niedrigen Preis kaufen. Es ist eine F\u00e4lschung<\/p>","protected":false},"featured_media":1574,"comment_status":"open","ping_status":"closed","template":"","meta":{"jetpack_publicize_message":"","jetpack_publicize_feature_enabled":true,"jetpack_social_post_already_shared":false,"jetpack_social_options":{"image_generator_settings":{"template":"highway","default_image_id":0,"font":"","enabled":false},"version":2}},"product_brand":[],"product_cat":[297],"product_tag":[],"class_list":{"0":"post-1544","1":"product","2":"type-product","3":"status-publish","4":"has-post-thumbnail","6":"product_cat-psychedelika-kaufen","8":"first","9":"instock","10":"taxable","11":"shipping-taxable","12":"purchasable","13":"product-type-variable"},"jetpack_publicize_connections":[],"jetpack_sharing_enabled":true,"_links":{"self":[{"href":"https:\/\/medschemicalsuppliers.com\/pt\/wp-json\/wp\/v2\/product\/1544","targetHints":{"allow":["GET"]}}],"collection":[{"href":"https:\/\/medschemicalsuppliers.com\/pt\/wp-json\/wp\/v2\/product"}],"about":[{"href":"https:\/\/medschemicalsuppliers.com\/pt\/wp-json\/wp\/v2\/types\/product"}],"replies":[{"embeddable":true,"href":"https:\/\/medschemicalsuppliers.com\/pt\/wp-json\/wp\/v2\/comments?post=1544"}],"version-history":[{"count":0,"href":"https:\/\/medschemicalsuppliers.com\/pt\/wp-json\/wp\/v2\/product\/1544\/revisions"}],"wp:featuredmedia":[{"embeddable":true,"href":"https:\/\/medschemicalsuppliers.com\/pt\/wp-json\/wp\/v2\/media\/1574"}],"wp:attachment":[{"href":"https:\/\/medschemicalsuppliers.com\/pt\/wp-json\/wp\/v2\/media?parent=1544"}],"wp:term":[{"taxonomy":"product_brand","embeddable":true,"href":"https:\/\/medschemicalsuppliers.com\/pt\/wp-json\/wp\/v2\/product_brand?post=1544"},{"taxonomy":"product_cat","embeddable":true,"href":"https:\/\/medschemicalsuppliers.com\/pt\/wp-json\/wp\/v2\/product_cat?post=1544"},{"taxonomy":"product_tag","embeddable":true,"href":"https:\/\/medschemicalsuppliers.com\/pt\/wp-json\/wp\/v2\/product_tag?post=1544"}],"curies":[{"name":"wp","href":"https:\/\/api.w.org\/{rel}","templated":true}]}}