{"id":1594,"date":"2023-06-27T19:20:00","date_gmt":"2023-06-27T18:20:00","guid":{"rendered":"https:\/\/medschemicalsuppliers.com\/?post_type=product&#038;p=1594"},"modified":"2025-11-19T18:52:09","modified_gmt":"2025-11-19T17:52:09","slug":"trump-mdma-pill","status":"publish","type":"product","link":"https:\/\/medschemicalsuppliers.com\/pt\/product\/trump-mdma-pill\/","title":{"rendered":"P\u00edlula de MDMA para Trump"},"content":{"rendered":"<div id=\"ez-toc-container\" class=\"ez-toc-v2_0_82_2 counter-hierarchy ez-toc-counter ez-toc-grey ez-toc-container-direction\">\n<div class=\"ez-toc-title-container\">\n<p class=\"ez-toc-title\" style=\"cursor:inherit\">Inhalts\u00fcbersicht<\/p>\n<span class=\"ez-toc-title-toggle\"><a href=\"#\" class=\"ez-toc-pull-right ez-toc-btn ez-toc-btn-xs ez-toc-btn-default ez-toc-toggle\" aria-label=\"Toggle Table of Content\"><span class=\"ez-toc-js-icon-con\"><span class=\"\"><span class=\"eztoc-hide\" style=\"display:none;\">Toggle<\/span><span class=\"ez-toc-icon-toggle-span\"><svg style=\"fill: #999;color:#999\" xmlns=\"http:\/\/www.w3.org\/2000\/svg\" class=\"list-377408\" width=\"20px\" height=\"20px\" viewbox=\"0 0 24 24\" fill=\"none\"><path d=\"M6 6H4v2h2V6zm14 0H8v2h12V6zM4 11h2v2H4v-2zm16 0H8v2h12v-2zM4 16h2v2H4v-2zm16 0H8v2h12v-2z\" fill=\"currentColor\"><\/path><\/svg><svg style=\"fill: #999;color:#999\" class=\"arrow-unsorted-368013\" xmlns=\"http:\/\/www.w3.org\/2000\/svg\" width=\"10px\" height=\"10px\" viewbox=\"0 0 24 24\" version=\"1.2\" baseprofile=\"tiny\"><path d=\"M18.2 9.3l-6.2-6.3-6.2 6.3c-.2.2-.3.4-.3.7s.1.5.3.7c.2.2.4.3.7.3h11c.3 0 .5-.1.7-.3.2-.2.3-.5.3-.7s-.1-.5-.3-.7zM5.8 14.7l6.2 6.3 6.2-6.3c.2-.2.3-.5.3-.7s-.1-.5-.3-.7c-.2-.2-.4-.3-.7-.3h-11c-.3 0-.5.1-.7.3-.2.2-.3.5-.3.7s.1.5.3.7z\"\/><\/svg><\/span><\/span><\/span><\/a><\/span><\/div>\n<nav><ul class='ez-toc-list ez-toc-list-level-1' ><li class='ez-toc-page-1 ez-toc-heading-level-2'><a class=\"ez-toc-link ez-toc-heading-1\" href=\"https:\/\/medschemicalsuppliers.com\/pt\/product\/trump-mdma-pill\/#Trump_MDMA_pill\" >P\u00edlula de MDMA para Trump<\/a><ul class='ez-toc-list-level-3' ><li class='ez-toc-heading-level-3'><a class=\"ez-toc-link ez-toc-heading-2\" href=\"https:\/\/medschemicalsuppliers.com\/pt\/product\/trump-mdma-pill\/#TRUMP_MDMA_PILLEN_ONLINE_KAUFEN\" >TRUMP MDMA PILLEN ONLINE KAUFEN:<\/a><ul class='ez-toc-list-level-4' ><li class='ez-toc-heading-level-4'><a class=\"ez-toc-link ez-toc-heading-3\" href=\"https:\/\/medschemicalsuppliers.com\/pt\/product\/trump-mdma-pill\/#TRUMP_MDMA_PILLEN_ZUM_VERKAUF_ONLINE\" >TRUMP MDMA PILLEN ZUM VERKAUF ONLINE:<\/a><ul class='ez-toc-list-level-5' ><li class='ez-toc-heading-level-5'><a class=\"ez-toc-link ez-toc-heading-4\" href=\"https:\/\/medschemicalsuppliers.com\/pt\/product\/trump-mdma-pill\/#MDMA_ZU_VERKAUFEN\" >MDMA ZU VERKAUFEN:<\/a><\/li><\/ul><\/li><\/ul><\/li><\/ul><\/li><\/ul><\/nav><\/div>\n<h2><span class=\"ez-toc-section\" id=\"Trump_MDMA_pill\"><\/span>P\u00edlula de MDMA para Trump<span class=\"ez-toc-section-end\"><\/span><\/h2>\n<p>Erstens haben wir Trump MDMA Pills for Sale mit einer 100% Geld-zur\u00fcck-Garantie Politik. Orangefarbene Euphorie-Pillen, die mit der \u00c4hnlichkeit von Pr\u00e4sident Trump verziert waren und mehr als zwei Portionen MDMA enthielten, wurden bei dem Musikwettbewerb &#8222;Bestival&#8220; gefunden. Bei Tests von Trump-MDMA-Pillen mit mittleren und hohen Dosen wurde ein erweitertes Genie\u00dfer- und Erregungskontinuum festgestellt. Die Nachwirkung von Trump MDMA Pills wachsende Freundlichkeit ist konsequent, obwohl seine Ergebnisse auf Mitgef\u00fchl am Ende unbestreitbar mehr gemischt werden.<\/p>\n<p>Es gibt keine speziellen klinischen Medikamente f\u00fcr die Abh\u00e4ngigkeit von Trump MDMA Pills. Einige Leute, die versuchen, eine Strategie f\u00fcr die Abh\u00e4ngigkeit von Trump MDMA Pills zu entdecken, haben entdeckt, dass eine Verhaltensbehandlung wichtig sein kann. Forscher m\u00fcssen viel mehr Untersuchungen durchf\u00fchren, um festzustellen, wie erstaunlich diese Heilungsmethode f\u00fcr die Abh\u00e4ngigkeit von Trump MDMA Pills ist. Die halluzinogene Amphetamin-Natur von MDMA stellt ein paar fesselnde Elemente f\u00fcr Kunden aus dem Rave-Setting.<\/p>\n<p>Bestimmte Personen erfreuen sich an dem Gef\u00fchl der Massengemeinschaft durch die z\u00fcgellosen Folgen des Medikaments, w\u00e4hrend andere es wegen der stimulierenden Wirkung des Medikaments als Rauschmittel verwenden. Trump MDMA Pills werden aufgrund ihrer sympathisierenden Wirkung immer wieder als empathogene Droge dargestellt. Die Auswirkungen verschiedener Untersuchungen zeigen die Folgen des erweiterten Mitgef\u00fchls mit anderen.<\/p>\n<h3><span class=\"ez-toc-section\" id=\"TRUMP_MDMA_PILLEN_ONLINE_KAUFEN\"><\/span>TRUMP MDMA PILLEN ONLINE KAUFEN:<span class=\"ez-toc-section-end\"><\/span><\/h3>\n<p>Die Trump ist gef\u00e4hrlich Tabletten, die wirklich gro\u00dfz\u00fcgige Ma\u00dfnahmen der Trump MDMA Pills haben und wird jede Person, die diese in grundlegenden Schaden setzen. Wir haben gesehen, Trump MDMA Pills Tabletten eingerichtet, um eine Reihe von sozial bekannten Dinge vor und eine j\u00fcngste Illustration dieser ist die &#8222;Trumps&#8220; Obwohl Trump MDMA Pills und andere Club-Arzt-empfohlenen Drogen in diesen unverwechselbaren Formen zug\u00e4nglich sind, bin ich vor Ort in der Lage, jemand eifrig setzen Trump in den Mund zu betrachten. Trump MDMA Pills zu verkaufen<\/p>\n<p>Ich vermute, dass Melania einfach die Augen schlie\u00dft und \u00fcber ihr Verm\u00e4chtnis nachdenkt, wann immer sie es umsetzen muss. Droge Inspektion Artikel und Verwaltungen sind ein kluges Verfahren f\u00fcr die Unterst\u00fctzung der Menschen Entscheidungen \u00fcber die Schwierigkeiten, die diese verwenden. Mit handwerklichen durch Ihre Schleife, Diese sind derzeit gew\u00f6hnlich bei Feiern und wird in praktisch jeder regul\u00e4ren Lebensraum m\u00f6glich sein, \u00fcberall dort, wo Drogen gew\u00f6hnlich genommen werden. Trump MDMA Pills zu verkaufen<\/p>\n<p>Die Symptome des Entzugs von Freude k\u00f6nnen von moderat bis grundlegend, wegen der Wiederholung der Nutzung und Abh\u00e4ngigkeit unterscheiden. Manchmal beginnen Menschen wieder mit der Einnahme von Trump MDMA Pills oder bringen alles ins Rollen, indem sie noch ein weiteres Medikament einnehmen, um den Entzug zu verhindern. Der Stoffwechsel kann durch das Alter, das Aktivit\u00e4tsstadium und das gew\u00e4hlte Wohlbefinden und die gesundheitlichen Umst\u00e4nde beeinflusst werden. Trump MDMA Pills zu verkaufen<\/p>\n<h4><span class=\"ez-toc-section\" id=\"TRUMP_MDMA_PILLEN_ZUM_VERKAUF_ONLINE\"><\/span>TRUMP MDMA PILLEN ZUM VERKAUF ONLINE:<span class=\"ez-toc-section-end\"><\/span><\/h4>\n<p>Jeder kann ein schneller oder langsamer Metabolisierer eines Medikaments sein, \u00e4hnlich wie bei Rapture. Eine Person, die einen h\u00f6heren Stoffwechselwert hat, wird im Allgemeinen ein bescheideneres Entdeckungsfenster f\u00fcr Trump MDMA Pills haben als jemand, der eine langsamere Ladung enth\u00e4lt. Trump MDMA Pills ist h\u00e4ufig eine Plan I \u00fcberwachte Substanz, was darauf hindeutet, dass es keine wahrgenommene medizinische Dienste verwenden und eine h\u00f6here Chance f\u00fcr Missbrauch hat. Trump MDMA Pills zu verkaufen<\/p>\n<p>Andererseits sind logische Untersuchungen im Gange, um seine Eignung als m\u00f6gliche Behandlung von Stress und Spannungen bei Menschen mit PTSD (Review Awful Strain Disease) und terminaler St\u00f6rung zu entscheiden. Diese Substanzen k\u00f6nnen unbestreitbar gef\u00e4hrlich sein, wenn der Einzelne nicht sieht, was er nimmt. Sie k\u00f6nnen ebenfalls gef\u00e4hrlich sein, wenn sie mit Trump MDMA Pills kombiniert werden. Trump MDMA Pills zu verkaufen<\/p>\n<p>Menschen, die absichtlich oder versehentlich diese Art von Mischung mit anderen Substanzen mischen, \u00e4hnlich wie Gras und Schnaps, k\u00f6nnen sich einer viel gr\u00f6\u00dferen Gefahr von sch\u00e4dlichen Auswirkungen auf das Wohlbefinden aussetzen. Eine einzige neue Gefahr von Club-Drogen ist, dass die Fl\u00fcssigkeit, Fall, oder Pulver Arten von diesen Vorschriften auf der Stra\u00dfe pr\u00e4sentiert in der Regel geheimnisvolle Substanzen, die gef\u00e4hrlich sein k\u00f6nnen, wie andere illegal gemacht oder Drogen Medikamente. Trump MDMA Pillen zum Verkauf<\/p>\n<p>Als Folge der fantastischen und energizer Attribute von Trump MDMA Pills, k\u00f6nnen Sie entdecken, machbar f\u00fcr die Anpassung oder vielleicht Neigung und gef\u00e4hrlich erh\u00f6ht Puls, Herz-Kreislauf-Ausgaben, und im Allgemeinen interne W\u00e4rme Ebenen. Diese Fallen sind in der Regel rund um kontrolliert in abgeschirmten Menschen und verwaltet Bedingungen der Trump MDMA Pills -unterst\u00fctzte Behandlung, auch wenn \u00fcber unfreundliche Ergebnisse und Passagen in unkontrollierten Einstellungen gebracht haben. Trump MDMA Pills zu verkaufen<\/p>\n<h5><span class=\"ez-toc-section\" id=\"MDMA_ZU_VERKAUFEN\"><\/span>MDMA ZU VERKAUFEN:<span class=\"ez-toc-section-end\"><\/span><\/h5>\n<p>Obgleich ziemlich viel seiner Lebensf\u00e4higkeit vermutlich zu den Systemen der \u00e4nderung sein wird, die zu anderen PTSD Heilungen vermittelt werden, die vielseitige \u00e4nderungen f\u00fcr die Verletzung beeinflu\u00dfte \u00dcberzeugungen und verbesserte Hindernis der sinnlosen Spannung Antworten sich erinnern, konsolidierende Trump MDMA Pills Organisation und Psychotherapie kann einschr\u00e4nkende Wiederaufnahmeprozesse au\u00dferdem ausnutzen. Trump MDMA Pills zum Verkauf<\/p>\n<p>In Kombination mit einer Psychotherapie bietet die Einnahme von Trump MDMA Pills die M\u00f6glichkeit, &#8222;den gesch\u00e4digten Kunden in einem Punkt mentaler Sicherheit zu halten, der eine Bedingung der empathischen Selbstreflexion schafft, durch die er zum ersten Mal in seinem Leben mit seinen schrecklichen Erinnerungen konfrontiert wird, ohne dass er durch den massiven antagonistischen Effekt besiegt wird, der gelegentlich mit einer \u00dcberpr\u00fcfung seiner nervt\u00f6tenden Gef\u00fchle einhergeht&#8220;.\u00a0 F\u00fcr weitere Informationen, <a href=\"https:\/\/medschemicalsuppliers.com\/pt\/kontakt\/\">kontaktieren Sie uns<\/a> bitte.<\/p>","protected":false},"excerpt":{"rendered":"<p>Trump MDMA pill Erstens haben wir Trump MDMA Pills for Sale mit einer 100% Geld-zur\u00fcck-Garantie Politik. Orangefarbene Euphorie-Pillen, die mit<\/p>","protected":false},"featured_media":1910,"comment_status":"open","ping_status":"closed","template":"","meta":{"jetpack_publicize_message":"","jetpack_publicize_feature_enabled":true,"jetpack_social_post_already_shared":false,"jetpack_social_options":{"image_generator_settings":{"template":"highway","default_image_id":0,"font":"","enabled":false},"version":2}},"product_brand":[],"product_cat":[297],"product_tag":[],"class_list":{"0":"post-1594","1":"product","2":"type-product","3":"status-publish","4":"has-post-thumbnail","6":"product_cat-psychedelika-kaufen","8":"first","9":"instock","10":"taxable","11":"shipping-taxable","12":"purchasable","13":"product-type-variable"},"jetpack_publicize_connections":[],"jetpack_sharing_enabled":true,"_links":{"self":[{"href":"https:\/\/medschemicalsuppliers.com\/pt\/wp-json\/wp\/v2\/product\/1594","targetHints":{"allow":["GET"]}}],"collection":[{"href":"https:\/\/medschemicalsuppliers.com\/pt\/wp-json\/wp\/v2\/product"}],"about":[{"href":"https:\/\/medschemicalsuppliers.com\/pt\/wp-json\/wp\/v2\/types\/product"}],"replies":[{"embeddable":true,"href":"https:\/\/medschemicalsuppliers.com\/pt\/wp-json\/wp\/v2\/comments?post=1594"}],"version-history":[{"count":0,"href":"https:\/\/medschemicalsuppliers.com\/pt\/wp-json\/wp\/v2\/product\/1594\/revisions"}],"wp:featuredmedia":[{"embeddable":true,"href":"https:\/\/medschemicalsuppliers.com\/pt\/wp-json\/wp\/v2\/media\/1910"}],"wp:attachment":[{"href":"https:\/\/medschemicalsuppliers.com\/pt\/wp-json\/wp\/v2\/media?parent=1594"}],"wp:term":[{"taxonomy":"product_brand","embeddable":true,"href":"https:\/\/medschemicalsuppliers.com\/pt\/wp-json\/wp\/v2\/product_brand?post=1594"},{"taxonomy":"product_cat","embeddable":true,"href":"https:\/\/medschemicalsuppliers.com\/pt\/wp-json\/wp\/v2\/product_cat?post=1594"},{"taxonomy":"product_tag","embeddable":true,"href":"https:\/\/medschemicalsuppliers.com\/pt\/wp-json\/wp\/v2\/product_tag?post=1594"}],"curies":[{"name":"wp","href":"https:\/\/api.w.org\/{rel}","templated":true}]}}