{"id":1650,"date":"2023-06-27T19:20:22","date_gmt":"2023-06-27T18:20:22","guid":{"rendered":"https:\/\/medschemicalsuppliers.com\/?post_type=product&#038;p=1650"},"modified":"2025-05-11T13:34:20","modified_gmt":"2025-05-11T11:34:20","slug":"ethycathinon-online-kaufen","status":"publish","type":"product","link":"https:\/\/medschemicalsuppliers.com\/pt\/product\/ethycathinon-online-kaufen\/","title":{"rendered":"Etilcatinona"},"content":{"rendered":"<div id=\"ez-toc-container\" class=\"ez-toc-v2_0_82_2 counter-hierarchy ez-toc-counter ez-toc-grey ez-toc-container-direction\">\n<div class=\"ez-toc-title-container\">\n<p class=\"ez-toc-title\" style=\"cursor:inherit\">Inhalts\u00fcbersicht<\/p>\n<span class=\"ez-toc-title-toggle\"><a href=\"#\" class=\"ez-toc-pull-right ez-toc-btn ez-toc-btn-xs ez-toc-btn-default ez-toc-toggle\" aria-label=\"Toggle Table of Content\"><span class=\"ez-toc-js-icon-con\"><span class=\"\"><span class=\"eztoc-hide\" style=\"display:none;\">Toggle<\/span><span class=\"ez-toc-icon-toggle-span\"><svg style=\"fill: #999;color:#999\" xmlns=\"http:\/\/www.w3.org\/2000\/svg\" class=\"list-377408\" width=\"20px\" height=\"20px\" viewbox=\"0 0 24 24\" fill=\"none\"><path d=\"M6 6H4v2h2V6zm14 0H8v2h12V6zM4 11h2v2H4v-2zm16 0H8v2h12v-2zM4 16h2v2H4v-2zm16 0H8v2h12v-2z\" fill=\"currentColor\"><\/path><\/svg><svg style=\"fill: #999;color:#999\" class=\"arrow-unsorted-368013\" xmlns=\"http:\/\/www.w3.org\/2000\/svg\" width=\"10px\" height=\"10px\" viewbox=\"0 0 24 24\" version=\"1.2\" baseprofile=\"tiny\"><path d=\"M18.2 9.3l-6.2-6.3-6.2 6.3c-.2.2-.3.4-.3.7s.1.5.3.7c.2.2.4.3.7.3h11c.3 0 .5-.1.7-.3.2-.2.3-.5.3-.7s-.1-.5-.3-.7zM5.8 14.7l6.2 6.3 6.2-6.3c.2-.2.3-.5.3-.7s-.1-.5-.3-.7c-.2-.2-.4-.3-.7-.3h-11c-.3 0-.5.1-.7.3-.2.2-.3.5-.3.7s.1.5.3.7z\"\/><\/svg><\/span><\/span><\/span><\/a><\/span><\/div>\n<nav><ul class='ez-toc-list ez-toc-list-level-1' ><li class='ez-toc-page-1 ez-toc-heading-level-2'><a class=\"ez-toc-link ez-toc-heading-1\" href=\"https:\/\/medschemicalsuppliers.com\/pt\/product\/ethycathinon-online-kaufen\/#Ethylcathinon_kaufen\" >Ethylcathinon kaufen<\/a><ul class='ez-toc-list-level-3' ><li class='ez-toc-heading-level-3'><a class=\"ez-toc-link ez-toc-heading-2\" href=\"https:\/\/medschemicalsuppliers.com\/pt\/product\/ethycathinon-online-kaufen\/#ETHYLCATHINON_ZU_VERKAUFEN\" >ETHYLCATHINON ZU VERKAUFEN:<\/a><ul class='ez-toc-list-level-4' ><li class='ez-toc-heading-level-4'><a class=\"ez-toc-link ez-toc-heading-3\" href=\"https:\/\/medschemicalsuppliers.com\/pt\/product\/ethycathinon-online-kaufen\/#ETHYCATHINON_ONLINE_KAUFEN_EUROPA\" >ETHYCATHINON ONLINE KAUFEN EUROPA:<\/a><\/li><li class='ez-toc-page-1 ez-toc-heading-level-4'><a class=\"ez-toc-link ez-toc-heading-4\" href=\"https:\/\/medschemicalsuppliers.com\/pt\/product\/ethycathinon-online-kaufen\/#ETHYCATHINON_ONLINE_IN_EUROPA_KAUFEN\" >ETHYCATHINON ONLINE IN EUROPA KAUFEN:<\/a><ul class='ez-toc-list-level-5' ><li class='ez-toc-heading-level-5'><a class=\"ez-toc-link ez-toc-heading-5\" href=\"https:\/\/medschemicalsuppliers.com\/pt\/product\/ethycathinon-online-kaufen\/#MEHR\" >MEHR:<\/a><\/li><\/ul><\/li><\/ul><\/li><\/ul><\/li><\/ul><\/nav><\/div>\n<h2><span class=\"ez-toc-section\" id=\"Ethylcathinon_kaufen\"><\/span><span class=\"___SText_4qyg4-ko_\" data-ui-name=\"Link.Text\">Ethylcathinon kaufen<\/span><span class=\"ez-toc-section-end\"><\/span><\/h2>\n<p>Ebenso k\u00f6nnen Sie Ethycathinon online zu sehr niedrigen Preisen kaufen. Dieses Badesalz-Cathinon-Analogon k\u00f6nnte der Urin-Metabolit von N-Ethycathinon sein. N-Ethylcathinon, auch bekannt als Ethylpropion oder ETH-CAT, ist ein synthetisches Cathinon und Stimulans, das h\u00e4ufig in Badesalzmischungen und einigen Pillen enthalten ist.<\/p>\n<p>Die vollen Auswirkungen des CSA und seiner Durchf\u00fchrungsbestimmungen, wie Haftstrafen, zivil- und verwaltungsrechtliche Strafen, Bu\u00dfgelder und beh\u00f6rdliche Kontrollen von Stoffen der Liste I, werden durch diesen Kauf auf die Herstellung, den Vertrieb, den Besitz, die Einfuhr und die Ausfuhr dieses k\u00fcnstlichen Cathinons \u00fcbertragen. Bezeichnenderweise wurden mehrere formale Studien zur Pharmakokinetik oder Pharmakodynamik von zyklisch substituiertem Cathinon durchgef\u00fchrt.<\/p>\n<p>Cathinon-Derivate haben sympathomimetische Wirkungen, die mit denen von Amphetamin-Derivaten vergleichbar sind, so die Beobachtungen von Kunden, die mit mutma\u00dflicher Mephedron-Toxizit\u00e4t in Ber\u00fchrung gekommen sind. In Schweden wurde der wichtigste toxikologisch best\u00e4tigte Todesfall, der speziell mit dem Konsum von Mephedron in Zusammenhang steht, im Jahr 2012 registriert. Ethycathinon online kaufen<\/p>\n<p>Ethycathinone Shop ist ein pharmazeutisches Spezialunternehmen, das sich darauf spezialisiert hat, die hochwertigsten Cathinone in Kristall- und Pulverform anzubieten, die weltweit erh\u00e4ltlich sind. Unsere L\u00f6sungen werden klinisch auf ihre Reinheit gepr\u00fcft, was unser Engagement f\u00fcr die Bereitstellung von L\u00f6sungen f\u00fcr unerf\u00fcllte Gesundheits- und Freizeitbed\u00fcrfnisse unterstreicht. Diese bibliometrische Analyse enth\u00fcllte neue Eigenschaften in der Forschungsfaszination mit Cathinon, insbesondere der synthetischen Drogensynthese. Ethycathinon online kaufen<\/p>\n<h3><span class=\"ez-toc-section\" id=\"ETHYLCATHINON_ZU_VERKAUFEN\"><\/span>ETHYLCATHINON ZU VERKAUFEN:<span class=\"ez-toc-section-end\"><\/span><\/h3>\n<p>Infolgedessen m\u00fcssen die Vorschriften aktualisiert werden, um klare Grenzen f\u00fcr die gelegentliche medizinische Versorgung und den illegalen Konsum festzulegen. Wir sind der erfolgreichste Partner und haben eine schnelle Beziehung mit verschiedenen Herstellern und Lieferanten auf der ganzen Welt. Wir haben vor kurzem hochwertige Bewertungen eingef\u00fchrt, weil unsere Kunden Wert auf Qualit\u00e4t legen. Ethycathinon online kaufen<\/p>\n<p>Alles, was uns \u00e4hnelt, wird nach dem Kauf von Waren weitgehend angenommen. Die angstausl\u00f6sende und fokussierende Wirkung von Stimulanzien erh\u00f6ht die Wahrscheinlichkeit von vermeintlich unangenehmen Locken. Aufgrund der stimulierenden Wirkung von Psychedelika ist die Kombination meist sinnlos. Ethylcathinon allein erzeugt starke emotionale Euphorie und Lustgef\u00fchle, die h\u00f6chstwahrscheinlich das unmittelbare Ergebnis der Serotonin- und Dopaminaussch\u00fcttung sind. Ethycathinon online kaufen<\/p>\n<p>Im Gegensatz zu Diethylcathinon wird Ethcathinon jedoch im Allgemeinen nicht als Prodrug betrachtet, da es (wie Tramadol, Codein und MDMA) auch f\u00fcr sich allein aktiv sein kann, was es von der Gruppierung durch viele besonders strenge Definitionen ausschlie\u00dft. Im Vergleich zu MDMA \u00e4hneln seine Wirkungen eher der Euphorie von Amphetamin und Mephedron. Denn Diethylcathinon scheint ein inaktives Prodrug zu sein, das erst nach weiterer Metabolisierung zu Ethcathinon aktiv wird. Ethycathinon online kaufen<\/p>\n<p>Daher liegt die Vermutung nahe, dass Ethcathinon auch N-dealkyliert wird, wenn es zu Cathinon konsumiert wird. Bk-MDEA wirkt wie Kokain als nicht-selektiver Inhibitor der Monoamin-Absorption und induziert gleichzeitig die Aussch\u00fcttung von Serotonin wie MDMA. Viele Menschen haben entdeckt, dass es ein wirksamer Ersatz f\u00fcr Ethycathinon ist. Ethycathinon online kaufen<\/p>\n<h4><span class=\"ez-toc-section\" id=\"ETHYCATHINON_ONLINE_KAUFEN_EUROPA\"><\/span>ETHYCATHINON ONLINE KAUFEN EUROPA:<span class=\"ez-toc-section-end\"><\/span><\/h4>\n<p>Es wurde beschrieben, dass Ethycathinon nicht nur zu Freizeitzwecken verwendet wird, da es im Vergleich zu anderen Stimulanzien nur eine minimale Euphorie hervorruft, w\u00e4hrend die kurze Wirkungsdauer zwanghaftes Nachdosieren f\u00f6rdern kann. Mischungen mit den folgenden Substanzen k\u00f6nnen gef\u00e4hrlich hohe Serotoninwerte verursachen. Das Serotonin-Syndrom erfordert sofortige \u00e4rztliche Hilfe und ist t\u00f6dlich, wenn es nicht behandelt wird. Ethycathinon online kaufen<\/p>\n<p>Ethycathinon zum Verkauf, nicht zu verwechseln mit Ethylen, k\u00f6nnte eine neue Designerdroge mit stimulierenden Eigenschaften sein, die 1960 entdeckt wurde. Es handelt sich um eine Droge, die Mutter Natur stimuliert, um die Leistung des menschlichen Geistes zu steigern und Euphorie zu verursachen. M\u00e4nner und Frauen konsumieren Ethycathinon-Drogen in erster Linie zu verschiedenen medizinischen und Freizeitzwecken. Irina Majumder von der University of Adelaide hat diese Arbeit geschrieben. Ethycathinon online kaufen<\/p>\n<p>Da Ethycathinone ein starker Agonist des M\u00fcnzrezeptors ist, kann die chemische Verbindung Ethylone in professionellen medizinischen Studien als Nahrungserg\u00e4nzungsmittel zur Gewichtsabnahme verwendet werden. Buy Ethycathinone ist die Bezeichnung f\u00fcr die chemischen Verbindungen bk-EBDB und N-Ethylbutylone. Dar\u00fcber hinaus ist das Medikament unter verschiedenen Namen bekannt, weil es eine attraktive Droge f\u00fcr Verbraucher ist, die es in der Freizeit verwenden wollen. Ethycathinon online kaufen<\/p>\n<p>Die Organisation verf\u00fcgt \u00fcber jahrzehntelange Erfahrung im Kampf gegen diese chemischen Verbindungen, so dass es nicht verwunderlich ist, dass Ethycathinone zum Verkauf im Laufe der Jahre zu einem vertrauensw\u00fcrdigen Namen in der Branche geworden ist. Diethylcathinon scheint ein inaktives Prodrug zu sein, das erst aktiviert wird, nachdem es zu Ethcathinon metabolisiert wurde.<\/p>\n<h4><span class=\"ez-toc-section\" id=\"ETHYCATHINON_ONLINE_IN_EUROPA_KAUFEN\"><\/span>ETHYCATHINON ONLINE IN EUROPA KAUFEN:<span class=\"ez-toc-section-end\"><\/span><\/h4>\n<p>Daher liegt die Vermutung nahe, dass Ethcathinon beim Konsum in eine aktivere Droge, Cathinon, N-dealkyliert werden sollte, die m\u00f6glicherweise viel besser in der Lage ist, die Dopaminfreisetzung zuverl\u00e4ssig zu stimulieren. Unser Hauptziel ist es, einen Gro\u00dfhandelsservice anzubieten, bei dem wir chemische Verbindungen, Chemikalien, Arzneimittel, Cannabinoid-Kr\u00e4utermischungen und hochreine Chemikalien und Arzneimittel vertreiben und liefern. Ethycathinon online kaufen<\/p>\n<p>Die chemischen Verbindungen bk-EBDB und N-Ethylbutylon sind als Ethycathinon bekannt. Weil es eine wunderbare Droge, wo die Nutzer versuchen, mehr Informationen f\u00fcr Hobby-Anwendungen zu verwenden, ist Ethycathinon Droge auch unter vielen Stra\u00dfennamen vorhanden. Die Organisation kann diese Forschungschemikalien in die ganze Welt verschicken, so dass sich Experten darauf verlassen k\u00f6nnen, dass sie p\u00fcnktlich ankommen, ganz gleich, wo sie ihre Labors einrichten.<\/p>\n<h5><span class=\"ez-toc-section\" id=\"MEHR\"><\/span>MEHR:<span class=\"ez-toc-section-end\"><\/span><\/h5>\n<p>Da Ethcathinon ein inaktives Prodrug zu sein scheint und erst unmittelbar nach der weiteren Metabolisierung zu Ethcathinon energetisiert wird, liegt die Vermutung nahe, dass Ethcathinon bei der Verwendung in den meisten F\u00e4llen auch N-dealkyliert wird. aktiven Droge Cathinon, die sicherlich viel zuverl\u00e4ssiger die Freisetzung von Dopamin stimulieren kann. F\u00fcr weitere Informationen, <a href=\"https:\/\/medschemicalsuppliers.com\/pt\/kontakt\/\">kontaktieren Sie uns<\/a> bitte.<\/p>","protected":false},"excerpt":{"rendered":"<p>Ethylcathinon kaufen Ebenso k\u00f6nnen Sie Ethycathinon online zu sehr niedrigen Preisen kaufen. Dieses Badesalz-Cathinon-Analogon k\u00f6nnte der Urin-Metabolit von N-Ethycathinon sein.<\/p>","protected":false},"featured_media":1903,"comment_status":"open","ping_status":"closed","template":"","meta":{"jetpack_publicize_message":"","jetpack_publicize_feature_enabled":true,"jetpack_social_post_already_shared":false,"jetpack_social_options":{"image_generator_settings":{"template":"highway","default_image_id":0,"font":"","enabled":false},"version":2}},"product_brand":[],"product_cat":[295],"product_tag":[],"class_list":{"0":"post-1650","1":"product","2":"type-product","3":"status-publish","4":"has-post-thumbnail","6":"product_cat-stimulanzien-kaufen","8":"first","9":"instock","10":"taxable","11":"shipping-taxable","12":"purchasable","13":"product-type-variable"},"jetpack_publicize_connections":[],"jetpack_sharing_enabled":true,"_links":{"self":[{"href":"https:\/\/medschemicalsuppliers.com\/pt\/wp-json\/wp\/v2\/product\/1650","targetHints":{"allow":["GET"]}}],"collection":[{"href":"https:\/\/medschemicalsuppliers.com\/pt\/wp-json\/wp\/v2\/product"}],"about":[{"href":"https:\/\/medschemicalsuppliers.com\/pt\/wp-json\/wp\/v2\/types\/product"}],"replies":[{"embeddable":true,"href":"https:\/\/medschemicalsuppliers.com\/pt\/wp-json\/wp\/v2\/comments?post=1650"}],"version-history":[{"count":0,"href":"https:\/\/medschemicalsuppliers.com\/pt\/wp-json\/wp\/v2\/product\/1650\/revisions"}],"wp:featuredmedia":[{"embeddable":true,"href":"https:\/\/medschemicalsuppliers.com\/pt\/wp-json\/wp\/v2\/media\/1903"}],"wp:attachment":[{"href":"https:\/\/medschemicalsuppliers.com\/pt\/wp-json\/wp\/v2\/media?parent=1650"}],"wp:term":[{"taxonomy":"product_brand","embeddable":true,"href":"https:\/\/medschemicalsuppliers.com\/pt\/wp-json\/wp\/v2\/product_brand?post=1650"},{"taxonomy":"product_cat","embeddable":true,"href":"https:\/\/medschemicalsuppliers.com\/pt\/wp-json\/wp\/v2\/product_cat?post=1650"},{"taxonomy":"product_tag","embeddable":true,"href":"https:\/\/medschemicalsuppliers.com\/pt\/wp-json\/wp\/v2\/product_tag?post=1650"}],"curies":[{"name":"wp","href":"https:\/\/api.w.org\/{rel}","templated":true}]}}